{"id":4215,"date":"2023-01-02T11:35:36","date_gmt":"2023-01-02T11:35:36","guid":{"rendered":"https:\/\/www.avitale.de\/produkt\/heart-intact-120-tablets\/"},"modified":"2026-02-27T12:18:43","modified_gmt":"2026-02-27T12:18:43","slug":"heart-intact-120-tablets","status":"publish","type":"product","link":"https:\/\/www.avitale.de\/en\/product\/heart-intact-120-tablets\/","title":{"rendered":"Heart Intact"},"content":{"rendered":"<div class=\"wpb-content-wrapper\"><p>[vc_row row_height_percent=&#8221;0&#8243; overlay_alpha=&#8221;50&#8243; gutter_size=&#8221;3&#8243; column_width_percent=&#8221;100&#8243; shift_y=&#8221;0&#8243; z_index=&#8221;0&#8243; el_class=&#8221;hide-content-en&#8221;][vc_column width=&#8221;1\/1&#8243;][vc_row_inner][vc_column_inner column_width_percent=&#8221;100&#8243; gutter_size=&#8221;3&#8243; overlay_alpha=&#8221;50&#8243; shift_x=&#8221;0&#8243; shift_y=&#8221;0&#8243; shift_y_down=&#8221;0&#8243; z_index=&#8221;0&#8243; medium_width=&#8221;0&#8243; mobile_width=&#8221;0&#8243; width=&#8221;2\/3&#8243; uncode_shortcode_id=&#8221;171068&#8243;][vc_column_text uncode_shortcode_id=&#8221;122427&#8243;]Avitale Herz Intakt ist ein Nahrungserg\u00e4nzungsmittel mit Kalium, Magnesium, B-Vitaminen und Q10 zur Aufrechterhaltung eines normalen Blutdrucks und f\u00fcr eine normale Herzfunktion.<\/p>\n<p>Vitamine sind als organische Verbindungen f\u00fcr viele Stoffwechselprozesse unverzichtbar. Mineralstoffe, zu denen auch Elektrolyte als anorganische Substanzen z\u00e4hlen, erf\u00fcllen diese Funktion ebenso. Zu den wichtigsten Elektrolyten des menschlichen K\u00f6rpers z\u00e4hlen Kalium und Magnesium. Sie m\u00fcssen \u00fcber die Nahrung aufgenommen werden. Avitale HERZ INTAKT Tabletten enthalten Kalium und Magnesium in einem speziell aufeinander abgestimmten Verh\u00e4ltnis, kombiniert mit B-Vitaminen und dem Coenzym Q10. Sie unterst\u00fctzen den Organismus bei nachstehenden Prozessen:<\/p>\n<p><strong>Kalium<\/strong> leistet einen Beitrag zur Aufrechterhaltung eines normalen Blutdrucks. Weiterhin unterst\u00fctzt es die normale Funktion des Nervensystems und dient einer normalen Muskelfunktion.<\/p>\n<p><strong>Magnesium<\/strong> ist hilfreich f\u00fcr eine normale Eiwei\u00dfsynthese sowie das Elektrolytgleichgewicht. Es tr\u00e4gt zur normalen psychischen Funktion und zu einer normalen Funktion des Nervensystems bei. Ebenso wie Niacin und Vitamin B12 beg\u00fcnstigt es einen funktionierenden, normalen Energiestoffwechsel.<\/p>\n<p><strong>Vitamin B1<\/strong> hat eine wichtige Funktion f\u00fcr die Herzgesundheit und tr\u00e4gt zu einer normalen Herzfunktion bei.<\/p>\n<p><strong>Fols\u00e4ure<\/strong> ist ein essenzielles Vitamin, das der K\u00f6rper nicht selbst produzieren kann. Fols\u00e4ure tr\u00e4gt zur Blutbildung bei und hat gemeinsam mit Vitamin B12 und Magnesium eine wesentliche Funktion bei der Zellteilung.<\/p>\n<p><strong>Vitamin B12<\/strong> f\u00f6rdert die Bildung roter Blutk\u00f6rperchen und tr\u00e4gt wie auch Fols\u00e4ure zu einem normalen Homocystein-Stoffwechsel bei.<\/p>\n<p>Die Vitamine <strong>Niacin<\/strong> und <strong>B12<\/strong> leisten einen Beitrag zur Verringerung von M\u00fcdigkeit und Erm\u00fcdung.<\/p>\n<p><strong>Q10<\/strong> oder auch Ubiquinon ist ein k\u00f6rpereigenes Coenzym, das der K\u00f6rper selbst synthetisiert aber auch in kleinen Mengen aus der Nahrung aufnimmt. Coenzym Q10 ist in jeder Zelle des K\u00f6rpers in den Mitochondrien vorhanden.[\/vc_column_text][\/vc_column_inner][vc_column_inner column_width_percent=&#8221;100&#8243; gutter_size=&#8221;3&#8243; overlay_alpha=&#8221;50&#8243; shift_x=&#8221;0&#8243; shift_y=&#8221;0&#8243; shift_y_down=&#8221;0&#8243; z_index=&#8221;0&#8243; medium_width=&#8221;0&#8243; mobile_width=&#8221;0&#8243; width=&#8221;1\/3&#8243; uncode_shortcode_id=&#8221;116149&#8243;][vc_single_image media=&#8221;4204&#8243; media_width_percent=&#8221;100&#8243; uncode_shortcode_id=&#8221;100239&#8243;][vc_single_image media=&#8221;4212&#8243; media_width_percent=&#8221;100&#8243; uncode_shortcode_id=&#8221;171921&#8243;][vc_single_image media=&#8221;4210&#8243; media_width_percent=&#8221;100&#8243; uncode_shortcode_id=&#8221;115313&#8243;][\/vc_column_inner][\/vc_row_inner][\/vc_column][\/vc_row][vc_row][vc_column width=&#8221;1\/1&#8243;][vc_separator sep_color=&#8221;accent&#8221; icon=&#8221;fa fa-heart-o&#8221; icon_position=&#8221;left&#8221;][vc_column_text]<strong>PRODUCT QUALITY AT THE BEST PRICE A FOCUS ON CUSTOMERS AND EXPERTISE<\/strong><\/p>\n<p>Product safety and high-quality raw materials are our top priority. We want to serve our customers as a reliable and responsible partner. Experts regularly conduct detailed studies to ensure that the excellent standard of our product range remains constant. To maintain this high, consistent standard, we \u2013 among other things \u2013 manufacture our dietary supplement with a certified pharmaceutical company in Germany.[\/vc_column_text][vc_empty_space empty_h=&#8221;2&#8243;][vc_accordion][vc_accordion_tab title=&#8221;RECOMMENDED INTAKE&#8221; tab_id=&#8221;1569249169-1-371569249281002157043519039416472515626401647254047463165726317782516572637053591657265567981165726633966416726577139831672659320003&#8243;][vc_column_text uncode_shortcode_id=&#8221;506259&#8243;]Take two tablets daily (morning and evening) approx. \u00bd to 1 hour or, at the earliest, 2 hours after a meal. Do not chew and take with plenty of water.[\/vc_column_text][\/vc_accordion_tab][vc_accordion_tab title=&#8221;INGREDIENTS&#8221; tab_id=&#8221;1570437963490-3-816472515626401647254047463165726317782516572637053591657265567981165726633966416726577139831672659320003&#8243;][vc_column_text uncode_shortcode_id=&#8221;114707&#8243;]Potassium Chloride, Filler: Microcrystalline Cellulose; Trimagnesium Dicitrate, Magnesium Oxide, Coating: Hydroxypropyl Methylcellulose, Polyethylene Glycol, Rice Starch, Sucrose Esters of Fatty Acids, Microcrystalline Cellulose, Colourants: Yellow Iron Oxide and Red Iron Oxide; Coenzyme Q10, Nicotinamide (Niacin), Separating Agent: Tricalcium Phosphate and Calcium Salts of Fatty Acids (Plant-Based); Thiamine Hydrochloride (Vitamin B1), Pteroylmonoglutamic Acid (Folic Acid), Methylcobalamin (Vitamin B12)[\/vc_column_text][vc_empty_space empty_h=&#8221;2&#8243;][vc_column_text uncode_shortcode_id=&#8221;686287&#8243;]<strong>Contains per daily allowance (4 tablets):<\/strong><\/p>\n<p>500 mg potassium (25.2% NRV*)<br \/>\n150 mg magnesium (40% NRV*)<br \/>\n60 mg coenzyme Q10 (no NRV*)<br \/>\n56 mg niacin (350% NRV*)<br \/>\n5.52 mg vitamin B1 (502% NRV*)<br \/>\n400 mcg folic acid (200% NRV*)<br \/>\n10 mcg vitamin B12 (400% NRV*)[\/vc_column_text][vc_empty_space empty_h=&#8221;2&#8243;][vc_column_text]NRV* = % of the nutrient reference value in accordance with the EU Regulation on Food Information to Consumers[\/vc_column_text][\/vc_accordion_tab][vc_accordion_tab title=&#8221;IMPORTANT INFORMATION&#8221; tab_id=&#8221;1570437982549-4-716472515626401647254047463165726317782516572637053591657265567981165726633966416726577139831672659320003&#8243;][vc_column_text uncode_shortcode_id=&#8221;137506&#8243;]Anyone with kidney disorders should consult their physician before taking this product. This equally applies to anyone taking medication that impairs potassium excretion.[\/vc_column_text][vc_empty_space empty_h=&#8221;1&#8243;][vc_separator sep_color=&#8221;accent&#8221; uncode_shortcode_id=&#8221;676928&#8243; sep_color_type=&#8221;uncode-palette&#8221;][vc_empty_space empty_h=&#8221;1&#8243;][vc_column_text uncode_shortcode_id=&#8221;205478&#8243;]Owing to the Health Claims Regulation EU No. 1924\/2006, we are not permitted to advertise the effects of our food products or dietary supplements. We therefore ask for your understanding that our customer service team are only able to answer any related questions to a limited degree. For detailed, health-related questions, in particular with regard to taking our products in conjunction with any medication, please consult your physician or pharmacist. In accordance with the applicable laws, these experts are permitted to provide you with healthcare-related and medical advice. We thank you for your understanding!<\/p>\n<p><strong>Dietary supplements are not a substitute for a balanced and varied diet and healthy lifestyle. The daily recommended intake must not be exceeded. Please store out of reach of children.<\/strong>[\/vc_column_text][\/vc_accordion_tab][\/vc_accordion][\/vc_column][\/vc_row][vc_row][vc_column width=&#8221;1\/1&#8243;][vc_custom_heading heading_semantic=&#8221;p&#8221; text_size=&#8221;h4&#8243;]Further products for your well-being[\/vc_custom_heading][uncode_index el_id=&#8221;index-194855&#8243; index_type=&#8221;carousel&#8221; loop=&#8221;size:5|order_by:title|order:ASC|post_type:product|by_id:938,930,790,788,676&#8243; carousel_lg=&#8221;5&#8243; carousel_md=&#8221;3&#8243; carousel_sm=&#8221;2&#8243; gutter_size=&#8221;3&#8243; product_items=&#8221;media|featured|onpost|original|hide-sale,title&#8221; carousel_interval=&#8221;3000&#8243; carousel_navspeed=&#8221;400&#8243; stage_padding=&#8221;0&#8243; single_overlay_opacity=&#8221;50&#8243; single_h_align=&#8221;center&#8221; single_padding=&#8221;2&#8243; single_border=&#8221;yes&#8221;][\/vc_column][\/vc_row]<\/p>\n<\/div>","protected":false},"excerpt":{"rendered":"<p><strong>PZN 18219331<\/strong><br \/>\nFolding carton with 120 tablets<\/p>\n<p><strong>Also available as<\/strong><br \/>\n<a href=\"https:\/\/www.avitale.de\/en\/product\/heart-intact-180-tablets\/\">Folding carton with 180 tablets<\/a><\/p>\n<hr \/>\n<p>Dietary supplement with potassium, magnesium, B vitamins and Q10 to help maintain normal blood pressure and for a normal heart function.<\/p>\n<hr \/>\n<p><img decoding=\"async\" src=\"https:\/\/www.avitale.de\/wp-content\/uploads\/2020\/11\/icon-glutenfree.png\" alt=\"\" width=\"75\" height=\"75\" \/> <img decoding=\"async\" src=\"https:\/\/www.avitale.de\/wp-content\/uploads\/2020\/11\/icon-sugarfree.png\" alt=\"\" width=\"75\" height=\"75\" \/> <img decoding=\"async\" src=\"https:\/\/www.avitale.de\/wp-content\/uploads\/2020\/11\/icon-lactosefree.png\" alt=\"\" width=\"75\" height=\"75\" \/> <img decoding=\"async\" src=\"https:\/\/www.avitale.de\/wp-content\/uploads\/2020\/11\/logo-madeingermany-en.png\" alt=\"\" width=\"115\" height=\"75\" \/><\/p>\n","protected":false},"featured_media":4206,"template":"","meta":[],"product_brand":[],"product_cat":[272,252,275],"product_tag":[],"class_list":{"0":"post-4215","1":"product","2":"type-product","3":"status-publish","4":"has-post-thumbnail","6":"product_cat-cardiovascular-system","7":"product_cat-dietary-supplements","8":"product_cat-minerals-and-vitamins","10":"first","11":"instock","12":"shipping-taxable","13":"product-type-simple"},"_links":{"self":[{"href":"https:\/\/www.avitale.de\/en\/wp-json\/wp\/v2\/product\/4215","targetHints":{"allow":["GET"]}}],"collection":[{"href":"https:\/\/www.avitale.de\/en\/wp-json\/wp\/v2\/product"}],"about":[{"href":"https:\/\/www.avitale.de\/en\/wp-json\/wp\/v2\/types\/product"}],"wp:featuredmedia":[{"embeddable":true,"href":"https:\/\/www.avitale.de\/en\/wp-json\/wp\/v2\/media\/4206"}],"wp:attachment":[{"href":"https:\/\/www.avitale.de\/en\/wp-json\/wp\/v2\/media?parent=4215"}],"wp:term":[{"taxonomy":"product_brand","embeddable":true,"href":"https:\/\/www.avitale.de\/en\/wp-json\/wp\/v2\/product_brand?post=4215"},{"taxonomy":"product_cat","embeddable":true,"href":"https:\/\/www.avitale.de\/en\/wp-json\/wp\/v2\/product_cat?post=4215"},{"taxonomy":"product_tag","embeddable":true,"href":"https:\/\/www.avitale.de\/en\/wp-json\/wp\/v2\/product_tag?post=4215"}],"curies":[{"name":"wp","href":"https:\/\/api.w.org\/{rel}","templated":true}]}}