{"id":37938,"date":"2025-05-09T10:02:51","date_gmt":"2025-05-09T10:02:51","guid":{"rendered":"https:\/\/www.avitale.de\/produkt\/turmeric-500mg-capsules\/"},"modified":"2026-03-05T09:38:08","modified_gmt":"2026-03-05T09:38:08","slug":"turmeric-500mg-capsules","status":"publish","type":"product","link":"https:\/\/www.avitale.de\/en\/product\/turmeric-500mg-capsules\/","title":{"rendered":"Turmeric 500mg Capsules"},"content":{"rendered":"<div class=\"wpb-content-wrapper\"><p>[vc_row row_height_percent=&#8221;0&#8243; overlay_alpha=&#8221;50&#8243; gutter_size=&#8221;3&#8243; column_width_percent=&#8221;100&#8243; shift_y=&#8221;0&#8243; z_index=&#8221;0&#8243; el_class=&#8221;hide-content-en&#8221;][vc_column width=&#8221;1\/1&#8243;][vc_column_text uncode_shortcode_id=&#8221;187329&#8243;]Curcuma longa geh\u00f6rt zur Pflanzenfamilie der Ingwergew\u00e4chse und wird auch Gelbwurz genannt. Die Pflanze ist in S\u00fcdost-Asien und Indien heimisch. Dort wird sie kultiviert und zu Gew\u00fcrzen sowie Currymischungen, oft in Kombination mit Pfeffer, verarbeitet. Sie ist pr\u00e4gend f\u00fcr die indische K\u00fcche. Traditionell kommt Kurkuma als Lebensmittel im Ayurveda \u2013 etwa als Bestandteil der \u201egoldenen Milch\u201c \u2013 seit langem zur Anwendung. \u00c4hnlich wie Ingwer hat Kurkuma knollenf\u00f6rmige, gelb-orange, unterirdische Wurzelst\u00f6cke (Rhizome). Nach der Ernte werden die Wurzelst\u00f6cke getrocknet und zu Pulver vermahlen.[\/vc_column_text][\/vc_column][\/vc_row][vc_row][vc_column width=&#8221;1\/1&#8243;][vc_separator sep_color=&#8221;accent&#8221; icon=&#8221;fa fa-heart-o&#8221; icon_position=&#8221;left&#8221;][vc_column_text]<strong>PRODUCT QUALITY AT THE BEST PRICE A FOCUS ON CUSTOMERS AND EXPERTISE<\/strong><\/p>\n<p>Product safety and high-quality raw materials are our top priority. We want to serve our customers as a reliable and responsible partner. Experts regularly conduct detailed studies to ensure that the excellent standard of our product range remains constant. To maintain this high, consistent standard, we \u2013 among other things \u2013 manufacture our dietary supplement with a certified pharmaceutical company in Germany.[\/vc_column_text][vc_empty_space empty_h=&#8221;2&#8243;][vc_accordion][vc_accordion_tab title=&#8221;RECOMMENDED INTAKE&#8221; tab_id=&#8221;1569249169-1-37156924928100215704351903941746784685120&#8243;][vc_column_text uncode_shortcode_id=&#8221;206868&#8243;]Take 3 x 1 capsule daily after meals with liquid<\/p>\n<p><strong>Tipp:<\/strong> Turmeric is fat-soluble and can therefore be absorbed more effectively by the body when ingested with food that is rich in fat or lecithin, such as whole milk or soya milk[\/vc_column_text][\/vc_accordion_tab][vc_accordion_tab title=&#8221;INGREDIENTS&#8221; tab_id=&#8221;1570437963490-3-81746784685120&#8243;][vc_column_text uncode_shortcode_id=&#8221;344412&#8243;]71,4% Turmeric Root Stock Powder (Curcuma longa), Hydroxypropyl Methylcellulose (Capsule Shell), Rice Flour, Separating Agent: Silicon dioxide; 0,03% Black Pepper Fruit Extract (Piper Nigrum, contains 95% Piperine)[\/vc_column_text][vc_empty_space empty_h=&#8221;2&#8243;][vc_column_text uncode_shortcode_id=&#8221;135709&#8243;]<strong>1 capsule contains:<\/strong><\/p>\n<p>500mg Turmeric Powder<br \/>\n0,233mg Black Pepper Fruit Extract<br \/>\nof which Piperine 0,22mg<\/p>\n<p><strong>3 capsules contain:<\/strong><\/p>\n<p>1500mg Turmeric Powder<br \/>\n0,70mg Black Pepper Fruit Extract<br \/>\nof which Piperine 0,66mg[\/vc_column_text][vc_empty_space empty_h=&#8221;2&#8243;][vc_column_text]*NRV = nutrient reference value \/ % of the nutrient reference value in accordance with the EU Regulation on Food Information to Consumers[\/vc_column_text][\/vc_accordion_tab][vc_accordion_tab title=&#8221;IMPORTANT INFORMATION&#8221; tab_id=&#8221;1570437982549-4-71746784685120&#8243;][vc_column_text uncode_shortcode_id=&#8221;675236&#8243;]Please do not use if you have bile obstruction and gallstones or if you are hypersensitive to any of the ingredients. Pregnant and breastfeeding women as well as children and adolescents should avoid taking Avitale KURKUMA capsules. Please note the package leaflet.<\/p>\n<p>Turmeric is a natural product, so the colour of the powder may vary slightly. Please do not open the capsules as the Turmeric powder which they contain stains easily. However, possible residues from the capsule shell on the skin can easily be washed off.<\/p>\n<p>Owing to the Health Claims Regulation EU No. 1924\/2006, we are not permitted to advertise the effects of our food products or dietary supplements. We therefore ask for your understanding that our customer service team are only able to answer any related questions to a limited degree. For detailed, health-related questions, in particular with regard to taking our products in conjunction with any medication, please consult your physician or pharmacist. In accordance with the applicable laws, these experts are permitted to provide you with healthcare-related and medical advice. We thank you for your understanding!<\/p>\n<p><strong>Dietary supplements are not a substitute for a balanced and varied diet and healthy lifestyle. The daily recommended intake must not be exceeded. Please store out of reach of children.<\/strong>[\/vc_column_text][\/vc_accordion_tab][\/vc_accordion][\/vc_column][\/vc_row][vc_row][vc_column width=&#8221;1\/1&#8243;][vc_custom_heading text_size=&#8221;h4&#8243;]Further products for your well-being[\/vc_custom_heading][uncode_index el_id=&#8221;index-194855&#8243; index_type=&#8221;carousel&#8221; loop=&#8221;size:5|order_by:date|post_type:product|by_id:938,906,949,814,927&#8243; carousel_lg=&#8221;5&#8243; carousel_md=&#8221;3&#8243; carousel_sm=&#8221;2&#8243; gutter_size=&#8221;3&#8243; product_items=&#8221;media|featured|onpost|original|hide-sale,title&#8221; carousel_interval=&#8221;3000&#8243; carousel_navspeed=&#8221;400&#8243; stage_padding=&#8221;0&#8243; single_overlay_opacity=&#8221;50&#8243; single_h_align=&#8221;center&#8221; single_padding=&#8221;2&#8243; single_border=&#8221;yes&#8221;][\/vc_column][\/vc_row]<\/p>\n<\/div>","protected":false},"excerpt":{"rendered":"<p><strong>PZN 19557343<\/strong><br \/>\nFolding carton with 180 capsules<\/p>\n<hr \/>\n<p>Dietary supplement with 500 mg Turmeric + Piperine.<\/p>\n<hr \/>\n<p><img decoding=\"async\" src=\"https:\/\/www.avitale.de\/wp-content\/uploads\/2020\/11\/icon-glutenfree.png\" alt=\"\" width=\"75\" height=\"75\" \/> <img decoding=\"async\" src=\"https:\/\/www.avitale.de\/wp-content\/uploads\/2020\/11\/icon-vegan-en.png\" alt=\"\" width=\"75\" height=\"75\" \/> <img decoding=\"async\" src=\"https:\/\/www.avitale.de\/wp-content\/uploads\/2020\/11\/icon-lactosefree.png\" alt=\"\" width=\"75\" height=\"75\" \/> <img decoding=\"async\" src=\"https:\/\/www.avitale.de\/wp-content\/uploads\/2020\/11\/logo-madeingermany-en.png\" alt=\"\" width=\"115\" height=\"75\" \/><\/p>\n","protected":false},"featured_media":37931,"template":"","meta":[],"product_brand":[],"product_cat":[252,273,281,289],"product_tag":[],"class_list":{"0":"post-37938","1":"product","2":"type-product","3":"status-publish","4":"has-post-thumbnail","6":"product_cat-dietary-supplements","7":"product_cat-immune-system-and-cell-protection","8":"product_cat-metabolism","9":"product_cat-new-products","11":"first","12":"instock","13":"shipping-taxable","14":"product-type-simple"},"_links":{"self":[{"href":"https:\/\/www.avitale.de\/en\/wp-json\/wp\/v2\/product\/37938","targetHints":{"allow":["GET"]}}],"collection":[{"href":"https:\/\/www.avitale.de\/en\/wp-json\/wp\/v2\/product"}],"about":[{"href":"https:\/\/www.avitale.de\/en\/wp-json\/wp\/v2\/types\/product"}],"wp:featuredmedia":[{"embeddable":true,"href":"https:\/\/www.avitale.de\/en\/wp-json\/wp\/v2\/media\/37931"}],"wp:attachment":[{"href":"https:\/\/www.avitale.de\/en\/wp-json\/wp\/v2\/media?parent=37938"}],"wp:term":[{"taxonomy":"product_brand","embeddable":true,"href":"https:\/\/www.avitale.de\/en\/wp-json\/wp\/v2\/product_brand?post=37938"},{"taxonomy":"product_cat","embeddable":true,"href":"https:\/\/www.avitale.de\/en\/wp-json\/wp\/v2\/product_cat?post=37938"},{"taxonomy":"product_tag","embeddable":true,"href":"https:\/\/www.avitale.de\/en\/wp-json\/wp\/v2\/product_tag?post=37938"}],"curies":[{"name":"wp","href":"https:\/\/api.w.org\/{rel}","templated":true}]}}