{"id":3023,"date":"2022-07-08T07:03:26","date_gmt":"2022-07-08T07:03:26","guid":{"rendered":"https:\/\/www.avitale.de\/produkt\/magnesium-400-120-kapseln\/"},"modified":"2026-03-23T10:41:51","modified_gmt":"2026-03-23T10:41:51","slug":"magnesium-400-120-kapseln","status":"publish","type":"product","link":"https:\/\/www.avitale.de\/en\/product\/magnesium-400-120-kapseln\/","title":{"rendered":"Magnesium 400"},"content":{"rendered":"<div class=\"wpb-content-wrapper\"><p>[vc_row row_height_percent=&#8221;0&#8243; overlay_alpha=&#8221;50&#8243; gutter_size=&#8221;3&#8243; column_width_percent=&#8221;100&#8243; shift_y=&#8221;0&#8243; z_index=&#8221;0&#8243; el_class=&#8221;hide-content-en&#8221;][vc_column width=&#8221;1\/1&#8243;][vc_row_inner][vc_column_inner width=&#8221;2\/3&#8243;][vc_custom_heading text_size=&#8221;h3&#8243; separator=&#8221;under&#8221; sub_lead=&#8221;yes&#8221; uncode_shortcode_id=&#8221;613073&#8243; subheading=&#8221;Nur eine Kapsel Avitale MAGNESIUM 400 t\u00e4glich versorgt den K\u00f6rper mit 400mg Magnesium. Dies entspricht 107 % des Tagesbedarfs eines erwachsenen Menschen.&#8221;]Magnesium 400mg Kapseln[\/vc_custom_heading][\/vc_column_inner][vc_column_inner width=&#8221;1\/3&#8243;][\/vc_column_inner][\/vc_row_inner][vc_row_inner][vc_column_inner column_width_percent=&#8221;100&#8243; gutter_size=&#8221;3&#8243; overlay_alpha=&#8221;50&#8243; shift_x=&#8221;0&#8243; shift_y=&#8221;0&#8243; shift_y_down=&#8221;0&#8243; z_index=&#8221;0&#8243; medium_width=&#8221;0&#8243; mobile_width=&#8221;0&#8243; width=&#8221;2\/3&#8243; uncode_shortcode_id=&#8221;171068&#8243;][vc_column_text uncode_shortcode_id=&#8221;507471&#8243;]<\/p>\n<p><strong>Knochen &amp; Muskeln*<\/strong><br \/>\nMagnesium unterst\u00fctzt die Erhaltung normaler Knochen und eine normale Muskelfunktion.<\/p>\n<p><strong>Nerven &amp; Psyche*<\/strong><br \/>\nMagnesium tr\u00e4gt zu einer normalen Funktion des Nervensystems und zur normalen psychischen Funktion bei.<\/p>\n<p><strong>Energie\/Leistungsf\u00e4higkeit*<\/strong><br \/>\nMagnesium leistet einen Beitrag zu einem normalen Energiestoffwechsel und tr\u00e4gt zur Verringerung von M\u00fcdigkeit und Erm\u00fcdung bei.<\/p>\n<p><strong>Zellteilung*<\/strong><br \/>\nMagnesium hat eine Funktion bei der Zellteilung.<\/p>\n<p><strong>Stoffwechsel*<\/strong><br \/>\nMagnesium tr\u00e4gt zu einer normalen Eiwei\u00dfsynthese sowie zum Elektrolyt-gleichgewicht bei. Magnesium ist unverzichtbar f\u00fcr viele Stoffwechselprozesse und daher einer der wichtigsten Mineralstoffe f\u00fcr den menschlichen Organismus. Es muss permanent von au\u00dfen durch die t\u00e4gliche Nahrung aufgenommen werden, da der menschliche K\u00f6rper es weder selbst herstellen noch lange speichern kann.<\/p>\n<p>[\/vc_column_text][\/vc_column_inner][vc_column_inner column_width_percent=&#8221;100&#8243; gutter_size=&#8221;3&#8243; style=&#8221;dark&#8221; back_color=&#8221;accent&#8221; overlay_alpha=&#8221;50&#8243; shift_x=&#8221;0&#8243; shift_y=&#8221;0&#8243; shift_y_down=&#8221;0&#8243; z_index=&#8221;0&#8243; medium_width=&#8221;0&#8243; mobile_width=&#8221;0&#8243; width=&#8221;1\/3&#8243; uncode_shortcode_id=&#8221;544539&#8243; back_color_type=&#8221;uncode-palette&#8221;][vc_custom_heading text_size=&#8221;h4&#8243; uncode_shortcode_id=&#8221;182627&#8243;]Nur eine Kapsel t\u00e4glich &#8211; zur gezielten Magnesiumversorgung[\/vc_custom_heading][\/vc_column_inner][\/vc_row_inner][\/vc_column][\/vc_row][vc_row][vc_column width=&#8221;1\/1&#8243;][vc_separator sep_color=&#8221;accent&#8221; icon=&#8221;fa fa-heart-o&#8221; icon_position=&#8221;left&#8221;][vc_column_text]<strong>PRODUCT QUALITY AT THE BEST PRICE A FOCUS ON CUSTOMERS AND EXPERTISE<\/strong><\/p>\n<p>Product safety and high-quality raw materials are our top priority. We want to serve our customers as a reliable and responsible partner. Experts regularly conduct detailed studies to ensure that the excellent standard of our product range remains constant. To maintain this high, consistent standard, we \u2013 among other things \u2013 manufacture our dietary supplement with a certified pharmaceutical company in Germany.[\/vc_column_text][vc_empty_space empty_h=&#8221;2&#8243;][vc_accordion][vc_accordion_tab title=&#8221;RECOMMENDED INTAKE&#8221; tab_id=&#8221;1569249169-1-37156924928100215704351903941647251562640164725404746316572631778251657263705359&#8243;][vc_column_text uncode_shortcode_id=&#8221;977241&#8243;]1 x daily, take 1 capsule with plenty of fluids.[\/vc_column_text][\/vc_accordion_tab][vc_accordion_tab title=&#8221;INGREDIENTS&#8221; tab_id=&#8221;1570437963490-3-81647251562640164725404746316572631778251657263705359&#8243;][vc_column_text uncode_shortcode_id=&#8221;722150&#8243;]Hydroxypropyl Methylcellulose (Capsule Shell, Plant-Based), Magnesium Oxide, Trimagnesium Citrate, Separating Agent: Tricalcium Phosphate and Calcium Salts of Fatty Acids (Plant-Based)[\/vc_column_text][vc_empty_space empty_h=&#8221;2&#8243;][vc_column_text uncode_shortcode_id=&#8221;111641&#8243;]<strong>The daily allowance (1 capsule) contains<\/strong><\/p>\n<p>400 mg magnesium (107% NRV*)[\/vc_column_text][vc_empty_space empty_h=&#8221;2&#8243;][vc_column_text]NRV* = % of the nutrient reference value in accordance with the EU Regulation on Food Information to Consumers[\/vc_column_text][\/vc_accordion_tab][vc_accordion_tab title=&#8221;IMPORTANT INFORMATION&#8221; tab_id=&#8221;1570437982549-4-71647251562640164725404746316572631778251657263705359&#8243;][vc_column_text uncode_shortcode_id=&#8221;723022&#8243;]Magnesium can have a laxative effect in susceptible individuals. If you suffer from reduced kidney function, please consult your physician before taking this dietary supplement. This product is not suitable for children.[\/vc_column_text][vc_empty_space empty_h=&#8221;1&#8243;][vc_separator sep_color=&#8221;accent&#8221; uncode_shortcode_id=&#8221;676928&#8243; sep_color_type=&#8221;uncode-palette&#8221;][vc_empty_space empty_h=&#8221;1&#8243;][vc_column_text uncode_shortcode_id=&#8221;205478&#8243;]Owing to the Health Claims Regulation EU No. 1924\/2006, we are not permitted to advertise the effects of our food products or dietary supplements. We therefore ask for your understanding that our customer service team are only able to answer any related questions to a limited degree. For detailed, health-related questions, in particular with regard to taking our products in conjunction with any medication, please consult your physician or pharmacist. In accordance with the applicable laws, these experts are permitted to provide you with healthcare-related and medical advice. We thank you for your understanding!<\/p>\n<p><strong>Dietary supplements are not a substitute for a balanced and varied diet and healthy lifestyle. The daily recommended intake must not be exceeded. Please store out of reach of children.<\/strong>[\/vc_column_text][\/vc_accordion_tab][\/vc_accordion][\/vc_column][\/vc_row][vc_row][vc_column width=&#8221;1\/1&#8243;][vc_custom_heading heading_semantic=&#8221;p&#8221; text_size=&#8221;h4&#8243;]Further products for your well-being[\/vc_custom_heading][uncode_index el_id=&#8221;index-194855&#8243; index_type=&#8221;carousel&#8221; loop=&#8221;size:5|order_by:title|order:ASC|post_type:product|by_id:938,930,790,788,676&#8243; carousel_lg=&#8221;5&#8243; carousel_md=&#8221;3&#8243; carousel_sm=&#8221;2&#8243; gutter_size=&#8221;3&#8243; product_items=&#8221;media|featured|onpost|original|hide-sale,title&#8221; carousel_interval=&#8221;3000&#8243; carousel_navspeed=&#8221;400&#8243; stage_padding=&#8221;0&#8243; single_overlay_opacity=&#8221;50&#8243; single_h_align=&#8221;center&#8221; single_padding=&#8221;2&#8243; single_border=&#8221;yes&#8221;][\/vc_column][\/vc_row]<\/p>\n<\/div>","protected":false},"excerpt":{"rendered":"<p><strong>PZN 18018176<\/strong><br \/>\nFolding carton with 120 capsules<\/p>\n<p><strong>Also available as<\/strong><br \/>\n<a href=\"https:\/\/www.avitale.de\/en\/product\/magnesium-400-60-kapseln\/\">Folding carton with 60 capsules<\/a><\/p>\n<hr \/>\n<p>Dietary supplement with 400 mg magnesium per capsule.<\/p>\n<hr \/>\n<p><img decoding=\"async\" src=\"https:\/\/www.avitale.de\/wp-content\/uploads\/2020\/11\/icon-glutenfree.png\" alt=\"\" width=\"75\" height=\"75\"> <img decoding=\"async\" src=\"https:\/\/www.avitale.de\/wp-content\/uploads\/2020\/11\/icon-sugarfree.png\" alt=\"\" width=\"75\" height=\"75\"> <img decoding=\"async\" src=\"https:\/\/www.avitale.de\/wp-content\/uploads\/2020\/11\/icon-lactosefree.png\" alt=\"\" width=\"75\" height=\"75\"> <img decoding=\"async\" src=\"https:\/\/www.avitale.de\/wp-content\/uploads\/2020\/11\/logo-madeingermany-en.png\" alt=\"\" width=\"115\" height=\"75\"><\/p>\n","protected":false},"featured_media":3010,"template":"","meta":[],"product_brand":[],"product_cat":[254,252,275,276],"product_tag":[],"class_list":{"0":"post-3023","1":"product","2":"type-product","3":"status-publish","4":"has-post-thumbnail","6":"product_cat-bestseller-en","7":"product_cat-dietary-supplements","8":"product_cat-minerals-and-vitamins","9":"product_cat-muscles-bones-mobility","11":"first","12":"instock","13":"shipping-taxable","14":"product-type-simple"},"_links":{"self":[{"href":"https:\/\/www.avitale.de\/en\/wp-json\/wp\/v2\/product\/3023","targetHints":{"allow":["GET"]}}],"collection":[{"href":"https:\/\/www.avitale.de\/en\/wp-json\/wp\/v2\/product"}],"about":[{"href":"https:\/\/www.avitale.de\/en\/wp-json\/wp\/v2\/types\/product"}],"wp:featuredmedia":[{"embeddable":true,"href":"https:\/\/www.avitale.de\/en\/wp-json\/wp\/v2\/media\/3010"}],"wp:attachment":[{"href":"https:\/\/www.avitale.de\/en\/wp-json\/wp\/v2\/media?parent=3023"}],"wp:term":[{"taxonomy":"product_brand","embeddable":true,"href":"https:\/\/www.avitale.de\/en\/wp-json\/wp\/v2\/product_brand?post=3023"},{"taxonomy":"product_cat","embeddable":true,"href":"https:\/\/www.avitale.de\/en\/wp-json\/wp\/v2\/product_cat?post=3023"},{"taxonomy":"product_tag","embeddable":true,"href":"https:\/\/www.avitale.de\/en\/wp-json\/wp\/v2\/product_tag?post=3023"}],"curies":[{"name":"wp","href":"https:\/\/api.w.org\/{rel}","templated":true}]}}