{"id":2980,"date":"2022-03-16T11:28:49","date_gmt":"2022-03-16T11:28:49","guid":{"rendered":"https:\/\/www.avitale.de\/produkt\/organic-rose-hip-powder\/"},"modified":"2026-02-17T09:29:58","modified_gmt":"2026-02-17T09:29:58","slug":"organic-rose-hip-powder","status":"publish","type":"product","link":"https:\/\/www.avitale.de\/en\/product\/organic-rose-hip-powder\/","title":{"rendered":"Organic rose hip powder"},"content":{"rendered":"<div class=\"wpb-content-wrapper\"><p>[vc_row row_height_percent=&#8221;0&#8243; overlay_alpha=&#8221;50&#8243; gutter_size=&#8221;3&#8243; column_width_percent=&#8221;100&#8243; shift_y=&#8221;0&#8243; z_index=&#8221;0&#8243; el_class=&#8221;hide-content-en&#8221;][vc_column width=&#8221;1\/1&#8243;][vc_row_inner][vc_column_inner column_width_percent=&#8221;100&#8243; position_vertical=&#8221;middle&#8221; gutter_size=&#8221;3&#8243; overlay_alpha=&#8221;50&#8243; shift_x=&#8221;0&#8243; shift_y=&#8221;0&#8243; shift_y_down=&#8221;0&#8243; z_index=&#8221;0&#8243; medium_width=&#8221;0&#8243; mobile_width=&#8221;0&#8243; width=&#8221;1\/2&#8243;][vc_column_text uncode_shortcode_id=&#8221;152261&#8243;]Hagebutten sind die Scheinfr\u00fcchte der Hundsrose (lat. Rosa canina), auch Heckenrose genannt. Sie tr\u00e4gt im Mai und Juni zartduftende, rosa Bl\u00fcten, aus denen sich ab Oktober die roten, essbaren Hagebutten entwickeln.<\/p>\n<p>Avitale BIO HAGEBUTTENPULVER ist reich an nat\u00fcrlichem Vitamin C und Ballaststoffen. Es hat einen fruchtigen Eigengeschmack mit einer leichten S\u00e4urenote.<\/p>\n<p>Avitale BIO HAGEBUTTENPULVER wird aus den getrockneten Fr\u00fcchten hergestellt und schonend zu Pulver vermahlen.<\/p>\n<ul>\n<li>&#8211; 100% reines BIO Hagebuttenpulver<\/li>\n<li>&#8211; Ohne Zusatzstoffe oder Aromen<\/li>\n<li>&#8211; Zur dauerhaften Anwendung geeignet<\/li>\n<li>&#8211; Fein s\u00e4uerlicher Geschmack<\/li>\n<li>&#8211; Wertvolle Rohkostqualit\u00e4t, schonend gemahlen<\/li>\n<\/ul>\n<p>[\/vc_column_text][\/vc_column_inner][vc_column_inner column_width_percent=&#8221;100&#8243; position_vertical=&#8221;middle&#8221; gutter_size=&#8221;3&#8243; overlay_alpha=&#8221;50&#8243; shift_x=&#8221;0&#8243; shift_y=&#8221;0&#8243; shift_y_down=&#8221;0&#8243; z_index=&#8221;0&#8243; medium_width=&#8221;0&#8243; mobile_width=&#8221;0&#8243; width=&#8221;1\/2&#8243;][vc_single_image media=&#8221;2979&#8243; media_width_percent=&#8221;70&#8243; alignment=&#8221;center&#8221; uncode_shortcode_id=&#8221;115453&#8243;][\/vc_column_inner][\/vc_row_inner][\/vc_column][\/vc_row][vc_row][vc_column width=&#8221;1\/1&#8243;][vc_separator sep_color=&#8221;accent&#8221; icon=&#8221;fa fa-heart-o&#8221; icon_position=&#8221;left&#8221;][vc_column_text]<strong>PRODUCT QUALITY AT THE BEST PRICE A FOCUS ON CUSTOMERS AND EXPERTISE<\/strong><\/p>\n<p>Product safety and high-quality raw materials are our top priority. We want to serve our customers as a reliable and responsible partner. Experts regularly conduct detailed studies to ensure that the excellent standard of our product range remains constant. To maintain this high, consistent standard, we \u2013 among other things \u2013 manufacture our dietary supplement with a certified pharmaceutical company in Germany.[\/vc_column_text][vc_empty_space empty_h=&#8221;2&#8243;][vc_accordion][vc_accordion_tab title=&#8221;RECOMMENDED INTAKE&#8221; tab_id=&#8221;1569249169-1-37156924928100215704351903941647429986233&#8243;][vc_column_text uncode_shortcode_id=&#8221;131772&#8243;]Once daily, stir 5 g (approx. 1 heaping teaspoon) of hibiscus powder in approx. 200 ml juice, smoothie, yoghurt, quark, or muesli.[\/vc_column_text][\/vc_accordion_tab][vc_accordion_tab title=&#8221;INGREDIENTS&#8221; tab_id=&#8221;1570437963490-3-81647429986233&#8243;][vc_column_text uncode_shortcode_id=&#8221;182888&#8243;]Organic rose hip powder from certified organic producers (DE-\u00d6KO-037, EU-agriculture)<\/p>\n<p>Nutritional value* per 100 g<br \/>\nEnergy 1124 kJ\/272 kcal<br \/>\nFat 2.5 g<br \/>\nof which saturated fatty acids 2.0 g<br \/>\nCarbohydrate 34.3 g<br \/>\nof which sugar 23.7 g<br \/>\nDietary fibre 56.2 g<br \/>\nProtein 5.1 g<br \/>\nSalt 0.1 g<\/p>\n<p>*Average values with natural fluctuations.[\/vc_column_text][\/vc_accordion_tab][vc_accordion_tab title=&#8221;IMPORTANT INFORMATION&#8221; tab_id=&#8221;1570437982549-4-71647429986233&#8243;][vc_column_text uncode_shortcode_id=&#8221;255531&#8243;]Store in a cool, dry place away from light. Fill levels may vary for technical reasons. Please store out of reach of children.[\/vc_column_text][vc_empty_space empty_h=&#8221;1&#8243;][vc_separator sep_color=&#8221;accent&#8221; uncode_shortcode_id=&#8221;434299&#8243; sep_color_type=&#8221;uncode-palette&#8221;][vc_empty_space empty_h=&#8221;1&#8243;][vc_column_text uncode_shortcode_id=&#8221;840734&#8243;]Owing to the Health Claims Regulation EU No. 1924\/2006, we are not permitted to advertise the effects of our food products or dietary supplements. We therefore ask for your understanding that our customer service team are only able to answer any related questions to a limited degree. For detailed, health-related questions, in particular with regard to taking our products in conjunction with any medication, please consult your physician or pharmacist. In accordance with the applicable laws, these experts are permitted to provide you with healthcare-related and medical advice. We thank you for your understanding!<\/p>\n<p><strong>Dietary supplements are not a substitute for a balanced and varied diet and healthy lifestyle. The daily recommended intake must not be exceeded. Please store out of reach of children.<\/strong>[\/vc_column_text][\/vc_accordion_tab][\/vc_accordion][\/vc_column][\/vc_row][vc_row][vc_column width=&#8221;1\/1&#8243;][vc_custom_heading heading_semantic=&#8221;p&#8221; text_size=&#8221;h4&#8243;]Further products for your well-being[\/vc_custom_heading][uncode_index el_id=&#8221;index-194855&#8243; index_type=&#8221;carousel&#8221; loop=&#8221;size:5|order_by:title|order:ASC|post_type:product|by_id:695,708,707,676,788&#8243; carousel_lg=&#8221;5&#8243; carousel_md=&#8221;3&#8243; carousel_sm=&#8221;2&#8243; gutter_size=&#8221;3&#8243; product_items=&#8221;media|featured|onpost|original|hide-sale,title&#8221; carousel_interval=&#8221;3000&#8243; carousel_navspeed=&#8221;400&#8243; stage_padding=&#8221;0&#8243; single_overlay_opacity=&#8221;50&#8243; single_h_align=&#8221;center&#8221; single_padding=&#8221;2&#8243; single_border=&#8221;yes&#8221;][\/vc_column][\/vc_row]<\/p>\n<\/div>","protected":false},"excerpt":{"rendered":"<p><strong>PZN 17899559<\/strong><br \/>\nTin with 300 g<\/p>\n<hr \/>\n<p>Organic rose hip powder, ground from the fruit pulp and seeds. Certified organic production (DE-\u00d6KO-037) from EU-agriculture. Grown, harvested, dried and ground in Europe. Filled in Northern Germany.<\/p>\n<p>Organic certification authority DE-\u00d6KO-039 \u2013 EU-agriculture. Our certification as a supplier of organic products is confirmed annually by the certification authority DE-\u00d6KO-001.<\/p>\n<hr \/>\n<p><img decoding=\"async\" src=\"https:\/\/www.avitale.de\/wp-content\/uploads\/2020\/11\/icon-glutenfree.png\" alt=\"\" width=\"75\" height=\"75\"> <img decoding=\"async\" src=\"https:\/\/www.avitale.de\/wp-content\/uploads\/2020\/11\/icon-lactosefree.png\" alt=\"\" width=\"75\" height=\"75\"> <img decoding=\"async\" src=\"https:\/\/www.avitale.de\/wp-content\/uploads\/2020\/11\/icon-vegan-en.png\" alt=\"\" width=\"75\" height=\"75\"> <img decoding=\"async\" src=\"https:\/\/www.avitale.de\/wp-content\/uploads\/2020\/11\/logo-madeingermany-en.png\" alt=\"\" width=\"115\" height=\"75\"><\/p>\n","protected":false},"featured_media":51139,"template":"","meta":[],"product_brand":[],"product_cat":[252,259,276,289],"product_tag":[],"class_list":{"0":"post-2980","1":"product","2":"type-product","3":"status-publish","4":"has-post-thumbnail","6":"product_cat-dietary-supplements","7":"product_cat-food-products","8":"product_cat-muscles-bones-mobility","9":"product_cat-new-products","11":"first","12":"instock","13":"shipping-taxable","14":"product-type-simple"},"_links":{"self":[{"href":"https:\/\/www.avitale.de\/en\/wp-json\/wp\/v2\/product\/2980","targetHints":{"allow":["GET"]}}],"collection":[{"href":"https:\/\/www.avitale.de\/en\/wp-json\/wp\/v2\/product"}],"about":[{"href":"https:\/\/www.avitale.de\/en\/wp-json\/wp\/v2\/types\/product"}],"wp:featuredmedia":[{"embeddable":true,"href":"https:\/\/www.avitale.de\/en\/wp-json\/wp\/v2\/media\/51139"}],"wp:attachment":[{"href":"https:\/\/www.avitale.de\/en\/wp-json\/wp\/v2\/media?parent=2980"}],"wp:term":[{"taxonomy":"product_brand","embeddable":true,"href":"https:\/\/www.avitale.de\/en\/wp-json\/wp\/v2\/product_brand?post=2980"},{"taxonomy":"product_cat","embeddable":true,"href":"https:\/\/www.avitale.de\/en\/wp-json\/wp\/v2\/product_cat?post=2980"},{"taxonomy":"product_tag","embeddable":true,"href":"https:\/\/www.avitale.de\/en\/wp-json\/wp\/v2\/product_tag?post=2980"}],"curies":[{"name":"wp","href":"https:\/\/api.w.org\/{rel}","templated":true}]}}