{"id":2907,"date":"2022-01-19T18:21:00","date_gmt":"2022-01-19T18:21:00","guid":{"rendered":"https:\/\/www.avitale.de\/produkt\/manuka-honey-mgo-250\/"},"modified":"2026-02-27T11:02:14","modified_gmt":"2026-02-27T11:02:14","slug":"manuka-honey-mgo-250-500g","status":"publish","type":"product","link":"https:\/\/www.avitale.de\/en\/product\/manuka-honey-mgo-250-500g\/","title":{"rendered":"Manuka Honey MGO 250+"},"content":{"rendered":"<div class=\"wpb-content-wrapper\"><p>[vc_row row_height_percent=&#8221;0&#8243; overlay_alpha=&#8221;50&#8243; gutter_size=&#8221;3&#8243; column_width_percent=&#8221;100&#8243; shift_y=&#8221;0&#8243; z_index=&#8221;0&#8243; el_class=&#8221;hide-content-en&#8221;][vc_column width=&#8221;1\/1&#8243;][vc_row_inner][vc_column_inner column_width_percent=&#8221;100&#8243; position_vertical=&#8221;middle&#8221; gutter_size=&#8221;3&#8243; overlay_alpha=&#8221;50&#8243; shift_x=&#8221;0&#8243; shift_y=&#8221;0&#8243; shift_y_down=&#8221;0&#8243; z_index=&#8221;0&#8243; medium_width=&#8221;0&#8243; mobile_width=&#8221;0&#8243; width=&#8221;1\/2&#8243;][vc_custom_heading heading_semantic=&#8221;h3&#8243; text_size=&#8221;h4&#8243; uncode_shortcode_id=&#8221;102822&#8243;]Honig aus Neuseeland mit mindestens 250mg Methylglyoxal pro Kilo Honig.[\/vc_custom_heading][vc_column_text uncode_shortcode_id=&#8221;883769&#8243;]Ein reines Naturprodukt aus dem Bl\u00fctennektar des neuseel\u00e4ndischen Manuka-Baumes mit dem nat\u00fcrlichen Inhaltsstoff Methylglyoxal (MGO).<\/p>\n<p>Avitale Manuka Honig wird ausschlie\u00dflich in Neuseeland gewonnen. In den rauen und entlegenen Bergregionen des kleinen Landes am anderen Ende der Welt w\u00e4chst die Pflanze, die in der Sprache der Ureinwohner auch Manuka genannt wird.<br \/>\nDer Manuka-Baum, auch bekannt als S\u00fcdseemyrte, w\u00e4chst vor allem in den bergigen Regionen Neuseelands. Aus den Bl\u00fcten des bis zu 4 Meter hohen Baumes gewinnen die Bienen einen <strong>einzigartigen Nektar<\/strong>, der in den Waben im Bienenstock eine spezielle Eigenschaft erh\u00e4lt.<\/p>\n<p>Schon die Maori, die Ureinwohner Neuseelands, schrieben dem Honig besondere Eigenschaften zu und nutzen ihn seit Jahrhunderten.<\/p>\n<p>Ein Grund daf\u00fcr k\u00f6nnte der nat\u00fcrliche Inhaltsstoff <strong>Methylglyoxal, oft abgek\u00fcrzt als \u201eMGO\u201c<\/strong> sein, welcher antibakterielle Eigenschaften besitzt. 2006 kam das Forscherteam um Prof. Dr. Henle von der Technischen Universit\u00e4t Dresden durch aufwendige Untersuchungen zu dem Ergebnis, dass Manuka Honig einen besonders hohen Anteil des Zuckerabbauprodukts Methylglyoxal (MGO) besitzt. Auf Grund der besonderen Beschaffenheit des Nektars des Manuka-Baumes hat Manuka Honig im Vergleich zu anderen Honig-Sorten einen im Verh\u00e4ltnis <strong>sehr hohen MGO-Gehalt<\/strong>.<\/p>\n<p>Ob in Ihrem Lieblingsm\u00fcsli, als Brotaufstrich oder zu einer Tasse Tee, genie\u00dfen Sie Manuka Honig so, wie Sie es am liebsten m\u00f6gen.<\/p>\n<p>Wir empfehlen t\u00e4glich 1-2 Teel\u00f6ffel Avitale Manuka Honig zu verzehren, damit sich die besonderen Eigenschaften dieses einzigartigen Honigs voll entfalten k\u00f6nnen.<\/p>\n<p>MGO ist weitestgehend hitzeunempfindlich. Avitale Manuka Honig kann somit auch ohne Bedenken in warmen Speisen und Getr\u00e4nken verwendet werden.[\/vc_column_text][\/vc_column_inner][vc_column_inner column_width_percent=&#8221;100&#8243; position_vertical=&#8221;middle&#8221; gutter_size=&#8221;3&#8243; overlay_alpha=&#8221;50&#8243; shift_x=&#8221;0&#8243; shift_y=&#8221;0&#8243; shift_y_down=&#8221;0&#8243; z_index=&#8221;0&#8243; medium_width=&#8221;0&#8243; mobile_width=&#8221;0&#8243; width=&#8221;1\/2&#8243; uncode_shortcode_id=&#8221;194909&#8243;][vc_single_image media=&#8221;2887&#8243; media_width_percent=&#8221;75&#8243; media_ratio=&#8221;four-five&#8221; alignment=&#8221;center&#8221; uncode_shortcode_id=&#8221;162373&#8243;][\/vc_column_inner][\/vc_row_inner][vc_empty_space empty_h=&#8221;2&#8243;][vc_row_inner row_inner_height_percent=&#8221;0&#8243; overlay_alpha=&#8221;50&#8243; gutter_size=&#8221;3&#8243; shift_y=&#8221;0&#8243; z_index=&#8221;0&#8243; inverted_device_order=&#8221;yes&#8221; uncode_shortcode_id=&#8221;194161&#8243;][vc_column_inner column_width_percent=&#8221;100&#8243; position_vertical=&#8221;middle&#8221; gutter_size=&#8221;3&#8243; overlay_alpha=&#8221;50&#8243; shift_x=&#8221;0&#8243; shift_y=&#8221;0&#8243; shift_y_down=&#8221;0&#8243; z_index=&#8221;0&#8243; medium_width=&#8221;0&#8243; mobile_width=&#8221;0&#8243; width=&#8221;1\/2&#8243; uncode_shortcode_id=&#8221;191168&#8243;][vc_single_image media=&#8221;2889&#8243; media_width_percent=&#8221;75&#8243; alignment=&#8221;center&#8221; uncode_shortcode_id=&#8221;322167&#8243;][\/vc_column_inner][vc_column_inner column_width_percent=&#8221;100&#8243; position_vertical=&#8221;middle&#8221; gutter_size=&#8221;3&#8243; overlay_alpha=&#8221;50&#8243; shift_x=&#8221;0&#8243; shift_y=&#8221;0&#8243; shift_y_down=&#8221;0&#8243; z_index=&#8221;0&#8243; medium_width=&#8221;0&#8243; mobile_width=&#8221;0&#8243; width=&#8221;1\/2&#8243;][vc_column_text uncode_shortcode_id=&#8221;786370&#8243;]<strong>Maximale Transparenz \u2013 Vom Bienenstock bis zu Ihnen nach Hause!<\/strong><\/p>\n<p>Jede Charge wird bereits vor dem Versand in Neuseeland analysiert. Bereits bei diesen Untersuchungen muss der Honig den Anforderungen der deutschen Honigverordnung entsprechen. Nur Honige, die diesen anspruchsvollen Kriterien gen\u00fcgen, werden f\u00fcr den Transport nach Deutschland freigegeben. Nach Ankunft werden die Honige dann erneut vom Labor QSI in Bremen analysiert und zertifiziert. Nur wenn die auf dem Etikett versprochenen Gehalte eingehalten werden, gelangt<br \/>\nunser Avitale Manuka Honig in die Apotheke.[\/vc_column_text][\/vc_column_inner][\/vc_row_inner][vc_empty_space empty_h=&#8221;2&#8243;][vc_row_inner][vc_column_inner column_width_percent=&#8221;100&#8243; position_vertical=&#8221;middle&#8221; gutter_size=&#8221;3&#8243; overlay_alpha=&#8221;50&#8243; shift_x=&#8221;0&#8243; shift_y=&#8221;0&#8243; shift_y_down=&#8221;0&#8243; z_index=&#8221;0&#8243; medium_width=&#8221;0&#8243; mobile_width=&#8221;0&#8243; width=&#8221;1\/2&#8243;][vc_column_text uncode_shortcode_id=&#8221;169705&#8243;]<strong>Laborgepr\u00fcft und zertifiziert<\/strong><\/p>\n<p>Das Labor QSI in Bremen ist europaweit eines der renommiertesten und fortschrittlichsten Labore im Bereich der Lebensmittel- und Pharmaanalytik. Dort wird der Avitale Manuka Honig mittels der NMR- (\u201eNuclear Magnetic Resonance\u201c) Spektroskopie analysiert. Diese aufwendige Methode erm\u00f6glicht es, einen molekularen \u201eFingerabdruck\u201c des untersuchten Honigs abzubilden, der charakteristisch f\u00fcr Manuka Honig ist. Es ist gleichzeitig die derzeit leistungsf\u00e4higste Methode hinsichtlich der Verf\u00e4lschungssicherheit, die der Markt zu bieten hat.[\/vc_column_text][vc_column_text uncode_shortcode_id=&#8221;238452&#8243;]<em>Pr\u00fcfberichte verschiedener Chargen:<\/em><\/p>\n<ul>\n<li><strong><a href=\"https:\/\/www.avitale.de\/wp-content\/uploads\/2025\/04\/GY250-25-1.pdf\" target=\"_blank\" rel=\"noopener\">GY250-25-1.pdf<\/a><\/strong><\/li>\n<li><strong><a href=\"https:\/\/www.avitale.de\/wp-content\/uploads\/2024\/12\/MHD-16.08.2026-Lot-GY250-24-2.pdf\" target=\"_blank\" rel=\"noopener\">GY250-24-2.pdf<\/a><\/strong><\/li>\n<li><strong><a href=\"https:\/\/www.avitale.de\/wp-content\/uploads\/2023\/03\/GY250-22-1.pdf\" target=\"_blank\" rel=\"noopener\">GY250-22-1.pdf<\/a><\/strong><\/li>\n<li><strong><a href=\"https:\/\/www.avitale.de\/wp-content\/uploads\/2022\/02\/L1872021_250_MGO.pdf\" target=\"_blank\" rel=\"noopener\">L1892021.pdf<\/a><\/strong><\/li>\n<li><strong><a href=\"https:\/\/www.avitale.de\/wp-content\/uploads\/2022\/02\/L0012022_250_MGO.pdf\" target=\"_blank\" rel=\"noopener\">L0032022.pdf<\/a><\/strong><\/li>\n<li><strong><a href=\"https:\/\/www.avitale.de\/wp-content\/uploads\/2022\/02\/L0042022_250_MGO.pdf\" target=\"_blank\" rel=\"noopener\">L0042022.pdf<\/a><\/strong><\/li>\n<\/ul>\n<p>[\/vc_column_text][\/vc_column_inner][vc_column_inner column_width_percent=&#8221;100&#8243; position_vertical=&#8221;middle&#8221; gutter_size=&#8221;3&#8243; overlay_alpha=&#8221;50&#8243; shift_x=&#8221;0&#8243; shift_y=&#8221;0&#8243; shift_y_down=&#8221;0&#8243; z_index=&#8221;0&#8243; medium_width=&#8221;0&#8243; mobile_width=&#8221;0&#8243; width=&#8221;1\/2&#8243; uncode_shortcode_id=&#8221;194909&#8243;][vc_single_image media=&#8221;2916&#8243; media_width_percent=&#8221;95&#8243; uncode_shortcode_id=&#8221;857504&#8243;][\/vc_column_inner][\/vc_row_inner][vc_empty_space empty_h=&#8221;2&#8243;][vc_row_inner row_inner_height_percent=&#8221;0&#8243; overlay_alpha=&#8221;50&#8243; gutter_size=&#8221;3&#8243; shift_y=&#8221;0&#8243; z_index=&#8221;0&#8243; inverted_device_order=&#8221;yes&#8221; uncode_shortcode_id=&#8221;194161&#8243;][vc_column_inner column_width_percent=&#8221;100&#8243; position_vertical=&#8221;middle&#8221; gutter_size=&#8221;3&#8243; overlay_alpha=&#8221;50&#8243; shift_x=&#8221;0&#8243; shift_y=&#8221;0&#8243; shift_y_down=&#8221;0&#8243; z_index=&#8221;0&#8243; medium_width=&#8221;0&#8243; mobile_width=&#8221;0&#8243; width=&#8221;1\/2&#8243;][vc_single_image media=&#8221;2891&#8243; media_width_percent=&#8221;70&#8243; alignment=&#8221;center&#8221; uncode_shortcode_id=&#8221;923784&#8243;][\/vc_column_inner][vc_column_inner column_width_percent=&#8221;100&#8243; position_vertical=&#8221;middle&#8221; gutter_size=&#8221;3&#8243; overlay_alpha=&#8221;50&#8243; shift_x=&#8221;0&#8243; shift_y=&#8221;0&#8243; shift_y_down=&#8221;0&#8243; z_index=&#8221;0&#8243; medium_width=&#8221;0&#8243; mobile_width=&#8221;0&#8243; width=&#8221;1\/2&#8243;][vc_column_text uncode_shortcode_id=&#8221;119462&#8243;]<strong>Nachhaltig verantwortungsvoll<\/strong><\/p>\n<p>Der Avitale Manuka Honig gelangt in F\u00e4ssern nach Deutschland, die rund 300 kg Honig beinhalten. Wir verzichten bewusst darauf, unseren Honig bereits in Neuseeland abzuf\u00fcllen. Dieser Schritt spart erheblichen Platz und nat\u00fcrlich auch Gewicht w\u00e4hrend des Transportes nach Europa und ist durch die niedrigeren Emissionen, im Vergleich zum Transport von fertig verpacktem Manuka Honig, ein wertvoller Beitrag zur Schonung unserer Umwelt.<\/p>\n<p>F\u00fcr die Gl\u00e4ser, in die wir unseren Avitale Manuka Honig abf\u00fcllen, wird bis zu 70% Recyling Glas verwendet. Damit kann der Energieverbrauch und der CO2-Ausstoss im Vergleich zu Gl\u00e4sern ohne Recycling-Anteil erheblich gesenkt werden. Das geleerte und gereinigte Glas kann f\u00fcr verschiedenste Zwecke im Haushalt wiederverwendet werden und senkt so weiter den CO2-Abdruck.[\/vc_column_text][\/vc_column_inner][\/vc_row_inner][\/vc_column][\/vc_row][vc_row][vc_column width=&#8221;1\/1&#8243;][vc_separator sep_color=&#8221;accent&#8221; icon=&#8221;fa fa-heart-o&#8221; icon_position=&#8221;left&#8221;][vc_column_text]<strong>PRODUCT QUALITY AT THE BEST PRICE A FOCUS ON CUSTOMERS AND EXPERTISE<\/strong><\/p>\n<p>Product safety and high-quality raw materials are our top priority. We want to serve our customers as a reliable and responsible partner. Experts regularly conduct detailed studies to ensure that the excellent standard of our product range remains constant. To maintain this high, consistent standard, we \u2013 among other things \u2013 manufacture our dietary supplement with a certified pharmaceutical company in Germany.[\/vc_column_text][vc_empty_space empty_h=&#8221;2&#8243;][vc_accordion][vc_accordion_tab title=&#8221;RECOMMENDED INTAKE&#8221; tab_id=&#8221;1569249169-1-3715692492810021570435190394164258308378816426121863011642615980693&#8243;][vc_column_text uncode_shortcode_id=&#8221;187286&#8243;]Wir empfehlen t\u00e4glich 1-2 Teel\u00f6ffel Avitale Manuka Honig zu verzehren, damit sich die besonderen Eigenschaften dieses einzigartigen Honigs voll entfalten k\u00f6nnen.<\/p>\n<p>MGO ist weitestgehend hitzeunempfindlich. Avitale Manuka Honig kann somit auch ohne Bedenken in warmen Speisen und Getr\u00e4nken verwendet werden.[\/vc_column_text][\/vc_accordion_tab][vc_accordion_tab title=&#8221;IMPORTANT INFORMATION&#8221; tab_id=&#8221;1570437982549-4-7164258308378816426121863011642615980693&#8243;][vc_column_text uncode_shortcode_id=&#8221;161392&#8243;]Manuka Honey can naturally crystallise. Not suitable for children under the age of 12 months, pregnant women, or diabetics. Store away from light and heat.[\/vc_column_text][vc_empty_space empty_h=&#8221;1&#8243;][vc_separator sep_color=&#8221;accent&#8221; uncode_shortcode_id=&#8221;676928&#8243; sep_color_type=&#8221;uncode-palette&#8221;][vc_empty_space empty_h=&#8221;1&#8243;][vc_column_text uncode_shortcode_id=&#8221;475854&#8243;]Owing to the Health Claims Regulation EU No. 1924\/2006, we are not permitted to advertise the effects of our food products or dietary supplements. We therefore ask for your understanding that our customer service team are only able to answer any related questions to a limited degree. For detailed, health-related questions, in particular with regard to taking our products in conjunction with any medication, please consult your physician or pharmacist. In accordance with the applicable laws, these experts are permitted to provide you with healthcare-related and medical advice. We thank you for your understanding!<\/p>\n<p><strong>Dietary supplements are not a substitute for a balanced and varied diet and healthy lifestyle. The daily recommended intake must not be exceeded. Please store out of reach of children.<\/strong>[\/vc_column_text][\/vc_accordion_tab][\/vc_accordion][\/vc_column][\/vc_row][vc_row][vc_column width=&#8221;1\/1&#8243;][vc_custom_heading heading_semantic=&#8221;p&#8221; text_size=&#8221;h4&#8243;]Further products for your well-being[\/vc_custom_heading][uncode_index el_id=&#8221;index-194855&#8243; index_type=&#8221;carousel&#8221; loop=&#8221;size:5|order_by:title|order:ASC|post_type:product|by_id:788,717,695,909,963&#8243; carousel_lg=&#8221;5&#8243; carousel_md=&#8221;3&#8243; carousel_sm=&#8221;2&#8243; gutter_size=&#8221;3&#8243; product_items=&#8221;media|featured|onpost|original|hide-sale,title&#8221; carousel_interval=&#8221;3000&#8243; carousel_navspeed=&#8221;400&#8243; stage_padding=&#8221;0&#8243; single_overlay_opacity=&#8221;50&#8243; single_h_align=&#8221;center&#8221; single_padding=&#8221;2&#8243; single_border=&#8221;yes&#8221;][\/vc_column][\/vc_row]<\/p>\n<\/div>","protected":false},"excerpt":{"rendered":"<p><strong>PZN 17924754<\/strong><br \/>\n2 Glasses \u00e0 250g = 500g<\/p>\n<p><strong>Also available as<\/strong><br \/>\n<a href=\"https:\/\/www.avitale.de\/en\/product\/manuka-honey-mgo-250-250g\/\">250g Manuka Honey MGO 250+<\/a><br \/>\n<a href=\"https:\/\/www.avitale.de\/en\/product\/manuka-honey-mgo-400-250g\/\">250g Manuka Honey MGO 400+<\/a><br \/>\n<a href=\"https:\/\/www.avitale.de\/en\/product\/manuka-honey-mgo-400-500g\/\">500g Manuka Honey MGO 400+<\/a><br \/>\n<a href=\"https:\/\/www.avitale.de\/en\/product\/manuka-honey-mgo-550-250g\/\">250g Manuka Honey MGO 550+<\/a><br \/>\n<a href=\"https:\/\/www.avitale.de\/en\/product\/manuka-honey-mgo-550-500g\/\">500g Manuka Honey MGO 550+<\/a><\/p>\n<hr \/>\n<p>Honey from New Zealand with a minimum methylglyoxal (MGO) concentration of 250mg per kilogram honey. 100% pure honey from the flower nectar of the New Zealand Manuka tree containing the natural substance methylglyoxal (MGO).<\/p>\n<hr \/>\n<p><img decoding=\"async\" src=\"https:\/\/www.avitale.de\/wp-content\/uploads\/2020\/11\/icon-glutenfree.png\" alt=\"\" width=\"75\" height=\"75\" \/><\/p>\n","protected":false},"featured_media":2876,"template":"","meta":[],"product_brand":[],"product_cat":[259,258],"product_tag":[],"class_list":{"0":"post-2907","1":"product","2":"type-product","3":"status-publish","4":"has-post-thumbnail","6":"product_cat-food-products","7":"product_cat-gifts","9":"first","10":"instock","11":"shipping-taxable","12":"product-type-simple"},"_links":{"self":[{"href":"https:\/\/www.avitale.de\/en\/wp-json\/wp\/v2\/product\/2907","targetHints":{"allow":["GET"]}}],"collection":[{"href":"https:\/\/www.avitale.de\/en\/wp-json\/wp\/v2\/product"}],"about":[{"href":"https:\/\/www.avitale.de\/en\/wp-json\/wp\/v2\/types\/product"}],"wp:featuredmedia":[{"embeddable":true,"href":"https:\/\/www.avitale.de\/en\/wp-json\/wp\/v2\/media\/2876"}],"wp:attachment":[{"href":"https:\/\/www.avitale.de\/en\/wp-json\/wp\/v2\/media?parent=2907"}],"wp:term":[{"taxonomy":"product_brand","embeddable":true,"href":"https:\/\/www.avitale.de\/en\/wp-json\/wp\/v2\/product_brand?post=2907"},{"taxonomy":"product_cat","embeddable":true,"href":"https:\/\/www.avitale.de\/en\/wp-json\/wp\/v2\/product_cat?post=2907"},{"taxonomy":"product_tag","embeddable":true,"href":"https:\/\/www.avitale.de\/en\/wp-json\/wp\/v2\/product_tag?post=2907"}],"curies":[{"name":"wp","href":"https:\/\/api.w.org\/{rel}","templated":true}]}}