{"id":2871,"date":"2022-01-19T09:05:54","date_gmt":"2022-01-19T09:05:54","guid":{"rendered":"https:\/\/www.avitale.de\/produkt\/coenzyme-q10-capsules-240\/"},"modified":"2026-02-27T12:46:06","modified_gmt":"2026-02-27T12:46:06","slug":"coenzyme-q10-capsules-240","status":"publish","type":"product","link":"https:\/\/www.avitale.de\/en\/product\/coenzyme-q10-capsules-240\/","title":{"rendered":"Coenzyme Q10 Capsules"},"content":{"rendered":"<div class=\"wpb-content-wrapper\"><p>[vc_row row_height_percent=&#8221;0&#8243; overlay_alpha=&#8221;50&#8243; gutter_size=&#8221;3&#8243; column_width_percent=&#8221;100&#8243; shift_y=&#8221;0&#8243; z_index=&#8221;0&#8243; el_class=&#8221;hide-content-en&#8221;][vc_column width=&#8221;1\/1&#8243;][vc_row_inner][vc_column_inner column_width_percent=&#8221;100&#8243; position_vertical=&#8221;middle&#8221; gutter_size=&#8221;3&#8243; overlay_alpha=&#8221;50&#8243; shift_x=&#8221;0&#8243; shift_y=&#8221;0&#8243; shift_y_down=&#8221;0&#8243; z_index=&#8221;0&#8243; medium_width=&#8221;0&#8243; mobile_width=&#8221;0&#8243; width=&#8221;1\/2&#8243;][vc_column_text]Avitale Q10 Coenzym Komplex Kapseln enthalten pro Kapsel 100 mg rein pflanzliches Q10, erzeugt durch Fermentation. Erg\u00e4nzend sind 8 hochwertige Vitamine und 3 Mineralstoffe enthalten, die f\u00fcr das menschliche Wohlbefinden wertvoll sind.<\/p>\n<p><strong>Zellschutz vor oxidativem Stress \u2022 Zellteilung <\/strong><\/p>\n<p>Die Vitamine B2, C und E sowie die Mineralstoffe Selen und Zink tragen dazu bei, die Zellen vor oxidativem Stress zu sch\u00fctzen. Vitamin B12, Fols\u00e4ure, Zink und Magnesium haben eine unterst\u00fctzende Funktion bei der Zellteilung.[\/vc_column_text][\/vc_column_inner][vc_column_inner column_width_percent=&#8221;100&#8243; position_vertical=&#8221;middle&#8221; gutter_size=&#8221;3&#8243; overlay_alpha=&#8221;50&#8243; shift_x=&#8221;0&#8243; shift_y=&#8221;0&#8243; shift_y_down=&#8221;0&#8243; z_index=&#8221;0&#8243; medium_width=&#8221;0&#8243; mobile_width=&#8221;0&#8243; width=&#8221;1\/2&#8243;][vc_single_image media=&#8221;2018&#8243; media_width_percent=&#8221;70&#8243; alignment=&#8221;center&#8221;][\/vc_column_inner][\/vc_row_inner][vc_column_text]<strong>Energiestoffwechsel \u2022 Blutbildung \u2022 Herzgesundheit<\/strong><\/p>\n<p>Die Vitamine B1, B2, B3, B6 und B12 sowie Vitamin C tragen zusammen mit dem Mineralstoff Magnesium zu einem normalen Energiestoffwechsel bei. Fols\u00e4ure leistet einen Beitrag zur Blutbildung. Vitamin B1 spielt eine Rolle f\u00fcr die Herzgesundheit und tr\u00e4gt zu einer normalen Herzfunktion bei.<\/p>\n<p><strong>Hormone<\/strong><\/p>\n<p>Selen ist wertvoll f\u00fcr eine normale Schilddr\u00fcsenfunktion und Vitamin B6 tr\u00e4gt zur Regulierung der Hormont\u00e4tigkeit bei.<\/p>\n<p><strong>Immunsystem<\/strong><\/p>\n<p>Die Vitamine B6, B12 und C unterst\u00fctzen, wie auch die Mineralstoffe Selen und Zink, das Immunsystem.<\/p>\n<p>Das Coenzym Q10 wurde bereits 1957 entdeckt, ohne jedoch seine Wirkweise zu kennen. Diese erforschte erst der britische Chemiker Peter D. Mitchell im Rahmen seines Themas \u201eEnergieumwandlung in Zellen\u201c. Er erhielt daf\u00fcr im Jahre 1978 den Nobelpreis f\u00fcr Chemie.<\/p>\n<p>Das Coenzym Q10 oder auch Ubiquinon (lat. ubique \u201e\u00fcberall\u201c) ist ein k\u00f6rpereigenes Co-Enzym, das der K\u00f6rper einerseits selbst synthetisiert andererseits aber auch aus der Nahrung aufnimmt. Coenzym Q10 ist in jeder Zelle des K\u00f6rpers in den Mitochondrien vorhanden. H\u00e4ufig nimmt die F\u00e4higkeit des menschlichen K\u00f6rpers Q10 selber herzustellen mit zunehmendem Alter ab \u2013 hier kann eine gut dosierte Nahrungserg\u00e4nzung helfen und die t\u00e4gliche Versorgung mit dem Coenzym sicherstellen.[\/vc_column_text][\/vc_column][\/vc_row][vc_row][vc_column width=&#8221;1\/1&#8243;][vc_separator sep_color=&#8221;accent&#8221; icon=&#8221;fa fa-heart-o&#8221; icon_position=&#8221;left&#8221;][vc_column_text]<strong>PRODUCT QUALITY AT THE BEST PRICE A FOCUS ON CUSTOMERS AND EXPERTISE<\/strong><\/p>\n<p>Product safety and high-quality raw materials are our top priority. We want to serve our customers as a reliable and responsible partner. Experts regularly conduct detailed studies to ensure that the excellent standard of our product range remains constant. To maintain this high, consistent standard, we \u2013 among other things \u2013 manufacture our dietary supplement with a certified pharmaceutical company in Germany.[\/vc_column_text][vc_empty_space empty_h=&#8221;2&#8243;][vc_accordion][vc_accordion_tab title=&#8221;RECOMMENDED INTAKE&#8221; tab_id=&#8221;1569249169-1-37156924928100215704351903941642583083788&#8243;][vc_column_text]Take one capsule daily with plenty of water either with or after a meal.[\/vc_column_text][\/vc_accordion_tab][vc_accordion_tab title=&#8221;INGREDIENTS&#8221; tab_id=&#8221;1570437963490-3-81642583083788&#8243;][vc_column_text]Cellulose (Capsule Shell), Magnesium Oxide, Coenzyme Q10, DL-Alpha-Tocopheryl Acetate (Vitamin E), L-Ascorbic Acid (Vitamin C), Zinc Gluconate, Separating Agent: Tricalcium Phosphate; Nicotinamide (Vitamin B3), Cyanocobalamin (Vitamin B12), Separating Agent: Magnesium Salts of Fatty Acids (Plant-Based); Pyridoxine Hydrochloride (Vitamin B6), Thiamine Hydrochloride, Riboflavin-5-Phosphate (Vitamin B2), Pteroylmonoglutamic Acid (Folic Acid), Sodium Selenate (Selenium)[\/vc_column_text][vc_empty_space empty_h=&#8221;2&#8243;][vc_row_inner][vc_column_inner width=&#8221;1\/1&#8243;][vc_column_text]<strong>One tablet contains<\/strong><\/p>\n<p>100 mg coenzyme Q10<br \/>\n60 mg vitamin C (75% NRV*)<br \/>\n5 \u03bcg vitamin B12 (200% NRV*)<br \/>\n24 mg vitamin E (200% NRV*)<br \/>\n2.8 mg vitamin B6 (200% NRV*)<br \/>\n400 \u03bcg folic acid (200% NRV*)<br \/>\n2.2 mg vitamin B1 (200% NRV*)<br \/>\n57 mg magnesium (15.2% NRV*)<br \/>\n1.4 mg vitamin B2 (100% NRV*)<br \/>\n55 \u03bcg selenium (100% NRV*)<br \/>\n8 mg vitamin B3 (50% NRV*)<br \/>\n5 mg zinc (50% NRV*)<br \/>\n[\/vc_column_text][\/vc_column_inner][\/vc_row_inner][vc_empty_space empty_h=&#8221;2&#8243;][vc_column_text]NRV* = % of the nutrient reference value in accordance with the EU Regulation on Food Information to Consumers[\/vc_column_text][\/vc_accordion_tab][vc_accordion_tab title=&#8221;IMPORTANT INFORMATION&#8221; tab_id=&#8221;1570437982549-4-71642583083788&#8243;][vc_column_text]Owing to the Health Claims Regulation EU No. 1924\/2006, we are not permitted to advertise the effects of our food products or dietary supplements. We therefore ask for your understanding that our customer service team are only able to answer any related questions to a limited degree. For detailed, health-related questions, in particular with regard to taking our products in conjunction with any medication, please consult your physician or pharmacist. In accordance with the applicable laws, these experts are permitted to provide you with healthcare-related and medical advice. We thank you for your understanding!<\/p>\n<p><strong>Dietary supplements are not a substitute for a balanced and varied diet and healthy lifestyle. The daily recommended intake must not be exceeded. Please store out of reach of children.<\/strong>[\/vc_column_text][\/vc_accordion_tab][\/vc_accordion][\/vc_column][\/vc_row][vc_row][vc_column width=&#8221;1\/1&#8243;][vc_custom_heading heading_semantic=&#8221;p&#8221; text_size=&#8221;h4&#8243;]Further products for your well-being[\/vc_custom_heading][uncode_index el_id=&#8221;index-194855&#8243; index_type=&#8221;carousel&#8221; loop=&#8221;size:5|order_by:title|order:ASC|post_type:product|by_id:788,717,695,909,963&#8243; carousel_lg=&#8221;5&#8243; carousel_md=&#8221;3&#8243; carousel_sm=&#8221;2&#8243; gutter_size=&#8221;3&#8243; product_items=&#8221;media|featured|onpost|original|hide-sale,title&#8221; carousel_interval=&#8221;3000&#8243; carousel_navspeed=&#8221;400&#8243; stage_padding=&#8221;0&#8243; single_overlay_opacity=&#8221;50&#8243; single_h_align=&#8221;center&#8221; single_padding=&#8221;2&#8243; single_border=&#8221;yes&#8221;][\/vc_column][\/vc_row]<\/p>\n<\/div>","protected":false},"excerpt":{"rendered":"<p><strong>PZN 17440720<\/strong><br \/>\nFolding carton with 240 capsules<\/p>\n<p><strong>Also available as<\/strong><br \/>\n<a href=\"https:\/\/www.avitale.de\/en\/product\/coenzyme-q10-capsules\/\">Folding carton with 120 capsules<\/a\n\n\n\n<hr \/>\n<p>Dietary supplement with 100 mg of purely plant-based coenzyme Q10, vitamins C and E, zinc and selenium to protect cells against oxidative stress, as well as vitamin B12 and magnesium to promote cell division and for normal metabolism.<\/p>\n<hr \/>\n<p><img decoding=\"async\" src=\"https:\/\/www.avitale.de\/wp-content\/uploads\/2020\/11\/icon-glutenfree.png\" alt=\"\" width=\"75\" height=\"75\" \/> <img decoding=\"async\" src=\"https:\/\/www.avitale.de\/wp-content\/uploads\/2020\/11\/icon-lactosefree.png\" alt=\"\" width=\"75\" height=\"75\" \/> <img decoding=\"async\" src=\"https:\/\/www.avitale.de\/wp-content\/uploads\/2020\/11\/icon-vegan-en.png\" alt=\"\" width=\"75\" height=\"75\" \/> <img decoding=\"async\" src=\"https:\/\/www.avitale.de\/wp-content\/uploads\/2020\/11\/icon-sugarfree.png\" alt=\"\" width=\"75\" height=\"75\" \/> <img decoding=\"async\" src=\"https:\/\/www.avitale.de\/wp-content\/uploads\/2020\/11\/logo-madeingermany-en.png\" alt=\"\" width=\"115\" height=\"75\" \/><\/p>\n","protected":false},"featured_media":51116,"template":"","meta":[],"product_brand":[],"product_cat":[268,252,279],"product_tag":[],"class_list":{"0":"post-2871","1":"product","2":"type-product","3":"status-publish","4":"has-post-thumbnail","6":"product_cat-anti-ageing","7":"product_cat-dietary-supplements","8":"product_cat-products-for-women","10":"first","11":"instock","12":"shipping-taxable","13":"product-type-simple"},"_links":{"self":[{"href":"https:\/\/www.avitale.de\/en\/wp-json\/wp\/v2\/product\/2871","targetHints":{"allow":["GET"]}}],"collection":[{"href":"https:\/\/www.avitale.de\/en\/wp-json\/wp\/v2\/product"}],"about":[{"href":"https:\/\/www.avitale.de\/en\/wp-json\/wp\/v2\/types\/product"}],"wp:featuredmedia":[{"embeddable":true,"href":"https:\/\/www.avitale.de\/en\/wp-json\/wp\/v2\/media\/51116"}],"wp:attachment":[{"href":"https:\/\/www.avitale.de\/en\/wp-json\/wp\/v2\/media?parent=2871"}],"wp:term":[{"taxonomy":"product_brand","embeddable":true,"href":"https:\/\/www.avitale.de\/en\/wp-json\/wp\/v2\/product_brand?post=2871"},{"taxonomy":"product_cat","embeddable":true,"href":"https:\/\/www.avitale.de\/en\/wp-json\/wp\/v2\/product_cat?post=2871"},{"taxonomy":"product_tag","embeddable":true,"href":"https:\/\/www.avitale.de\/en\/wp-json\/wp\/v2\/product_tag?post=2871"}],"curies":[{"name":"wp","href":"https:\/\/api.w.org\/{rel}","templated":true}]}}