{"id":2832,"date":"2021-10-06T11:10:26","date_gmt":"2021-10-06T11:10:26","guid":{"rendered":"https:\/\/www.avitale.de\/produkt\/iron-direct-plus-60\/"},"modified":"2021-10-06T13:19:59","modified_gmt":"2021-10-06T13:19:59","slug":"iron-direct-plus-60","status":"publish","type":"product","link":"https:\/\/www.avitale.de\/en\/product\/iron-direct-plus-60\/","title":{"rendered":"Iron direct Plus"},"content":{"rendered":"<div class=\"wpb-content-wrapper\"><p>[vc_row row_height_percent=&#8221;0&#8243; overlay_alpha=&#8221;50&#8243; gutter_size=&#8221;3&#8243; column_width_percent=&#8221;100&#8243; shift_y=&#8221;0&#8243; z_index=&#8221;0&#8243; el_class=&#8221;hide-content-en&#8221;][vc_column width=&#8221;1\/1&#8243;][vc_row_inner][vc_column_inner width=&#8221;1\/1&#8243;][vc_column_text uncode_shortcode_id=&#8221;119070&#8243;]Eisen geh\u00f6rt zur Gruppe der Spurenelemente und ist an vielen Stoffwechselprozessen beteiligt. Der Eisenbedarf pro Tag betr\u00e4gt f\u00fcr M\u00e4nner ca. 10 Milligramm, bei Frauen, abh\u00e4ngig vom Alter, zwischen 10 und 15 Milligramm. W\u00e4hrend der Schwangerschaft und Stillzeit, bei Frauen mit starken Menstruationsblutungen sowie bei rein pflanzlicher Ern\u00e4hrung kann sich die ben\u00f6tigte Menge erh\u00f6hen.<\/p>\n<p>Auch beim Schwitzen w\u00e4hrend des Sports oder auf Grund von Medikamenteneinnahme kann der K\u00f6rper Eisen verlieren. Der t\u00e4gliche Bedarf sollte durch eisenhaltige Lebensmittel oder Nahrungserg\u00e4nzungen gedeckt werden. Besonders wertvoll ist hierbei die Kombination mit Vitamin C, denn sie hilft dem K\u00f6rper, Eisen besser aufzunehmen.[\/vc_column_text][\/vc_column_inner][\/vc_row_inner][vc_row_inner][vc_column_inner width=&#8221;2\/3&#8243;][vc_column_text uncode_shortcode_id=&#8221;520349&#8243;]<strong>Mikron\u00e4hrstoffe f\u00fcr wichtige K\u00f6rperprozesse<\/strong><\/p>\n<p>Eisen, Fols\u00e4ure und Vitamin B12 leisten einen Beitrag zur normalen Bildung von roten Blutk\u00f6rperchen. Eisen tr\u00e4gt zus\u00e4tzlich zur Bildung von H\u00e4moglobin und damit auch zu einem normalen Sauerstofftransport im K\u00f6rper bei.<\/p>\n<p><sup>1<\/sup> Vitamin B12, Fols\u00e4ure und Eisen tragen zu einer normalen Funktion des Immunsystems bei und haben eine Funktion bei der Zellteilung.<\/p>\n<p>Vitamin C unterst\u00fctzt die normale Kollagenbildung f\u00fcr eine normale Funktion der Blutgef\u00e4\u00dfe und tr\u00e4gt dazu bei, die Zellen vor oxidativem Stress zu sch\u00fctzen.<\/p>\n<p>Vitamin B12, Vitamin C und Eisen leisten einen Beitrag zu einem normalen Energiestoffwechsel und zur Verringerung von M\u00fcdigkeit und Erm\u00fcdung.[\/vc_column_text][\/vc_column_inner][vc_column_inner column_width_percent=&#8221;100&#8243; position_vertical=&#8221;middle&#8221; align_horizontal=&#8221;align_center&#8221; gutter_size=&#8221;3&#8243; overlay_alpha=&#8221;50&#8243; shift_x=&#8221;0&#8243; shift_y=&#8221;0&#8243; shift_y_down=&#8221;0&#8243; z_index=&#8221;0&#8243; medium_width=&#8221;0&#8243; mobile_width=&#8221;0&#8243; width=&#8221;1\/3&#8243;][vc_single_image media=&#8221;2830&#8243; media_width_percent=&#8221;75&#8243; alignment=&#8221;center&#8221; uncode_shortcode_id=&#8221;206915&#8243;][\/vc_column_inner][\/vc_row_inner][vc_empty_space empty_h=&#8221;2&#8243;][\/vc_column][\/vc_row][vc_row][vc_column width=&#8221;1\/1&#8243;][vc_separator sep_color=&#8221;accent&#8221; icon=&#8221;fa fa-heart-o&#8221; icon_position=&#8221;left&#8221;][vc_column_text]<strong>PRODUCT QUALITY AT THE BEST PRICE A FOCUS ON CUSTOMERS AND EXPERTISE<\/strong><\/p>\n<p>Product safety and high-quality raw materials are our top priority. We want to serve our customers as a reliable and responsible partner. Experts regularly conduct detailed studies to ensure that the excellent standard of our product range remains constant. To maintain this high, consistent standard, we \u2013 among other things \u2013 manufacture our dietary supplement with a certified pharmaceutical company in Germany.[\/vc_column_text][vc_empty_space empty_h=&#8221;2&#8243;][vc_accordion][vc_accordion_tab gutter_size=&#8221;2&#8243; column_padding=&#8221;2&#8243; title=&#8221;Recommended intake (optional)&#8221; tab_id=&#8221;1569249169-1-371569249281002157043519039416323124889931633517798503&#8243;][vc_column_text uncode_shortcode_id=&#8221;213800&#8243;]1 x daily, empty the content of one stick directly onto your tongue following a meal, allow it to dissolve slowly and then swallow it.<\/p>\n<p><strong>Tip:<\/strong> For optimal iron absorption, please do not take with tea, coffee or milk products, or with calcium or zinc health products.<\/p>\n<p>Avitale IRON DIRECT PLUS contains vitamin C, which increases the iron absorption.[\/vc_column_text][\/vc_accordion_tab][vc_accordion_tab title=&#8221;INGREDIENTS&#8221; tab_id=&#8221;1570437963490-3-816323124889931633517798503&#8243;][vc_column_text uncode_shortcode_id=&#8221;198785&#8243;]Filler: Sorbitol; L-Ascorbic Acid (Vitamin C), Filler: Xylitol; Beetroot Powder, Iron-(II)-Fumarate (Iron), Separating Agent: Calcium Salts of Fatty Acids (Plant-Based); Sweetener: Aspartame; Black Currant Flavouring, Sweetener: Acesulfame; Pteroylmonoglutamic Acid (Folic Acid), Methylcobalamin (Vitamin B12)[\/vc_column_text][vc_empty_space empty_h=&#8221;2&#8243;][vc_column_text uncode_shortcode_id=&#8221;138869&#8243;]One daily allowance (1 portion stick for direct ingestion without water) contains:<\/p>\n<p>120 mg vitamin C (150% NRV*)<br \/>\n10 mg iron (71% NRV*)<br \/>\n360 mcg folic acid (180% NRV*)<br \/>\n10 mcg vitamin B12 (400% NRV*)[\/vc_column_text][vc_empty_space empty_h=&#8221;2&#8243;][vc_column_text]NRV* = % of the nutrient reference value in accordance with the EU Regulation on Food Information to Consumers[\/vc_column_text][\/vc_accordion_tab][vc_accordion_tab title=&#8221;IMPORTANT INFORMATION&#8221; tab_id=&#8221;1570437982549-4-716323124889931633517798503&#8243;][vc_column_text uncode_shortcode_id=&#8221;406704&#8243;]Please do not take if you suffer from iron-metabolism or iron-storage disorders, or if you have elevated iron levels. When consumed to excess, sorbitol can have a laxative effect. With sweeteners; contains a source of phenylalanine.[\/vc_column_text][vc_empty_space empty_h=&#8221;1&#8243;][vc_separator sep_color=&#8221;accent&#8221;][vc_empty_space empty_h=&#8221;1&#8243;][vc_column_text]Owing to the Health Claims Regulation EU No. 1924\/2006, we are not permitted to advertise the effects of our food products or dietary supplements. We therefore ask for your understanding that our customer service team are only able to answer any related questions to a limited degree. For detailed, health-related questions, in particular with regard to taking our products in conjunction with any medication, please consult your physician or pharmacist. In accordance with the applicable laws, these experts are permitted to provide you with healthcare-related and medical advice. We thank you for your understanding!<\/p>\n<p><strong>Dietary supplements are not a substitute for a balanced and varied diet and healthy lifestyle. The daily recommended intake must not be exceeded. Please store out of reach of children.<\/strong>[\/vc_column_text][\/vc_accordion_tab][\/vc_accordion][\/vc_column][\/vc_row][vc_row][vc_column width=&#8221;1\/1&#8243;][vc_custom_heading heading_semantic=&#8221;p&#8221; text_size=&#8221;h4&#8243;]Further products for your well-being[\/vc_custom_heading][uncode_index el_id=&#8221;index-194855&#8243; index_type=&#8221;carousel&#8221; loop=&#8221;size:5|order_by:title|order:ASC|post_type:product|by_id:2640,1855,938,932,2650|taxonomy_count:10&#8243; carousel_lg=&#8221;5&#8243; carousel_md=&#8221;3&#8243; carousel_sm=&#8221;2&#8243; gutter_size=&#8221;3&#8243; product_items=&#8221;media|featured|onpost|original|hide-sale,title&#8221; carousel_interval=&#8221;3000&#8243; carousel_navspeed=&#8221;400&#8243; stage_padding=&#8221;0&#8243; single_overlay_opacity=&#8221;50&#8243; single_h_align=&#8221;center&#8221; single_padding=&#8221;2&#8243; single_border=&#8221;yes&#8221;][\/vc_column][\/vc_row]<\/p>\n<\/div>","protected":false},"excerpt":{"rendered":"<p><strong>PZN 17307702<\/strong><br \/>\nFolding carton with 60 portion sticks<\/p>\n<hr \/>\n<p>Powder with black currant flavouring.<\/p>\n<p>Dietary supplement with 10 mg iron, vitamin C, folic acid and vitamin B12.<\/p>\n<p>With sweeteners, contains sorbitol and a source of phenylalanine.<\/p>\n<p>Tasty and practical portion sticks for balanced iron levels. To ingest directly without water.<\/p>\n<hr \/>\n<p><img decoding=\"async\" src=\"https:\/\/www.avitale.de\/wp-content\/uploads\/2020\/11\/icon-glutenfree.png\" alt=\"\" width=\"75\" height=\"75\" \/> <img decoding=\"async\" src=\"https:\/\/www.avitale.de\/wp-content\/uploads\/2020\/11\/icon-lactosefree.png\" alt=\"\" width=\"75\" height=\"75\" \/> <img decoding=\"async\" src=\"https:\/\/www.avitale.de\/wp-content\/uploads\/2020\/11\/icon-sugarfree.png\" alt=\"\" width=\"75\" height=\"75\" \/> <img decoding=\"async\" src=\"https:\/\/www.avitale.de\/wp-content\/uploads\/2020\/11\/logo-madeingermany-en.png\" alt=\"\" width=\"115\" height=\"75\" \/><\/p>\n","protected":false},"featured_media":2829,"template":"","meta":[],"product_brand":[],"product_cat":[252,273,281,275,277,289,279],"product_tag":[],"class_list":{"0":"post-2832","1":"product","2":"type-product","3":"status-publish","4":"has-post-thumbnail","6":"product_cat-dietary-supplements","7":"product_cat-immune-system-and-cell-protection","8":"product_cat-metabolism","9":"product_cat-minerals-and-vitamins","10":"product_cat-mother-and-child","11":"product_cat-new-products","12":"product_cat-products-for-women","14":"first","15":"instock","16":"shipping-taxable","17":"product-type-simple"},"_links":{"self":[{"href":"https:\/\/www.avitale.de\/en\/wp-json\/wp\/v2\/product\/2832","targetHints":{"allow":["GET"]}}],"collection":[{"href":"https:\/\/www.avitale.de\/en\/wp-json\/wp\/v2\/product"}],"about":[{"href":"https:\/\/www.avitale.de\/en\/wp-json\/wp\/v2\/types\/product"}],"wp:featuredmedia":[{"embeddable":true,"href":"https:\/\/www.avitale.de\/en\/wp-json\/wp\/v2\/media\/2829"}],"wp:attachment":[{"href":"https:\/\/www.avitale.de\/en\/wp-json\/wp\/v2\/media?parent=2832"}],"wp:term":[{"taxonomy":"product_brand","embeddable":true,"href":"https:\/\/www.avitale.de\/en\/wp-json\/wp\/v2\/product_brand?post=2832"},{"taxonomy":"product_cat","embeddable":true,"href":"https:\/\/www.avitale.de\/en\/wp-json\/wp\/v2\/product_cat?post=2832"},{"taxonomy":"product_tag","embeddable":true,"href":"https:\/\/www.avitale.de\/en\/wp-json\/wp\/v2\/product_tag?post=2832"}],"curies":[{"name":"wp","href":"https:\/\/api.w.org\/{rel}","templated":true}]}}