{"id":2824,"date":"2021-09-22T12:21:32","date_gmt":"2021-09-22T12:21:32","guid":{"rendered":"https:\/\/www.avitale.de\/produkt\/zinc-25mg-120\/"},"modified":"2021-09-22T12:36:11","modified_gmt":"2021-09-22T12:36:11","slug":"zinc-25mg-120","status":"publish","type":"product","link":"https:\/\/www.avitale.de\/en\/product\/zinc-25mg-120\/","title":{"rendered":"Zinc 25mg"},"content":{"rendered":"<div class=\"wpb-content-wrapper\"><p>[vc_row row_height_percent=&#8221;0&#8243; overlay_alpha=&#8221;50&#8243; gutter_size=&#8221;3&#8243; column_width_percent=&#8221;100&#8243; shift_y=&#8221;0&#8243; z_index=&#8221;0&#8243; el_class=&#8221;hide-content-en&#8221;][vc_column width=&#8221;1\/1&#8243;][vc_row_inner][vc_column_inner width=&#8221;1\/1&#8243;][vc_column_text uncode_shortcode_id=&#8221;212866&#8243;]Zink ist ein lebenswichtiges Spurenelement, das der K\u00f6rper nicht selbst bilden kann. Es muss mit der Nahrung aufgenommen werden.<\/p>\n<p>Reich an Zink sind beispielsweise Fleisch, Meeresfr\u00fcchte, Milchprodukte aber auch H\u00fclsenfr\u00fcchte, N\u00fcsse und Vollkornprodukte. F\u00fcr den K\u00f6rper ist Zink jedoch besser aus Lebensmitteln tierischer Herkunft verf\u00fcgbar als aus pflanzlichen Lebensmitteln.[\/vc_column_text][\/vc_column_inner][\/vc_row_inner][vc_row_inner][vc_column_inner width=&#8221;2\/3&#8243;][vc_column_text uncode_shortcode_id=&#8221;601553&#8243;]<strong>Zink ist wichtig f\u00fcr viele Prozesse im menschlichen K\u00f6rper<\/strong><\/p>\n<p>Es tr\u00e4gt zur normalen Funktion des Immunsystems und zum Schutz der Zellen vor oxidativem Stress bei und unterst\u00fctzt den Erhalt normaler Haare, N\u00e4gel und der Haut. Zink leistet einen Beitrag zu vielen normalen Stoffwechselvorg\u00e4ngen, wie zum S\u00e4ure-Basen-Stoffwechsel, zum Kohlenhydrat-Stoffwechsel, zum Fetts\u00e4urestoffwechsel, zum Vitamin-A-Stoffwechsel und zum Stoffwechsel von Makron\u00e4hrstoffen. Es unterst\u00fctzt eine normale Fruchtbarkeit und eine normale Reproduktion sowie den Erhalt eines normalen Testosteronspiegels im Blut.<\/p>\n<p>Zink ist wichtig zur Erhaltung normaler Knochen und unterst\u00fctzt eine normale Sehkraft. Au\u00dferdem hat Zink eine Funktion bei der Zellteilung.[\/vc_column_text][\/vc_column_inner][vc_column_inner column_width_percent=&#8221;100&#8243; position_vertical=&#8221;middle&#8221; align_horizontal=&#8221;align_center&#8221; gutter_size=&#8221;3&#8243; overlay_alpha=&#8221;50&#8243; shift_x=&#8221;0&#8243; shift_y=&#8221;0&#8243; shift_y_down=&#8221;0&#8243; z_index=&#8221;0&#8243; medium_width=&#8221;0&#8243; mobile_width=&#8221;0&#8243; width=&#8221;1\/3&#8243;][vc_single_image media=&#8221;2820&#8243; media_width_percent=&#8221;75&#8243; alignment=&#8221;center&#8221; uncode_shortcode_id=&#8221;128932&#8243;][vc_column_text text_lead=&#8221;small&#8221; uncode_shortcode_id=&#8221;690176&#8243;]Enth\u00e4lt elementares Zink in der gut bioverf\u00fcgbaren, organischen Citratform[\/vc_column_text][\/vc_column_inner][\/vc_row_inner][vc_empty_space empty_h=&#8221;2&#8243;][\/vc_column][\/vc_row][vc_row][vc_column width=&#8221;1\/1&#8243;][vc_separator sep_color=&#8221;accent&#8221; icon=&#8221;fa fa-heart-o&#8221; icon_position=&#8221;left&#8221;][vc_column_text]<strong>PRODUCT QUALITY AT THE BEST PRICE A FOCUS ON CUSTOMERS AND EXPERTISE<\/strong><\/p>\n<p>Product safety and high-quality raw materials are our top priority. We want to serve our customers as a reliable and responsible partner. Experts regularly conduct detailed studies to ensure that the excellent standard of our product range remains constant. To maintain this high, consistent standard, we \u2013 among other things \u2013 manufacture our dietary supplement with a certified pharmaceutical company in Germany.[\/vc_column_text][vc_empty_space empty_h=&#8221;2&#8243;][vc_accordion][vc_accordion_tab gutter_size=&#8221;2&#8243; column_padding=&#8221;2&#8243; title=&#8221;Recommended intake:&#8221; tab_id=&#8221;1569249169-1-37156924928100215704351903941632312488993&#8243;][vc_column_text uncode_shortcode_id=&#8221;177349&#8243;]Take 1 tablet daily with plenty of water during a meal. Do not chew.<\/p>\n<p><strong>Tip:<\/strong> Zinc is absorbed more effectively by the body when ingested with high-protein foods.<\/p>\n<p>[\/vc_column_text][\/vc_accordion_tab][vc_accordion_tab title=&#8221;INGREDIENTS&#8221; tab_id=&#8221;1570437963490-3-81632312488993&#8243;][vc_column_text uncode_shortcode_id=&#8221;110204&#8243;]Filler: Microcrystalline Cellulose; Zinc Citrate, Separating Agent: Tricalcium Phosphate and Calcium Salts of Fatty Acids (Plant-Based)[\/vc_column_text][vc_empty_space empty_h=&#8221;2&#8243;][vc_column_text uncode_shortcode_id=&#8221;141108&#8243;]<strong>1 tablet (daily allowance) contains:<\/strong><\/p>\n<p>25 mg zinc (250% NRV*)[\/vc_column_text][vc_empty_space empty_h=&#8221;2&#8243;][vc_column_text]NRV* = % of the nutrient reference value in accordance with the EU Regulation on Food Information to Consumers[\/vc_column_text][\/vc_accordion_tab][vc_accordion_tab title=&#8221;IMPORTANT INFORMATION&#8221; tab_id=&#8221;1570437982549-4-71632312488993&#8243;][vc_column_text uncode_shortcode_id=&#8221;112384&#8243;]No other health products containing zinc should be taken in addition to Avitale Zinc 25 mg Tablets.[\/vc_column_text][vc_empty_space empty_h=&#8221;1&#8243;][vc_separator sep_color=&#8221;accent&#8221;][vc_empty_space empty_h=&#8221;1&#8243;][vc_column_text]Owing to the Health Claims Regulation EU No. 1924\/2006, we are not permitted to advertise the effects of our food products or dietary supplements. We therefore ask for your understanding that our customer service team are only able to answer any related questions to a limited degree. For detailed, health-related questions, in particular with regard to taking our products in conjunction with any medication, please consult your physician or pharmacist. In accordance with the applicable laws, these experts are permitted to provide you with healthcare-related and medical advice. We thank you for your understanding!<\/p>\n<p><strong>Dietary supplements are not a substitute for a balanced and varied diet and healthy lifestyle. The daily recommended intake must not be exceeded. Please store out of reach of children.<\/strong>[\/vc_column_text][\/vc_accordion_tab][\/vc_accordion][\/vc_column][\/vc_row][vc_row][vc_column width=&#8221;1\/1&#8243;][vc_custom_heading heading_semantic=&#8221;p&#8221; text_size=&#8221;h4&#8243;]Further products for your well-being[\/vc_custom_heading][uncode_index el_id=&#8221;index-194855&#8243; index_type=&#8221;carousel&#8221; loop=&#8221;size:5|order_by:title|order:ASC|post_type:product|by_id:2640,1855,938,932,2650|taxonomy_count:10&#8243; carousel_lg=&#8221;5&#8243; carousel_md=&#8221;3&#8243; carousel_sm=&#8221;2&#8243; gutter_size=&#8221;3&#8243; product_items=&#8221;media|featured|onpost|original|hide-sale,title&#8221; carousel_interval=&#8221;3000&#8243; carousel_navspeed=&#8221;400&#8243; stage_padding=&#8221;0&#8243; single_overlay_opacity=&#8221;50&#8243; single_h_align=&#8221;center&#8221; single_padding=&#8221;2&#8243; single_border=&#8221;yes&#8221;][\/vc_column][\/vc_row]<\/p>\n<\/div>","protected":false},"excerpt":{"rendered":"<p><strong>PZN 17605061<\/strong><br \/>\nFolding carton with 120 tablets<\/p>\n<hr \/>\n<p>Dietary supplement with 25 mg elemental zinc in a highly bioavailable, organic citrate form.<\/p>\n<hr \/>\n<p><img decoding=\"async\" src=\"https:\/\/www.avitale.de\/wp-content\/uploads\/2020\/11\/icon-glutenfree.png\" alt=\"\" width=\"75\" height=\"75\" \/> <img decoding=\"async\" src=\"https:\/\/www.avitale.de\/wp-content\/uploads\/2020\/11\/icon-lactosefree.png\" alt=\"\" width=\"75\" height=\"75\" \/> <img decoding=\"async\" src=\"https:\/\/www.avitale.de\/wp-content\/uploads\/2020\/11\/logo-madeingermany-en.png\" alt=\"\" width=\"115\" height=\"75\" \/><\/p>\n","protected":false},"featured_media":2823,"template":"","meta":[],"product_brand":[],"product_cat":[252,269,270,273,281,275],"product_tag":[],"class_list":{"0":"post-2824","1":"product","2":"type-product","3":"status-publish","4":"has-post-thumbnail","6":"product_cat-dietary-supplements","7":"product_cat-eye-health","8":"product_cat-hair-care-dietary","9":"product_cat-immune-system-and-cell-protection","10":"product_cat-metabolism","11":"product_cat-minerals-and-vitamins","13":"first","14":"instock","15":"shipping-taxable","16":"product-type-simple"},"_links":{"self":[{"href":"https:\/\/www.avitale.de\/en\/wp-json\/wp\/v2\/product\/2824","targetHints":{"allow":["GET"]}}],"collection":[{"href":"https:\/\/www.avitale.de\/en\/wp-json\/wp\/v2\/product"}],"about":[{"href":"https:\/\/www.avitale.de\/en\/wp-json\/wp\/v2\/types\/product"}],"wp:featuredmedia":[{"embeddable":true,"href":"https:\/\/www.avitale.de\/en\/wp-json\/wp\/v2\/media\/2823"}],"wp:attachment":[{"href":"https:\/\/www.avitale.de\/en\/wp-json\/wp\/v2\/media?parent=2824"}],"wp:term":[{"taxonomy":"product_brand","embeddable":true,"href":"https:\/\/www.avitale.de\/en\/wp-json\/wp\/v2\/product_brand?post=2824"},{"taxonomy":"product_cat","embeddable":true,"href":"https:\/\/www.avitale.de\/en\/wp-json\/wp\/v2\/product_cat?post=2824"},{"taxonomy":"product_tag","embeddable":true,"href":"https:\/\/www.avitale.de\/en\/wp-json\/wp\/v2\/product_tag?post=2824"}],"curies":[{"name":"wp","href":"https:\/\/api.w.org\/{rel}","templated":true}]}}