{"id":2768,"date":"2021-06-02T10:01:23","date_gmt":"2021-06-02T10:01:23","guid":{"rendered":"https:\/\/www.avitale.de\/produkt\/l-lysine-750mg\/"},"modified":"2026-03-23T10:38:24","modified_gmt":"2026-03-23T10:38:24","slug":"l-lysine-750mg-30","status":"publish","type":"product","link":"https:\/\/www.avitale.de\/en\/product\/l-lysine-750mg-30\/","title":{"rendered":"L-Lysine 750mg"},"content":{"rendered":"<div class=\"wpb-content-wrapper\"><p>[vc_row row_height_percent=&#8221;0&#8243; overlay_alpha=&#8221;50&#8243; gutter_size=&#8221;3&#8243; column_width_percent=&#8221;100&#8243; shift_y=&#8221;0&#8243; z_index=&#8221;0&#8243; el_class=&#8221;hide-content-en&#8221;][vc_column width=&#8221;1\/1&#8243;][vc_column_text]Avitale L-LYSIN Tabletten sind ein Monopr\u00e4parat und enthalten L-Lysinmonohydrochlorid. Durch den Chemiker Edmund Drechsel wurde L-Lysin im Jahr 1889 entdeckt, der es aus dem Milcheiwei\u00df Kasein isolierte.<\/p>\n<p>L-Lysin geh\u00f6rt zu den acht essentiellen Aminos\u00e4uren, die \u00fcber die Nahrung aufgenommen werden m\u00fcssen, da der K\u00f6rper sie nicht selbst bilden kann.<\/p>\n<p>Generell enthalten Getreide und Gem\u00fcse wenig L-Lysin, Ausnahmen sind N\u00fcsse und H\u00fclsenfr\u00fcchte. Reicher an Lysin sind Fisch, Schweine- und Rindfleisch sowie Ei und Milchprodukte.<\/p>\n<p>Avitale L-LYSIN Tabletten sind ideal, um eine gute Versorgung mit der Aminos\u00e4ure L-Lysin zu sichern.[\/vc_column_text][\/vc_column][\/vc_row][vc_row][vc_column width=&#8221;1\/1&#8243;][vc_separator sep_color=&#8221;accent&#8221; icon=&#8221;fa fa-heart-o&#8221; icon_position=&#8221;left&#8221;][vc_column_text]<strong>PRODUCT QUALITY AT THE BEST PRICE A FOCUS ON CUSTOMERS AND EXPERTISE<\/strong><\/p>\n<p>Product safety and high-quality raw materials are our top priority. We want to serve our customers as a reliable and responsible partner. Experts regularly conduct detailed studies to ensure that the excellent standard of our product range remains constant. To maintain this high, consistent standard, we \u2013 among other things \u2013 manufacture our dietary supplement with a certified pharmaceutical company in Germany.[\/vc_column_text][vc_empty_space empty_h=&#8221;2&#8243;][vc_accordion][vc_accordion_tab title=&#8221;RECOMMENDED INTAKE&#8221; tab_id=&#8221;1569249169-1-371569249281002157043519039416226255595291622627860246&#8243;][vc_column_text]Take two tablets twice daily with water at mealtimes. Do not chew and take with plenty of water.[\/vc_column_text][\/vc_accordion_tab][vc_accordion_tab title=&#8221;INGREDIENTS&#8221; tab_id=&#8221;1570437963490-3-816226255595291622627860246&#8243;][vc_column_text uncode_shortcode_id=&#8221;395349&#8243;]L-Lysine Monohydrochloride, Microcrystalline Cellulose, Separating Agent: Tricalcium Phosphate, Coating: Hydroxypropyl Methylcellulose, Hydroxypropyl Cellulose, Separating Agent: Talcum, Stabilizer: Modified Starch, Vegetable Oil (Coconut); Separating Agent: Calcium Salts of Fatty Acids (Plant-Based)[\/vc_column_text][vc_empty_space empty_h=&#8221;2&#8243;][vc_column_text]<strong>Composition:<\/strong><\/p>\n<p>1 tablet &#8211; 750mg L-Lysine<\/p>\n<p>Daily dose 4 tablets &#8211; 3000mg L-Lysine[\/vc_column_text][\/vc_accordion_tab][vc_accordion_tab title=&#8221;IMPORTANT INFORMATION&#8221; tab_id=&#8221;1570437982549-4-716226255595291622627860246&#8243;][vc_column_text]Do not take when pregnant; do not give to children. Patients with Parkinson\u2019s disease or chronic kidney disease should consult their physician before taking this preparation.[\/vc_column_text][vc_empty_space empty_h=&#8221;1&#8243;][vc_separator sep_color=&#8221;accent&#8221;][vc_empty_space empty_h=&#8221;1&#8243;][vc_column_text]Owing to the Health Claims Regulation EU No. 1924\/2006, we are not permitted to advertise the effects of our food products or dietary supplements. We therefore ask for your understanding that our customer service team are only able to answer any related questions to a limited degree. For detailed, health-related questions, in particular with regard to taking our products in conjunction with any medication, please consult your physician or pharmacist. In accordance with the applicable laws, these experts are permitted to provide you with healthcare-related and medical advice. We thank you for your understanding!<\/p>\n<p><strong>Dietary supplements are not a substitute for a balanced and varied diet and healthy lifestyle. The daily recommended intake must not be exceeded. Please store out of reach of children.<\/strong>[\/vc_column_text][\/vc_accordion_tab][\/vc_accordion][\/vc_column][\/vc_row][vc_row][vc_column width=&#8221;1\/1&#8243;][vc_custom_heading heading_semantic=&#8221;p&#8221; text_size=&#8221;h4&#8243;]Further products for your well-being[\/vc_custom_heading][uncode_index el_id=&#8221;index-194855&#8243; index_type=&#8221;carousel&#8221; loop=&#8221;size:5|order_by:title|order:ASC|post_type:product|by_id:938,932,918,906,676&#8243; carousel_lg=&#8221;5&#8243; carousel_md=&#8221;3&#8243; carousel_sm=&#8221;2&#8243; gutter_size=&#8221;3&#8243; product_items=&#8221;media|featured|onpost|original|hide-sale,title&#8221; carousel_interval=&#8221;3000&#8243; carousel_navspeed=&#8221;400&#8243; stage_padding=&#8221;0&#8243; single_overlay_opacity=&#8221;50&#8243; single_h_align=&#8221;center&#8221; single_padding=&#8221;2&#8243; single_border=&#8221;yes&#8221;][\/vc_column][\/vc_row]<\/p>\n<\/div>","protected":false},"excerpt":{"rendered":"<p><strong>PZN 10414300<\/strong><br \/>\nFolding carton with 30 tablets<\/p>\n<p><strong>Also available as<\/strong><br \/>\n<a href=\"https:\/\/www.avitale.de\/en\/product\/l-lysine-750mg-90\/\">Folding carton with 90 tablets<\/a><\/a><\/p>\n<hr \/>\n<p>Dietary supplement with 750mg L-Lysine.<\/p>\n<hr \/>\n<p><img decoding=\"async\" src=\"https:\/\/www.avitale.de\/wp-content\/uploads\/2020\/11\/icon-glutenfree-300x300.png\" alt=\"\" width=\"75\" height=\"75\" \/> <img decoding=\"async\" src=\"https:\/\/www.avitale.de\/wp-content\/uploads\/2020\/11\/icon-lactosefree-300x300.png\" alt=\"\" width=\"75\" height=\"75\" \/> <img decoding=\"async\" src=\"https:\/\/www.avitale.de\/wp-content\/uploads\/2020\/11\/logo-madeingermany-en.png\" alt=\"\" width=\"115\" height=\"75\" \/><\/p>\n","protected":false},"featured_media":51408,"template":"","meta":[],"product_brand":[],"product_cat":[252,281],"product_tag":[],"class_list":{"0":"post-2768","1":"product","2":"type-product","3":"status-publish","4":"has-post-thumbnail","6":"product_cat-dietary-supplements","7":"product_cat-metabolism","9":"first","10":"instock","11":"shipping-taxable","12":"product-type-simple"},"_links":{"self":[{"href":"https:\/\/www.avitale.de\/en\/wp-json\/wp\/v2\/product\/2768","targetHints":{"allow":["GET"]}}],"collection":[{"href":"https:\/\/www.avitale.de\/en\/wp-json\/wp\/v2\/product"}],"about":[{"href":"https:\/\/www.avitale.de\/en\/wp-json\/wp\/v2\/types\/product"}],"wp:featuredmedia":[{"embeddable":true,"href":"https:\/\/www.avitale.de\/en\/wp-json\/wp\/v2\/media\/51408"}],"wp:attachment":[{"href":"https:\/\/www.avitale.de\/en\/wp-json\/wp\/v2\/media?parent=2768"}],"wp:term":[{"taxonomy":"product_brand","embeddable":true,"href":"https:\/\/www.avitale.de\/en\/wp-json\/wp\/v2\/product_brand?post=2768"},{"taxonomy":"product_cat","embeddable":true,"href":"https:\/\/www.avitale.de\/en\/wp-json\/wp\/v2\/product_cat?post=2768"},{"taxonomy":"product_tag","embeddable":true,"href":"https:\/\/www.avitale.de\/en\/wp-json\/wp\/v2\/product_tag?post=2768"}],"curies":[{"name":"wp","href":"https:\/\/api.w.org\/{rel}","templated":true}]}}