{"id":2758,"date":"2021-06-02T09:34:42","date_gmt":"2021-06-02T09:34:42","guid":{"rendered":"https:\/\/www.avitale.de\/produkt\/melatonin-2-mg-120\/"},"modified":"2026-03-23T10:57:45","modified_gmt":"2026-03-23T10:57:45","slug":"melatonin-2-mg-120","status":"publish","type":"product","link":"https:\/\/www.avitale.de\/en\/product\/melatonin-2-mg-120\/","title":{"rendered":"Melatonin 2 mg plus Hops and Lemon Balm"},"content":{"rendered":"<div class=\"wpb-content-wrapper\"><p>[vc_row row_height_percent=&#8221;0&#8243; overlay_alpha=&#8221;50&#8243; gutter_size=&#8221;3&#8243; column_width_percent=&#8221;100&#8243; shift_y=&#8221;0&#8243; z_index=&#8221;0&#8243; el_class=&#8221;hide-content-en&#8221;][vc_column width=&#8221;1\/1&#8243;][vc_column_text]Ausreichender und erholsamer Schlaf ist f\u00fcr die k\u00f6rperliche und mentale Regeneration enorm wichtig. Avitale MELATONIN 2MG ist ein Kombinationspr\u00e4parat mit dem \u201eSchlafhormon\u201c Melatonin plus Hopfen und Melisse. Die Einschlaf-Kapseln zur Verk\u00fcrzung der Einschlafzeit enthalten 2 mg Melatonin pro Kapsel.<\/p>\n<p>Melatonin ist ein Neurohormon und wird vom Organismus in der Zirbeldr\u00fcse im Gehirn produziert. Es steuert den menschlichen Schlaf-Wach-Rhythmus. W\u00e4hrend des Tages wird die Melatonin-Aussch\u00fcttung vom Gehirn durch den Lichteinfall stark herabgesetzt. Bei Dunkelheit wird das Hormon wieder abgegeben und f\u00f6rdert das Einschlafen.<\/p>\n<p><strong>Melatonin tr\u00e4gt dazu bei, die Einschlafzeit zu verk\u00fcrzen<\/strong><\/p>\n<p>Damit sich die positive Wirkung einstellt, kurz vor dem Schlafengehen 1 mg Melatonin einnehmen.<\/p>\n<p><strong>Melatonin tr\u00e4gt zur Linderung der subjektiven Jetlag-Empfindung bei<\/strong><\/p>\n<p>Damit sich die positive Wirkung einstellt, am ersten Reisetag sowie an den ersten Tagen nach der Ankunft am Zielort kurz vor dem Schlafengehen mindestens 0,5 mg Melatonin einnehmen.[\/vc_column_text][\/vc_column][\/vc_row][vc_row][vc_column width=&#8221;1\/1&#8243;][vc_separator sep_color=&#8221;accent&#8221; icon=&#8221;fa fa-heart-o&#8221; icon_position=&#8221;left&#8221;][vc_column_text]<strong>PRODUCT QUALITY AT THE BEST PRICE A FOCUS ON CUSTOMERS AND EXPERTISE<\/strong><\/p>\n<p>Product safety and high-quality raw materials are our top priority. We want to serve our customers as a reliable and responsible partner. Experts regularly conduct detailed studies to ensure that the excellent standard of our product range remains constant. To maintain this high, consistent standard, we \u2013 among other things \u2013 manufacture our dietary supplement with a certified pharmaceutical company in Germany.[\/vc_column_text][vc_empty_space empty_h=&#8221;2&#8243;][vc_accordion][vc_accordion_tab title=&#8221;RECOMMENDED INTAKE&#8221; tab_id=&#8221;1569249169-1-37156924928100215704351903941622625559529&#8243;][vc_column_text]1 x daily, shortly before going to bed take 1 capsule with a glass of water and swallow.[\/vc_column_text][\/vc_accordion_tab][vc_accordion_tab title=&#8221;INGREDIENTS&#8221; tab_id=&#8221;1570437963490-3-81622625559529&#8243;][vc_column_text]Hydroxypropyl methylcellulose (capsule shell, plant-based), maltodextrin, hop extract, lemon balm extract, melatonin, separating agent: calcium salts of fatty acids (plant-based)[\/vc_column_text][vc_empty_space empty_h=&#8221;2&#8243;][vc_column_text]<strong>1 veggie capsule (daily allowance) contains:<\/strong><\/p>\n<p>2 mg melatonin &#8211; no NRV*<br \/>\n50 mg hop extract &#8211; no NRV*<br \/>\n50 mg lemon balm extract &#8211; no NRV*[\/vc_column_text][vc_empty_space empty_h=&#8221;2&#8243;][vc_column_text]NRV* = % of the nutrient reference value in accordance with the EU Regulation on Food Information to Consumers[\/vc_column_text][\/vc_accordion_tab][vc_accordion_tab title=&#8221;IMPORTANT INFORMATION&#8221; tab_id=&#8221;1570437982549-4-71622625559529&#8243;][vc_column_text uncode_shortcode_id=&#8221;779841&#8243;]Pregnant and breastfeeding women, as well as women who want to have children, are recommended to consult their doctor. The same applies to long-term use and to people who take medication. The product is not suitable for people with impaired liver and\/or kidney function as well as people who suffer from an auto-immune disease or epilepsy. People who are at increased risk of type 2 diabetes should only take the product after medical advice. Please only take this product before going to bed, not before operating a machine or driving. Do not consume with alcohol. Only recommended for persons aged 18 and older.[\/vc_column_text][vc_empty_space empty_h=&#8221;1&#8243;][vc_separator sep_color=&#8221;accent&#8221;][vc_empty_space empty_h=&#8221;1&#8243;][vc_column_text]Owing to the Health Claims Regulation EU No. 1924\/2006, we are not permitted to advertise the effects of our food products or dietary supplements. We therefore ask for your understanding that our customer service team are only able to answer any related questions to a limited degree. For detailed, health-related questions, in particular with regard to taking our products in conjunction with any medication, please consult your physician or pharmacist. In accordance with the applicable laws, these experts are permitted to provide you with healthcare-related and medical advice. We thank you for your understanding!<\/p>\n<p><strong>Dietary supplements are not a substitute for a balanced and varied diet and healthy lifestyle. The daily recommended intake must not be exceeded. Please store out of reach of children.<\/strong>[\/vc_column_text][\/vc_accordion_tab][\/vc_accordion][\/vc_column][\/vc_row][vc_row][vc_column width=&#8221;1\/1&#8243;][vc_custom_heading heading_semantic=&#8221;p&#8221; text_size=&#8221;h4&#8243;]Further products for your well-being[\/vc_custom_heading][uncode_index el_id=&#8221;index-194855&#8243; index_type=&#8221;carousel&#8221; loop=&#8221;size:5|order_by:title|order:ASC|post_type:product|by_id:938,932,918,906,676&#8243; carousel_lg=&#8221;5&#8243; carousel_md=&#8221;3&#8243; carousel_sm=&#8221;2&#8243; gutter_size=&#8221;3&#8243; product_items=&#8221;media|featured|onpost|original|hide-sale,title&#8221; carousel_interval=&#8221;3000&#8243; carousel_navspeed=&#8221;400&#8243; stage_padding=&#8221;0&#8243; single_overlay_opacity=&#8221;50&#8243; single_h_align=&#8221;center&#8221; single_padding=&#8221;2&#8243; single_border=&#8221;yes&#8221;][\/vc_column][\/vc_row]<\/p>\n<\/div>","protected":false},"excerpt":{"rendered":"<p><strong>PZN 17379860<\/strong><br \/>\nFolding carton with 120 veggie capsules<\/p>\n<p><strong>Also available as<\/strong><br \/>\n<a href=\"https:\/\/www.avitale.de\/en\/product\/melatonin-2-mg-60\/\">Folding carton with 60 veggie capsules<\/a><\/p>\n<hr \/>\n<p>Dietary supplement with 2 mg melatonin plus hop and lemon balm extract<\/p>\n<hr \/>\n<p><img decoding=\"async\" src=\"https:\/\/www.avitale.de\/wp-content\/uploads\/2020\/11\/icon-glutenfree-300x300.png\" alt=\"\" width=\"75\" height=\"75\" \/> <img decoding=\"async\" src=\"https:\/\/www.avitale.de\/wp-content\/uploads\/2020\/11\/icon-lactosefree-300x300.png\" alt=\"\" width=\"75\" height=\"75\" \/> <img decoding=\"async\" src=\"https:\/\/www.avitale.de\/wp-content\/uploads\/2020\/11\/logo-madeingermany-en.png\" alt=\"\" width=\"115\" height=\"75\" \/><\/p>\n","protected":false},"featured_media":51103,"template":"","meta":[],"product_brand":[],"product_cat":[252,294],"product_tag":[],"class_list":{"0":"post-2758","1":"product","2":"type-product","3":"status-publish","4":"has-post-thumbnail","6":"product_cat-dietary-supplements","7":"product_cat-melatonin-en","9":"first","10":"instock","11":"shipping-taxable","12":"product-type-simple"},"_links":{"self":[{"href":"https:\/\/www.avitale.de\/en\/wp-json\/wp\/v2\/product\/2758","targetHints":{"allow":["GET"]}}],"collection":[{"href":"https:\/\/www.avitale.de\/en\/wp-json\/wp\/v2\/product"}],"about":[{"href":"https:\/\/www.avitale.de\/en\/wp-json\/wp\/v2\/types\/product"}],"wp:featuredmedia":[{"embeddable":true,"href":"https:\/\/www.avitale.de\/en\/wp-json\/wp\/v2\/media\/51103"}],"wp:attachment":[{"href":"https:\/\/www.avitale.de\/en\/wp-json\/wp\/v2\/media?parent=2758"}],"wp:term":[{"taxonomy":"product_brand","embeddable":true,"href":"https:\/\/www.avitale.de\/en\/wp-json\/wp\/v2\/product_brand?post=2758"},{"taxonomy":"product_cat","embeddable":true,"href":"https:\/\/www.avitale.de\/en\/wp-json\/wp\/v2\/product_cat?post=2758"},{"taxonomy":"product_tag","embeddable":true,"href":"https:\/\/www.avitale.de\/en\/wp-json\/wp\/v2\/product_tag?post=2758"}],"curies":[{"name":"wp","href":"https:\/\/api.w.org\/{rel}","templated":true}]}}