{"id":2717,"date":"2021-04-01T09:02:50","date_gmt":"2021-04-01T09:02:50","guid":{"rendered":"https:\/\/www.avitale.de\/?post_type=product&#038;p=2717"},"modified":"2026-02-27T11:05:52","modified_gmt":"2026-02-27T11:05:52","slug":"magnesium-night-plus-melatonin-60","status":"publish","type":"product","link":"https:\/\/www.avitale.de\/en\/product\/magnesium-night-plus-melatonin-60\/","title":{"rendered":"Magnesium Night plus Melatonin"},"content":{"rendered":"<div class=\"wpb-content-wrapper\"><p>[vc_row row_height_percent=&#8221;0&#8243; overlay_alpha=&#8221;50&#8243; gutter_size=&#8221;3&#8243; column_width_percent=&#8221;100&#8243; shift_y=&#8221;0&#8243; z_index=&#8221;0&#8243; el_class=&#8221;hide-content-en&#8221;][vc_column width=&#8221;1\/1&#8243;][vc_row_inner][vc_column_inner width=&#8221;1\/2&#8243;][vc_column_text uncode_shortcode_id=&#8221;193351&#8243;]<strong>Verk\u00fcrzt die Einschlafzeit*<\/strong><\/p>\n<p>Avitale MAGNESIUM NIGHT verk\u00fcrzt die Einschlafzeit mit 1mg Melatonin* und sorgt mit 400 mg Magnesium f\u00fcr entspannte Muskeln** im Schlaf. Die handlichen Portionssticks sind zur Direkteinnahme ohne Wasser vorgesehen f\u00fcr reduzierten Harndrang in der Nacht und haben einen feinen Cassis-Geschmack.<\/p>\n<p>Avitale MAGNESIUM NIGHT ist ein 2-Komponenten-Pr\u00e4parat f\u00fcr erholsamen Schlaf. Der Mineralstoff Magnesium, der das Nervensystem, die normale psychische Funktion und die Muskelfunktion unterst\u00fctzt, wurde sinnvoll kombiniert mit dem \u201eSchlafhormon\u201c Melatonin zur Verk\u00fcrzung der Einschlafzeit. Denn ausreichender und erholsamer Schlaf ist f\u00fcr die k\u00f6rperliche und mentale Regeneration enorm wichtig.<\/p>\n<p>Melatonin wird vom Organismus in der Zirbeldr\u00fcse im Gehirn produziert. Es steuert den menschlichen Schlaf-Wach-Rhythmus. W\u00e4hrend des Tages wird die Melatoninaussch\u00fcttung vom Gehirn durch den Lichteinfall stark herabgesetzt. Bei Dunkelheit wird das Hormon wieder abgegeben und f\u00f6rdert das Einschlafen.[\/vc_column_text][vc_column_text]Melatonin can help you to fall asleep faster. For best results, take 1 x daily, shortly before going to bed, emptying the content of one stick directly on your tongue. Allow the powder to slowly dissolve and then swallow.<\/p>\n<p>Melatonin can alleviate jetlag symptoms. For best results, take the content of one stick shortly before going to bed on the first day of travel and on the first few days after arrival at your destination.[\/vc_column_text][\/vc_column_inner][vc_column_inner column_width_percent=&#8221;100&#8243; position_vertical=&#8221;bottom&#8221; gutter_size=&#8221;3&#8243; overlay_alpha=&#8221;50&#8243; shift_x=&#8221;0&#8243; shift_y=&#8221;0&#8243; shift_y_down=&#8221;0&#8243; z_index=&#8221;0&#8243; medium_width=&#8221;0&#8243; mobile_width=&#8221;0&#8243; width=&#8221;1\/2&#8243;][vc_single_image media=&#8221;2715&#8243; media_width_percent=&#8221;100&#8243; alignment=&#8221;center&#8221;][\/vc_column_inner][\/vc_row_inner][\/vc_column][\/vc_row][vc_row][vc_column width=&#8221;1\/1&#8243;][vc_separator sep_color=&#8221;accent&#8221; icon=&#8221;fa fa-heart-o&#8221; icon_position=&#8221;left&#8221;][vc_column_text]<strong>PRODUCT QUALITY AT THE BEST PRICE A FOCUS ON CUSTOMERS AND EXPERTISE<\/strong><\/p>\n<p>Product safety and high-quality raw materials are our top priority. We want to serve our customers as a reliable and responsible partner. Experts regularly conduct detailed studies to ensure that the excellent standard of our product range remains constant. To maintain this high, consistent standard, we \u2013 among other things \u2013 manufacture our dietary supplement with a certified pharmaceutical company in Germany.[\/vc_column_text][vc_empty_space empty_h=&#8221;2&#8243;][vc_accordion][vc_accordion_tab title=&#8221;RECOMMENDED INTAKE&#8221; tab_id=&#8221;1569249169-1-3715692492810021570435190394&#8243;][vc_column_text]Melatonin tr\u00e4gt dazu bei, die Einschlafzeit zu verk\u00fcrzen. Damit sich die positive Wirkung einstellt, 1 x t\u00e4glich, kurz vor dem Schlafengehen den Inhalt eines Sticks direkt auf die Zunge geben. Das Pulver langsam aufl\u00f6sen lassen und schlucken.<\/p>\n<p>Melatonin tr\u00e4gt zur Linderung der subjektiven Jetlag-Empfindung bei. Damit sich die positive Wirkung einstellt am ersten Reisetag sowie an den ersten Tagen nach Ankunft am Zielort kurz vor dem Schlafengehen den Inhalt eines Sticks einnehmen.[\/vc_column_text][\/vc_accordion_tab][vc_accordion_tab title=&#8221;INGREDIENTS&#8221; tab_id=&#8221;1570437963490-3-8&#8243;][vc_column_text]Trimagnesium Citrate, Sweetener: Sorbitol; Magnesium Oxide, Sweetener: Xylitol; Acidifier: Citric Acid; Beetroot Powder, Black Currant Flavouring, Separating Agent: Tricalcium Phosphate and Calcium Salts of Fatty Acids (Plant-Based); Melatonin[\/vc_column_text][vc_empty_space empty_h=&#8221;2&#8243;][vc_column_text]<strong>1 stick (daily allowance) contains:<\/strong><\/p>\n<p>400 mg magnesium (107% NRV*)<br \/>\n1 mg melatonin (no NRV*)[\/vc_column_text][vc_empty_space empty_h=&#8221;2&#8243;][vc_column_text]NRV* = % of the nutrient reference value in accordance with the EU Regulation on Food Information to Consumers[\/vc_column_text][\/vc_accordion_tab][vc_accordion_tab title=&#8221;IMPORTANT INFORMATION&#8221; tab_id=&#8221;1570437982549-4-7&#8243;][vc_column_text uncode_shortcode_id=&#8221;157931&#8243;]Magnesium can have a laxative effect in susceptible individuals. When consumed to excess, sorbitol can have a laxative effect. Pregnant and breastfeeding women, as well as women who want to have children, are recommended to consult their doctor. The same applies to long-term use and to people who take medication. The product is not suitable for people with impaired liver and\/or kidney function as well as people who suffer from an auto-immune disease or epilepsy. People who are at increased risk of type 2 diabetes should only take the product after medical advice. Please only take this product before going to bed, not before operating a machine or driving. Do not consume with alcohol. Only recommended for persons aged 18 and older.[\/vc_column_text][vc_empty_space empty_h=&#8221;1&#8243;][vc_separator sep_color=&#8221;accent&#8221;][vc_empty_space empty_h=&#8221;1&#8243;][vc_column_text]Owing to the Health Claims Regulation EU No. 1924\/2006, we are not permitted to advertise the effects of our food products or dietary supplements. We therefore ask for your understanding that our customer service team are only able to answer any related questions to a limited degree. For detailed, health-related questions, in particular with regard to taking our products in conjunction with any medication, please consult your physician or pharmacist. In accordance with the applicable laws, these experts are permitted to provide you with healthcare-related and medical advice. We thank you for your understanding!<\/p>\n<p><strong>Dietary supplements are not a substitute for a balanced and varied diet and healthy lifestyle. The daily recommended intake must not be exceeded. Please store out of reach of children.<\/strong>[\/vc_column_text][\/vc_accordion_tab][\/vc_accordion][\/vc_column][\/vc_row][vc_row][vc_column width=&#8221;1\/1&#8243;][vc_custom_heading heading_semantic=&#8221;p&#8221; text_size=&#8221;h4&#8243;]Further products for your well-being[\/vc_custom_heading][uncode_index el_id=&#8221;index-194855&#8243; index_type=&#8221;carousel&#8221; loop=&#8221;size:5|order_by:title|order:ASC|post_type:product|by_id:938,932,918,676,1858|taxonomy_count:10&#8243; carousel_lg=&#8221;5&#8243; carousel_md=&#8221;3&#8243; carousel_sm=&#8221;2&#8243; gutter_size=&#8221;3&#8243; product_items=&#8221;media|featured|onpost|original|hide-sale,title&#8221; carousel_interval=&#8221;3000&#8243; carousel_navspeed=&#8221;400&#8243; stage_padding=&#8221;0&#8243; single_overlay_opacity=&#8221;50&#8243; single_h_align=&#8221;center&#8221; single_padding=&#8221;2&#8243; single_border=&#8221;yes&#8221;][\/vc_column][\/vc_row]<\/p>\n<\/div>","protected":false},"excerpt":{"rendered":"<p><strong>PZN 17269344<\/strong><br \/>\nFolding carton with 60 sticks<\/p>\n<p><strong>Also available as<\/strong><br \/>\n<a href=\"https:\/\/www.avitale.de\/en\/product\/magnesium-night-plus-melatonin-30\/\">Folding carton with 30 sticks<\/a><\/p>\n<hr \/>\n<p>Dietary supplement with 400 mg magnesium plus 1 mg melatonin. Powder with black currant flavour. Contains sweetener &amp; sorbitol.<\/p>\n<hr \/>\n<p><img decoding=\"async\" src=\"https:\/\/www.avitale.de\/wp-content\/uploads\/2020\/11\/icon-glutenfree.png\" alt=\"\" width=\"75\" height=\"75\" \/> <img decoding=\"async\" src=\"https:\/\/www.avitale.de\/wp-content\/uploads\/2020\/11\/icon-lactosefree.png\" alt=\"\" width=\"75\" height=\"75\" \/> <img decoding=\"async\" src=\"https:\/\/www.avitale.de\/wp-content\/uploads\/2020\/11\/icon-sugarfree.png\" alt=\"\" width=\"75\" height=\"75\" \/> <img decoding=\"async\" src=\"https:\/\/www.avitale.de\/wp-content\/uploads\/2020\/11\/logo-madeingermany-en.png\" alt=\"\" width=\"115\" height=\"75\" \/><\/p>\n","protected":false},"featured_media":23829,"template":"","meta":[],"product_brand":[],"product_cat":[252,294],"product_tag":[],"class_list":{"0":"post-2717","1":"product","2":"type-product","3":"status-publish","4":"has-post-thumbnail","6":"product_cat-dietary-supplements","7":"product_cat-melatonin-en","8":"pa_eigenschaft-gluten-free","9":"pa_eigenschaft-lactose-free","10":"pa_eigenschaft-sugar-free","12":"first","13":"instock","14":"shipping-taxable","15":"product-type-simple"},"_links":{"self":[{"href":"https:\/\/www.avitale.de\/en\/wp-json\/wp\/v2\/product\/2717","targetHints":{"allow":["GET"]}}],"collection":[{"href":"https:\/\/www.avitale.de\/en\/wp-json\/wp\/v2\/product"}],"about":[{"href":"https:\/\/www.avitale.de\/en\/wp-json\/wp\/v2\/types\/product"}],"wp:featuredmedia":[{"embeddable":true,"href":"https:\/\/www.avitale.de\/en\/wp-json\/wp\/v2\/media\/23829"}],"wp:attachment":[{"href":"https:\/\/www.avitale.de\/en\/wp-json\/wp\/v2\/media?parent=2717"}],"wp:term":[{"taxonomy":"product_brand","embeddable":true,"href":"https:\/\/www.avitale.de\/en\/wp-json\/wp\/v2\/product_brand?post=2717"},{"taxonomy":"product_cat","embeddable":true,"href":"https:\/\/www.avitale.de\/en\/wp-json\/wp\/v2\/product_cat?post=2717"},{"taxonomy":"product_tag","embeddable":true,"href":"https:\/\/www.avitale.de\/en\/wp-json\/wp\/v2\/product_tag?post=2717"}],"curies":[{"name":"wp","href":"https:\/\/api.w.org\/{rel}","templated":true}]}}