{"id":2689,"date":"2020-09-01T06:14:54","date_gmt":"2020-09-01T06:14:54","guid":{"rendered":"https:\/\/www.avitale.de\/produkt\/calcium-osteo-600-direct-60\/"},"modified":"2026-02-27T12:48:02","modified_gmt":"2026-02-27T12:48:02","slug":"calcium-osteo-600-direct-60","status":"publish","type":"product","link":"https:\/\/www.avitale.de\/en\/product\/calcium-osteo-600-direct-60\/","title":{"rendered":"Calcium Osteo 600 Direct"},"content":{"rendered":"<div class=\"wpb-content-wrapper\"><p>[vc_row row_height_percent=&#8221;0&#8243; overlay_alpha=&#8221;50&#8243; gutter_size=&#8221;3&#8243; column_width_percent=&#8221;100&#8243; shift_y=&#8221;0&#8243; z_index=&#8221;0&#8243; el_class=&#8221;hide-content-en&#8221;][vc_column width=&#8221;1\/1&#8243;][vc_row_inner][vc_column_inner width=&#8221;1\/3&#8243;][vc_single_image media=&#8221;51468&#8243; media_width_percent=&#8221;100&#8243;][\/vc_column_inner][vc_column_inner width=&#8221;2\/3&#8243;][vc_column_text]<strong>Avitale CALCIUM OSTEO mit 600mg Calcium, Vitamin D3 und K2 f\u00fcr gesunde Knochen*<\/strong><\/p>\n<p>Calcium, Vitamin D3 und Vitamin K2 tragen zur Erhaltung normaler Knochen* bei. Das Mineral Calcium gilt als besonders wichtig zur Vorbeugung von Osteoporose** und kann in Verbindung mit Vitamin D den R\u00fcckgang der Knochendichte reduzieren.\u00a0Nur 1 Stick pro Tag zur Direkteinnahme ohne Wasser mit leckerem Waldfrucht-Geschmack.<\/p>\n<p>Avitale CALCIUM OSTEO ist eine Mineralstoff-Vitaminkombination zur Unterst\u00fctzung gesunder Knochen und Muskeln. Besonders bei Frauen bauen sich mit zunehmendem Alter nach den Wechseljahren die Knochen schneller ab, damit reduziert sich auch die Knochendichte.<\/p>\n<p>Bei einer t\u00e4glichen Aufnahme von 1200 mg aus allen Lebensmittelquellen tr\u00e4gt Calcium zur Vorbeugung von postmenopausaler Osteoporose bei Frauen \u00fcber 50 Jahre bei**.<\/p>\n<p>Avitale CALCIUM OSTEO enth\u00e4lt Vitamin D3, das zu einer normalen Aufnahme bzw. Verwertung von Calcium beitr\u00e4gt und damit einen Beitrag zu einem normalen Calciumspiegel leistet. Weiterhin ist es hilfreich f\u00fcr eine normale Muskelfunktion.<br \/>\nAvitale CALCIUM OSTEO enth\u00e4lt mikroverkapseltes, hoch stabiles Vitamin K2-MK7 von Kappa Bioscience.[\/vc_column_text][vc_button outline=&#8221;yes&#8221; border_width=&#8221;0&#8243; icon=&#8221;fa fa-file-pdf-o&#8221; link=&#8221;url:https%3A%2F%2Fwww.avitale.de%2Fwp-content%2Fuploads%2F2020%2F10%2FCoA_AN_SYN_20_199-Calcium-Osteo.pdf|title:Labor-Analyse|target:_blank|&#8221;]Labor-Analyse[\/vc_button][\/vc_column_inner][\/vc_row_inner][\/vc_column][\/vc_row][vc_row][vc_column width=&#8221;1\/1&#8243;][vc_separator sep_color=&#8221;accent&#8221; icon=&#8221;fa fa-heart-o&#8221; icon_position=&#8221;left&#8221;][vc_column_text]<strong>PRODUCT QUALITY AT THE BEST PRICE A FOCUS ON CUSTOMERS AND EXPERTISE<\/strong><\/p>\n<p>Product safety and high-quality raw materials are our top priority. We want to serve our customers as a reliable and responsible partner. Experts regularly conduct detailed studies to ensure that the excellent standard of our product range remains constant. To maintain this high, consistent standard, we \u2013 among other things \u2013 manufacture our dietary supplement with a certified pharmaceutical company in Germany.[\/vc_column_text][vc_empty_space empty_h=&#8221;2&#8243;][vc_accordion][vc_accordion_tab title=&#8221;RECOMMENDED INTAKE&#8221; tab_id=&#8221;1569249169-1-3715692492810021570435190394&#8243;][vc_column_text]Once daily, empty the content of one stick directly onto your tongue following a meal, allow it to dissolve slowly and then swallow it.[\/vc_column_text][\/vc_accordion_tab][vc_accordion_tab title=&#8221;INGREDIENTS&#8221; tab_id=&#8221;1570437963490-3-8&#8243;][vc_column_text]Calcium Carbonate, Dextrose, Filler: Sorbitol; Menachinon (Microencapsulated, all-trans Vitamin K2-MK7 from Kappa Bioscience), Acidifier: Citric Acid; Forest Fruit Flavouring, Separating Agent: Tricalcium Phosphate and Calcium Salts of Fatty Acids (Plant-Based); Cholecalciferol (Vitamin D3), Sweetener: Sucralose[\/vc_column_text][vc_empty_space empty_h=&#8221;2&#8243;][vc_column_text]<strong>One single-portion stick (daily allowance) contains:<\/strong><\/p>\n<p>600 mg calcium (75% NRV*)<br \/>\n75 \u03bcg vitamin K2 (100% NRV*)<br \/>\n25 \u03bcg vitamin D3 (500% NRV*)<br \/>\nequivalent to 1,000 I.E.[\/vc_column_text][vc_empty_space empty_h=&#8221;2&#8243;][vc_column_text]NRV* = % of the nutrient reference value in accordance with the EU Regulation on Food Information to Consumers[\/vc_column_text][\/vc_accordion_tab][vc_accordion_tab title=&#8221;IMPORTANT INFORMATION&#8221; tab_id=&#8221;1570437982549-4-7&#8243;][vc_column_text]Please do not use this product if you suffer from hypercalcemia (abnormally high calcium levels in the blood) and\/or hypercalciuria (abnormally high calcium levels in the urine). Please consult your physician before taking this product with coumarin-based anti-coagulants. Other health products containing vitamins D and K should not be taken without medical consultation. Please seek medical advice prior to consumption if you are pregnant or breastfeeding. Not intended for consumption by children and young people. Please observe the additional information in the package insert.[\/vc_column_text][vc_empty_space empty_h=&#8221;1&#8243;][vc_separator sep_color=&#8221;accent&#8221;][vc_empty_space empty_h=&#8221;1&#8243;][vc_column_text]Owing to the Health Claims Regulation EU No. 1924\/2006, we are not permitted to advertise the effects of our food products or dietary supplements. We therefore ask for your understanding that our customer service team are only able to answer any related questions to a limited degree. For detailed, health-related questions, in particular with regard to taking our products in conjunction with any medication, please consult your physician or pharmacist. In accordance with the applicable laws, these experts are permitted to provide you with healthcare-related and medical advice. We thank you for your understanding!<\/p>\n<p><strong>Dietary supplements are not a substitute for a balanced and varied diet and healthy lifestyle. The daily recommended intake must not be exceeded. Please store out of reach of children.<\/strong>[\/vc_column_text][\/vc_accordion_tab][\/vc_accordion][\/vc_column][\/vc_row][vc_row][vc_column width=&#8221;1\/1&#8243;][vc_custom_heading heading_semantic=&#8221;p&#8221; text_size=&#8221;h4&#8243;]Further products for your well-being[\/vc_custom_heading][uncode_index el_id=&#8221;index-194855&#8243; index_type=&#8221;carousel&#8221; loop=&#8221;size:5|order_by:title|order:ASC|post_type:product|by_id:876,893,930,814,888&#8243; carousel_lg=&#8221;5&#8243; carousel_md=&#8221;3&#8243; carousel_sm=&#8221;2&#8243; gutter_size=&#8221;3&#8243; product_items=&#8221;media|featured|onpost|original|hide-sale,title&#8221; carousel_interval=&#8221;3000&#8243; carousel_navspeed=&#8221;400&#8243; stage_padding=&#8221;0&#8243; single_overlay_opacity=&#8221;50&#8243; single_h_align=&#8221;center&#8221; single_padding=&#8221;2&#8243; single_border=&#8221;yes&#8221;][\/vc_column][\/vc_row]<\/p>\n<\/div>","protected":false},"excerpt":{"rendered":"<p><strong>PZN 16508597<\/strong><br \/>\nFolding carton with 60 sticks<\/p>\n<p><strong>Also available as<\/strong><br \/>\n<a href=\"https:\/\/www.avitale.de\/en\/product\/calcium-osteo-600-direct-120\/\">Folding carton with 120 sticks<\/a><\/p>\n<hr \/>\n<p>Dietary supplement with 600 mg Calcium plus 1,000 I.E. Vitamin D3 and 75 mcg Vitamin K2. Contains sweeteners.<\/p>\n<hr \/>\n<p><img decoding=\"async\" src=\"https:\/\/www.avitale.de\/wp-content\/uploads\/2020\/11\/icon-glutenfree.png\" alt=\"\" width=\"75\" height=\"75\" \/> <img decoding=\"async\" src=\"https:\/\/www.avitale.de\/wp-content\/uploads\/2020\/11\/icon-lactosefree.png\" alt=\"\" width=\"75\" height=\"75\" \/> <img decoding=\"async\" src=\"https:\/\/www.avitale.de\/wp-content\/uploads\/2020\/11\/icon-sugarfree.png\" alt=\"\" width=\"75\" height=\"75\" \/> <img decoding=\"async\" src=\"https:\/\/www.avitale.de\/wp-content\/uploads\/2020\/11\/logo-madeingermany-en.png\" alt=\"\" width=\"115\" height=\"75\" \/><\/p>\n","protected":false},"featured_media":2690,"template":"","meta":[],"product_brand":[],"product_cat":[252,275,276],"product_tag":[],"class_list":{"0":"post-2689","1":"product","2":"type-product","3":"status-publish","4":"has-post-thumbnail","6":"product_cat-dietary-supplements","7":"product_cat-minerals-and-vitamins","8":"product_cat-muscles-bones-mobility","9":"pa_eigenschaft-gluten-free","10":"pa_eigenschaft-lactose-free","11":"pa_eigenschaft-sugar-free","13":"first","14":"instock","15":"shipping-taxable","16":"product-type-simple"},"_links":{"self":[{"href":"https:\/\/www.avitale.de\/en\/wp-json\/wp\/v2\/product\/2689","targetHints":{"allow":["GET"]}}],"collection":[{"href":"https:\/\/www.avitale.de\/en\/wp-json\/wp\/v2\/product"}],"about":[{"href":"https:\/\/www.avitale.de\/en\/wp-json\/wp\/v2\/types\/product"}],"wp:featuredmedia":[{"embeddable":true,"href":"https:\/\/www.avitale.de\/en\/wp-json\/wp\/v2\/media\/2690"}],"wp:attachment":[{"href":"https:\/\/www.avitale.de\/en\/wp-json\/wp\/v2\/media?parent=2689"}],"wp:term":[{"taxonomy":"product_brand","embeddable":true,"href":"https:\/\/www.avitale.de\/en\/wp-json\/wp\/v2\/product_brand?post=2689"},{"taxonomy":"product_cat","embeddable":true,"href":"https:\/\/www.avitale.de\/en\/wp-json\/wp\/v2\/product_cat?post=2689"},{"taxonomy":"product_tag","embeddable":true,"href":"https:\/\/www.avitale.de\/en\/wp-json\/wp\/v2\/product_tag?post=2689"}],"curies":[{"name":"wp","href":"https:\/\/api.w.org\/{rel}","templated":true}]}}