{"id":2665,"date":"2021-01-15T09:30:17","date_gmt":"2021-01-15T09:30:17","guid":{"rendered":"https:\/\/www.avitale.de\/?post_type=product&#038;p=2665"},"modified":"2026-03-23T11:16:48","modified_gmt":"2026-03-23T11:16:48","slug":"vitamin-c-500-120","status":"publish","type":"product","link":"https:\/\/www.avitale.de\/en\/product\/vitamin-c-500-120\/","title":{"rendered":"Vitamin C 500 mg"},"content":{"rendered":"<div class=\"wpb-content-wrapper\"><p>[vc_row row_height_percent=&#8221;0&#8243; overlay_alpha=&#8221;50&#8243; gutter_size=&#8221;3&#8243; column_width_percent=&#8221;100&#8243; shift_y=&#8221;0&#8243; z_index=&#8221;0&#8243; el_class=&#8221;hide-content-en&#8221;][vc_column width=&#8221;1\/1&#8243;][vc_column_text]<strong>F\u00fcr den Zellschutz* und ein gesundes Immunsystem*<\/strong><\/p>\n<p>Vitamin C ist ein lebensnotwendiges, wasserl\u00f6sliches Vitamin. Der K\u00f6rper kann es weder selbst bilden noch lange speichern. Avitale VITAMIN C 500 DEPOT enth\u00e4lt pro Tablette 500 mg Vitamin C, das \u00fcber Stunden zeitverz\u00f6gert an den Organismus abgegeben wird. Dadurch steht es dem K\u00f6rper zur Unterst\u00fctzung wichtiger Stoffwechselprozesse und zur k\u00f6rperlichen Abwehr l\u00e4nger zur Verf\u00fcgung.<\/p>\n<p>Vitamin C* ist wichtig f\u00fcr viele K\u00f6rperfunktionen: Es tr\u00e4gt zur normalen Funktion des Immunsystems, auch w\u00e4hrend und nach intensiver k\u00f6rperlicher Bet\u00e4tigung, und zum Schutz der Zellen vor oxidativem Stress bei*.<\/p>\n<p>Es leistet einen Beitrag zur normalen Funktion des Nervensystems und zur normalen psychischen Funktion. Es unterst\u00fctzt den Energiestoffwechsel, verringert M\u00fcdigkeit und Erm\u00fcdung und erh\u00f6ht die Eisenaufnahme. Es tr\u00e4gt zu einer normalen Kollagenbildung f\u00fcr eine normale Funktion der Knorpel und Knochen, der Z\u00e4hne und des Zahnfleisches sowie der Haut bei.[\/vc_column_text][\/vc_column][\/vc_row][vc_row][vc_column width=&#8221;1\/1&#8243;][vc_separator sep_color=&#8221;accent&#8221; icon=&#8221;fa fa-heart-o&#8221; icon_position=&#8221;left&#8221;][vc_column_text]<strong>PRODUCT QUALITY AT THE BEST PRICE A FOCUS ON CUSTOMERS AND EXPERTISE<\/strong><\/p>\n<p>Product safety and high-quality raw materials are our top priority. We want to serve our customers as a reliable and responsible partner. Experts regularly conduct detailed studies to ensure that the excellent standard of our product range remains constant. To maintain this high, consistent standard, we \u2013 among other things \u2013 manufacture our dietary supplement with a certified pharmaceutical company in Germany.[\/vc_column_text][vc_empty_space empty_h=&#8221;2&#8243;][vc_accordion][vc_accordion_tab title=&#8221;RECOMMENDED INTAKE&#8221; tab_id=&#8221;1569249169-1-3715692492810021570435190394&#8243;][vc_column_text]Take one to two tablets daily after meals. Do not chew and take with plenty of water.<\/p>\n<p><strong>Tip:<\/strong> If you take two tablets, please take one in the morning and one in the afternoon.[\/vc_column_text][\/vc_accordion_tab][vc_accordion_tab title=&#8221;INGREDIENTS&#8221; tab_id=&#8221;1570437963490-3-8&#8243;][vc_column_text]L-Ascorbic Acid (Vitamin C), Fillers: Hydroxypropyl Methylcellulose and Microcrystalline Cellulose; Separating Agent: Tricalcium Phosphate; Coating: Hydroxypropyl Methylcellulose, Talcum, Hydroxypropyl Cellulose, Colourants Magnesium Carbonate and Riboflavin, Triglyceride; Separating Agent: Calcium Salts of Fatty Acids (Plant-Based)[\/vc_column_text][vc_empty_space empty_h=&#8221;2&#8243;][vc_column_text]<strong>One depot tablet contains:<\/strong><br \/>\n500 mg vitamin C (625% NRV*)<\/p>\n<p><strong>Two depot tablets contain:<\/strong><br \/>\n1000 mg vitamin C (625% NRV*)[\/vc_column_text][vc_empty_space empty_h=&#8221;2&#8243;][vc_column_text]NRV* = % of the nutrient reference value in accordance with the EU Regulation on Food Information to Consumers[\/vc_column_text][\/vc_accordion_tab][vc_accordion_tab title=&#8221;IMPORTANT INFORMATION&#8221; tab_id=&#8221;1570437982549-4-7&#8243;][vc_column_text]Owing to the Health Claims Regulation EU No. 1924\/2006, we are not permitted to advertise the effects of our food products or dietary supplements. We therefore ask for your understanding that our customer service team are only able to answer any related questions to a limited degree. For detailed, health-related questions, in particular with regard to taking our products in conjunction with any medication, please consult your physician or pharmacist. In accordance with the applicable laws, these experts are permitted to provide you with healthcare-related and medical advice. We thank you for your understanding!<\/p>\n<p><strong>Dietary supplements are not a substitute for a balanced and varied diet and healthy lifestyle. The daily recommended intake must not be exceeded. Please store out of reach of children.<\/strong>[\/vc_column_text][\/vc_accordion_tab][\/vc_accordion][\/vc_column][\/vc_row][vc_row][vc_column width=&#8221;1\/1&#8243;][vc_custom_heading heading_semantic=&#8221;p&#8221; text_size=&#8221;h4&#8243;]Further products for your well-being[\/vc_custom_heading][uncode_index el_id=&#8221;index-194855&#8243; index_type=&#8221;carousel&#8221; loop=&#8221;size:5|order_by:title|order:ASC|post_type:product|by_id:932,676,1848,1855,695|taxonomy_count:10&#8243; carousel_lg=&#8221;5&#8243; carousel_md=&#8221;3&#8243; carousel_sm=&#8221;2&#8243; gutter_size=&#8221;3&#8243; product_items=&#8221;media|featured|onpost|original|hide-sale,title&#8221; carousel_interval=&#8221;3000&#8243; carousel_navspeed=&#8221;400&#8243; stage_padding=&#8221;0&#8243; single_overlay_opacity=&#8221;50&#8243; single_h_align=&#8221;center&#8221; single_padding=&#8221;2&#8243; single_border=&#8221;yes&#8221;][\/vc_column][\/vc_row]<\/p>\n<\/div>","protected":false},"excerpt":{"rendered":"<p><strong>PZN 16743631<\/strong><br \/>\nFolding carton with 120 depot tablets<\/p>\n<p><strong>Also available as<\/strong><br \/>\n<a href=\"https:\/\/www.avitale.de\/en\/product\/vitamin-c-500-60\/\">Folding carton with 60 depot tablets<\/a><\/p>\n<hr \/>\n<p>Dietary supplement with 500 mg vitamin C. Depot tablets with modified-release dosage.<\/p>\n<hr \/>\n<p><img decoding=\"async\" src=\"https:\/\/www.avitale.de\/wp-content\/uploads\/2020\/11\/icon-glutenfree.png\" alt=\"\" width=\"75\" height=\"75\" \/> <img decoding=\"async\" src=\"https:\/\/www.avitale.de\/wp-content\/uploads\/2020\/11\/icon-lactosefree.png\" alt=\"\" width=\"75\" height=\"75\" \/> <img decoding=\"async\" src=\"https:\/\/www.avitale.de\/wp-content\/uploads\/2020\/11\/logo-madeingermany-en.png\" alt=\"\" width=\"115\" height=\"75\" \/><\/p>\n","protected":false},"featured_media":51076,"template":"","meta":[],"product_brand":[],"product_cat":[252,273,275],"product_tag":[],"class_list":{"0":"post-2665","1":"product","2":"type-product","3":"status-publish","4":"has-post-thumbnail","6":"product_cat-dietary-supplements","7":"product_cat-immune-system-and-cell-protection","8":"product_cat-minerals-and-vitamins","9":"pa_eigenschaft-gluten-free","10":"pa_eigenschaft-lactose-free","12":"first","13":"instock","14":"shipping-taxable","15":"product-type-simple"},"_links":{"self":[{"href":"https:\/\/www.avitale.de\/en\/wp-json\/wp\/v2\/product\/2665","targetHints":{"allow":["GET"]}}],"collection":[{"href":"https:\/\/www.avitale.de\/en\/wp-json\/wp\/v2\/product"}],"about":[{"href":"https:\/\/www.avitale.de\/en\/wp-json\/wp\/v2\/types\/product"}],"wp:featuredmedia":[{"embeddable":true,"href":"https:\/\/www.avitale.de\/en\/wp-json\/wp\/v2\/media\/51076"}],"wp:attachment":[{"href":"https:\/\/www.avitale.de\/en\/wp-json\/wp\/v2\/media?parent=2665"}],"wp:term":[{"taxonomy":"product_brand","embeddable":true,"href":"https:\/\/www.avitale.de\/en\/wp-json\/wp\/v2\/product_brand?post=2665"},{"taxonomy":"product_cat","embeddable":true,"href":"https:\/\/www.avitale.de\/en\/wp-json\/wp\/v2\/product_cat?post=2665"},{"taxonomy":"product_tag","embeddable":true,"href":"https:\/\/www.avitale.de\/en\/wp-json\/wp\/v2\/product_tag?post=2665"}],"curies":[{"name":"wp","href":"https:\/\/api.w.org\/{rel}","templated":true}]}}