{"id":2641,"date":"2021-01-15T08:38:45","date_gmt":"2021-01-15T08:38:46","guid":{"rendered":"https:\/\/www.avitale.de\/?post_type=product&#038;p=2641"},"modified":"2021-02-02T13:32:42","modified_gmt":"2021-02-02T13:32:42","slug":"frankincense-450mg-120","status":"publish","type":"product","link":"https:\/\/www.avitale.de\/en\/product\/frankincense-450mg-120\/","title":{"rendered":"Frankincense 450 mg capsules"},"content":{"rendered":"<div class=\"wpb-content-wrapper\"><p>[vc_row row_height_percent=&#8221;0&#8243; overlay_alpha=&#8221;50&#8243; gutter_size=&#8221;3&#8243; column_width_percent=&#8221;100&#8243; shift_y=&#8221;0&#8243; z_index=&#8221;0&#8243; shape_dividers=&#8221;&#8221; el_class=&#8221;hide-content-en&#8221;][vc_column width=&#8221;1\/1&#8243;][vc_row_inner row_inner_height_percent=&#8221;0&#8243; overlay_alpha=&#8221;50&#8243; gutter_size=&#8221;3&#8243; shift_y=&#8221;0&#8243; z_index=&#8221;0&#8243;][vc_column_inner width=&#8221;1\/1&#8243;][vc_column_text]<strong>Pro Kapsel 450mg Weihrauchextrakt mit min. 70% Boswellias\u00e4uren<\/strong><\/p>\n<p>Der indische Weihrauchbaum (Boswellia serrata) geh\u00f6rt zu den Balsambaumgew\u00e4chsen. Er w\u00e4chst in den Bergregionen Indiens und braucht absolute Trockenheit. Der Baum wird auch Olibaum genannt, nach dem von ihm produzierten Olibanum (Weihrauch). Das k\u00f6rnige Harz wird aus den St\u00e4mmen der Boswellia-B\u00e4ume gewonnen. Hierzu wird die Rinde angeritzt, woraufhin der Baum ein Sekret ausscheidet, das sich nach einigen Tagen in Baumharz verwandelt. Dieses bleibt an der Rinde kleben, trocknet und h\u00e4rtet aus. Nach ungef\u00e4hr zwei Wochen wird es abgeschabt und selektiert.[\/vc_column_text][\/vc_column_inner][\/vc_row_inner][vc_row_inner][vc_column_inner width=&#8221;2\/3&#8243;][vc_column_text]Die luftgetrockneten Gummiharze setzen beim Verbrennen einen intensiven, kr\u00e4uterigen Duft frei. Sie werden in verschiedenen Religionen bei Kulthandlungen verwendet, da man mit ihnen ganzheitliches Wohlbefinden verbindet. Die Hauptbestandteile von indischem Weihrauch sind \u00e4therische \u00d6le, Schleimstoffe und Harzs\u00e4uren, auch Boswellias\u00e4uren genannt.[\/vc_column_text][vc_column_text]Avitale FRANKINCENSE capsules contain the premium frankincense extract BOSWELLIN<sup>\u00ae<\/sup>, which is obtained by gentle, careful extraction. This standardised extract is 100% natural, contains no preservatives and is highly pure. Each capsule contains 450 mg of a secure concentration of 70% of the vital Boswellic acids.[\/vc_column_text][\/vc_column_inner][vc_column_inner column_width_percent=&#8221;100&#8243; position_vertical=&#8221;middle&#8221; align_horizontal=&#8221;align_center&#8221; gutter_size=&#8221;3&#8243; overlay_alpha=&#8221;50&#8243; shift_x=&#8221;0&#8243; shift_y=&#8221;0&#8243; shift_y_down=&#8221;0&#8243; z_index=&#8221;0&#8243; medium_width=&#8221;0&#8243; mobile_width=&#8221;0&#8243; width=&#8221;1\/3&#8243;][vc_single_image media=&#8221;2644&#8243; media_width_percent=&#8221;100&#8243; alignment=&#8221;center&#8221;][vc_column_text text_lead=&#8221;small&#8221;]BOSWELLIN<sup>\u00ae<\/sup> is a registered trademark<br \/>\nof Sabinsa Europe GmbH[\/vc_column_text][\/vc_column_inner][\/vc_row_inner][vc_empty_space empty_h=&#8221;2&#8243;][\/vc_column][\/vc_row][vc_row][vc_column width=&#8221;1\/1&#8243;][vc_separator sep_color=&#8221;accent&#8221; icon=&#8221;fa fa-heart-o&#8221; icon_position=&#8221;left&#8221;][vc_column_text]<strong>PRODUCT QUALITY AT THE BEST PRICE A FOCUS ON CUSTOMERS AND EXPERTISE<\/strong><\/p>\n<p>Product safety and high-quality raw materials are our top priority. We want to serve our customers as a reliable and responsible partner. Experts regularly conduct detailed studies to ensure that the excellent standard of our product range remains constant. To maintain this high, consistent standard, we \u2013 among other things \u2013 manufacture our dietary supplement with a certified pharmaceutical company in Germany.[\/vc_column_text][vc_empty_space empty_h=&#8221;2&#8243;][vc_accordion][vc_accordion_tab gutter_size=&#8221;2&#8243; column_padding=&#8221;2&#8243; title=&#8221;RECOMMENDED INTAKE&#8221; tab_id=&#8221;1569249169-1-3715692492810021570435190394&#8243;][vc_column_text]Take one capsule daily with plenty of water either with or after a meal.<\/p>\n<p><strong>TIP:<\/strong> Frankincense extract is fat-soluble and can therefore be absorbed more effectively by the body when ingested with food that is rich in fat or lecithin, such as whole milk or soya milk.[\/vc_column_text][\/vc_accordion_tab][vc_accordion_tab title=&#8221;INGREDIENTS&#8221; tab_id=&#8221;1570437963490-3-8&#8243;][vc_column_text]Frankincense Extract, Cellulose (Capsule Shell), Separating Agent: Calcium Salts of Fatty Acids (Plant-Based)[\/vc_column_text][vc_empty_space empty_h=&#8221;2&#8243;][vc_column_text]<strong>One veggie capsule contains:<\/strong><\/p>\n<p>450 mg frankincense extract<br \/>\nof which at least 70% Boswellic acids[\/vc_column_text][\/vc_accordion_tab][vc_accordion_tab title=&#8221;IMPORTANT INFORMATION&#8221; tab_id=&#8221;1570437982549-4-7&#8243;][vc_column_text]Avitale FRANKINCENSE capsules may feature slight discolouration, but this does not have any impact on quality and is a natural phenomenon.[\/vc_column_text][vc_empty_space empty_h=&#8221;1&#8243;][vc_separator sep_color=&#8221;accent&#8221;][vc_empty_space empty_h=&#8221;1&#8243;][vc_column_text]Owing to the Health Claims Regulation EU No. 1924\/2006, we are not permitted to advertise the effects of our food products or dietary supplements. We therefore ask for your understanding that our customer service team are only able to answer any related questions to a limited degree. For detailed, health-related questions, in particular with regard to taking our products in conjunction with any medication, please consult your physician or pharmacist. In accordance with the applicable laws, these experts are permitted to provide you with healthcare-related and medical advice. We thank you for your understanding!<\/p>\n<p><strong>Dietary supplements are not a substitute for a balanced and varied diet and healthy lifestyle. The daily recommended intake must not be exceeded. Please store out of reach of children.<\/strong>[\/vc_column_text][\/vc_accordion_tab][\/vc_accordion][\/vc_column][\/vc_row][vc_row][vc_column width=&#8221;1\/1&#8243;][vc_custom_heading heading_semantic=&#8221;p&#8221; text_size=&#8221;h4&#8243;]Further products for your well-being[\/vc_custom_heading][uncode_index el_id=&#8221;index-194855&#8243; index_type=&#8221;carousel&#8221; loop=&#8221;size:5|order_by:title|order:ASC|post_type:product|by_id:2650,1848,938,932,1855|taxonomy_count:10&#8243; carousel_lg=&#8221;5&#8243; carousel_md=&#8221;3&#8243; carousel_sm=&#8221;2&#8243; gutter_size=&#8221;3&#8243; product_items=&#8221;media|featured|onpost|original|hide-sale,title&#8221; carousel_interval=&#8221;3000&#8243; carousel_navspeed=&#8221;400&#8243; stage_padding=&#8221;0&#8243; single_overlay_opacity=&#8221;50&#8243; single_h_align=&#8221;center&#8221; single_padding=&#8221;2&#8243; single_border=&#8221;yes&#8221;][\/vc_column][\/vc_row]<\/p>\n<\/div>","protected":false},"excerpt":{"rendered":"<p><strong>PZN 16855672<\/strong><br \/>\nFolding carton with 120 veggie capsules<\/p>\n<hr \/>\n<p>Dietary supplement with 450 mg of Indian frankincense extract containing at least 70% Boswellic acids<\/p>\n<hr \/>\n<p><img decoding=\"async\" src=\"https:\/\/www.avitale.de\/wp-content\/uploads\/2020\/11\/icon-glutenfree.png\" alt=\"\" width=\"75\" height=\"75\" \/> <img decoding=\"async\" src=\"https:\/\/www.avitale.de\/wp-content\/uploads\/2020\/11\/icon-lactosefree.png\" alt=\"\" width=\"75\" height=\"75\" \/> <img decoding=\"async\" src=\"https:\/\/www.avitale.de\/wp-content\/uploads\/2020\/11\/logo-madeingermany-en.png\" alt=\"\" width=\"115\" height=\"75\" \/><\/p>\n","protected":false},"featured_media":2643,"template":"","meta":[],"product_brand":[],"product_cat":[252,273,281,276],"product_tag":[],"class_list":{"0":"post-2641","1":"product","2":"type-product","3":"status-publish","4":"has-post-thumbnail","6":"product_cat-dietary-supplements","7":"product_cat-immune-system-and-cell-protection","8":"product_cat-metabolism","9":"product_cat-muscles-bones-mobility","10":"pa_eigenschaft-gluten-free","11":"pa_eigenschaft-lactose-free","13":"first","14":"instock","15":"shipping-taxable","16":"product-type-simple"},"_links":{"self":[{"href":"https:\/\/www.avitale.de\/en\/wp-json\/wp\/v2\/product\/2641","targetHints":{"allow":["GET"]}}],"collection":[{"href":"https:\/\/www.avitale.de\/en\/wp-json\/wp\/v2\/product"}],"about":[{"href":"https:\/\/www.avitale.de\/en\/wp-json\/wp\/v2\/types\/product"}],"wp:featuredmedia":[{"embeddable":true,"href":"https:\/\/www.avitale.de\/en\/wp-json\/wp\/v2\/media\/2643"}],"wp:attachment":[{"href":"https:\/\/www.avitale.de\/en\/wp-json\/wp\/v2\/media?parent=2641"}],"wp:term":[{"taxonomy":"product_brand","embeddable":true,"href":"https:\/\/www.avitale.de\/en\/wp-json\/wp\/v2\/product_brand?post=2641"},{"taxonomy":"product_cat","embeddable":true,"href":"https:\/\/www.avitale.de\/en\/wp-json\/wp\/v2\/product_cat?post=2641"},{"taxonomy":"product_tag","embeddable":true,"href":"https:\/\/www.avitale.de\/en\/wp-json\/wp\/v2\/product_tag?post=2641"}],"curies":[{"name":"wp","href":"https:\/\/api.w.org\/{rel}","templated":true}]}}