{"id":25397,"date":"2024-08-26T10:18:51","date_gmt":"2024-08-26T10:18:51","guid":{"rendered":"https:\/\/www.avitale.de\/produkt\/vitamin-d3-1000-i-e-direct-spray\/"},"modified":"2024-08-26T10:25:46","modified_gmt":"2024-08-26T10:25:46","slug":"vitamin-d3-1000-direct-spray","status":"publish","type":"product","link":"https:\/\/www.avitale.de\/en\/product\/vitamin-d3-1000-direct-spray\/","title":{"rendered":"Vitamin D3 1000 I.E. Direct Spray"},"content":{"rendered":"<div class=\"wpb-content-wrapper\"><p>[vc_row row_height_percent=&#8221;0&#8243; overlay_alpha=&#8221;50&#8243; gutter_size=&#8221;3&#8243; column_width_percent=&#8221;100&#8243; shift_y=&#8221;0&#8243; z_index=&#8221;0&#8243; el_class=&#8221;hide-content-en&#8221;][vc_column width=&#8221;1\/1&#8243;][vc_row_inner][vc_column_inner width=&#8221;2\/3&#8243;][vc_column_text uncode_shortcode_id=&#8221;206933&#8243;]Avitale Direkt-Spray Vitamin D3 mit feinem Orangen-Minzgeschmack wird einmal t\u00e4glich angewendet.<\/p>\n<p>Mit nur 1x spr\u00fchen nimmt man exakt 1000 I.E. des Sonnenvitamin D3 zu sich \u2013 bei einem Tagesbedarf von 2000 I.E. Vitamin D3 einfach 1x t\u00e4glich 2x spr\u00fchen!<\/p>\n<p><strong>Vitamin D &#8211; Das \u201eSonnen-Vitamin<\/strong><\/p>\n<p>Vitamin D ist an vielen Funktionen im K\u00f6rper beteiligt. Faktoren wie die geographische Lage und die Jahreszeit k\u00f6nnen die Vitamin-D-Produktion und -Aufnahme beeinflussen. Ein guter Vitamin D-Spiegel ist f\u00fcr das Wohlbefinden unverzichtbar.<\/p>\n<p><strong>Funktionen von Vitamin D3 im K\u00f6rper<\/strong><\/p>\n<p>Vitamin D tr\u00e4gt zu einer normalen Funktion des <strong>Immunsystems<\/strong> bei und hat eine Funktion bei der <strong>Zellteilung<\/strong>. Es unterst\u00fctzt die Erhaltung normaler <strong>Knochen<\/strong> und <strong>Muskelfunktionen<\/strong> und leistet einen Beitrag zur Erhaltung normaler <strong>Z\u00e4hne<\/strong>. Weiterhin tr\u00e4gt Vitamin D zu einer normalen Aufnahme bzw. Verwertung von Calcium und Phosphor bei und leistet einen Beitrag zu einem normalen Calciumspiegel im Blut.[\/vc_column_text][\/vc_column_inner][vc_column_inner width=&#8221;1\/3&#8243;][vc_single_image media=&#8221;25390&#8243; media_width_percent=&#8221;100&#8243; uncode_shortcode_id=&#8221;154579&#8243;][\/vc_column_inner][\/vc_row_inner][\/vc_column][\/vc_row][vc_row][vc_column width=&#8221;1\/1&#8243;][vc_separator sep_color=&#8221;accent&#8221; icon=&#8221;fa fa-heart-o&#8221; icon_position=&#8221;left&#8221;][vc_column_text]<strong>PRODUCT QUALITY AT THE BEST PRICE A FOCUS ON CUSTOMERS AND EXPERTISE<\/strong><\/p>\n<p>Product safety and high-quality raw materials are our top priority. We want to serve our customers as a reliable and responsible partner. Experts regularly conduct detailed studies to ensure that the excellent standard of our product range remains constant. To maintain this high, consistent standard, we \u2013 among other things \u2013 manufacture our dietary supplement with a certified pharmaceutical company in Germany.[\/vc_column_text][vc_empty_space empty_h=&#8221;2&#8243;][vc_accordion][vc_accordion_tab title=&#8221;RECOMMENDED INTAKE&#8221; tab_id=&#8221;1569249169-1-37156924928100215704351903941622625559529171938587883717246617141741724667125712&#8243;][vc_column_text uncode_shortcode_id=&#8221;142712&#8243;]Spray directly into the mouth 1 x daily for a dosage of 1000 I.E. vitamin D3. For a daily requirement of 2000 I.E. vitamin D3, spray directly into the mouth 2 x daily.<\/p>\n<p>Shake well before each use. Before the first use, press the pump a few times until the spray mist is even. Close with the cap after use. Rinse the pump if it becomes clogged.[\/vc_column_text][\/vc_accordion_tab][vc_accordion_tab title=&#8221;INGREDIENTS&#8221; tab_id=&#8221;1570437963490-3-81622625559529171938587883717246617141741724667125712&#8243;][vc_column_text uncode_shortcode_id=&#8221;124713&#8243;]Coconut Oil, Peppermint Oil, Orange Peel Oil, Vitamin D3 (Cholecalciferol)[\/vc_column_text][vc_empty_space empty_h=&#8221;2&#8243;][vc_column_text uncode_shortcode_id=&#8221;115963&#8243;]<strong>The daily allowance (1 spray) contains:<\/strong><\/p>\n<p>25 \u03bcg vitamin D3 = 1000 I.E. (500% NRV*)<br \/>\n2 sprays contain 50 \u03bcg vitamin D3 = 2000 I.E. (1000% NRV*)<\/p>\n<p>NRV* = % of the nutrient reference value in accordance with the EU Regulation on Food Information to Consumers[\/vc_column_text][\/vc_accordion_tab][vc_accordion_tab title=&#8221;IMPORTANT INFORMATION&#8221; tab_id=&#8221;1570437982549-4-71622625559529171938587883717246617141741724667125712&#8243;][vc_column_text uncode_shortcode_id=&#8221;174310&#8243;]Please do not use this product if you suffer from hypercalcemia (abnormally high calcium levels in the blood) and\/or hypercalciuria (abnormally high calcium levels in the urine). Please consult your physician before taking this product with coumarin-based anti-coagulants. When taking thiazide diuretics, this should be taken into account in terms of vitamin D dosage as it can lead to increased calcium levels.[\/vc_column_text][vc_empty_space empty_h=&#8221;1&#8243;][vc_separator sep_color=&#8221;accent&#8221;][vc_empty_space empty_h=&#8221;1&#8243;][vc_column_text]Owing to the Health Claims Regulation EU No. 1924\/2006, we are not permitted to advertise the effects of our food products or dietary supplements. We therefore ask for your understanding that our customer service team are only able to answer any related questions to a limited degree. For detailed, health-related questions, in particular with regard to taking our products in conjunction with any medication, please consult your physician or pharmacist. In accordance with the applicable laws, these experts are permitted to provide you with healthcare-related and medical advice. We thank you for your understanding!<\/p>\n<p><strong>Dietary supplements are not a substitute for a balanced and varied diet and healthy lifestyle. The daily recommended intake must not be exceeded. Please store out of reach of children.<\/strong>[\/vc_column_text][\/vc_accordion_tab][\/vc_accordion][\/vc_column][\/vc_row][vc_row][vc_column width=&#8221;1\/1&#8243;][vc_custom_heading heading_semantic=&#8221;p&#8221; text_size=&#8221;h4&#8243;]Further products for your well-being[\/vc_custom_heading][uncode_index el_id=&#8221;index-194855&#8243; index_type=&#8221;carousel&#8221; loop=&#8221;size:5|order_by:title|order:ASC|post_type:product|by_id:938,932,918,906,676&#8243; carousel_lg=&#8221;5&#8243; carousel_md=&#8221;3&#8243; carousel_sm=&#8221;2&#8243; gutter_size=&#8221;3&#8243; product_items=&#8221;media|featured|onpost|original|hide-sale,title&#8221; carousel_interval=&#8221;3000&#8243; carousel_navspeed=&#8221;400&#8243; stage_padding=&#8221;0&#8243; single_overlay_opacity=&#8221;50&#8243; single_h_align=&#8221;center&#8221; single_padding=&#8221;2&#8243; single_border=&#8221;yes&#8221;][\/vc_column][\/vc_row]<\/p>\n<\/div>","protected":false},"excerpt":{"rendered":"<p><strong>PZN 18432734<\/strong><br \/>\nSpray bottle with 50 ml direct spray<\/p>\n<p>Dietary supplement with 1000 I.E. vitamin D3<\/p>\n<hr \/>\n<p><img decoding=\"async\" src=\"https:\/\/www.avitale.de\/wp-content\/uploads\/2020\/11\/icon-glutenfree.png\" alt=\"\" width=\"75\" height=\"75\"> <img decoding=\"async\" src=\"https:\/\/www.avitale.de\/wp-content\/uploads\/2020\/11\/icon-lactosefree.png\" alt=\"\" width=\"75\" height=\"75\"> <img decoding=\"async\" src=\"https:\/\/www.avitale.de\/wp-content\/uploads\/2020\/11\/logo-madeingermany-en.png\" alt=\"\" width=\"115\" height=\"75\"><\/p>\n","protected":false},"featured_media":25393,"template":"","meta":[],"product_brand":[],"product_cat":[252,273,275,276,289],"product_tag":[],"class_list":{"0":"post-25397","1":"product","2":"type-product","3":"status-publish","4":"has-post-thumbnail","6":"product_cat-dietary-supplements","7":"product_cat-immune-system-and-cell-protection","8":"product_cat-minerals-and-vitamins","9":"product_cat-muscles-bones-mobility","10":"product_cat-new-products","12":"first","13":"instock","14":"shipping-taxable","15":"product-type-simple"},"_links":{"self":[{"href":"https:\/\/www.avitale.de\/en\/wp-json\/wp\/v2\/product\/25397","targetHints":{"allow":["GET"]}}],"collection":[{"href":"https:\/\/www.avitale.de\/en\/wp-json\/wp\/v2\/product"}],"about":[{"href":"https:\/\/www.avitale.de\/en\/wp-json\/wp\/v2\/types\/product"}],"wp:featuredmedia":[{"embeddable":true,"href":"https:\/\/www.avitale.de\/en\/wp-json\/wp\/v2\/media\/25393"}],"wp:attachment":[{"href":"https:\/\/www.avitale.de\/en\/wp-json\/wp\/v2\/media?parent=25397"}],"wp:term":[{"taxonomy":"product_brand","embeddable":true,"href":"https:\/\/www.avitale.de\/en\/wp-json\/wp\/v2\/product_brand?post=25397"},{"taxonomy":"product_cat","embeddable":true,"href":"https:\/\/www.avitale.de\/en\/wp-json\/wp\/v2\/product_cat?post=25397"},{"taxonomy":"product_tag","embeddable":true,"href":"https:\/\/www.avitale.de\/en\/wp-json\/wp\/v2\/product_tag?post=25397"}],"curies":[{"name":"wp","href":"https:\/\/api.w.org\/{rel}","templated":true}]}}