{"id":2476,"date":"2020-02-05T16:14:27","date_gmt":"2020-02-05T16:14:27","guid":{"rendered":"https:\/\/www.avitale.de\/?post_type=product&#038;p=2476"},"modified":"2026-02-27T10:00:15","modified_gmt":"2026-02-27T10:00:15","slug":"calcium-sonne-500-direct-30","status":"publish","type":"product","link":"https:\/\/www.avitale.de\/en\/product\/calcium-sonne-500-direct-30\/","title":{"rendered":"Calcium Sonne 500 Direct"},"content":{"rendered":"<div class=\"wpb-content-wrapper\"><p>[vc_row row_height_percent=&#8221;0&#8243; overlay_alpha=&#8221;50&#8243; gutter_size=&#8221;3&#8243; column_width_percent=&#8221;100&#8243; shift_y=&#8221;0&#8243; z_index=&#8221;0&#8243; el_class=&#8221;hide-content-en&#8221;][vc_column width=&#8221;1\/1&#8243;][vc_single_image media=&#8221;2974&#8243; media_width_percent=&#8221;100&#8243; uncode_shortcode_id=&#8221;165404&#8243;][vc_column_text]<strong>Zur Vorbereitung Ihrer Haut* auf die Sonne!<\/strong><\/p>\n<p>Avitale CALCIUM SONNE ist eine Nahrungserg\u00e4nzung mit 500 mg Calcium und 6 mg Beta-Carotin* plus Vitamin C, D3 und E. Portionssticks zur Direkteinnahme ohne Wasser mit leckerem Orangen-Geschmack.<\/p>\n<p>Beta-Carotin, auch als Provitamin A bekannt, wird im menschlichen Organismus teilweise zu Vitamin A umgewandelt. Es leistet im K\u00f6rper einen wichtigen Beitrag zur Erhaltung normaler Haut*. Daher ist es \u2013 in Kombination mit einem guten Sonnenschutzmittel \u2013 ideal, um die Haut auf die Sonne vorzubereiten. UV-Strahlen beg\u00fcnstigen die Bildung von freien Radikalen in der Haut.<\/p>\n<p>Avitale CALCIUM SONNE enth\u00e4lt Vitamin E, das die Zellen vor \u00e4u\u00dferlichem Stress durch freie Radikale sch\u00fctzt und Vitamin D als Unterst\u00fctzung der Zellteilung, welche wichtig zur normalen Hauterneuerung ist. Die Mineralstoff-Vitaminkombination ist ein wertvoller Beitrag f\u00fcr einen regelm\u00e4\u00dfigen Aufenthalt in der Sonne.<\/p>\n<p><strong>Oxidativer Stress<\/strong><\/p>\n<p>Freie Radikale, beg\u00fcnstigt durch UV-Strahlung, sind negativ f\u00fcr die Haut. Vitamin E tr\u00e4gt dazu bei, die Zellen vor oxidativem Stress zu sch\u00fctzen. Vitamin C tr\u00e4gt zus\u00e4tzlich zu einer normalen Funktion des Immunsystems bei.<\/p>\n<p><strong>Haut und Zellteilung<\/strong><\/p>\n<p>Vitamin C tr\u00e4gt zu einer normalen Kollagenbildung f\u00fcr eine normale Funktion der Haut bei. Calcium und Vitamin D3 haben eine Funktion bei der Zellteilung.[\/vc_column_text][\/vc_column][\/vc_row][vc_row][vc_column width=&#8221;1\/1&#8243;][vc_separator sep_color=&#8221;accent&#8221; icon=&#8221;fa fa-heart-o&#8221; icon_position=&#8221;left&#8221;][vc_column_text]<\/p>\n<p><strong>PRODUCT QUALITY AT THE BEST PRICE A FOCUS ON CUSTOMERS AND EXPERTISE<\/strong><\/p>\n<p>Product safety and high-quality raw materials are our top priority. We want to serve our customers as a reliable and responsible partner. Experts regularly conduct detailed studies to ensure that the excellent standard of our product range remains constant. To maintain this high, consistent standard, we \u2013 among other things \u2013 manufacture our dietary supplement with a certified pharmaceutical company in Germany.<\/p>\n<p>[\/vc_column_text][vc_empty_space empty_h=&#8221;2&#8243;][vc_accordion][vc_accordion_tab title=&#8221;RECOMMENDED INTAKE&#8221; tab_id=&#8221;1569249169-1-3715692492810021570435190394&#8243;][vc_column_text]Once daily, empty the content of one stick directly onto your tongue following a meal, allow it to dissolve slowly and then swallow it. We recommend beginning to take the supplement one month before spending time in the sun. It is still beneficial to take the supplement at times of the day when UV radiation is intense, as well as when visiting southern countries, in combination with the use of an effective sunscreen. <\/p>\n<p><strong>Tip:<\/strong> Beta-carotene and vitamins D3 and E are fat-soluble and are absorbed more effectively by the body when ingested with meals that are rich in fat.[\/vc_column_text][\/vc_accordion_tab][vc_accordion_tab title=&#8221;INGREDIENTS&#8221; tab_id=&#8221;1570437963490-3-8&#8243;][vc_column_text]Calcium Carbonate, Dextrose, L-Ascorbic Acid (Vitamin C), Beta-Carotene, DL-\u03b1-Tocopheryl Acetate (Vitamin E), Acidifier: Citric Acid; Orange Flavouring, Separating Agent: Magnesium Salts of Fatty Acids (Plant-Based); Cholecalciferol (Vitamin D3), Sweetener: Sucralose[\/vc_column_text][vc_empty_space empty_h=&#8221;2&#8243;][vc_column_text]<strong>One single-portion stick (daily allowance) contains:<\/strong><\/p>\n<p>500 mg calcium (62.5% NRV*)<br \/>\n120 mg vitamin C (150% NRV*)<br \/>\n18 mg vitamin E (150% NRV*)<br \/>\n6 mg beta-carotene \u2013 calculated as vitamin A (RE) 1000 \u03bcg (125% NRV*)<br \/>\n5 mcg vitamin D3 (100% NRV*)[\/vc_column_text][vc_empty_space empty_h=&#8221;2&#8243;][vc_column_text]NRV* = % of the nutrient reference value in accordance with the EU Regulation on Food Information to Consumers[\/vc_column_text][\/vc_accordion_tab][vc_accordion_tab title=&#8221;IMPORTANT INFORMATION&#8221; tab_id=&#8221;1570437982549-4-7&#8243;][vc_column_text]<\/p>\n<p>Owing to the Health Claims Regulation EU No. 1924\/2006, we are not permitted to advertise the effects of our food products or dietary supplements. We therefore ask for your understanding that our customer service team are only able to answer any related questions to a limited degree. For detailed, health-related questions, in particular with regard to taking our products in conjunction with any medication, please consult your physician or pharmacist. In accordance with the applicable laws, these experts are permitted to provide you with healthcare-related and medical advice. We thank you for your understanding!<\/p>\n<p><strong>Dietary supplements are not a substitute for a balanced and varied diet and healthy lifestyle. The daily recommended intake must not be exceeded. Please store out of reach of children.<\/strong><\/p>\n<p>[\/vc_column_text][\/vc_accordion_tab][\/vc_accordion][\/vc_column][\/vc_row][vc_row][vc_column width=&#8221;1\/1&#8243;][vc_custom_heading heading_semantic=&#8221;p&#8221; text_size=&#8221;h4&#8243;]Further products for your well-being[\/vc_custom_heading][uncode_index el_id=&#8221;index-194855&#8243; index_type=&#8221;carousel&#8221; loop=&#8221;size:5|order_by:title|order:ASC|post_type:product|by_id:938,930,790,788,676&#8243; carousel_lg=&#8221;5&#8243; carousel_md=&#8221;3&#8243; carousel_sm=&#8221;2&#8243; gutter_size=&#8221;3&#8243; product_items=&#8221;media|featured|onpost|original|hide-sale,title&#8221; carousel_interval=&#8221;3000&#8243; carousel_navspeed=&#8221;400&#8243; stage_padding=&#8221;0&#8243; single_overlay_opacity=&#8221;50&#8243; single_h_align=&#8221;center&#8221; single_padding=&#8221;2&#8243; single_border=&#8221;yes&#8221;][\/vc_column][\/vc_row]<\/p>\n<\/div>","protected":false},"excerpt":{"rendered":"<p><strong>PZN 16892213<\/strong><br \/>\nFolding carton with 30 sticks<\/p>\n<p><strong>Also available as<\/strong><br \/>\n<a href=\"https:\/\/www.avitale.de\/en\/product\/calcium-sonne-500-direct-60\/\">Folding carton with 60 sticks<\/a><br \/>\n<a href=\"https:\/\/www.avitale.de\/en\/product\/calcium-sonne-500-direct-60-kapseln\/\">Folding carton with 60 capsules<\/a><br \/>\n<a href=\"https:\/\/www.avitale.de\/en\/product\/calcium-sonne-500-direct-120-kapseln\/\">Folding carton with 120 capsules<\/a><\/p>\n<hr \/>\n<p>Dietary supplement with calcium as well as vitamins C, D3, E and beta-carotene. Contains sweetener.<\/p>\n<hr \/>\n<p><img decoding=\"async\" src=\"https:\/\/www.avitale.de\/wp-content\/uploads\/2020\/11\/icon-glutenfree.png\" alt=\"\" width=\"75\" height=\"75\" \/> <img decoding=\"async\" src=\"https:\/\/www.avitale.de\/wp-content\/uploads\/2020\/11\/icon-lactosefree.png\" alt=\"\" width=\"75\" height=\"75\" \/> <img decoding=\"async\" src=\"https:\/\/www.avitale.de\/wp-content\/uploads\/2020\/11\/logo-madeingermany-en.png\" alt=\"\" width=\"115\" height=\"75\" \/><\/p>\n","protected":false},"featured_media":51501,"template":"","meta":[],"product_brand":[],"product_cat":[254,252,275],"product_tag":[],"class_list":{"0":"post-2476","1":"product","2":"type-product","3":"status-publish","4":"has-post-thumbnail","6":"product_cat-bestseller-en","7":"product_cat-dietary-supplements","8":"product_cat-minerals-and-vitamins","9":"pa_eigenschaft-gluten-free","10":"pa_eigenschaft-lactose-free","11":"pa_eigenschaft-sugar-free","12":"pa_eigenschaft-vegan-en","14":"first","15":"instock","16":"shipping-taxable","17":"product-type-simple"},"_links":{"self":[{"href":"https:\/\/www.avitale.de\/en\/wp-json\/wp\/v2\/product\/2476","targetHints":{"allow":["GET"]}}],"collection":[{"href":"https:\/\/www.avitale.de\/en\/wp-json\/wp\/v2\/product"}],"about":[{"href":"https:\/\/www.avitale.de\/en\/wp-json\/wp\/v2\/types\/product"}],"wp:featuredmedia":[{"embeddable":true,"href":"https:\/\/www.avitale.de\/en\/wp-json\/wp\/v2\/media\/51501"}],"wp:attachment":[{"href":"https:\/\/www.avitale.de\/en\/wp-json\/wp\/v2\/media?parent=2476"}],"wp:term":[{"taxonomy":"product_brand","embeddable":true,"href":"https:\/\/www.avitale.de\/en\/wp-json\/wp\/v2\/product_brand?post=2476"},{"taxonomy":"product_cat","embeddable":true,"href":"https:\/\/www.avitale.de\/en\/wp-json\/wp\/v2\/product_cat?post=2476"},{"taxonomy":"product_tag","embeddable":true,"href":"https:\/\/www.avitale.de\/en\/wp-json\/wp\/v2\/product_tag?post=2476"}],"curies":[{"name":"wp","href":"https:\/\/api.w.org\/{rel}","templated":true}]}}