{"id":2464,"date":"2019-10-11T11:35:36","date_gmt":"2019-10-11T11:35:36","guid":{"rendered":"https:\/\/www.avitale.de\/produkt\/d-mannose-plus-60-en\/"},"modified":"2026-02-27T09:56:14","modified_gmt":"2026-02-27T09:56:14","slug":"d-mannose-plus-60-en","status":"publish","type":"product","link":"https:\/\/www.avitale.de\/en\/product\/d-mannose-plus-60-en\/","title":{"rendered":"D-Mannose Plus"},"content":{"rendered":"<div class=\"wpb-content-wrapper\"><p>[vc_row row_height_percent=&#8221;0&#8243; overlay_alpha=&#8221;50&#8243; gutter_size=&#8221;3&#8243; column_width_percent=&#8221;100&#8243; shift_y=&#8221;0&#8243; z_index=&#8221;0&#8243; el_class=&#8221;hide-content-en&#8221;][vc_column width=&#8221;1\/1&#8243;][vc_single_image media=&#8221;2849&#8243; media_width_percent=&#8221;100&#8243; uncode_shortcode_id=&#8221;197921&#8243;][vc_column_text]<\/p>\n<p><strong>Pro Tag 2000 mg D-Mannose kombiniert mit Niacin und Biotin zur F\u00f6rderung der Blasenschleimhaut*<\/strong><\/p>\n<p>D-Mannose ist eine in der Natur vorkommende Zuckerart, die mit Traubenzucker (Glucose) verwandt ist. Sie wird vom menschlichen K\u00f6rper in geringem Umfang selbst hergestellt, aber kaum verwertet. Avitale D-Mannose Plus enth\u00e4lt rein pflanzliche D-Mannose, gewonnen aus Mais. Sie wurde ausgewogen kombiniert mit wichtigen Vitaminen und Mineralstoffen f\u00fcr das Wohlbefinden von Frauen.<\/p>\n<p><strong>Unterst\u00fctzung der Blase*<\/strong><\/p>\n<p>Die Vitamine Niacin* und Biotin* tragen zur Erhaltung normaler Schleimh\u00e4ute bei und f\u00f6rdern damit auch die Blasenschleimhaut.<\/p>\n<p><strong>Immunsystem &amp; Abwehr<\/strong><\/p>\n<p>Vitamin C, Zink und Selen besitzen antioxidative Eigenschaften. Sie tragen zu einer normalen Funktion des Immunsystems bei und sch\u00fctzen die Zellen vor oxidativem Stress.<\/p>\n<p><strong>Energie<\/strong><\/p>\n<p>Niacin und Vitamin C tragen zur Verringerung von M\u00fcdigkeit und Erm\u00fcdung bei und f\u00f6rdern den normalen Energiestoffwechsel.<\/p>\n<p>Avitale D-Mannose Plus ist glutenfrei, lactosefrei und wird ohne Einsatz von Gentechnik hergestellt.<\/p>\n<p>Pro Tagesdosis sind 2.000mg D-Mannose enthalten.<\/p>\n<p>[\/vc_column_text][\/vc_column][\/vc_row][vc_row][vc_column width=&#8221;1\/1&#8243;][vc_separator sep_color=&#8221;accent&#8221; icon=&#8221;fa fa-heart-o&#8221; icon_position=&#8221;left&#8221;][vc_column_text]<\/p>\n<p><strong>PRODUCT QUALITY AT THE BEST PRICE A FOCUS ON CUSTOMERS AND EXPERTISE<\/strong><\/p>\n<p>Product safety and high-quality raw materials are our top priority. We want to serve our customers as a reliable and responsible partner. Experts regularly conduct detailed studies to ensure that the excellent standard of our product range remains constant. To maintain this high, consistent standard, we \u2013 among other things \u2013 manufacture our dietary supplement with a certified pharmaceutical company in Germany.<\/p>\n<p>[\/vc_column_text][vc_empty_space empty_h=&#8221;2&#8243;][vc_accordion][vc_accordion_tab title=&#8221;RECOMMENDED INTAKE&#8221; tab_id=&#8221;1569249169-1-3715692492810021570435190394&#8243;][vc_column_text]Take one tablet with sufficient water twice daily mornings and evenings. Try and avoid taking the tablet within approx. one hour of your meals.[\/vc_column_text][\/vc_accordion_tab][vc_accordion_tab title=&#8221;INGREDIENTS&#8221; tab_id=&#8221;1570437963490-3-8&#8243;][vc_column_text]<\/p>\n<p>D-Mannose, Filler: Microcrystalline Cellulose; L-Ascorbic Acid (Vitamin C), Orange Coating: Hydroxypropyl Cellulose, Hydroxypropyl Methylcellulose, Microcrystalline Cellulose, Stearic Acid, Rice Starch, Dicalcium Phosphate, Colourant: Red Iron Oxide; Separating Agent: Tricalcium Phosphate, Nicotinamide, Separating Agent: Magnesium Salts of Fatty Acids; D-Biotin, Sodium Selenate<\/p>\n<p>Avitale D-Mannose Plus tablets are gluten-free, lactose-free and GMO-free.<\/p>\n<p>[\/vc_column_text][vc_empty_space empty_h=&#8221;2&#8243;][vc_column_text]<\/p>\n<p><strong>Two tablets (daily allowance) contain<\/strong><\/p>\n<p>2,000 mg D-mannose<br \/>\n80 mg vitamin C (100% NRV*)<br \/>\n16 mg niacin (100% NRV*)<br \/>\n5 mg zinc (50% NRV*)<br \/>\n75 mcg biotin (150% NRV*)<br \/>\n27.5 mcg selenium (50% NRV*)<\/p>\n<p>[\/vc_column_text][vc_empty_space empty_h=&#8221;2&#8243;][vc_column_text]NRV* = % of the nutrient reference value in accordance with the EU Regulation on Food Information to Consumers[\/vc_column_text][\/vc_accordion_tab][vc_accordion_tab title=&#8221;IMPORTANT INFORMATION&#8221; tab_id=&#8221;1570437982549-4-7&#8243;][vc_column_text]<\/p>\n<p>Owing to the Health Claims Regulation EU No. 1924\/2006, we are not permitted to advertise the effects of our food products or dietary supplements. We therefore ask for your understanding that our customer service team are only able to answer any related questions to a limited degree. For detailed, health-related questions, in particular with regard to taking our products in conjunction with any medication, please consult your physician or pharmacist. In accordance with the applicable laws, these experts are permitted to provide you with healthcare-related and medical advice. We thank you for your understanding!<\/p>\n<p><strong>Dietary supplements are not a substitute for a balanced and varied diet and healthy lifestyle. The daily recommended intake must not be exceeded. Please store out of reach of children.<\/strong><\/p>\n<p>[\/vc_column_text][\/vc_accordion_tab][\/vc_accordion][\/vc_column][\/vc_row][vc_row][vc_column width=&#8221;1\/1&#8243;][vc_custom_heading heading_semantic=&#8221;p&#8221; text_size=&#8221;h4&#8243;]Further products for your well-being[\/vc_custom_heading][uncode_index el_id=&#8221;index-194855&#8243; index_type=&#8221;carousel&#8221; loop=&#8221;size:5|order_by:title|order:ASC|post_type:product|by_id:695,708,707,676,788&#8243; carousel_lg=&#8221;5&#8243; carousel_md=&#8221;3&#8243; carousel_sm=&#8221;2&#8243; gutter_size=&#8221;3&#8243; product_items=&#8221;media|featured|onpost|original|hide-sale,title&#8221; carousel_interval=&#8221;3000&#8243; carousel_navspeed=&#8221;400&#8243; stage_padding=&#8221;0&#8243; single_overlay_opacity=&#8221;50&#8243; single_h_align=&#8221;center&#8221; single_padding=&#8221;2&#8243; single_border=&#8221;yes&#8221;][\/vc_column][\/vc_row]<\/p>\n<\/div>","protected":false},"excerpt":{"rendered":"<p><strong>PZN 15743818<\/strong><br \/>\nPack with 60 tablets<\/p>\n<p><strong>Also available as<\/strong><br \/>\n<a href=\"https:\/\/www.avitale.de\/en\/product\/d-mannose-plus-120-en\/\">Pack with 120 tablets<\/a><br \/>\n<a href=\"https:\/\/www.avitale.de\/en\/product\/d-mannose-plus-15-en\/\">Folding carton with 15 sticks<\/a><br \/>\n<a href=\"https:\/\/www.avitale.de\/en\/product\/d-mannose-plus-30-en\/\">Folding carton with 30 sticks<\/a><br \/>\n<a href=\"https:\/\/www.avitale.de\/en\/product\/d-mannose-plus-60-sticks-en\/\">Folding carton with 60 sticks<\/a><br \/>\n<a href=\"https:\/\/www.avitale.de\/en\/product\/d-mannose-plus-100-en\/\">Tin with 100 g powder<\/a><br \/>\n<a href=\"https:\/\/www.avitale.de\/en\/product\/d-mannose-plus-250-en\/\">Tin with 250 g powder<\/a><\/p>\n<hr \/>\n<p>Dietary supplement with purely plant-based D-mannose, vitamin C, zinc, selenium, biotin and niacin.<\/p>\n<hr \/>\n<p><img decoding=\"async\" src=\"https:\/\/www.avitale.de\/wp-content\/uploads\/2020\/11\/icon-glutenfree.png\" alt=\"\" width=\"75\" height=\"75\" \/> <img decoding=\"async\" src=\"https:\/\/www.avitale.de\/wp-content\/uploads\/2020\/11\/icon-lactosefree.png\" alt=\"\" width=\"75\" height=\"75\" \/> <img decoding=\"async\" src=\"https:\/\/www.avitale.de\/wp-content\/uploads\/2020\/11\/icon-vegan-en.png\" alt=\"\" width=\"75\" height=\"75\" \/> <img decoding=\"async\" src=\"https:\/\/www.avitale.de\/wp-content\/uploads\/2020\/11\/icon-sugarfree.png\" alt=\"\" width=\"75\" height=\"75\" \/> <img decoding=\"async\" src=\"https:\/\/www.avitale.de\/wp-content\/uploads\/2020\/11\/logo-madeingermany-en.png\" alt=\"\" width=\"115\" height=\"75\" \/><\/p>\n","protected":false},"featured_media":2465,"template":"","meta":[],"product_brand":[],"product_cat":[252,279,271],"product_tag":[],"class_list":{"0":"post-2464","1":"product","2":"type-product","3":"status-publish","4":"has-post-thumbnail","6":"product_cat-dietary-supplements","7":"product_cat-products-for-women","8":"product_cat-urinary-tract-bladder-prostate-dietary","9":"pa_eigenschaft-gluten-free","10":"pa_eigenschaft-lactose-free","11":"pa_eigenschaft-sugar-free","12":"pa_eigenschaft-vegan-en","14":"first","15":"instock","16":"shipping-taxable","17":"product-type-simple"},"_links":{"self":[{"href":"https:\/\/www.avitale.de\/en\/wp-json\/wp\/v2\/product\/2464","targetHints":{"allow":["GET"]}}],"collection":[{"href":"https:\/\/www.avitale.de\/en\/wp-json\/wp\/v2\/product"}],"about":[{"href":"https:\/\/www.avitale.de\/en\/wp-json\/wp\/v2\/types\/product"}],"wp:featuredmedia":[{"embeddable":true,"href":"https:\/\/www.avitale.de\/en\/wp-json\/wp\/v2\/media\/2465"}],"wp:attachment":[{"href":"https:\/\/www.avitale.de\/en\/wp-json\/wp\/v2\/media?parent=2464"}],"wp:term":[{"taxonomy":"product_brand","embeddable":true,"href":"https:\/\/www.avitale.de\/en\/wp-json\/wp\/v2\/product_brand?post=2464"},{"taxonomy":"product_cat","embeddable":true,"href":"https:\/\/www.avitale.de\/en\/wp-json\/wp\/v2\/product_cat?post=2464"},{"taxonomy":"product_tag","embeddable":true,"href":"https:\/\/www.avitale.de\/en\/wp-json\/wp\/v2\/product_tag?post=2464"}],"curies":[{"name":"wp","href":"https:\/\/api.w.org\/{rel}","templated":true}]}}