{"id":2440,"date":"2019-10-11T09:29:28","date_gmt":"2019-10-11T09:29:28","guid":{"rendered":"https:\/\/www.avitale.de\/produkt\/gut-flora-active-plus-with-100-billion-lactic-acid-bacteria-and-bifidobacteria-80\/"},"modified":"2026-02-27T12:42:49","modified_gmt":"2026-02-27T12:42:49","slug":"gut-flora-active-plus-with-100-billion-lactic-acid-bacteria-and-bifidobacteria-80","status":"publish","type":"product","link":"https:\/\/www.avitale.de\/en\/product\/gut-flora-active-plus-with-100-billion-lactic-acid-bacteria-and-bifidobacteria-80\/","title":{"rendered":"Gut Flora Active Plus with 100 Billion Lactic Acid Bacteria and Bifidobacteria"},"content":{"rendered":"<div class=\"wpb-content-wrapper\"><p>[vc_row row_height_percent=&#8221;0&#8243; overlay_alpha=&#8221;50&#8243; gutter_size=&#8221;3&#8243; column_width_percent=&#8221;100&#8243; shift_y=&#8221;0&#8243; z_index=&#8221;0&#8243; el_class=&#8221;hide-content-en&#8221;][vc_column width=&#8221;1\/1&#8243;][vc_row_inner][vc_column_inner column_width_percent=&#8221;100&#8243; position_vertical=&#8221;middle&#8221; gutter_size=&#8221;3&#8243; overlay_alpha=&#8221;50&#8243; shift_x=&#8221;0&#8243; shift_y=&#8221;0&#8243; shift_y_down=&#8221;0&#8243; z_index=&#8221;0&#8243; medium_width=&#8221;0&#8243; mobile_width=&#8221;0&#8243; width=&#8221;1\/2&#8243;][vc_column_text]Avitale Darmflora Aktiv Plus Kapseln enthalten 10 verschiedene, lebende Bakterienkulturen mit mindestens 100 Milliarden keimbildenden Einheiten pro Gramm, die sich auch im menschlichen Dick- bzw. D\u00fcnndarm finden. Sie sind mit 7 wertvollen Vitaminen kombiniert.<\/p>\n<p>Niacin, Biotin und Vitamin B2 tragen zur Erhaltung normaler Schleimh\u00e4ute bei und f\u00f6rdern damit auch die gesunde Darmschleimhaut. Biotin unterst\u00fctzt zus\u00e4tzlich den Stoffwechsel von Makron\u00e4hrstoffen. Vitamin B6 ist hilfreich f\u00fcr den Eiwei\u00df- und Glycogenstoffwechsel.<\/p>\n<p>Fols\u00e4ure ist ein essenzielles Vitamin, das der K\u00f6rper nicht selbst produzieren kann. Fols\u00e4ure tr\u00e4gt zur Blutbildung bei, hat eine wesentliche Funktion bei der Zellteilung und f\u00f6rdert das Immunsystem.<\/p>\n<p>Die Vitamine B2 und B6 leisten einen Beitrag zur normalen Bildung roter Blutk\u00f6rperchen.[\/vc_column_text][\/vc_column_inner][vc_column_inner column_width_percent=&#8221;100&#8243; position_vertical=&#8221;middle&#8221; gutter_size=&#8221;3&#8243; overlay_alpha=&#8221;50&#8243; shift_x=&#8221;0&#8243; shift_y=&#8221;0&#8243; shift_y_down=&#8221;0&#8243; z_index=&#8221;0&#8243; medium_width=&#8221;0&#8243; mobile_width=&#8221;0&#8243; width=&#8221;1\/2&#8243;][vc_single_image media=&#8221;50978&#8243; media_width_percent=&#8221;70&#8243; alignment=&#8221;center&#8221;][\/vc_column_inner][\/vc_row_inner][\/vc_column][\/vc_row][vc_row][vc_column width=&#8221;1\/1&#8243;][vc_separator sep_color=&#8221;accent&#8221; icon=&#8221;fa fa-heart-o&#8221; icon_position=&#8221;left&#8221;][vc_column_text]<\/p>\n<p><strong>PRODUCT QUALITY AT THE BEST PRICE A FOCUS ON CUSTOMERS AND EXPERTISE<\/strong><\/p>\n<p>Product safety and high-quality raw materials are our top priority. We want to serve our customers as a reliable and responsible partner. Experts regularly conduct detailed studies to ensure that the excellent standard of our product range remains constant. To maintain this high, consistent standard, we \u2013 among other things \u2013 manufacture our dietary supplement with a certified pharmaceutical company in Germany.<\/p>\n<p>[\/vc_column_text][vc_empty_space empty_h=&#8221;2&#8243;][vc_accordion][vc_accordion_tab title=&#8221;RECOMMENDED INTAKE&#8221; tab_id=&#8221;1569249169-1-3715692492810021570435190394&#8243;][vc_column_text]<\/p>\n<p>Take two capsules twice daily with water at mealtimes.<\/p>\n<p>When taking a course of antibiotics, please wait two to three hours before and after taking the antibiotics before ingesting Avitale Gut Flora Active Plus capsules. We recommend also continuing taking Avitale Gut Flora Active Plus after completing a course of antibiotics.<\/p>\n<p>For long-term use, take one capsule twice daily.<\/p>\n<p>[\/vc_column_text][\/vc_accordion_tab][vc_accordion_tab title=&#8221;INGREDIENTS&#8221; tab_id=&#8221;1570437963490-3-8&#8243;][vc_column_text uncode_shortcode_id=&#8221;213876&#8243;]Capsule Shell: Hypromellose, Gellan; Lactobacillus acidophilus, Lactobacillus brevis, Lactobacillus fermentum, Lactobacillus paracasei, Lactobacillus plantarum, Lactobacillus rhamnosus, Bifidobacterium animalis ssp. lactis, Bifidobacterium bifidum, Bifidobacterium infantis, Bifidobacterium longum, Separating Agent: Silicon Dioxide, Tricalcium Phosphate, Magnesium Salts of Fatty Acids (Plant-Based); Nicotinamide, Retinyl Acetate, Riboflavin-5-Phosphate, Pyridoxine Hydrochloride, Thiamine Hydrochloride, Pteroylmonoglutamic Acid, D-Biotin[\/vc_column_text][vc_empty_space empty_h=&#8221;2&#8243;][vc_column_text]<\/p>\n<p><strong>Content per capsule<\/strong><\/p>\n<p>25 billion CFU gut bacteria blend**<br \/>\n3 mg niacin (18.75% NRV***)<br \/>\n100 mcg vitamin A (12.5% NRV***)<br \/>\n0.44 mg vitamin B2 (31.42% NRV***)<br \/>\n0.44 mg vitamin B6 (31.42% NRV***)<br \/>\n0.354 mg vitamin B1 (32.27% NRV***)<br \/>\n50 mcg folic acid (25% NRV***)<br \/>\n12.5 mcg biotin (25% NRV***)<\/p>\n<p>[\/vc_column_text][vc_empty_space empty_h=&#8221;2&#8243;][vc_column_text]<\/p>\n<p>NRV*** = % of the nutrient reference value in accordance with the EU Regulation on Food Information to Consumers<\/p>\n<p>Gut bacteria blend** = blend of 10 colony-forming bacteria strains: at least 100 billion units per gram<\/p>\n<p>Please store in a dry place and below 25 degrees Celsius.<\/p>\n<p>[\/vc_column_text][\/vc_accordion_tab][vc_accordion_tab title=&#8221;IMPORTANT INFORMATION&#8221; tab_id=&#8221;1570437982549-4-7&#8243;][vc_column_text]<\/p>\n<p>Owing to the Health Claims Regulation EU No. 1924\/2006, we are not permitted to advertise the effects of our food products or dietary supplements. We therefore ask for your understanding that our customer service team are only able to answer any related questions to a limited degree. For detailed, health-related questions, in particular with regard to taking our products in conjunction with any medication, please consult your physician or pharmacist. In accordance with the applicable laws, these experts are permitted to provide you with healthcare-related and medical advice. We thank you for your understanding!<\/p>\n<p><strong>Dietary supplements are not a substitute for a balanced and varied diet and healthy lifestyle. The daily recommended intake must not be exceeded. Please store out of reach of children.<\/strong><\/p>\n<p>[\/vc_column_text][\/vc_accordion_tab][\/vc_accordion][\/vc_column][\/vc_row][vc_row][vc_column width=&#8221;1\/1&#8243;][vc_custom_heading heading_semantic=&#8221;p&#8221; text_size=&#8221;h4&#8243;]Further products for your well-being[\/vc_custom_heading][uncode_index el_id=&#8221;index-194855&#8243; index_type=&#8221;carousel&#8221; loop=&#8221;size:5|order_by:title|order:ASC|post_type:product|by_id:656,923,921,874,913&#8243; carousel_lg=&#8221;5&#8243; carousel_md=&#8221;3&#8243; carousel_sm=&#8221;2&#8243; gutter_size=&#8221;3&#8243; product_items=&#8221;media|featured|onpost|original|hide-sale,title&#8221; carousel_interval=&#8221;3000&#8243; carousel_navspeed=&#8221;400&#8243; stage_padding=&#8221;0&#8243; single_overlay_opacity=&#8221;50&#8243; single_h_align=&#8221;center&#8221; single_padding=&#8221;2&#8243; single_border=&#8221;yes&#8221;][\/vc_column][\/vc_row]<\/p>\n<\/div>","protected":false},"excerpt":{"rendered":"<p><strong>PZN 14025392<\/strong><br \/>\nFolding carton with 80 capsules<\/p>\n<p><strong>Also available as<\/strong><br \/>\n<a href=\"https:\/\/www.avitale.de\/en\/product\/gut-flora-active-plus-with-100-billion-lactic-acid-bacteria-and-bifidobacteria-40\/\">Folding carton with 40 capsules<\/a><\/p>\n<hr \/>\n<p>Dietary supplement with 100 billion lactic acid bacteria and bifidobacteria per day from 10 selected bacteria cultures and vitamins A, B1, B2 and B6, biotin, folic acid and niacin.<\/p>\n<hr \/>\n<p><img decoding=\"async\" src=\"https:\/\/www.avitale.de\/wp-content\/uploads\/2020\/11\/icon-glutenfree.png\" alt=\"\" width=\"75\" height=\"75\" \/> <img decoding=\"async\" src=\"https:\/\/www.avitale.de\/wp-content\/uploads\/2020\/11\/logo-madeingermany-en.png\" alt=\"\" width=\"115\" height=\"75\" \/><\/p>\n","protected":false},"featured_media":729,"template":"","meta":[],"product_brand":[],"product_cat":[252,274],"product_tag":[],"class_list":{"0":"post-2440","1":"product","2":"type-product","3":"status-publish","4":"has-post-thumbnail","6":"product_cat-dietary-supplements","7":"product_cat-stomach-and-digestion","8":"pa_eigenschaft-gluten-free","10":"first","11":"instock","12":"shipping-taxable","13":"product-type-simple"},"_links":{"self":[{"href":"https:\/\/www.avitale.de\/en\/wp-json\/wp\/v2\/product\/2440","targetHints":{"allow":["GET"]}}],"collection":[{"href":"https:\/\/www.avitale.de\/en\/wp-json\/wp\/v2\/product"}],"about":[{"href":"https:\/\/www.avitale.de\/en\/wp-json\/wp\/v2\/types\/product"}],"wp:featuredmedia":[{"embeddable":true,"href":"https:\/\/www.avitale.de\/en\/wp-json\/wp\/v2\/media\/729"}],"wp:attachment":[{"href":"https:\/\/www.avitale.de\/en\/wp-json\/wp\/v2\/media?parent=2440"}],"wp:term":[{"taxonomy":"product_brand","embeddable":true,"href":"https:\/\/www.avitale.de\/en\/wp-json\/wp\/v2\/product_brand?post=2440"},{"taxonomy":"product_cat","embeddable":true,"href":"https:\/\/www.avitale.de\/en\/wp-json\/wp\/v2\/product_cat?post=2440"},{"taxonomy":"product_tag","embeddable":true,"href":"https:\/\/www.avitale.de\/en\/wp-json\/wp\/v2\/product_tag?post=2440"}],"curies":[{"name":"wp","href":"https:\/\/api.w.org\/{rel}","templated":true}]}}