{"id":2418,"date":"2019-10-14T11:13:25","date_gmt":"2019-10-14T11:13:25","guid":{"rendered":"https:\/\/www.avitale.de\/produkt\/joint-food-with-micronutrient-formula-for-joints-bones-cartilage-and-muscles\/"},"modified":"2026-02-18T08:40:49","modified_gmt":"2026-02-18T08:40:49","slug":"joint-food-with-micronutrient-formula-for-joints-bones-cartilage-and-muscles","status":"publish","type":"product","link":"https:\/\/www.avitale.de\/en\/product\/joint-food-with-micronutrient-formula-for-joints-bones-cartilage-and-muscles\/","title":{"rendered":"Joint Food with Micronutrient Formula for Joints, Bones, Cartilage and Muscles"},"content":{"rendered":"<div class=\"wpb-content-wrapper\"><p>[vc_row row_height_percent=&#8221;0&#8243; overlay_alpha=&#8221;50&#8243; gutter_size=&#8221;3&#8243; column_width_percent=&#8221;100&#8243; shift_y=&#8221;0&#8243; z_index=&#8221;0&#8243; shape_dividers=&#8221;&#8221; el_class=&#8221;hide-content-en&#8221;][vc_column width=&#8221;1\/1&#8243;][vc_row_inner][vc_column_inner column_width_percent=&#8221;100&#8243; position_vertical=&#8221;middle&#8221; gutter_size=&#8221;3&#8243; overlay_alpha=&#8221;50&#8243; shift_x=&#8221;0&#8243; shift_y=&#8221;0&#8243; shift_y_down=&#8221;0&#8243; z_index=&#8221;0&#8243; medium_width=&#8221;0&#8243; mobile_width=&#8221;0&#8243; width=&#8221;1\/2&#8243;][vc_column_text]Avitale Gelenknahrung Trinkgranulat enth\u00e4lt neben Hyalurons\u00e4ure und Kollagenhydrolysat die Stoffe Glucosaminsulfat und Chondroitinsulfat sowie eine abgestimmte Mikron\u00e4hrstoff-Formel f\u00fcr Gelenke, Knochen, Knorpel und Muskeln mit 13 Vitaminen, 7 Mineralstoffen und dem Extrakt Bioperine\u00ae aus schwarzem Pfeffer.<\/p>\n<p><strong>F\u00fcr den Erhalt eines funktionierenden Bewegungsapparates<\/strong><\/p>\n<p>Ein funktionierender Bewegungsapparat und damit der Erhalt der Beweglichkeit kann gezielt durch eine ausgewogene Ern\u00e4hrung unterst\u00fctzt werden.<\/p>\n<p>Avitale Gelenknahrung enth\u00e4lt die nachfolgenden ausgesuchten Mikron\u00e4hrstoffe, um die Knochen, Knorpel, Bindegewebe und Muskeln mit Vitaminen und Mineralstoffen zu versorgen und ihre Funktionsf\u00e4higkeit zu erhalten.[\/vc_column_text][\/vc_column_inner][vc_column_inner column_width_percent=&#8221;100&#8243; position_vertical=&#8221;middle&#8221; gutter_size=&#8221;3&#8243; overlay_alpha=&#8221;50&#8243; shift_x=&#8221;0&#8243; shift_y=&#8221;0&#8243; shift_y_down=&#8221;0&#8243; z_index=&#8221;0&#8243; medium_width=&#8221;0&#8243; mobile_width=&#8221;0&#8243; width=&#8221;1\/2&#8243;][vc_single_image media=&#8221;51422&#8243; media_width_percent=&#8221;70&#8243; alignment=&#8221;center&#8221;][\/vc_column_inner][\/vc_row_inner][vc_column_text]<strong>Knochen<\/strong><\/p>\n<p>Die Mineralstoffe Calcium, Magnesium, Mangan und Zink unterst\u00fctzen den Erhalt normaler Knochen. Auch Vitamin D und Vitamin K leisten hierzu einen Beitrag.<\/p>\n<p><strong>Knorpel<\/strong><\/p>\n<p>Vitamin C unterst\u00fctzt die Kollagenbildung f\u00fcr eine normale Gelenkknorpelfunktion und leistet damit auch einen Beitrag zum Erhalt einer normalen Funktion der Knochen.<\/p>\n<p><strong>Bindegewebe<\/strong><\/p>\n<p>Mangan ist n\u00fctzlich f\u00fcr die Bindegewebsbildung und Kupfer unterst\u00fctzt die Erhaltung von normalem Bindegewebe.<\/p>\n<p><strong>Muskeln<\/strong><\/p>\n<p>Magnesium und Calcium tragen zur normalen Muskelfunktion bei.<\/p>\n<p><strong>Energie \u2022 Stoffwechsel <\/strong><\/p>\n<p>Die Vitamine B1, B2, B3 (Niacin), B5 (Pantothens\u00e4ure), B6 und B12 sowie Biotin und Vitamin C tragen zusammen mit den Mineralstoffen Calcium, Kupfer, Mangan und Magnesium zu einem normalen Energiestoffwechsel bei.<\/p>\n<p><strong>Oxidativer Stress \u2022 \u00dcbers\u00e4uerung<\/strong><\/p>\n<p>Die Vitamine B2, C und E sowie die Mineralstoffe Kupfer, Mangan, Selen und Zink tragen dazu bei, die Zellen vor oxidativem Stress zu sch\u00fctzen. Zink leistet au\u00dferdem einen Beitrag zum S\u00e4ure-Basen-Stoffwechsel.[\/vc_column_text][\/vc_column][\/vc_row][vc_row][vc_column width=&#8221;1\/1&#8243;][vc_separator sep_color=&#8221;accent&#8221; icon=&#8221;fa fa-heart-o&#8221; icon_position=&#8221;left&#8221;][vc_column_text]<\/p>\n<p><strong>PRODUCT QUALITY AT THE BEST PRICE A FOCUS ON CUSTOMERS AND EXPERTISE<\/strong><\/p>\n<p>Product safety and high-quality raw materials are our top priority. We want to serve our customers as a reliable and responsible partner. Experts regularly conduct detailed studies to ensure that the excellent standard of our product range remains constant. To maintain this high, consistent standard, we \u2013 among other things \u2013 manufacture our dietary supplement with a certified pharmaceutical company in Germany.<\/p>\n<p>[\/vc_column_text][vc_empty_space empty_h=&#8221;2&#8243;][vc_accordion][vc_accordion_tab title=&#8221;RECOMMENDED INTAKE&#8221; tab_id=&#8221;1571039507949-2-8&#8243;][vc_column_text]As a supplement to your regular diet, take once daily by stirring the content of a single-portion sachet (= daily allowance) into a glass of water or fruit juice (approx. 150 to 200 ml) and drinking it after a meal.[\/vc_column_text][\/vc_accordion_tab][vc_accordion_tab title=&#8221;INGREDIENTS&#8221; tab_id=&#8221;1570437963490-3-8&#8243;][vc_column_text]<\/p>\n<p>Maltodextrin, Collagen Hydrolysate, Calcium Carbonate, GLUCOSAMINE SULPHATE POTASSIUM SALT (from Shellfish), Acidifier: Citric Acid; Chondroitin Sulphate Sodium, Magnesium Oxide, L-Ascorbic Acid, Separating Agent: Tricalcium Phosphate; DL-Alpha-Tocopheryl Acetate, Flavouring: Orange and Grapefruit Flavouring; Citrus Bioflavonoids, Beetroot Powder, Hyaluronic Acid Sodium, Zinc Citrate-3-Hydrate, Calcium-D-Pantothenate, Sweetener: Sucralose; Cyanocobalamin, Separating Agent: Magnesium Salts of Fatty Acids (Plant-Based); Nicotinamide, Cholecalciferol, Riboflavin-5-Phosphate, Retinyl Acetate, Copper Gluconate, Pyridoxine Hydrochloride, Manganese-II-Sulphate, Black Pepper Extract (Bioperine\u00ae), Thiamine Hydrochloride, Phytonadione, Pteroylmonoglutamic Acid, Sodium Selenate, Biotin, Sodium Molybdate<\/p>\n<p>Contains sweetener.<\/p>\n<p>[\/vc_column_text][vc_empty_space empty_h=&#8221;2&#8243;][vc_row_inner][vc_column_inner width=&#8221;1\/3&#8243;][vc_column_text]<\/p>\n<p><strong>One single-portion sachet (15g) contains<\/strong><\/p>\n<p>3,000 mg collagen hydrolysate<br \/>\n750 mg glucosamine sulphate<br \/>\n450 mg chondroitin sulphate<br \/>\n65 mg hyaluronic acid<br \/>\n60 mg bioflavonoids<br \/>\n3 mg black pepper extract (BioPerine\u00ae)<\/p>\n<p>[\/vc_column_text][\/vc_column_inner][vc_column_inner width=&#8221;1\/3&#8243;][vc_column_text]<\/p>\n<p><strong>Minerals<\/strong><\/p>\n<p>500 mg calcium (62.5% NRV*)<br \/>\n250 mg magnesium (66.7% NRV*)<br \/>\n10 mg zinc (100% NRV*)<br \/>\n1.6 mg manganese (80% NRV*)<br \/>\n800 mcg copper (80% NRV*)<br \/>\n75 mcg selenium (136.4% NRV*)<br \/>\n65 mcg molybdate (130% NRV*)<\/p>\n<p>[\/vc_column_text][\/vc_column_inner][vc_column_inner width=&#8221;1\/3&#8243;][vc_column_text]<\/p>\n<p><strong>Vitamins<\/strong><\/p>\n<p>280 mg vitamin C (350% NRV*)<br \/>\n36 mg vitamin E (300% NRV*)<br \/>\n12 mg vitamin B5 (200% NRV*)<br \/>\n8 mg vitamin B3 (50% NRV*)<br \/>\n4.2 mg vitamin B2 (300% NRV*)<br \/>\n4.2 mg vitamin B6 (300% NRV*)<br \/>\n2.2 mg vitamin B1 (200% NRV*)<br \/>\n600 mcg folic acid (300% NRV*)<br \/>\n480 mcg vitamin A (60 NRV*)<br \/>\n150 mcg biotin (300% NRV*)<br \/>\n90 mcg vitamin K1 (120% NRV*)<br \/>\n20 mcg vitamin D3 (400% NRV*)<br \/>\n9.5 mcg vitamin B12 (380% NRV*)<\/p>\n<p>[\/vc_column_text][\/vc_column_inner][\/vc_row_inner][vc_empty_space empty_h=&#8221;2&#8243;][vc_column_text]NRV* = % of the nutrient reference value in accordance with the EU Regulation on Food Information to Consumers[\/vc_column_text][\/vc_accordion_tab][vc_accordion_tab title=&#8221;IMPORTANT INFORMATION&#8221; tab_id=&#8221;1570437982549-4-7&#8243;][vc_column_text]<\/p>\n<p>Patients taking coumarin anticoagulants, diabetics and people with limited glucose tolerance should consult their physician before taking these products. Anyone prone to kidney stones or suffering from kidney disease should consult their physician before taking this product. Please do not use this product if you suffer from hypercalcemia (abnormally high calcium levels in the blood) and\/or hypercalciuria (abnormally high calcium levels in the urine).<\/p>\n<p><strong>Allergens:<\/strong> This product contains traces of shellfish.<\/p>\n<p>Owing to the Health Claims Regulation EU No. 1924\/2006, we are not permitted to advertise the effects of our food products or dietary supplements. We therefore ask for your understanding that our customer service team are only able to answer any related questions to a limited degree. For detailed, health-related questions, in particular with regard to taking our products in conjunction with any medication, please consult your physician or pharmacist. In accordance with the applicable laws, these experts are permitted to provide you with healthcare-related and medical advice. We thank you for your understanding!<\/p>\n<p><strong>Dietary supplements are not a substitute for a balanced and varied diet and healthy lifestyle. The daily recommended intake must not be exceeded. Please store out of reach of children.<\/strong><\/p>\n<p>[\/vc_column_text][\/vc_accordion_tab][\/vc_accordion][\/vc_column][\/vc_row][vc_row][vc_column width=&#8221;1\/1&#8243;][vc_custom_heading heading_semantic=&#8221;p&#8221; text_size=&#8221;h4&#8243;]Further products for your well-being[\/vc_custom_heading][uncode_index el_id=&#8221;index-194855&#8243; index_type=&#8221;carousel&#8221; loop=&#8221;size:5|order_by:date|post_type:product|by_id:869,820,844,860,842&#8243; carousel_lg=&#8221;5&#8243; carousel_md=&#8221;3&#8243; carousel_sm=&#8221;2&#8243; gutter_size=&#8221;3&#8243; product_items=&#8221;media|featured|onpost|original|hide-sale,title&#8221; carousel_interval=&#8221;3000&#8243; carousel_navspeed=&#8221;400&#8243; stage_padding=&#8221;0&#8243; single_overlay_opacity=&#8221;50&#8243; single_h_align=&#8221;center&#8221; single_padding=&#8221;2&#8243; single_border=&#8221;yes&#8221;][\/vc_column][\/vc_row]<\/p>\n<\/div>","protected":false},"excerpt":{"rendered":"<p><strong>PZN 13364933<\/strong><br \/>\nPack with 30 x 15g single-portion sachets <\/p>\n<hr \/>\n<p>Dietary supplement with hyaluronic acid, collagen hydrolysate, glucosamine sulphate and chondroitin sulphate, combined with vitamins, minerals and trace elements.<\/p>\n<hr \/>\n<p><img decoding=\"async\" src=\"https:\/\/www.avitale.de\/wp-content\/uploads\/2020\/11\/icon-glutenfree.png\" alt=\"\" width=\"75\" height=\"75\" \/> <img decoding=\"async\" src=\"https:\/\/www.avitale.de\/wp-content\/uploads\/2020\/11\/icon-lactosefree.png\" alt=\"\" width=\"75\" height=\"75\" \/> <img decoding=\"async\" src=\"https:\/\/www.avitale.de\/wp-content\/uploads\/2020\/11\/icon-sugarfree.png\" alt=\"\" width=\"75\" height=\"75\" \/> <img decoding=\"async\" src=\"https:\/\/www.avitale.de\/wp-content\/uploads\/2020\/11\/logo-madeingermany-en.png\" alt=\"\" width=\"115\" height=\"75\" \/><\/p>\n","protected":false},"featured_media":51421,"template":"","meta":[],"product_brand":[],"product_cat":[252,276],"product_tag":[],"class_list":{"0":"post-2418","1":"product","2":"type-product","3":"status-publish","4":"has-post-thumbnail","6":"product_cat-dietary-supplements","7":"product_cat-muscles-bones-mobility","8":"pa_eigenschaft-gluten-free","9":"pa_eigenschaft-lactose-free","10":"pa_eigenschaft-sugar-free","12":"first","13":"instock","14":"shipping-taxable","15":"product-type-simple"},"_links":{"self":[{"href":"https:\/\/www.avitale.de\/en\/wp-json\/wp\/v2\/product\/2418","targetHints":{"allow":["GET"]}}],"collection":[{"href":"https:\/\/www.avitale.de\/en\/wp-json\/wp\/v2\/product"}],"about":[{"href":"https:\/\/www.avitale.de\/en\/wp-json\/wp\/v2\/types\/product"}],"wp:featuredmedia":[{"embeddable":true,"href":"https:\/\/www.avitale.de\/en\/wp-json\/wp\/v2\/media\/51421"}],"wp:attachment":[{"href":"https:\/\/www.avitale.de\/en\/wp-json\/wp\/v2\/media?parent=2418"}],"wp:term":[{"taxonomy":"product_brand","embeddable":true,"href":"https:\/\/www.avitale.de\/en\/wp-json\/wp\/v2\/product_brand?post=2418"},{"taxonomy":"product_cat","embeddable":true,"href":"https:\/\/www.avitale.de\/en\/wp-json\/wp\/v2\/product_cat?post=2418"},{"taxonomy":"product_tag","embeddable":true,"href":"https:\/\/www.avitale.de\/en\/wp-json\/wp\/v2\/product_tag?post=2418"}],"curies":[{"name":"wp","href":"https:\/\/api.w.org\/{rel}","templated":true}]}}