{"id":2416,"date":"2019-10-14T11:22:25","date_gmt":"2019-10-14T11:22:25","guid":{"rendered":"https:\/\/www.avitale.de\/produkt\/ginkgo-biloba-capsules-48\/"},"modified":"2026-02-27T12:37:34","modified_gmt":"2026-02-27T12:37:34","slug":"ginkgo-biloba-capsules-48","status":"publish","type":"product","link":"https:\/\/www.avitale.de\/en\/product\/ginkgo-biloba-capsules-48\/","title":{"rendered":"Ginkgo Biloba Capsules"},"content":{"rendered":"<div class=\"wpb-content-wrapper\"><p>[vc_row row_height_percent=&#8221;0&#8243; overlay_alpha=&#8221;50&#8243; gutter_size=&#8221;3&#8243; column_width_percent=&#8221;100&#8243; shift_y=&#8221;0&#8243; z_index=&#8221;0&#8243; el_class=&#8221;hide-content-en&#8221;][vc_column width=&#8221;1\/1&#8243;][vc_column_text uncode_shortcode_id=&#8221;648607&#8243;]Avitale Ginkgo-Biloba-Kapseln enthalten pro Kapsel 100 mg Gingko-Biloba-Bl\u00e4tter-Trockenextrakt, ausgewogen kombiniert mit den Vitaminen C, E, B1 und Fols\u00e4ure.<\/p>\n<p>Die Vitamine C und B1 unterst\u00fctzen ein normales Nervensystem und tragen, wie auch Fols\u00e4ure, zu normalen psychischen Funktionen bei.<\/p>\n<p>Die Vitamine C und B1 f\u00f6rdert den Energiestoffwechsel. Fols\u00e4ure tr\u00e4gt, wie auch Vitamin C, zur Verringerung von M\u00fcdigkeit und Erm\u00fcdung bei.<\/p>\n<p>Die Vitamine C und E sch\u00fctzen die Zellen vor oxidativem Stress und Vitamin C unterst\u00fctzt zus\u00e4tzlich noch das Immunsystem.<\/p>\n<p>Die Urspr\u00fcnge des Ginkgo-Biloba-Baumes reichen bis in das Zeitalter des Jura zur\u00fcck, er \u00fcberdauerte selbst die Eiszeiten. Seit der Kreidezeit liegt das Hauptverbreitungsgebiet in Ostasien. In China und Japan wird er an heiligen Pilgerorten, wo riesige Ginkgob\u00e4ume mit H\u00f6hen bis zu 40 Metern wachsen, als Tempelbaum kultiviert. Ginkgos erreichen ein sagenhaftes Alter, in China werden die \u00e4ltesten Exemplare auf etwa 1200 Jahre gesch\u00e4tzt.[\/vc_column_text][\/vc_column][\/vc_row][vc_row][vc_column width=&#8221;1\/1&#8243;][vc_separator sep_color=&#8221;accent&#8221; icon=&#8221;fa fa-heart-o&#8221; icon_position=&#8221;left&#8221;][vc_column_text]<\/p>\n<p><strong>PRODUCT QUALITY AT THE BEST PRICE A FOCUS ON CUSTOMERS AND EXPERTISE<\/strong><\/p>\n<p>Product safety and high-quality raw materials are our top priority. We want to serve our customers as a reliable and responsible partner. Experts regularly conduct detailed studies to ensure that the excellent standard of our product range remains constant. To maintain this high, consistent standard, we \u2013 among other things \u2013 manufacture our dietary supplement with a certified pharmaceutical company in Germany.<\/p>\n<p>[\/vc_column_text][vc_empty_space empty_h=&#8221;2&#8243;][vc_accordion][vc_accordion_tab title=&#8221;RECOMMENDED INTAKE&#8221; tab_id=&#8221;1569249169-1-3715692492810021570435190394&#8243;][vc_column_text]Take one capsule daily with a meal and a glass of water.[\/vc_column_text][\/vc_accordion_tab][vc_accordion_tab title=&#8221;INGREDIENTS&#8221; tab_id=&#8221;1570437963490-3-8&#8243;][vc_column_text]<\/p>\n<p>Ascorbic Acid, Standardised Ginkgo Biloba Dry Leaf Extract Blend, Capsule Shell: Gelatine, Vitamin E, Vitamin B1, Separating Agent: Tricalcium Phosphate and Magnesium Salts of Fatty Acids (Plant-Based), Folic Acid<\/p>\n<p>Avitale Ginkgo Biloba Capsules are produced in Germany by a certified pharmaceutical manufacturer using carefully selected, premium-quality raw ingredients.<\/p>\n<p>Avitale Ginkgo Capsules are free from gluten, lactose, colourants and preservatives.<\/p>\n<p>[\/vc_column_text][vc_empty_space empty_h=&#8221;2&#8243;][vc_column_text]<\/p>\n<p><strong>One capsule contains<\/strong><\/p>\n<p>100 mg ginkgo biloba dry leaf extract<br \/>\n300 mg vitamin C (375% NRV*)<br \/>\n20 mg vitamin E (167% NRV*)<br \/>\n8,4 mg vitamin B1 (764% NRV*)<br \/>\n400 \u00b5g folic acid (200% NRV*)<\/p>\n<p>[\/vc_column_text][vc_empty_space empty_h=&#8221;2&#8243;][vc_column_text]NRV* = % of the nutrient reference value in accordance with the EU Regulation on Food Information to Consumers[\/vc_column_text][\/vc_accordion_tab][vc_accordion_tab title=&#8221;IMPORTANT INFORMATION&#8221; tab_id=&#8221;1570437982549-4-7&#8243;][vc_column_text]<\/p>\n<p>An interaction with blood-thinning drugs cannot be ruled out.<\/p>\n<p>Owing to the Health Claims Regulation EU No. 1924\/2006, we are not permitted to advertise the effects of our food products or dietary supplements. We therefore ask for your understanding that our customer service team are only able to answer any related questions to a limited degree. For detailed, health-related questions, in particular with regard to taking our products in conjunction with any medication, please consult your physician or pharmacist. In accordance with the applicable laws, these experts are permitted to provide you with healthcare-related and medical advice. We thank you for your understanding!<\/p>\n<p><strong>Dietary supplements are not a substitute for a balanced and varied diet and healthy lifestyle. The daily recommended intake must not be exceeded. Please store out of reach of children.<\/strong><\/p>\n<p>[\/vc_column_text][\/vc_accordion_tab][\/vc_accordion][\/vc_column][\/vc_row][vc_row][vc_column width=&#8221;1\/1&#8243;][vc_custom_heading heading_semantic=&#8221;p&#8221; text_size=&#8221;h4&#8243;]Further products for your well-being[\/vc_custom_heading][uncode_index el_id=&#8221;index-194855&#8243; index_type=&#8221;carousel&#8221; loop=&#8221;size:5|order_by:date|post_type:product|by_id:955,641,932,846,816&#8243; carousel_lg=&#8221;5&#8243; carousel_md=&#8221;3&#8243; carousel_sm=&#8221;2&#8243; gutter_size=&#8221;3&#8243; product_items=&#8221;media|featured|onpost|original|hide-sale,title&#8221; carousel_interval=&#8221;3000&#8243; carousel_navspeed=&#8221;400&#8243; stage_padding=&#8221;0&#8243; single_overlay_opacity=&#8221;50&#8243; single_h_align=&#8221;center&#8221; single_padding=&#8221;2&#8243; single_border=&#8221;yes&#8221;][\/vc_column][\/vc_row]<\/p>\n<\/div>","protected":false},"excerpt":{"rendered":"<p><strong>PZN 02909329<\/strong><br \/>\nPack with 48 capsules<\/p>\n<p><strong>Also available as<\/strong><br \/>\n<a href=\"https:\/\/www.avitale.de\/en\/product\/ginkgo-biloba-capsules-192\/\">Pack with 192 capsules<\/a><\/p>\n<hr \/>\n<p>Dietary supplement with 100mg gingko biloba-leaf dry extract per capsule and vitamins C, E, B1 and folic acid.<\/p>\n<hr \/>\n<p><img decoding=\"async\" src=\"https:\/\/www.avitale.de\/wp-content\/uploads\/2020\/11\/icon-glutenfree.png\" alt=\"\" width=\"75\" height=\"75\" \/> <img decoding=\"async\" src=\"https:\/\/www.avitale.de\/wp-content\/uploads\/2020\/11\/icon-lactosefree.png\" alt=\"\" width=\"75\" height=\"75\" \/> <img decoding=\"async\" src=\"https:\/\/www.avitale.de\/wp-content\/uploads\/2020\/11\/icon-sugarfree.png\" alt=\"\" width=\"75\" height=\"75\" \/> <img decoding=\"async\" src=\"https:\/\/www.avitale.de\/wp-content\/uploads\/2020\/11\/logo-madeingermany-en.png\" alt=\"\" width=\"115\" height=\"75\" \/><\/p>\n","protected":false},"featured_media":51260,"template":"","meta":[],"product_brand":[],"product_cat":[252,278],"product_tag":[],"class_list":{"0":"post-2416","1":"product","2":"type-product","3":"status-publish","4":"has-post-thumbnail","6":"product_cat-dietary-supplements","7":"product_cat-nerves-and-psyche","8":"pa_eigenschaft-gluten-free","9":"pa_eigenschaft-lactose-free","10":"pa_eigenschaft-sugar-free","12":"first","13":"instock","14":"shipping-taxable","15":"product-type-simple"},"_links":{"self":[{"href":"https:\/\/www.avitale.de\/en\/wp-json\/wp\/v2\/product\/2416","targetHints":{"allow":["GET"]}}],"collection":[{"href":"https:\/\/www.avitale.de\/en\/wp-json\/wp\/v2\/product"}],"about":[{"href":"https:\/\/www.avitale.de\/en\/wp-json\/wp\/v2\/types\/product"}],"wp:featuredmedia":[{"embeddable":true,"href":"https:\/\/www.avitale.de\/en\/wp-json\/wp\/v2\/media\/51260"}],"wp:attachment":[{"href":"https:\/\/www.avitale.de\/en\/wp-json\/wp\/v2\/media?parent=2416"}],"wp:term":[{"taxonomy":"product_brand","embeddable":true,"href":"https:\/\/www.avitale.de\/en\/wp-json\/wp\/v2\/product_brand?post=2416"},{"taxonomy":"product_cat","embeddable":true,"href":"https:\/\/www.avitale.de\/en\/wp-json\/wp\/v2\/product_cat?post=2416"},{"taxonomy":"product_tag","embeddable":true,"href":"https:\/\/www.avitale.de\/en\/wp-json\/wp\/v2\/product_tag?post=2416"}],"curies":[{"name":"wp","href":"https:\/\/api.w.org\/{rel}","templated":true}]}}