{"id":2412,"date":"2019-10-14T11:29:49","date_gmt":"2019-10-14T11:29:49","guid":{"rendered":"https:\/\/www.avitale.de\/produkt\/glucosamine-500-mg-chondroitin-400-mg-capsules-90\/"},"modified":"2026-02-27T12:35:54","modified_gmt":"2026-02-27T12:35:54","slug":"glucosamine-500-mg-chondroitin-400-mg-capsules-90","status":"publish","type":"product","link":"https:\/\/www.avitale.de\/en\/product\/glucosamine-500-mg-chondroitin-400-mg-capsules-90\/","title":{"rendered":"Glucosamine 500 mg \/ Chondroitin 400 mg Capsules"},"content":{"rendered":"<div class=\"wpb-content-wrapper\"><p>[vc_row row_height_percent=&#8221;0&#8243; overlay_alpha=&#8221;50&#8243; gutter_size=&#8221;3&#8243; column_width_percent=&#8221;100&#8243; shift_y=&#8221;0&#8243; z_index=&#8221;0&#8243; shape_dividers=&#8221;&#8221; el_class=&#8221;hide-content-en&#8221;][vc_column width=&#8221;1\/1&#8243;][vc_row_inner][vc_column_inner column_width_percent=&#8221;100&#8243; position_vertical=&#8221;middle&#8221; gutter_size=&#8221;3&#8243; overlay_alpha=&#8221;50&#8243; shift_x=&#8221;0&#8243; shift_y=&#8221;0&#8243; shift_y_down=&#8221;0&#8243; z_index=&#8221;0&#8243; medium_width=&#8221;0&#8243; mobile_width=&#8221;0&#8243; width=&#8221;1\/2&#8243;][vc_column_text]Die Bewegungsf\u00e4higkeit des K\u00f6rpers wird unter anderem durch einen funktionierenden, intakten Gelenkknorpel gesichert. Dieser stellt aber auch das schw\u00e4chste Glied in der Kette des Bewegungsapparates dar und kann im Alter, bei \u00dcbergewicht oder nach \u00dcberbeanspruchung, z.B. durch Sport, leicht zu stark belastet sein. Vitamin C ist eines der wichtigsten Vitamine zur Unterst\u00fctzung des Immunsystems, gilt auch als Antioxidans und unterst\u00fctzt die normale Kollagenbildung f\u00fcr eine normale Gelenkknorpelfunktion. Selen tr\u00e4gt dazu bei, die Zellen vor oxidativem Stress zu sch\u00fctzen.<\/p>\n<p>Zus\u00e4tzlich kann die stabile Funktion des Bewegungsapparates durch eine Kombination aus gesunder Ern\u00e4hrung und einem moderaten Sportprogramm gef\u00f6rdert werden.[\/vc_column_text][\/vc_column_inner][vc_column_inner column_width_percent=&#8221;100&#8243; position_vertical=&#8221;middle&#8221; gutter_size=&#8221;3&#8243; overlay_alpha=&#8221;50&#8243; shift_x=&#8221;0&#8243; shift_y=&#8221;0&#8243; shift_y_down=&#8221;0&#8243; z_index=&#8221;0&#8243; medium_width=&#8221;0&#8243; mobile_width=&#8221;0&#8243; width=&#8221;1\/2&#8243;][vc_single_image media=&#8221;51246&#8243; media_width_percent=&#8221;70&#8243; alignment=&#8221;center&#8221;][\/vc_column_inner][\/vc_row_inner][\/vc_column][\/vc_row][vc_row][vc_column width=&#8221;1\/1&#8243;][vc_separator sep_color=&#8221;accent&#8221; icon=&#8221;fa fa-heart-o&#8221; icon_position=&#8221;left&#8221;][vc_column_text]<\/p>\n<p><strong>PRODUCT QUALITY AT THE BEST PRICE A FOCUS ON CUSTOMERS AND EXPERTISE<\/strong><\/p>\n<p>Product safety and high-quality raw materials are our top priority. We want to serve our customers as a reliable and responsible partner. Experts regularly conduct detailed studies to ensure that the excellent standard of our product range remains constant. To maintain this high, consistent standard, we \u2013 among other things \u2013 manufacture our dietary supplement with a certified pharmaceutical company in Germany.<\/p>\n<p>[\/vc_column_text][vc_empty_space empty_h=&#8221;2&#8243;][vc_accordion][vc_accordion_tab title=&#8221;RECOMMENDED INTAKE&#8221; tab_id=&#8221;1569249169-1-3715692492810021570435190394&#8243;][vc_column_text]Take one capsule daily with a glass of water before a meal.[\/vc_column_text][\/vc_accordion_tab][vc_accordion_tab title=&#8221;INGREDIENTS&#8221; tab_id=&#8221;1570437963490-3-8&#8243;][vc_column_text]<\/p>\n<p>GLUCOSAMINE SULPHATE, Chondroitin Sulphate, Capsule Shell: Gelatine, Vitamin C (Ascorbic Acid), Selenium, Separating Agent: Magnesium Salts of Fatty Acids (Plant-Based)<\/p>\n<p>Avitale Glucosamine Capsules are produced in Germany by a certified pharmaceutical manufacturer using carefully selected, premium-quality raw ingredients.<\/p>\n<p>Avitale Glucosamine Capsules are free from gluten, lactose, colourants and preservatives.<\/p>\n<p>[\/vc_column_text][vc_empty_space empty_h=&#8221;2&#8243;][vc_column_text]<\/p>\n<p><strong>One capsule contains<\/strong><\/p>\n<p>500 mg GLUCOSAMINE SULPHATE<br \/>\n500 mg chondroitin sulphate<br \/>\n40 mg vitamin C (50.0% NRV*)<br \/>\n10 \u00b5g selenium (18.18% NRV*)<\/p>\n<p>[\/vc_column_text][vc_empty_space empty_h=&#8221;2&#8243;][vc_column_text]NRV* = % of the nutrient reference value in accordance with the EU Regulation on Food Information to Consumers[\/vc_column_text][\/vc_accordion_tab][vc_accordion_tab title=&#8221;IMPORTANT INFORMATION&#8221; tab_id=&#8221;1570437982549-4-7&#8243;][vc_column_text]<\/p>\n<p>Patients taking coumarin anticoagulants, diabetics and people with limited glucose tolerance should consult their physician before taking these products.<\/p>\n<p><strong>Allergens:<\/strong> Contains traces of shellfish.<\/p>\n<p>Owing to the Health Claims Regulation EU No. 1924\/2006, we are not permitted to advertise the effects of our food products or dietary supplements. We therefore ask for your understanding that our customer service team are only able to answer any related questions to a limited degree. For detailed, health-related questions, in particular with regard to taking our products in conjunction with any medication, please consult your physician or pharmacist. In accordance with the applicable laws, these experts are permitted to provide you with healthcare-related and medical advice. We thank you for your understanding!<\/p>\n<p><strong>Dietary supplements are not a substitute for a balanced and varied diet and healthy lifestyle. The daily recommended intake must not be exceeded. Please store out of reach of children.<\/strong><\/p>\n<p>[\/vc_column_text][\/vc_accordion_tab][\/vc_accordion][\/vc_column][\/vc_row][vc_row][vc_column width=&#8221;1\/1&#8243;][vc_custom_heading heading_semantic=&#8221;p&#8221; text_size=&#8221;h4&#8243;]Further products for your well-being[\/vc_custom_heading][uncode_index el_id=&#8221;index-194855&#8243; index_type=&#8221;carousel&#8221; loop=&#8221;size:5|order_by:date|post_type:product|by_id:965,907,844,869,820&#8243; carousel_lg=&#8221;5&#8243; carousel_md=&#8221;3&#8243; carousel_sm=&#8221;2&#8243; gutter_size=&#8221;3&#8243; product_items=&#8221;media|featured|onpost|original|hide-sale,title&#8221; carousel_interval=&#8221;3000&#8243; carousel_navspeed=&#8221;400&#8243; stage_padding=&#8221;0&#8243; single_overlay_opacity=&#8221;50&#8243; single_h_align=&#8221;center&#8221; single_padding=&#8221;2&#8243; single_border=&#8221;yes&#8221;][\/vc_column][\/vc_row]<\/p>\n<\/div>","protected":false},"excerpt":{"rendered":"<p><strong>PZN 04471015<\/strong><br \/>\nTin with 90 capsules<\/p>\n<p><strong>Also available as<\/strong><br \/>\n<a href=\"https:\/\/www.avitale.de\/en\/product\/glucosamine-500-mg-chondroitin-400-mg-capsules-180\/\">Tin with 180 capsules<\/a><\/p>\n<hr \/>\n<p>Dietary supplement with 500 mg glucosamine sulphate, 400 mg chondroitin sulphate and 15 mg vitamin C. Vitamin C contributes to normal collagen production for normal joint-cartilage and bone function.<\/p>\n<hr \/>\n<p><img decoding=\"async\" src=\"https:\/\/www.avitale.de\/wp-content\/uploads\/2020\/11\/icon-glutenfree.png\" alt=\"\" width=\"75\" height=\"75\" \/> <img decoding=\"async\" src=\"https:\/\/www.avitale.de\/wp-content\/uploads\/2020\/11\/icon-lactosefree.png\" alt=\"\" width=\"75\" height=\"75\" \/> <img decoding=\"async\" src=\"https:\/\/www.avitale.de\/wp-content\/uploads\/2020\/11\/icon-sugarfree.png\" alt=\"\" width=\"75\" height=\"75\" \/> <img decoding=\"async\" src=\"https:\/\/www.avitale.de\/wp-content\/uploads\/2020\/11\/logo-madeingermany-en.png\" alt=\"\" width=\"115\" height=\"75\" \/><\/p>\n","protected":false},"featured_media":51324,"template":"","meta":[],"product_brand":[],"product_cat":[254,252,276],"product_tag":[],"class_list":{"0":"post-2412","1":"product","2":"type-product","3":"status-publish","4":"has-post-thumbnail","6":"product_cat-bestseller-en","7":"product_cat-dietary-supplements","8":"product_cat-muscles-bones-mobility","9":"pa_eigenschaft-gluten-free","10":"pa_eigenschaft-lactose-free","11":"pa_eigenschaft-sugar-free","13":"first","14":"instock","15":"shipping-taxable","16":"product-type-simple"},"_links":{"self":[{"href":"https:\/\/www.avitale.de\/en\/wp-json\/wp\/v2\/product\/2412","targetHints":{"allow":["GET"]}}],"collection":[{"href":"https:\/\/www.avitale.de\/en\/wp-json\/wp\/v2\/product"}],"about":[{"href":"https:\/\/www.avitale.de\/en\/wp-json\/wp\/v2\/types\/product"}],"wp:featuredmedia":[{"embeddable":true,"href":"https:\/\/www.avitale.de\/en\/wp-json\/wp\/v2\/media\/51324"}],"wp:attachment":[{"href":"https:\/\/www.avitale.de\/en\/wp-json\/wp\/v2\/media?parent=2412"}],"wp:term":[{"taxonomy":"product_brand","embeddable":true,"href":"https:\/\/www.avitale.de\/en\/wp-json\/wp\/v2\/product_brand?post=2412"},{"taxonomy":"product_cat","embeddable":true,"href":"https:\/\/www.avitale.de\/en\/wp-json\/wp\/v2\/product_cat?post=2412"},{"taxonomy":"product_tag","embeddable":true,"href":"https:\/\/www.avitale.de\/en\/wp-json\/wp\/v2\/product_tag?post=2412"}],"curies":[{"name":"wp","href":"https:\/\/api.w.org\/{rel}","templated":true}]}}