{"id":2394,"date":"2019-10-14T12:10:09","date_gmt":"2019-10-14T12:10:09","guid":{"rendered":"https:\/\/www.avitale.de\/produkt\/pomegranate-capsules\/"},"modified":"2020-11-17T06:34:39","modified_gmt":"2020-11-17T06:34:39","slug":"pomegranate-capsules","status":"publish","type":"product","link":"https:\/\/www.avitale.de\/en\/product\/pomegranate-capsules\/","title":{"rendered":"Pomegranate Capsules"},"content":{"rendered":"<div class=\"wpb-content-wrapper\"><p>[vc_row row_height_percent=&#8221;0&#8243; overlay_alpha=&#8221;50&#8243; gutter_size=&#8221;3&#8243; column_width_percent=&#8221;100&#8243; shift_y=&#8221;0&#8243; z_index=&#8221;0&#8243; shape_dividers=&#8221;&#8221; el_class=&#8221;hide-content-en&#8221;][vc_column width=&#8221;1\/1&#8243;][vc_row_inner][vc_column_inner column_width_percent=&#8221;100&#8243; position_vertical=&#8221;middle&#8221; gutter_size=&#8221;3&#8243; overlay_alpha=&#8221;50&#8243; shift_x=&#8221;0&#8243; shift_y=&#8221;0&#8243; shift_y_down=&#8221;0&#8243; z_index=&#8221;0&#8243; medium_width=&#8221;0&#8243; mobile_width=&#8221;0&#8243; width=&#8221;1\/2&#8243;][vc_column_text]In den Avitale Granatapfel Kapseln kommt ausschlie\u00dflich ein hochwertiger Extrakt, schonend hergestellt aus reifen Granat\u00e4pfeln, zum Einsatz. In Kombination mit den ebenfalls enthaltenen Vitaminen C und B12 sowie den Spurenelementen Zink und Selen k\u00f6nnen die Avitale Granatapfel Kapseln einen wertvollen Beitrag zur Unterst\u00fctzung des Immunsystems und eines gesunden Zellstoffwechsels leisten. Pro Tagesdosis 1000 mg Granatapfelpulver AV500 \u2013 aus reifen Granat\u00e4pfeln schonend hergestellt \u2013 mit 320 mg Polyphenolen.[\/vc_column_text][\/vc_column_inner][vc_column_inner column_width_percent=&#8221;100&#8243; position_vertical=&#8221;middle&#8221; gutter_size=&#8221;3&#8243; overlay_alpha=&#8221;50&#8243; shift_x=&#8221;0&#8243; shift_y=&#8221;0&#8243; shift_y_down=&#8221;0&#8243; z_index=&#8221;0&#8243; medium_width=&#8221;0&#8243; mobile_width=&#8221;0&#8243; width=&#8221;1\/2&#8243;][vc_single_image media=&#8221;1779&#8243; media_width_percent=&#8221;70&#8243; alignment=&#8221;center&#8221;][\/vc_column_inner][\/vc_row_inner][vc_column_text]Das Immunsystem sch\u00fctzt den K\u00f6rper vor Krankheitserregern wie Bakterien, Viren und anderen Fremdstoffen. Denn bei Stoffwechselprozessen, die unter Beteiligung von Sauerstoff ablaufen, entstehen \u201efreie Radikale\u201c, die in gr\u00f6\u00dferen Mengen gef\u00e4hrlich f\u00fcr den Organismus sein k\u00f6nnen. Auch zunehmendes Lebensalter, Stress, sch\u00e4dliche Umwelteinfl\u00fcsse, Zigarettenrauch und andere Belastungen beg\u00fcnstigen ihre Entstehung. Die Unterst\u00fctzung des gesunden Zellstoffwechsels und damit des Immunsystems ist daher die Basis f\u00fcr starke Abwehrkr\u00e4fte.<br \/>\nVitamine und Spurenelemente sind lebensnotwendige Stoffe, die prim\u00e4r durch die Nahrung aufgenommen werden m\u00fcssen.<br \/>\nVitamin B12 (Cobalamin) ist ein wasserl\u00f6sliches Vitamin, das an vielen Prozessen im Organismus beteiligt ist, unter anderen am Zellwachstum und der Zellteilung.<\/p>\n<p>Zink und Vitamin C (Ascorbins\u00e4ure) wirken antioxidativ \u2013 sie leisten dadurch einen Schutz vor freien Radikalen und tragen zur Schonung der Zellbestandteile gegen\u00fcber oxidativen Belastungen bei. Beide erg\u00e4nzen einander, da Vitamin C die Leistung von Zink erh\u00f6ht. Auch Selen ist ein essenzielles Spurenelement, das bei ausreichender Verf\u00fcgbarkeit die nat\u00fcrliche Leistungsf\u00e4higkeit des Immunsystems unterst\u00fctzt.<\/p>\n<p>Die urspr\u00fcngliche Heimat des Granatapfelbaums (Punica granatum) ist West- bis Mittelasien. Um 700 n. Chr. brachten die Araber den Baum nach Spanien; dort wurde im 10. Jh. die Stadt Granada nach dieser Frucht benannt. Es ranken sich um ihn viele Mythen; so galt er bereits bei den alten Griechen und \u00c4gyptern als \u201eSymbol der Liebe und Fruchtbarkeit\u201c.<\/p>\n<p>Im Granatapfel sind viele sekund\u00e4re Pflanzenstoffe, wie Polyphenole und Anthocyane, enthalten.<\/p>\n<p>Avitale Granatapfel Kapseln enthalten pro 2 Kapseln (Tagesdosis) laut aktueller Produktionsanalyse 320mg Polyphenole.[\/vc_column_text][\/vc_column][\/vc_row][vc_row][vc_column width=&#8221;1\/1&#8243;][vc_separator sep_color=&#8221;accent&#8221; icon=&#8221;fa fa-heart-o&#8221; icon_position=&#8221;left&#8221;][vc_column_text]<\/p>\n<p><strong>PRODUCT QUALITY AT THE BEST PRICE A FOCUS ON CUSTOMERS AND EXPERTISE<\/strong><\/p>\n<p>Product safety and high-quality raw materials are our top priority. We want to serve our customers as a reliable and responsible partner. Experts regularly conduct detailed studies to ensure that the excellent standard of our product range remains constant. To maintain this high, consistent standard, we \u2013 among other things \u2013 manufacture our dietary supplement with a certified pharmaceutical company in Germany.<\/p>\n<p>[\/vc_column_text][vc_empty_space empty_h=&#8221;2&#8243;][vc_accordion][vc_accordion_tab title=&#8221;RECOMMENDED INTAKE&#8221; tab_id=&#8221;1569249169-1-3715692492810021570435190394&#8243;][vc_column_text]Twice daily, swallow one capsule whole with a main meal and a large glass of water.[\/vc_column_text][\/vc_accordion_tab][vc_accordion_tab title=&#8221;INGREDIENTS&#8221; tab_id=&#8221;1570437963490-3-8&#8243;][vc_column_text]<\/p>\n<p>AV 500 Pomegranate Powder Blend [= Pomegranate Extract with Polyphenols, Maltodextrin, Vitamin C (Ascorbic Acid), Zinc (Zinc Citrate), Selenium (Sodium Selenate), Vitamin B12 (Cobalamin), Separating Agent: Tricalcium Phosphate and Magnesium Salts of Fatty Acids (Plant-Based), Inulin], Capsule Shell: Hydroxypropyl Methylcellulose<\/p>\n<p>Avitale Pomegranate Capsules are free from gluten, lactose, soy, colourants, preservatives and animal products.<\/p>\n<p> [\/vc_column_text][vc_empty_space empty_h=&#8221;2&#8243;][vc_column_text]<\/p>\n<p><strong>Two capsules contain<\/strong><\/p>\n<p>800 mg pomegranate extract<br \/>\n108 mg vitamin C (135% NRV*)<br \/>\n10 mg zinc (100% NRV*)<br \/>\n66 mcg selenium (120% NRV*)<br \/>\n3.75 mcg vitamin B12 (150% NRV*)<\/p>\n<p>[\/vc_column_text][vc_empty_space empty_h=&#8221;2&#8243;][vc_column_text]NRV* = % of the nutrient reference value in accordance with the EU Regulation on Food Information to Consumers[\/vc_column_text][\/vc_accordion_tab][vc_accordion_tab title=&#8221;IMPORTANT INFORMATION&#8221; tab_id=&#8221;1570437982549-4-7&#8243;][vc_column_text]<\/p>\n<p>Owing to the Health Claims Regulation EU No. 1924\/2006, we are not permitted to advertise the effects of our food products or dietary supplements. We therefore ask for your understanding that our customer service team are only able to answer any related questions to a limited degree. For detailed, health-related questions, in particular with regard to taking our products in conjunction with any medication, please consult your physician or pharmacist. In accordance with the applicable laws, these experts are permitted to provide you with healthcare-related and medical advice. We thank you for your understanding!<\/p>\n<p><strong>Dietary supplements are not a substitute for a balanced and varied diet and healthy lifestyle. The daily recommended intake must not be exceeded. Please store out of reach of children.<\/strong><\/p>\n<p>[\/vc_column_text][\/vc_accordion_tab][\/vc_accordion][\/vc_column][\/vc_row][vc_row][vc_column width=&#8221;1\/1&#8243;][vc_custom_heading heading_semantic=&#8221;p&#8221; text_size=&#8221;h4&#8243;]Further products for your well-being[\/vc_custom_heading][uncode_index el_id=&#8221;index-194855&#8243; index_type=&#8221;carousel&#8221; loop=&#8221;size:5|order_by:date|post_type:product|by_id:938,932,816,809,775&#8243; carousel_lg=&#8221;5&#8243; carousel_md=&#8221;3&#8243; carousel_sm=&#8221;2&#8243; gutter_size=&#8221;3&#8243; product_items=&#8221;media|featured|onpost|original|hide-sale,title&#8221; carousel_interval=&#8221;3000&#8243; carousel_navspeed=&#8221;400&#8243; stage_padding=&#8221;0&#8243; single_overlay_opacity=&#8221;50&#8243; single_h_align=&#8221;center&#8221; single_padding=&#8221;2&#8243; single_border=&#8221;yes&#8221;][\/vc_column][\/vc_row]<\/p>\n<\/div>","protected":false},"excerpt":{"rendered":"<p><strong>PZN 09537871<\/strong><br \/>\nPack with 60 vegetarian capsules<\/p>\n<hr \/>\n<p>Avitale Pomegranate Capsules. For supporting the immune system and healthy cell metabolism.<\/p>\n<hr \/>\n<p><img decoding=\"async\" src=\"https:\/\/www.avitale.de\/wp-content\/uploads\/2020\/11\/icon-glutenfree.png\" alt=\"\" width=\"75\" height=\"75\" \/> <img decoding=\"async\" src=\"https:\/\/www.avitale.de\/wp-content\/uploads\/2020\/11\/icon-lactosefree.png\" alt=\"\" width=\"75\" height=\"75\" \/> <img decoding=\"async\" src=\"https:\/\/www.avitale.de\/wp-content\/uploads\/2020\/11\/icon-vegan-en.png\" alt=\"\" width=\"75\" height=\"75\" \/> <img decoding=\"async\" src=\"https:\/\/www.avitale.de\/wp-content\/uploads\/2020\/11\/logo-madeingermany-en.png\" alt=\"\" width=\"115\" height=\"75\" \/><\/p>\n","protected":false},"featured_media":1095,"template":"","meta":[],"product_brand":[],"product_cat":[252,273],"product_tag":[],"class_list":{"0":"post-2394","1":"product","2":"type-product","3":"status-publish","4":"has-post-thumbnail","6":"product_cat-dietary-supplements","7":"product_cat-immune-system-and-cell-protection","8":"pa_eigenschaft-gluten-free","9":"pa_eigenschaft-lactose-free","10":"pa_eigenschaft-vegan-en","12":"first","13":"instock","14":"shipping-taxable","15":"product-type-simple"},"_links":{"self":[{"href":"https:\/\/www.avitale.de\/en\/wp-json\/wp\/v2\/product\/2394","targetHints":{"allow":["GET"]}}],"collection":[{"href":"https:\/\/www.avitale.de\/en\/wp-json\/wp\/v2\/product"}],"about":[{"href":"https:\/\/www.avitale.de\/en\/wp-json\/wp\/v2\/types\/product"}],"wp:featuredmedia":[{"embeddable":true,"href":"https:\/\/www.avitale.de\/en\/wp-json\/wp\/v2\/media\/1095"}],"wp:attachment":[{"href":"https:\/\/www.avitale.de\/en\/wp-json\/wp\/v2\/media?parent=2394"}],"wp:term":[{"taxonomy":"product_brand","embeddable":true,"href":"https:\/\/www.avitale.de\/en\/wp-json\/wp\/v2\/product_brand?post=2394"},{"taxonomy":"product_cat","embeddable":true,"href":"https:\/\/www.avitale.de\/en\/wp-json\/wp\/v2\/product_cat?post=2394"},{"taxonomy":"product_tag","embeddable":true,"href":"https:\/\/www.avitale.de\/en\/wp-json\/wp\/v2\/product_tag?post=2394"}],"curies":[{"name":"wp","href":"https:\/\/api.w.org\/{rel}","templated":true}]}}