{"id":2390,"date":"2019-10-14T12:20:31","date_gmt":"2019-10-14T12:20:31","guid":{"rendered":"https:\/\/www.avitale.de\/produkt\/hair-active-plus\/"},"modified":"2020-11-17T06:27:51","modified_gmt":"2020-11-17T06:27:51","slug":"hair-active-plus","status":"publish","type":"product","link":"https:\/\/www.avitale.de\/en\/product\/hair-active-plus\/","title":{"rendered":"Hair Active Plus"},"content":{"rendered":"<div class=\"wpb-content-wrapper\"><p>[vc_row row_height_percent=&#8221;0&#8243; overlay_alpha=&#8221;50&#8243; gutter_size=&#8221;3&#8243; column_width_percent=&#8221;100&#8243; shift_y=&#8221;0&#8243; z_index=&#8221;0&#8243; shape_dividers=&#8221;&#8221; el_class=&#8221;hide-content-en&#8221;][vc_column width=&#8221;1\/1&#8243;][vc_row_inner][vc_column_inner column_width_percent=&#8221;100&#8243; position_vertical=&#8221;middle&#8221; gutter_size=&#8221;3&#8243; overlay_alpha=&#8221;50&#8243; shift_x=&#8221;0&#8243; shift_y=&#8221;0&#8243; shift_y_down=&#8221;0&#8243; z_index=&#8221;0&#8243; medium_width=&#8221;0&#8243; mobile_width=&#8221;0&#8243; width=&#8221;1\/2&#8243;][vc_column_text]Avitale HaarAktiv plus Kapseln zur Nahrungserg\u00e4nzung enthalten pro Kapsel 210 mg Hirse-Extrakt, Bierhefe sowie einen Haar-Aktivkomplex aus Biotin, Vitamin B3, Pantothens\u00e4ure, Vitamin E, Zink, Fols\u00e4ure, Vitamin B6, Kupfer, Vitamin A und Vitamin D3. Diese Vitalstoffe k\u00f6nnen auf einen erh\u00f6hten Bedarf bei der Haarversorgung ausgleichend wirken und den Aufbau der Haarsubstanz von innen unterst\u00fctzen.<\/p>\n<p>Besteht ein erh\u00f6hter N\u00e4hrstoffbedarf in Haar und Kopfhaut durch Einfl\u00fcsse wie Hormonschwankungen, Umweltbelastungen, Stress oder zeitweiliger unausgewogener Ern\u00e4hrung, leidet darunter die Haarbalance \u2013 das Haar wird spr\u00f6de, glanz- und kraftlos.[\/vc_column_text][\/vc_column_inner][vc_column_inner column_width_percent=&#8221;100&#8243; position_vertical=&#8221;middle&#8221; gutter_size=&#8221;3&#8243; overlay_alpha=&#8221;50&#8243; shift_x=&#8221;0&#8243; shift_y=&#8221;0&#8243; shift_y_down=&#8221;0&#8243; z_index=&#8221;0&#8243; medium_width=&#8221;0&#8243; mobile_width=&#8221;0&#8243; width=&#8221;1\/2&#8243;][vc_single_image media=&#8221;1782&#8243; media_width_percent=&#8221;70&#8243; alignment=&#8221;center&#8221;][\/vc_column_inner][\/vc_row_inner][vc_column_text]Die nat\u00fcrlichen Sch\u00f6nmacher Hirse und Bierhefe sind seit Jahrhunderten gesch\u00e4tzte nat\u00fcrliche Quellen, um die Haarstruktur vital und kr\u00e4ftig zu halten. Hirse enth\u00e4lt, neben Kohlenhydraten, Eiwei\u00df und Fett, auch Mineralstoffe wie Phosphor, Fluor, Eisen, Kalzium, Silizium sowie Vitamin E und Vitamin B6. Bierhefe weist au\u00dfer den Spurenelementen Eisen und Zink vor allem die Vitamine Fols\u00e4ure und Biotin auf, die einen positiven Einfluss auf Spannkraft und Attraktivit\u00e4t von Haaren versprechen.<\/p>\n<p>Wichtig f\u00fcr den Erhalt einer sch\u00f6nen Haarstruktur ist vor allem Biotin, da es die Bildung von Keratin, auch enthalten in zahlreichen Pflegeprodukten, forciert sowie das Spurenelement Zink, welches viele Enzyme aktiviert und somit den Regenerationsprozess der Haare unterst\u00fctzen kann.<\/p>\n<p>Pantothens\u00e4ure und andere B-Vitamine k\u00f6nnen, analog der Wirkweise in vielen Haarkosmetika, u.a. eine sch\u00f6ne, lebendige Haarentwicklung positiv unterst\u00fctzen.<\/p>\n<p>Avitale HaarAktiv plus Kapseln k\u00f6nnen als zus\u00e4tzliche Nahrungserg\u00e4nzung zu einer ausgewogenen, gesunden Ern\u00e4hrung und Lebensweise hilfreich sein f\u00fcr den Erhalt und die St\u00e4rkung einer ausgewogenen Haarbalance und vitalen Haaroptik. F\u00f6rderlich ist weiterhin der Einsatz hochwertiger, sanfter Pflegeprodukte.[\/vc_column_text][\/vc_column][\/vc_row][vc_row][vc_column width=&#8221;1\/1&#8243;][vc_separator sep_color=&#8221;accent&#8221; icon=&#8221;fa fa-heart-o&#8221; icon_position=&#8221;left&#8221;][vc_column_text]<\/p>\n<p><strong>PRODUCT QUALITY AT THE BEST PRICE A FOCUS ON CUSTOMERS AND EXPERTISE<\/strong><\/p>\n<p>Product safety and high-quality raw materials are our top priority. We want to serve our customers as a reliable and responsible partner. Experts regularly conduct detailed studies to ensure that the excellent standard of our product range remains constant. To maintain this high, consistent standard, we \u2013 among other things \u2013 manufacture our dietary supplement with a certified pharmaceutical company in Germany.<\/p>\n<p>[\/vc_column_text][vc_empty_space empty_h=&#8221;2&#8243;][vc_accordion][vc_accordion_tab title=&#8221;RECOMMENDED INTAKE&#8221; tab_id=&#8221;1569249169-1-3715692492810021570435190394&#8243;][vc_column_text]Mornings and evenings, swallow one capsule whole with a main meal and plenty of fluids.[\/vc_column_text][\/vc_accordion_tab][vc_accordion_tab title=&#8221;INGREDIENTS&#8221; tab_id=&#8221;1570437963490-3-8&#8243;][vc_column_text]<\/p>\n<p>Millet Extract, Capsule Shell: Hydroxypropyl Methylcellulose, Brewer\u2019s Yeast, Vitamin E (\u03b1-Tocopherol), Vitamin B3 (Nicotinamide), Carrier:  Maltodextrin, Zinc, Vitamin B5 (Pantothenic Acid), Separating Agent: Tricalcium Phosphate and Magnesium Salts of Fatty Acids (Plant-Based), Vitamin A (Retinol), Vitamin B6 (Pyridoxine), Copper, Vitamin D3 (Cholecalciferol), Vitamin B9 (Folic Acid), Vitamin H (Biotin)<\/p>\n<p>This preparation is produced in Germany by a certified pharmaceutical manufacturer.<\/p>\n<p>Hair Active Plus Capsules are free from lactose, colourants and preservatives; the capsule shell is purely plant-based.<\/p>\n<p>[\/vc_column_text][\/vc_accordion_tab][vc_accordion_tab title=&#8221;COMPOSITION&#8221; tab_id=&#8221;1571055818701-3-10&#8243;][vc_column_text]<\/p>\n<p>Ingredients Contents Two capsules NRV* in %<\/p>\n<p>420 mg golden millet extract<br \/>\n153.5 mg brewer\u2019s yeast<br \/>\n60 mg vitamin E (\u03b1-tocopherol) (500% NRV*)<br \/>\n48 mg vitamin B3 (nicotinamide) (300% NRV*)<br \/>\n10 mg zinc (100% NRV*)<br \/>\n22 mg vitamin B5 (pantothenic acid) (367% NRV*)<br \/>\n800 \u00b5g vitamin A (retinol) (100% NRV*)<br \/>\n2.8 mg vitamin B6 (pyridoxine) (200% NRV*)<br \/>\n1.0 mg copper (100% NRV*)<br \/>\n5.0 \u00b5g vitamin D3 (cholecalciferol) (100% NRV*)<br \/>\n400 \u00b5g vitamin B9 (folic acid) (200% NRV*)<br \/>\n300 \u00b5g vitamin H (biotin) (600% NRV*)<\/p>\n<p>[\/vc_column_text][vc_empty_space empty_h=&#8221;2&#8243;][vc_column_text]NRV* = % of the nutrient reference value in accordance with the EU Regulation on Food Information to Consumers[\/vc_column_text][\/vc_accordion_tab][vc_accordion_tab title=&#8221;IMPORTANT INFORMATION&#8221; tab_id=&#8221;1570437982549-4-7&#8243;][vc_column_text]<\/p>\n<p>This product contains glutinous grains (brewer\u2019s yeast) and soy\/ soy-based products (\u03b1-tocopherol) that can trigger allergies and intolerances.<\/p>\n<p>Owing to the Health Claims Regulation EU No. 1924\/2006, we are not permitted to advertise the effects of our food products or dietary supplements. We therefore ask for your understanding that our customer service team are only able to answer any related questions to a limited degree. For detailed, health-related questions, in particular with regard to taking our products in conjunction with any medication, please consult your physician or pharmacist. In accordance with the applicable laws, these experts are permitted to provide you with healthcare-related and medical advice. We thank you for your understanding!<\/p>\n<p><strong>Dietary supplements are not a substitute for a balanced and varied diet and healthy lifestyle. The daily recommended intake must not be exceeded. Please store out of reach of children.<\/strong><\/p>\n<p>[\/vc_column_text][\/vc_accordion_tab][\/vc_accordion][\/vc_column][\/vc_row][vc_row][vc_column width=&#8221;1\/1&#8243;][vc_custom_heading heading_semantic=&#8221;p&#8221; text_size=&#8221;h4&#8243;]Further products for your well-being[\/vc_custom_heading][uncode_index el_id=&#8221;index-194855&#8243; index_type=&#8221;carousel&#8221; loop=&#8221;size:5|order_by:date|post_type:product|by_id:788,676,684,695,717&#8243; carousel_lg=&#8221;5&#8243; carousel_md=&#8221;3&#8243; carousel_sm=&#8221;2&#8243; gutter_size=&#8221;3&#8243; product_items=&#8221;media|featured|onpost|original|hide-sale,title&#8221; carousel_interval=&#8221;3000&#8243; carousel_navspeed=&#8221;400&#8243; stage_padding=&#8221;0&#8243; single_overlay_opacity=&#8221;50&#8243; single_h_align=&#8221;center&#8221; single_padding=&#8221;2&#8243; single_border=&#8221;yes&#8221;][\/vc_column][\/vc_row]<\/p>\n<\/div>","protected":false},"excerpt":{"rendered":"<p><strong>PZN 06426800<\/strong><br \/>\nPack with 120 vegetarian capsules<\/p>\n<hr \/>\n<p>Dietary supplement with 210 mg millet extract, brewer\u2019s yeast, biotin, vitamin B5 and additional vitamins and minerals. For supporting the supply of nutrients to the hair roots. Helps keep hair strong and healthy.<\/p>\n<hr \/>\n<p><img decoding=\"async\" src=\"https:\/\/www.avitale.de\/wp-content\/uploads\/2020\/11\/icon-lactosefree.png\" alt=\"\" width=\"75\" height=\"75\" \/> <img decoding=\"async\" src=\"https:\/\/www.avitale.de\/wp-content\/uploads\/2020\/11\/icon-vegan-en.png\" alt=\"\" width=\"75\" height=\"75\" \/> <img decoding=\"async\" src=\"https:\/\/www.avitale.de\/wp-content\/uploads\/2020\/11\/icon-sugarfree.png\" alt=\"\" width=\"75\" height=\"75\" \/> <img decoding=\"async\" src=\"https:\/\/www.avitale.de\/wp-content\/uploads\/2020\/11\/logo-madeingermany-en.png\" alt=\"\" width=\"115\" height=\"75\" \/><\/p>\n","protected":false},"featured_media":910,"template":"","meta":[],"product_brand":[],"product_cat":[252,270],"product_tag":[],"class_list":{"0":"post-2390","1":"product","2":"type-product","3":"status-publish","4":"has-post-thumbnail","6":"product_cat-dietary-supplements","7":"product_cat-hair-care-dietary","8":"pa_eigenschaft-lactose-free","9":"pa_eigenschaft-sugar-free","10":"pa_eigenschaft-vegan-en","12":"first","13":"instock","14":"shipping-taxable","15":"product-type-simple"},"_links":{"self":[{"href":"https:\/\/www.avitale.de\/en\/wp-json\/wp\/v2\/product\/2390","targetHints":{"allow":["GET"]}}],"collection":[{"href":"https:\/\/www.avitale.de\/en\/wp-json\/wp\/v2\/product"}],"about":[{"href":"https:\/\/www.avitale.de\/en\/wp-json\/wp\/v2\/types\/product"}],"wp:featuredmedia":[{"embeddable":true,"href":"https:\/\/www.avitale.de\/en\/wp-json\/wp\/v2\/media\/910"}],"wp:attachment":[{"href":"https:\/\/www.avitale.de\/en\/wp-json\/wp\/v2\/media?parent=2390"}],"wp:term":[{"taxonomy":"product_brand","embeddable":true,"href":"https:\/\/www.avitale.de\/en\/wp-json\/wp\/v2\/product_brand?post=2390"},{"taxonomy":"product_cat","embeddable":true,"href":"https:\/\/www.avitale.de\/en\/wp-json\/wp\/v2\/product_cat?post=2390"},{"taxonomy":"product_tag","embeddable":true,"href":"https:\/\/www.avitale.de\/en\/wp-json\/wp\/v2\/product_tag?post=2390"}],"curies":[{"name":"wp","href":"https:\/\/api.w.org\/{rel}","templated":true}]}}