{"id":2386,"date":"2019-10-14T12:36:04","date_gmt":"2019-10-14T12:36:04","guid":{"rendered":"https:\/\/www.avitale.de\/produkt\/ginger-capsules\/"},"modified":"2020-11-17T06:15:48","modified_gmt":"2020-11-17T06:15:48","slug":"ginger-capsules","status":"publish","type":"product","link":"https:\/\/www.avitale.de\/en\/product\/ginger-capsules\/","title":{"rendered":"Ginger Capsules"},"content":{"rendered":"<div class=\"wpb-content-wrapper\"><p>[vc_row row_height_percent=&#8221;0&#8243; overlay_alpha=&#8221;50&#8243; gutter_size=&#8221;3&#8243; column_width_percent=&#8221;100&#8243; shift_y=&#8221;0&#8243; z_index=&#8221;0&#8243; shape_dividers=&#8221;&#8221; el_class=&#8221;hide-content-en&#8221;][vc_column width=&#8221;1\/1&#8243;][vc_row_inner][vc_column_inner column_width_percent=&#8221;100&#8243; position_vertical=&#8221;middle&#8221; gutter_size=&#8221;3&#8243; overlay_alpha=&#8221;50&#8243; shift_x=&#8221;0&#8243; shift_y=&#8221;0&#8243; shift_y_down=&#8221;0&#8243; z_index=&#8221;0&#8243; medium_width=&#8221;0&#8243; mobile_width=&#8221;0&#8243; width=&#8221;1\/2&#8243;][vc_column_text]<strong>Wissenswertes zu Ingwer<\/strong><\/p>\n<p>Der botanische Name f\u00fcr Ingwer lautet Zingiber Officinale. Urspr\u00fcnglich beheimatet war die mehrj\u00e4hrige Pflanze in S\u00fcdostasien, heute sind die Hauptanbaugebiete in Australien, Asien und S\u00fcdamerika zu finden, wo der Ingwer als Nutzpflanze angebaut wird. Ingwer braucht zum Wachsen und Gedeihen ein tropisches Klima.<\/p>\n<p>Der als Gew\u00fcrz und Nahrungsmittel verwendete Teil der Pflanze ist die Ingwerknolle. Hierbei handelt es sich nicht um die Wurzel, sondern um ein Rhizom, welches horizontal unter der Erdoberfl\u00e4che w\u00e4chst. Von diesem gehen nach unten die Wurzeln ab und nach oben St\u00e4ngel, die bis zu 1 m hoch werden k\u00f6nnen. Das Rhizom dient der Ingwerpflanze als N\u00e4hrstoffspeicher und zur vegetativen Vermehrung: Es kann geteilt werden und aus jedem Teilst\u00fcck entsteht eine neue Pflanze.<\/p>\n<p>Bereits im Altertum war Ingwer ein gesch\u00e4tztes Gew\u00fcrz in China und Indien, von dort kam er \u00fcber den Mittelmeerraum auch nach Europa. Ingwer zeichnet sich durch einen zitronen\u00e4hnlichen, frischen Duft und eine charakteristische Sch\u00e4rfe aus.[\/vc_column_text][\/vc_column_inner][vc_column_inner column_width_percent=&#8221;100&#8243; position_vertical=&#8221;middle&#8221; gutter_size=&#8221;3&#8243; overlay_alpha=&#8221;50&#8243; shift_x=&#8221;0&#8243; shift_y=&#8221;0&#8243; shift_y_down=&#8221;0&#8243; z_index=&#8221;0&#8243; medium_width=&#8221;0&#8243; mobile_width=&#8221;0&#8243; width=&#8221;1\/2&#8243;][vc_single_image media=&#8221;1785&#8243; media_width_percent=&#8221;100&#8243; alignment=&#8221;center&#8221;][\/vc_column_inner][\/vc_row_inner][vc_column_text]<strong>Die Vitamine C und B1: Wichtig f\u00fcr das Wohlbefinden<\/strong><\/p>\n<p>Vitamin C und Vitamin B1 sind wasserl\u00f6sliche Vitamine, die der K\u00f6rper nicht selbst produzieren kann und von denen er auch keine Vorratsreserven bilden kann. Sie m\u00fcssen regelm\u00e4\u00dfig und konstant durch Nahrungsmittel aufgenommen werden. Beide Vitamine tragen zu einem normalen Energiestoffwechsel sowie zur normalen psychischen Funktion und einer normalen Funktion des Nervensystems bei.<\/p>\n<p>Vitamin C wurde 1912 entdeckt. Es ist ein wichtiges Antioxidans f\u00fcr den Organismus, da es als Gegengewicht zu freien Radikalen dazu beitr\u00e4gt, die Zellen vor oxidativem Stress zu sch\u00fctzen. Es unterst\u00fctzt eine normale Funktion des Immunsystems und tr\u00e4gt zur Verringerung von M\u00fcdigkeit und Erm\u00fcdung bei. Es leistet einen Beitrag zu einer normalen Kollagenbildung f\u00fcr eine normale Funktion der Blutgef\u00e4\u00dfe und erh\u00f6ht die Eisenaufnahme.<\/p>\n<p>Vitamin B1 wurde 1926 erstmalig isoliert und erhielt 1932 den Namen Thiamin. Neben seinem Beitrag zu einem normalen Energiestoffwechsel tr\u00e4gt Vitamin B1 auch zu einer normalen Herzfunktion bei.[\/vc_column_text][\/vc_column][\/vc_row][vc_row][vc_column width=&#8221;1\/1&#8243;][vc_separator sep_color=&#8221;accent&#8221; icon=&#8221;fa fa-heart-o&#8221; icon_position=&#8221;left&#8221;][vc_column_text]<\/p>\n<p><strong>PRODUCT QUALITY AT THE BEST PRICE A FOCUS ON CUSTOMERS AND EXPERTISE<\/strong><\/p>\n<p>Product safety and high-quality raw materials are our top priority. We want to serve our customers as a reliable and responsible partner. Experts regularly conduct detailed studies to ensure that the excellent standard of our product range remains constant. To maintain this high, consistent standard, we \u2013 among other things \u2013 manufacture our dietary supplement with a certified pharmaceutical company in Germany.<\/p>\n<p>[\/vc_column_text][vc_empty_space empty_h=&#8221;2&#8243;][vc_accordion][vc_accordion_tab title=&#8221;RECOMMENDED INTAKE&#8221; tab_id=&#8221;1569249169-1-3715692492810021570435190394&#8243;][vc_column_text]Take one capsule three times daily with a glass of water. The capsules do not have to be taken with food.[\/vc_column_text][\/vc_accordion_tab][vc_accordion_tab title=&#8221;INGREDIENTS&#8221; tab_id=&#8221;1570437963490-3-8&#8243;][vc_column_text]<\/p>\n<p>Ginger Powder, Vitamin C, Capsule Shell: Gelatine, Separating Agent: Tricalcium Phosphate and Magnesium Salts of Fatty Acids (Plant-Based), Vitamin B1<\/p>\n<p>May contain sulphur dioxide in concentrations above 10mg\/kg.<\/p>\n<p>The capsules are produced in Germany by a certified pharmaceutical manufacturer.<\/p>\n<p>Avitale Ginger Capsules are free from gluten, lactose, colourants and preservatives.<\/p>\n<p>[\/vc_column_text][vc_empty_space empty_h=&#8221;2&#8243;][vc_column_text]<\/p>\n<p><strong>Three capsules contain<\/strong><\/p>\n<p>1,500 mg ginger powder<br \/>\n540 mg vitamin C (675% NRV*)<br \/>\n8.4 mg vitamin B1 (763.24% NRV*)<\/p>\n<p>[\/vc_column_text][vc_empty_space empty_h=&#8221;2&#8243;][vc_column_text]NRV* = % of the nutrient reference value in accordance with the EU Regulation on Food Information to Consumers[\/vc_column_text][\/vc_accordion_tab][vc_accordion_tab title=&#8221;IMPORTANT INFORMATION&#8221; tab_id=&#8221;1570437982549-4-7&#8243;][vc_column_text]<\/p>\n<p>Owing to the Health Claims Regulation EU No. 1924\/2006, we are not permitted to advertise the effects of our food products or dietary supplements. We therefore ask for your understanding that our customer service team are only able to answer any related questions to a limited degree. For detailed, health-related questions, in particular with regard to taking our products in conjunction with any medication, please consult your physician or pharmacist. In accordance with the applicable laws, these experts are permitted to provide you with healthcare-related and medical advice. We thank you for your understanding!<\/p>\n<p><strong>Dietary supplements are not a substitute for a balanced and varied diet and healthy lifestyle. The daily recommended intake must not be exceeded. Please store out of reach of children.<\/strong><\/p>\n<p>[\/vc_column_text][\/vc_accordion_tab][\/vc_accordion][\/vc_column][\/vc_row][vc_row][vc_column width=&#8221;1\/1&#8243;][vc_custom_heading heading_semantic=&#8221;p&#8221; text_size=&#8221;h4&#8243;]Further products for your well-being[\/vc_custom_heading][uncode_index el_id=&#8221;index-194855&#8243; index_type=&#8221;carousel&#8221; loop=&#8221;size:5|order_by:date|post_type:product|by_id:874,728,656,809,932&#8243; carousel_lg=&#8221;5&#8243; carousel_md=&#8221;3&#8243; carousel_sm=&#8221;2&#8243; gutter_size=&#8221;3&#8243; product_items=&#8221;media|featured|onpost|original|hide-sale,title&#8221; carousel_interval=&#8221;3000&#8243; carousel_navspeed=&#8221;400&#8243; stage_padding=&#8221;0&#8243; single_overlay_opacity=&#8221;50&#8243; single_h_align=&#8221;center&#8221; single_padding=&#8221;2&#8243; single_border=&#8221;yes&#8221;][\/vc_column][\/vc_row]<\/p>\n<\/div>","protected":false},"excerpt":{"rendered":"<p><strong>PZN 06732879<\/strong><br \/>\nTin with 90 capsules<\/p>\n<hr \/>\n<p>Avitale Ginger Capsules are a combined dietary supplement with ginger powder and vitamins C and B1 to support the immune system and normal functioning of the nervous system and metabolism.<\/p>\n<hr \/>\n<p><img decoding=\"async\" src=\"https:\/\/www.avitale.de\/wp-content\/uploads\/2020\/11\/icon-glutenfree.png\" alt=\"\" width=\"75\" height=\"75\" \/> <img decoding=\"async\" src=\"https:\/\/www.avitale.de\/wp-content\/uploads\/2020\/11\/icon-lactosefree.png\" alt=\"\" width=\"75\" height=\"75\" \/> <img decoding=\"async\" src=\"https:\/\/www.avitale.de\/wp-content\/uploads\/2020\/11\/icon-sugarfree.png\" alt=\"\" width=\"75\" height=\"75\" \/> <img decoding=\"async\" src=\"https:\/\/www.avitale.de\/wp-content\/uploads\/2020\/11\/logo-madeingermany-en.png\" alt=\"\" width=\"115\" height=\"75\" \/><\/p>\n","protected":false},"featured_media":1094,"template":"","meta":[],"product_brand":[],"product_cat":[252,273],"product_tag":[],"class_list":{"0":"post-2386","1":"product","2":"type-product","3":"status-publish","4":"has-post-thumbnail","6":"product_cat-dietary-supplements","7":"product_cat-immune-system-and-cell-protection","8":"pa_eigenschaft-gluten-free","9":"pa_eigenschaft-lactose-free","10":"pa_eigenschaft-sugar-free","12":"first","13":"instock","14":"shipping-taxable","15":"product-type-simple"},"_links":{"self":[{"href":"https:\/\/www.avitale.de\/en\/wp-json\/wp\/v2\/product\/2386","targetHints":{"allow":["GET"]}}],"collection":[{"href":"https:\/\/www.avitale.de\/en\/wp-json\/wp\/v2\/product"}],"about":[{"href":"https:\/\/www.avitale.de\/en\/wp-json\/wp\/v2\/types\/product"}],"wp:featuredmedia":[{"embeddable":true,"href":"https:\/\/www.avitale.de\/en\/wp-json\/wp\/v2\/media\/1094"}],"wp:attachment":[{"href":"https:\/\/www.avitale.de\/en\/wp-json\/wp\/v2\/media?parent=2386"}],"wp:term":[{"taxonomy":"product_brand","embeddable":true,"href":"https:\/\/www.avitale.de\/en\/wp-json\/wp\/v2\/product_brand?post=2386"},{"taxonomy":"product_cat","embeddable":true,"href":"https:\/\/www.avitale.de\/en\/wp-json\/wp\/v2\/product_cat?post=2386"},{"taxonomy":"product_tag","embeddable":true,"href":"https:\/\/www.avitale.de\/en\/wp-json\/wp\/v2\/product_tag?post=2386"}],"curies":[{"name":"wp","href":"https:\/\/api.w.org\/{rel}","templated":true}]}}