{"id":2382,"date":"2019-10-14T12:45:47","date_gmt":"2019-10-14T12:45:47","guid":{"rendered":"https:\/\/www.avitale.de\/produkt\/pumpkin-seed-extract-140\/"},"modified":"2026-03-23T10:37:34","modified_gmt":"2026-03-23T10:37:34","slug":"pumpkin-seed-extract-140","status":"publish","type":"product","link":"https:\/\/www.avitale.de\/en\/product\/pumpkin-seed-extract-140\/","title":{"rendered":"Pumpkin Seed Extract"},"content":{"rendered":"<div class=\"wpb-content-wrapper\"><p>[vc_row row_height_percent=&#8221;0&#8243; overlay_alpha=&#8221;50&#8243; gutter_size=&#8221;3&#8243; column_width_percent=&#8221;100&#8243; shift_y=&#8221;0&#8243; z_index=&#8221;0&#8243; shape_dividers=&#8221;&#8221; el_class=&#8221;hide-content-en&#8221;][vc_column width=&#8221;1\/1&#8243;][vc_row_inner][vc_column_inner column_width_percent=&#8221;100&#8243; position_vertical=&#8221;middle&#8221; gutter_size=&#8221;3&#8243; overlay_alpha=&#8221;50&#8243; shift_x=&#8221;0&#8243; shift_y=&#8221;0&#8243; shift_y_down=&#8221;0&#8243; z_index=&#8221;0&#8243; medium_width=&#8221;0&#8243; mobile_width=&#8221;0&#8243; width=&#8221;1\/2&#8243;][vc_column_text]<strong>Die K\u00fcrbiskerne<\/strong><\/p>\n<p>K\u00fcrbisgew\u00e4chse gibt es in \u00fcber 800 verschiedenen Arten und sie z\u00e4hlen zu den gr\u00f6\u00dften Fr\u00fcchten der Erde. Botanisch geh\u00f6ren sie der Familie der Cucurbitaceae an und gelten nicht als Gem\u00fcse, sondern werden den Beerenfr\u00fcchten zugerechnet. Die Fr\u00fcchte zeichnen sich durch ein enormes Form- und Farbspektrum aus.<br \/>\nK\u00fcrbiskerne, das Ausgangsprodukt eines der besten und teuersten \u00d6le, sind reich an unges\u00e4ttigten Fetts\u00e4uren, den Vitaminen A, C und E sowie Kalium, Magnesium, Eisen, Zink und Selen. Weiterhin enthalten sie wichtige Aminos\u00e4uren und Phytosterine, eine Gruppe von bioaktiven Inhaltsstoffen.[\/vc_column_text][\/vc_column_inner][vc_column_inner column_width_percent=&#8221;100&#8243; position_vertical=&#8221;middle&#8221; gutter_size=&#8221;3&#8243; overlay_alpha=&#8221;50&#8243; shift_x=&#8221;0&#8243; shift_y=&#8221;0&#8243; shift_y_down=&#8221;0&#8243; z_index=&#8221;0&#8243; medium_width=&#8221;0&#8243; mobile_width=&#8221;0&#8243; width=&#8221;1\/2&#8243;][vc_single_image media=&#8221;51793&#8243; media_width_percent=&#8221;50&#8243; alignment=&#8221;center&#8221;][\/vc_column_inner][\/vc_row_inner][vc_column_text]<strong>Die Brennnessel<\/strong><\/p>\n<p>Die \u201eGro\u00dfe Brennnessel\u201c geh\u00f6rt zur Familie der Nesselgew\u00e4chse und ist in ganz Europa verbreitet. Hauptmerkmal der Pflanzen sind ihre grob gezahnten Bl\u00e4tter mit den Brennhaaren. Die bekannteste Gattung ist die \u201eGemeine Brennnessel\u201c (Urtica dioica), ihre Bl\u00fcten sind wei\u00df bis hellviolett, sie bl\u00fcht von Juni bis Oktober.<br \/>\nBrennnesselbl\u00e4tter enthalten unter anderem Mineralstoffe und Vitamine, wie Kalium, Calcium, Eisen, Vitamin C und Vitamin E sowie Flavonoide und Kiesel-, Ameisen- und Essigs\u00e4ure.<\/p>\n<p><strong>Die S\u00e4gepalme <\/strong><\/p>\n<p>Die S\u00e4gepalme (Serenoa repens) ist vorwiegend in den s\u00fcdlichen K\u00fcstenstaaten Nordamerikas beheimatet, ihre Fr\u00fcchte werden Sabalfr\u00fcchte genannt. Aus ihnen wird in der Weiterverarbeitung der S\u00e4gepalmen-Extrakt gewonnen. Die S\u00e4gepalme enth\u00e4lt Phytohormone, Flavonoide, Palmetto-\u00d6l, Zuckerstoffe und Carotinoide.<\/p>\n<p><strong>Zink und Selen<\/strong><\/p>\n<p>Zink und Selen sind lebenswichtige, essentielle Spurenelemente und an vielen Stoffwechselprozessen im menschlichen Organismus beteiligt. Beide leisten einen Beitrag zu einer normalen Funktion des Immunsystems.<br \/>\nZink tr\u00e4gt zu einer normalen Fruchtbarkeit und einer normalen Reproduktion bei und ist wichtig f\u00fcr die Erhaltung eines normalen Testosteronspiegels im Blut. Selen tr\u00e4gt zu einer normalen Schilddr\u00fcsenfunktion bei und unterst\u00fctzt bei M\u00e4nnern die normale Spermabildung.[\/vc_column_text][\/vc_column][\/vc_row][vc_row][vc_column width=&#8221;1\/1&#8243;][vc_separator sep_color=&#8221;accent&#8221; icon=&#8221;fa fa-heart-o&#8221; icon_position=&#8221;left&#8221;][vc_column_text]<\/p>\n<p><strong>PRODUCT QUALITY AT THE BEST PRICE A FOCUS ON CUSTOMERS AND EXPERTISE<\/strong><\/p>\n<p>Product safety and high-quality raw materials are our top priority. We want to serve our customers as a reliable and responsible partner. Experts regularly conduct detailed studies to ensure that the excellent standard of our product range remains constant. To maintain this high, consistent standard, we \u2013 among other things \u2013 manufacture our dietary supplement with a certified pharmaceutical company in Germany.<\/p>\n<p>[\/vc_column_text][vc_empty_space empty_h=&#8221;2&#8243;][vc_accordion][vc_accordion_tab title=&#8221;RECOMMENDED INTAKE&#8221; tab_id=&#8221;1569249169-1-3715692492810021570435190394&#8243;][vc_column_text]Mornings and evenings, swallow one capsule whole before a main meal and plenty of fluids.[\/vc_column_text][\/vc_accordion_tab][vc_accordion_tab title=&#8221;INGREDIENTS&#8221; tab_id=&#8221;1570437963490-3-8&#8243;][vc_column_text]<\/p>\n<p>Pumpkin Seed Extract, Nettle Extract, Carrier: Maltodextrin and Silicon Dioxide, Capsule Shell: Hydroxypropyl Methylcellulose, Saw Palmetto Extract, Separating Agent: Tricalcium Phosphate and Magnesium Salts of Fatty Acids (Plant-Based), Zinc (Zinc Citrate), Inulin, Selenium (Sodium Selenate)<\/p>\n<p>This product is produced in Germany by a certified pharmaceutical manufacturer.<\/p>\n<p>Avitale Pumpkin Seed Extract Capsules are free from gluten, lactose, soy, colourants, preservatives and animal products.<\/p>\n<p>[\/vc_column_text][vc_empty_space empty_h=&#8221;2&#8243;][vc_column_text]<\/p>\n<p><strong>Two capsules contain<\/strong><\/p>\n<p>1,000 mg pumpkin seed extract<br \/>\n300 mg nettle extract (extracted from the leaves)<br \/>\n100 mg saw palmetto extract<br \/>\n10 mg zinc (100% NRV*)<br \/>\n84 mcg selenium (152.7% NRV*)<\/p>\n<p>[\/vc_column_text][vc_empty_space empty_h=&#8221;2&#8243;][vc_column_text]NRV* = % of the nutrient reference value in accordance with the EU Regulation on Food Information to Consumers[\/vc_column_text][\/vc_accordion_tab][vc_accordion_tab title=&#8221;IMPORTANT INFORMATION&#8221; tab_id=&#8221;1570437982549-4-7&#8243;][vc_column_text]<\/p>\n<p>Owing to the Health Claims Regulation EU No. 1924\/2006, we are not permitted to advertise the effects of our food products or dietary supplements. We therefore ask for your understanding that our customer service team are only able to answer any related questions to a limited degree. For detailed, health-related questions, in particular with regard to taking our products in conjunction with any medication, please consult your physician or pharmacist. In accordance with the applicable laws, these experts are permitted to provide you with healthcare-related and medical advice. We thank you for your understanding!<\/p>\n<p><strong>Dietary supplements are not a substitute for a balanced and varied diet and healthy lifestyle. The daily recommended intake must not be exceeded. Please store out of reach of children.<\/strong><\/p>\n<p>[\/vc_column_text][\/vc_accordion_tab][\/vc_accordion][\/vc_column][\/vc_row][vc_row][vc_column width=&#8221;1\/1&#8243;][vc_custom_heading heading_semantic=&#8221;p&#8221; text_size=&#8221;h4&#8243;]Further products for your well-being[\/vc_custom_heading][uncode_index el_id=&#8221;index-194855&#8243; index_type=&#8221;carousel&#8221; loop=&#8221;size:5|order_by:date|post_type:product|by_id:636,876,932,809,882&#8243; carousel_lg=&#8221;5&#8243; carousel_md=&#8221;3&#8243; carousel_sm=&#8221;2&#8243; gutter_size=&#8221;3&#8243; product_items=&#8221;media|featured|onpost|original|hide-sale,title&#8221; carousel_interval=&#8221;3000&#8243; carousel_navspeed=&#8221;400&#8243; stage_padding=&#8221;0&#8243; single_overlay_opacity=&#8221;50&#8243; single_h_align=&#8221;center&#8221; single_padding=&#8221;2&#8243; single_border=&#8221;yes&#8221;][\/vc_column][\/vc_row]<\/p>\n<\/div>","protected":false},"excerpt":{"rendered":"<p><strong>PZN 08896585<\/strong><br \/>\nPack with 140 vegetarian capsules<\/p>\n<p><strong>Also available as<\/strong><br \/>\n<a href=\"https:\/\/www.avitale.de\/en\/product\/pumpkin-seed-extract-80\/\">Pack with 80 vegetarian capsules<\/a><\/p>\n<hr \/>\n<p>Pumpkin Seed Extract Capsules are a dietary supplement with extracts of pumpkin seed, nettle and saw palmetto combined with zinc and selenium.<\/p>\n<hr \/>\n<p><img decoding=\"async\" src=\"https:\/\/www.avitale.de\/wp-content\/uploads\/2020\/11\/icon-glutenfree.png\" alt=\"\" width=\"75\" height=\"75\" \/> <img decoding=\"async\" src=\"https:\/\/www.avitale.de\/wp-content\/uploads\/2020\/11\/icon-lactosefree.png\" alt=\"\" width=\"75\" height=\"75\" \/> <img decoding=\"async\" src=\"https:\/\/www.avitale.de\/wp-content\/uploads\/2020\/11\/icon-vegan-en.png\" alt=\"\" width=\"75\" height=\"75\" \/> <img decoding=\"async\" src=\"https:\/\/www.avitale.de\/wp-content\/uploads\/2020\/11\/logo-madeingermany-en.png\" alt=\"\" width=\"115\" height=\"75\" \/><\/p>\n","protected":false},"featured_media":2383,"template":"","meta":[],"product_brand":[],"product_cat":[252,280,271],"product_tag":[],"class_list":{"0":"post-2382","1":"product","2":"type-product","3":"status-publish","4":"has-post-thumbnail","6":"product_cat-dietary-supplements","7":"product_cat-products-for-men","8":"product_cat-urinary-tract-bladder-prostate-dietary","9":"pa_eigenschaft-gluten-free","10":"pa_eigenschaft-lactose-free","11":"pa_eigenschaft-vegan-en","13":"first","14":"instock","15":"shipping-taxable","16":"product-type-simple"},"_links":{"self":[{"href":"https:\/\/www.avitale.de\/en\/wp-json\/wp\/v2\/product\/2382","targetHints":{"allow":["GET"]}}],"collection":[{"href":"https:\/\/www.avitale.de\/en\/wp-json\/wp\/v2\/product"}],"about":[{"href":"https:\/\/www.avitale.de\/en\/wp-json\/wp\/v2\/types\/product"}],"wp:featuredmedia":[{"embeddable":true,"href":"https:\/\/www.avitale.de\/en\/wp-json\/wp\/v2\/media\/2383"}],"wp:attachment":[{"href":"https:\/\/www.avitale.de\/en\/wp-json\/wp\/v2\/media?parent=2382"}],"wp:term":[{"taxonomy":"product_brand","embeddable":true,"href":"https:\/\/www.avitale.de\/en\/wp-json\/wp\/v2\/product_brand?post=2382"},{"taxonomy":"product_cat","embeddable":true,"href":"https:\/\/www.avitale.de\/en\/wp-json\/wp\/v2\/product_cat?post=2382"},{"taxonomy":"product_tag","embeddable":true,"href":"https:\/\/www.avitale.de\/en\/wp-json\/wp\/v2\/product_tag?post=2382"}],"curies":[{"name":"wp","href":"https:\/\/api.w.org\/{rel}","templated":true}]}}