{"id":2331,"date":"2019-10-14T13:22:23","date_gmt":"2019-10-14T13:22:23","guid":{"rendered":"https:\/\/www.avitale.de\/produkt\/magnesium-400-direct-orange-100\/"},"modified":"2026-03-23T10:43:44","modified_gmt":"2026-03-23T10:43:44","slug":"magnesium-400-direct-orange-100","status":"publish","type":"product","link":"https:\/\/www.avitale.de\/en\/product\/magnesium-400-direct-orange-100\/","title":{"rendered":"Magnesium 400 direct Orange"},"content":{"rendered":"<div class=\"wpb-content-wrapper\"><p>[vc_row row_height_percent=&#8221;0&#8243; overlay_alpha=&#8221;50&#8243; gutter_size=&#8221;3&#8243; column_width_percent=&#8221;100&#8243; shift_y=&#8221;0&#8243; z_index=&#8221;0&#8243; shape_dividers=&#8221;&#8221; el_class=&#8221;hide-content-en&#8221;][vc_column width=&#8221;1\/1&#8243;][vc_row_inner][vc_column_inner column_width_percent=&#8221;100&#8243; position_vertical=&#8221;middle&#8221; gutter_size=&#8221;3&#8243; overlay_alpha=&#8221;50&#8243; shift_x=&#8221;0&#8243; shift_y=&#8221;0&#8243; shift_y_down=&#8221;0&#8243; z_index=&#8221;0&#8243; medium_width=&#8221;0&#8243; mobile_width=&#8221;0&#8243; width=&#8221;1\/2&#8243;][vc_column_text]Avitale Magnesium 400 Direkt ist ideal, um den Magnesiumspiegel t\u00e4glich zu sichern. Das leckere Granulat mit fruchtigem Orangengeschmack kann ohne Fl\u00fcssigkeit sofort eingenommen werden. Nur ein Stick t\u00e4glich versorgt den K\u00f6rper mit 107% der Referenzmenge an Magnesium.<\/p>\n<p>Ein guter Magnesiumspiegel ist aufgrund der zahlreichen, unterschiedlichen Funktionen im K\u00f6rper wichtig f\u00fcr das Wohlbefinden. Der Mineralstoff unterst\u00fctzt die k\u00f6rperliche und geistige Vitalit\u00e4t und sorgt f\u00fcr Energie und Elan. Er wird vom K\u00f6rper f\u00fcr ca. 300 Stoffwechselprozesse ben\u00f6tigt.<\/p>\n<p>Magnesium muss permanent durch die t\u00e4gliche Nahrung aufgenommen werden, da der menschliche K\u00f6rper es weder selbst herstellen noch lange speichern kann. Um das Magnesiumdepot im K\u00f6rper aufrecht zu erhalten, ist laut Referenzmenge der \u201eDeutschen Gesellschaft f\u00fcr Ern\u00e4hrung\u201c f\u00fcr gesunde, erwachsene Personen eine t\u00e4gliche Zufuhr von ca. 300 bis 400 mg Magnesium sinnvoll. Manchmal ist es schwierig, \u00fcber die t\u00e4gliche Ern\u00e4hrung die empfohlene Menge Magnesium zu erreichen. Oder der t\u00e4gliche Bedarf erh\u00f6ht sich, etwa bei Stress, sportlichen Aktivit\u00e4ten oder w\u00e4hrend Schwangerschaft und Stillzeit.[\/vc_column_text][\/vc_column_inner][vc_column_inner column_width_percent=&#8221;100&#8243; position_vertical=&#8221;middle&#8221; gutter_size=&#8221;3&#8243; overlay_alpha=&#8221;50&#8243; shift_x=&#8221;0&#8243; shift_y=&#8221;0&#8243; shift_y_down=&#8221;0&#8243; z_index=&#8221;0&#8243; medium_width=&#8221;0&#8243; mobile_width=&#8221;0&#8243; width=&#8221;1\/2&#8243;][vc_single_image media=&#8221;51790&#8243; media_width_percent=&#8221;100&#8243; alignment=&#8221;center&#8221;][\/vc_column_inner][\/vc_row_inner][vc_row_inner row_inner_height_percent=&#8221;0&#8243; overlay_alpha=&#8221;50&#8243; gutter_size=&#8221;3&#8243; shift_y=&#8221;0&#8243; z_index=&#8221;0&#8243; inverted_device_order=&#8221;yes&#8221;][vc_column_inner column_width_percent=&#8221;100&#8243; position_vertical=&#8221;middle&#8221; gutter_size=&#8221;3&#8243; overlay_alpha=&#8221;50&#8243; shift_x=&#8221;0&#8243; shift_y=&#8221;0&#8243; shift_y_down=&#8221;0&#8243; z_index=&#8221;0&#8243; medium_width=&#8221;0&#8243; mobile_width=&#8221;0&#8243; width=&#8221;1\/2&#8243;][vc_single_image media=&#8221;51791&#8243; media_width_percent=&#8221;60&#8243; alignment=&#8221;center&#8221;][\/vc_column_inner][vc_column_inner column_width_percent=&#8221;100&#8243; position_vertical=&#8221;middle&#8221; gutter_size=&#8221;3&#8243; overlay_alpha=&#8221;50&#8243; shift_x=&#8221;0&#8243; shift_y=&#8221;0&#8243; shift_y_down=&#8221;0&#8243; z_index=&#8221;0&#8243; medium_width=&#8221;0&#8243; mobile_width=&#8221;0&#8243; width=&#8221;1\/2&#8243;][vc_column_text]<strong>Funktionen von Magnesium im K\u00f6rper<\/strong><\/p>\n<p>Magnesium unterst\u00fctzt die Erhaltung normaler Knochen und eine normale Muskelfunktion.<\/p>\n<p>Magnesium tr\u00e4gt zu einer normalen Funktion des Nervensystems und zur normalen psychischen Funktion bei.<\/p>\n<p>Magnesium hat eine Funktion bei der Zellteilung.<\/p>\n<p>Magnesium leistet einen Beitrag zu einem normalen Energiestoffwechsel und ist hilfreich bei der Verringerung von M\u00fcdigkeit und Erm\u00fcdung.<\/p>\n<p>Magnesium tr\u00e4gt zu einer normalen Eiwei\u00dfsynthese sowie zum Elektrolytgleichgewicht bei.<\/p>\n<p>Magnesium ist wichtig zur Erhaltung normaler Z\u00e4hne.[\/vc_column_text][\/vc_column_inner][\/vc_row_inner][\/vc_column][\/vc_row][vc_row][vc_column width=&#8221;1\/1&#8243;][vc_separator sep_color=&#8221;accent&#8221; icon=&#8221;fa fa-heart-o&#8221; icon_position=&#8221;left&#8221;][vc_column_text]<\/p>\n<p><strong>PRODUCT QUALITY AT THE BEST PRICE A FOCUS ON CUSTOMERS AND EXPERTISE<\/strong><\/p>\n<p>Product safety and high-quality raw materials are our top priority. We want to serve our customers as a reliable and responsible partner. Experts regularly conduct detailed studies to ensure that the excellent standard of our product range remains constant. To maintain this high, consistent standard, we \u2013 among other things \u2013 manufacture our dietary supplement with a certified pharmaceutical company in Germany.<\/p>\n<p>[\/vc_column_text][vc_empty_space empty_h=&#8221;2&#8243;][vc_accordion][vc_accordion_tab title=&#8221;RECOMMENDED INTAKE&#8221; tab_id=&#8221;1569249169-1-3715692492810021570435190394&#8243;][vc_column_text]Once daily, empty the content of one stick directly onto your tongue. Allow the granulate to slowly dissolve and then swallow.[\/vc_column_text][\/vc_accordion_tab][vc_accordion_tab title=&#8221;INGREDIENTS&#8221; tab_id=&#8221;1570437963490-3-8&#8243;][vc_column_text]<\/p>\n<p>Filler: Sorbitol; Trimagnesium Citrate 9 Hydrate (30.48%), Magnesium Oxide (27.38%), Acidifier: Citric Acid, Orange Fruit Powder (2.86%), Colourant: Iron Oxide; Separating Agent: Tricalcium Phosphate, Orange Aroma, Separating Agent: Magnesium Salts of Fatty Acids (Plant-Based)<\/p>\n<p>Avitale Magnesium 400 direct Orange Flavour is free from gluten and lactose, and is manufactured without the addition of sugar or artificial sweeteners.<\/p>\n<p>The capsules are produced in Germany by a certified pharmaceutical manufacturer.<\/p>\n<p>[\/vc_column_text][vc_empty_space empty_h=&#8221;2&#8243;][vc_column_text]<\/p>\n<p><strong>One stick (daily allowance) contains<\/strong><\/p>\n<p>400mg magnesium (107% NRV*)<\/p>\n<p>[\/vc_column_text][vc_empty_space empty_h=&#8221;2&#8243;][vc_column_text]NRV* = % of the nutrient reference value in accordance with the EU Regulation on Food Information to Consumers[\/vc_column_text][\/vc_accordion_tab][vc_accordion_tab title=&#8221;IMPORTANT INFORMATION&#8221; tab_id=&#8221;1570437982549-4-7&#8243;][vc_column_text]<\/p>\n<p>Magnesium can have a laxative effect in susceptible individuals. If you suffer from reduced kidney function, please consult your physician before taking this dietary supplement. This product is not suitable for children.<\/p>\n<p>Owing to the Health Claims Regulation EU No. 1924\/2006, we are not permitted to advertise the effects of our food products or dietary supplements. We therefore ask for your understanding that our customer service team are only able to answer any related questions to a limited degree. For detailed, health-related questions, in particular with regard to taking our products in conjunction with any medication, please consult your physician or pharmacist. In accordance with the applicable laws, these experts are permitted to provide you with healthcare-related and medical advice. We thank you for your understanding!<\/p>\n<p><strong>Dietary supplements are not a substitute for a balanced and varied diet and healthy lifestyle. The daily recommended intake must not be exceeded. Please store out of reach of children.<\/strong><\/p>\n<p>[\/vc_column_text][\/vc_accordion_tab][\/vc_accordion][\/vc_column][\/vc_row][vc_row][vc_column width=&#8221;1\/1&#8243;][vc_custom_heading heading_semantic=&#8221;p&#8221; text_size=&#8221;h4&#8243;]Further products for your well-being[\/vc_custom_heading][uncode_index el_id=&#8221;index-194855&#8243; index_type=&#8221;carousel&#8221; loop=&#8221;size:5|order_by:date|post_type:product|by_id:876,814,897,860,869&#8243; carousel_lg=&#8221;5&#8243; carousel_md=&#8221;3&#8243; carousel_sm=&#8221;2&#8243; gutter_size=&#8221;3&#8243; product_items=&#8221;media|featured|onpost|original|hide-sale,title&#8221; carousel_interval=&#8221;3000&#8243; carousel_navspeed=&#8221;400&#8243; stage_padding=&#8221;0&#8243; single_overlay_opacity=&#8221;50&#8243; single_h_align=&#8221;center&#8221; single_padding=&#8221;2&#8243; single_border=&#8221;yes&#8221;][\/vc_column][\/vc_row]<\/p>\n<\/div>","protected":false},"excerpt":{"rendered":"<p><strong>PZN 15529918<\/strong><br \/>\nFolding carton with 100 sticks<\/p>\n<p><strong>Also available as<\/strong><br \/>\n<a href=\"https:\/\/www.avitale.de\/en\/product\/magnesium-400-direct-orange-20\/\">Folding carton with 20 sticks<\/a><br \/>\n<a href=\"https:\/\/www.avitale.de\/en\/product\/magnesium-400-direct-orange-50\/\">Folding carton with 50 sticks<\/a><\/p>\n<hr \/>\n<p>Dietary supplement with 400mg magnesium per stick to maintain muscle function and normal bones, and to support the metabolism and nervous system. Contains sorbitol.<\/p>\n<p>Direct granulate with a palatable orange flavour, to ingest without water.<\/p>\n<hr \/>\n<p><img decoding=\"async\" src=\"https:\/\/www.avitale.de\/wp-content\/uploads\/2020\/11\/icon-glutenfree.png\" alt=\"\" width=\"75\" height=\"75\" \/> <img decoding=\"async\" src=\"https:\/\/www.avitale.de\/wp-content\/uploads\/2020\/11\/icon-lactosefree.png\" alt=\"\" width=\"75\" height=\"75\" \/> <img decoding=\"async\" src=\"https:\/\/www.avitale.de\/wp-content\/uploads\/2020\/11\/icon-vegan-en.png\" alt=\"\" width=\"75\" height=\"75\" \/> <img decoding=\"async\" src=\"https:\/\/www.avitale.de\/wp-content\/uploads\/2020\/11\/icon-sugarfree.png\" alt=\"\" width=\"75\" height=\"75\" \/> <img decoding=\"async\" src=\"https:\/\/www.avitale.de\/wp-content\/uploads\/2020\/11\/logo-madeingermany-en.png\" alt=\"\" width=\"115\" height=\"75\" \/><\/p>\n","protected":false},"featured_media":2332,"template":"","meta":[],"product_brand":[],"product_cat":[254,252,276],"product_tag":[],"class_list":{"0":"post-2331","1":"product","2":"type-product","3":"status-publish","4":"has-post-thumbnail","6":"product_cat-bestseller-en","7":"product_cat-dietary-supplements","8":"product_cat-muscles-bones-mobility","9":"pa_eigenschaft-gluten-free","10":"pa_eigenschaft-lactose-free","11":"pa_eigenschaft-sugar-free","12":"pa_eigenschaft-vegan-en","14":"first","15":"instock","16":"shipping-taxable","17":"product-type-simple"},"_links":{"self":[{"href":"https:\/\/www.avitale.de\/en\/wp-json\/wp\/v2\/product\/2331","targetHints":{"allow":["GET"]}}],"collection":[{"href":"https:\/\/www.avitale.de\/en\/wp-json\/wp\/v2\/product"}],"about":[{"href":"https:\/\/www.avitale.de\/en\/wp-json\/wp\/v2\/types\/product"}],"wp:featuredmedia":[{"embeddable":true,"href":"https:\/\/www.avitale.de\/en\/wp-json\/wp\/v2\/media\/2332"}],"wp:attachment":[{"href":"https:\/\/www.avitale.de\/en\/wp-json\/wp\/v2\/media?parent=2331"}],"wp:term":[{"taxonomy":"product_brand","embeddable":true,"href":"https:\/\/www.avitale.de\/en\/wp-json\/wp\/v2\/product_brand?post=2331"},{"taxonomy":"product_cat","embeddable":true,"href":"https:\/\/www.avitale.de\/en\/wp-json\/wp\/v2\/product_cat?post=2331"},{"taxonomy":"product_tag","embeddable":true,"href":"https:\/\/www.avitale.de\/en\/wp-json\/wp\/v2\/product_tag?post=2331"}],"curies":[{"name":"wp","href":"https:\/\/api.w.org\/{rel}","templated":true}]}}