{"id":2313,"date":"2019-10-14T14:09:19","date_gmt":"2019-10-14T14:09:19","guid":{"rendered":"https:\/\/www.avitale.de\/produkt\/american-cranberry-capsules-240\/"},"modified":"2026-02-27T09:41:14","modified_gmt":"2026-02-27T09:41:14","slug":"american-cranberry-capsules-240","status":"publish","type":"product","link":"https:\/\/www.avitale.de\/en\/product\/american-cranberry-capsules-240\/","title":{"rendered":"American Cranberry Capsules"},"content":{"rendered":"<div class=\"wpb-content-wrapper\"><p>[vc_row row_height_percent=&#8221;0&#8243; overlay_alpha=&#8221;50&#8243; gutter_size=&#8221;3&#8243; column_width_percent=&#8221;100&#8243; shift_y=&#8221;0&#8243; z_index=&#8221;0&#8243; el_class=&#8221;hide-content-en&#8221;][vc_column width=&#8221;1\/1&#8243;][vc_row_inner][vc_column_inner column_width_percent=&#8221;100&#8243; position_vertical=&#8221;middle&#8221; gutter_size=&#8221;3&#8243; overlay_alpha=&#8221;50&#8243; shift_x=&#8221;0&#8243; shift_y=&#8221;0&#8243; shift_y_down=&#8221;0&#8243; z_index=&#8221;0&#8243; medium_width=&#8221;0&#8243; mobile_width=&#8221;0&#8243; width=&#8221;1\/2&#8243;][vc_column_text uncode_shortcode_id=&#8221;127850&#8243;]<strong>Amerikanische Preiselbeere: Traditionell bekannt und gut f\u00fcr das Wohlbefinden<\/strong><\/p>\n<p>Der Genuss von Amerikanischen Preiselbeeren mit ihren Inhaltsstoffen kann f\u00fcr das allgemeine Wohlbefinden eine wertvolle Unterst\u00fctzung darstellen.<\/p>\n<p>Nur in den Avitale Amerikanische Preiselbeere Kapseln kommt auch das originale Cranberryextrakt zum Einsatz. Diese eigens f\u00fcr die Avitale Produkte komponierte Mischung enth\u00e4lt nur beste Rohstoffe erster Qualit\u00e4t und wird von einem zertifizierten deutschen Arzneimittelhersteller sorgsam verarbeitet.<\/p>\n<p>Avitale Cranberryextrakt enth\u00e4lt gem\u00e4\u00df aktueller Produktionsanalyse durch ein unabh\u00e4ngiges, neutrales Labor mindestens 36 mg Proanthocyane per Tagesdosis.[\/vc_column_text][\/vc_column_inner][vc_column_inner column_width_percent=&#8221;100&#8243; position_vertical=&#8221;middle&#8221; gutter_size=&#8221;3&#8243; overlay_alpha=&#8221;50&#8243; shift_x=&#8221;0&#8243; shift_y=&#8221;0&#8243; shift_y_down=&#8221;0&#8243; z_index=&#8221;0&#8243; medium_width=&#8221;0&#8243; mobile_width=&#8221;0&#8243; width=&#8221;1\/2&#8243;][vc_single_image media=&#8221;49794&#8243; media_width_percent=&#8221;70&#8243; alignment=&#8221;center&#8221;][\/vc_column_inner][\/vc_row_inner][\/vc_column][\/vc_row][vc_row][vc_column width=&#8221;1\/1&#8243;][vc_separator sep_color=&#8221;accent&#8221; icon=&#8221;fa fa-heart-o&#8221; icon_position=&#8221;left&#8221;][vc_column_text]<\/p>\n<p><strong>PRODUCT QUALITY AT THE BEST PRICE A FOCUS ON CUSTOMERS AND EXPERTISE<\/strong><\/p>\n<p>Product safety and high-quality raw materials are our top priority. We want to serve our customers as a reliable and responsible partner. Experts regularly conduct detailed studies to ensure that the excellent standard of our product range remains constant. To maintain this high, consistent standard, we \u2013 among other things \u2013 manufacture our dietary supplement with a certified pharmaceutical company in Germany.<\/p>\n<p>[\/vc_column_text][vc_empty_space empty_h=&#8221;2&#8243;][vc_accordion][vc_accordion_tab title=&#8221;RECOMMENDED INTAKE&#8221; tab_id=&#8221;1569249169-1-3715692492810021570435190394&#8243;][vc_column_text]Take two capsules daily with your meals.[\/vc_column_text][\/vc_accordion_tab][vc_accordion_tab title=&#8221;INGREDIENTS&#8221; tab_id=&#8221;1570437963490-3-8&#8243;][vc_column_text uncode_shortcode_id=&#8221;126775&#8243;]Cranberry Extract, Carrier: Maltodextrin; Gelatine (Capsule Shell), Separating Agent: Magnesium Hydroxide, Tricalcium Phosphate and Magnesium Salts of Fatty Acids (Plant-Based); Maltodextrin[\/vc_column_text][\/vc_accordion_tab][vc_accordion_tab title=&#8221;COMPOSITION&#8221; tab_id=&#8221;1571061996567-3-3&#8243;][vc_column_text]According to the current product analysis, two capsules are guaranteed to contain 36 mg of proanthocyanidins.[\/vc_column_text][\/vc_accordion_tab][vc_accordion_tab title=&#8221;IMPORTANT INFORMATION&#8221; tab_id=&#8221;1570437982549-4-7&#8243;][vc_column_text uncode_shortcode_id=&#8221;112987&#8243;]<\/p>\n<p>Owing to the Health Claims Regulation EU No. 1924\/2006, we are not permitted to advertise the effects of our food products or dietary supplements. We therefore ask for your understanding that our customer service team are only able to answer any related questions to a limited degree. For detailed, health-related questions, in particular with regard to taking our products in conjunction with any medication, please consult your physician or pharmacist. In accordance with the applicable laws, these experts are permitted to provide you with healthcare-related and medical advice. We thank you for your understanding!<\/p>\n<p><strong>Dietary supplements are not a substitute for a balanced and varied diet and healthy lifestyle. The daily recommended intake must not be exceeded. Please store out of reach of children.<\/strong><\/p>\n<p>[\/vc_column_text][\/vc_accordion_tab][\/vc_accordion][\/vc_column][\/vc_row][vc_row][vc_column width=&#8221;1\/1&#8243;][vc_custom_heading heading_semantic=&#8221;p&#8221; text_size=&#8221;h4&#8243;]Further products for your well-being[\/vc_custom_heading][uncode_index el_id=&#8221;index-194855&#8243; index_type=&#8221;carousel&#8221; loop=&#8221;size:5|order_by:title|order:ASC|post_type:product|by_id:941,948,788,676,790&#8243; carousel_lg=&#8221;5&#8243; carousel_md=&#8221;3&#8243; carousel_sm=&#8221;2&#8243; gutter_size=&#8221;3&#8243; product_items=&#8221;media|featured|onpost|original|hide-sale,title&#8221; carousel_interval=&#8221;3000&#8243; carousel_navspeed=&#8221;400&#8243; stage_padding=&#8221;0&#8243; single_overlay_opacity=&#8221;50&#8243; single_h_align=&#8221;center&#8221; single_padding=&#8221;2&#8243; single_border=&#8221;yes&#8221;][\/vc_column][\/vc_row]<\/p>\n<\/div>","protected":false},"excerpt":{"rendered":"<p><strong>PZN 03002442<\/strong><br \/>\nTin with 240 capsules<\/p>\n<p><strong>Also available as<\/strong><br \/>\n<a href=\"https:\/\/www.avitale.de\/en\/product\/american-cranberry-capsules-60\/\">Tin with 60 capsules<\/a><br \/>\n<a href=\"https:\/\/www.avitale.de\/en\/product\/american-cranberry-capsules-100\/\">Tin with 100 capsules<\/a><\/p>\n<hr \/>\n<p>Dietary supplement with cranberry extract. Per capsule, Avitale American Cranberry Capsules contain 400 mg of cranberry extract and are free from gluten, lactose, colourants and preservatives.<\/p>\n<hr \/>\n<p><img decoding=\"async\" src=\"https:\/\/www.avitale.de\/wp-content\/uploads\/2020\/11\/icon-glutenfree.png\" alt=\"\" width=\"75\" height=\"75\" \/> <img decoding=\"async\" src=\"https:\/\/www.avitale.de\/wp-content\/uploads\/2020\/11\/icon-lactosefree.png\" alt=\"\" width=\"75\" height=\"75\" \/> <img decoding=\"async\" src=\"https:\/\/www.avitale.de\/wp-content\/uploads\/2020\/11\/logo-madeingermany-en.png\" alt=\"\" width=\"115\" height=\"75\" \/><\/p>\n","protected":false},"featured_media":2314,"template":"","meta":[],"product_brand":[],"product_cat":[303,252,273,279],"product_tag":[],"class_list":{"0":"post-2313","1":"product","2":"type-product","3":"status-publish","4":"has-post-thumbnail","6":"product_cat-cranberry-en","7":"product_cat-dietary-supplements","8":"product_cat-immune-system-and-cell-protection","9":"product_cat-products-for-women","10":"pa_eigenschaft-gluten-free","11":"pa_eigenschaft-lactose-free","13":"first","14":"instock","15":"shipping-taxable","16":"product-type-simple"},"_links":{"self":[{"href":"https:\/\/www.avitale.de\/en\/wp-json\/wp\/v2\/product\/2313","targetHints":{"allow":["GET"]}}],"collection":[{"href":"https:\/\/www.avitale.de\/en\/wp-json\/wp\/v2\/product"}],"about":[{"href":"https:\/\/www.avitale.de\/en\/wp-json\/wp\/v2\/types\/product"}],"wp:featuredmedia":[{"embeddable":true,"href":"https:\/\/www.avitale.de\/en\/wp-json\/wp\/v2\/media\/2314"}],"wp:attachment":[{"href":"https:\/\/www.avitale.de\/en\/wp-json\/wp\/v2\/media?parent=2313"}],"wp:term":[{"taxonomy":"product_brand","embeddable":true,"href":"https:\/\/www.avitale.de\/en\/wp-json\/wp\/v2\/product_brand?post=2313"},{"taxonomy":"product_cat","embeddable":true,"href":"https:\/\/www.avitale.de\/en\/wp-json\/wp\/v2\/product_cat?post=2313"},{"taxonomy":"product_tag","embeddable":true,"href":"https:\/\/www.avitale.de\/en\/wp-json\/wp\/v2\/product_tag?post=2313"}],"curies":[{"name":"wp","href":"https:\/\/api.w.org\/{rel}","templated":true}]}}