{"id":2309,"date":"2019-10-11T08:27:15","date_gmt":"2019-10-11T08:27:15","guid":{"rendered":"https:\/\/www.avitale.de\/produkt\/cranberry-lozenges-120\/"},"modified":"2026-03-23T10:17:25","modified_gmt":"2026-03-23T10:17:25","slug":"cranberry-lozenges-120","status":"publish","type":"product","link":"https:\/\/www.avitale.de\/en\/product\/cranberry-lozenges-120\/","title":{"rendered":"Cranberry Lozenges"},"content":{"rendered":"<div class=\"wpb-content-wrapper\"><p>[vc_row row_height_percent=&#8221;0&#8243; overlay_alpha=&#8221;50&#8243; gutter_size=&#8221;3&#8243; column_width_percent=&#8221;100&#8243; shift_y=&#8221;0&#8243; z_index=&#8221;0&#8243; el_class=&#8221;hide-content-en&#8221;][vc_column width=&#8221;1\/1&#8243;][vc_column_text uncode_shortcode_id=&#8221;815373&#8243;]<strong>Cranberry: Traditionell bekannt und gut f\u00fcr das Wohlbefinden<\/strong><\/p>\n<p>Der Genuss von Cranberries mit ihren Inhaltsstoffen kann f\u00fcr das allgemeine Wohlbefinden eine wertvolle Unterst\u00fctzung darstellen.<\/p>\n<p><strong>Cranberry &#8211; die amerikanische Preiselbeere<\/strong><\/p>\n<p>Zwischen der amerikanischen Cranberry und der in Europa heimischen, wildwachsenden Preiselbeere besteht eine enge botanische Verwandtschaft sowie gro\u00dfe \u00c4hnlichkeit mit der ebenfalls bei uns wild wachsenden Moosbeere. Alle Beerensorten geh\u00f6ren zur Familie der Heidekrautgew\u00e4chse und zur Gattung der Heidelbeere.<\/p>\n<p>Die Cranberry (Vaccinium macrocarpon) w\u00e4chst als Strauch, der sich am Boden kriechend ausbreitet und bis zu einem Meter lange Wurzeln und Ranken ausbildet. Die Pflanzen gedeihen nur auf sauren B\u00f6den &#8211; bevorzugt Moorb\u00f6den mit Sanduntergrund &#8211; sie lieben ein Klima mit k\u00fchlen und feuchten Sommern und einem milden Winter. Die Bl\u00e4tter sind 1 bis 2 cm lang; sie sind oval, h\u00e4ngend mit 4 Kronzipfeln. Cranberries bl\u00fchen im sp\u00e4ten Juni und fr\u00fchen Juli und haben rosa-rote Bl\u00fcten. Die Fr\u00fcchte sind in der Gr\u00f6\u00dfe vergleichbar mit kleineren Kirschen, reif sind sie leuchtend rot gef\u00e4rbt und ca. 15 mm dick. Einige Sorten werden sogar so tiefrot, dass die Beeren fast schwarz erscheinen. Sie zeichnen sich durch ein knackig festes Fruchtfleisch und einen fruchtig-herben Geschmack aus. Neben Bitterstoffen enthalten Cranberries viel S\u00e4ure und Pektin. Deshalb schmecken sie im Rohzustand herb und sauer. Ihre hervorragenden geschmacklichen Eigenschaften entfalten sich durch das Kochen.[\/vc_column_text][\/vc_column][\/vc_row][vc_row][vc_column width=&#8221;1\/1&#8243;][vc_separator sep_color=&#8221;accent&#8221; icon=&#8221;fa fa-heart-o&#8221; icon_position=&#8221;left&#8221;][vc_column_text]<\/p>\n<p><strong>PRODUCT QUALITY AT THE BEST PRICE A FOCUS ON CUSTOMERS AND EXPERTISE<\/strong><\/p>\n<p>Product safety and high-quality raw materials are our top priority. We want to serve our customers as a reliable and responsible partner. Experts regularly conduct detailed studies to ensure that the excellent standard of our product range remains constant. To maintain this high, consistent standard, we \u2013 among other things \u2013 manufacture our dietary supplement with a certified pharmaceutical company in Germany.<\/p>\n<p>[\/vc_column_text][vc_empty_space empty_h=&#8221;2&#8243;][vc_accordion][vc_accordion_tab title=&#8221;RECOMMENDED INTAKE&#8221; tab_id=&#8221;1569249169-1-3715692492810021570435190394&#8243;][vc_column_text]Suck two tablets daily.[\/vc_column_text][\/vc_accordion_tab][vc_accordion_tab title=&#8221;INGREDIENTS&#8221; tab_id=&#8221;1570437963490-3-8&#8243;][vc_column_text]Sweetener: Sorbitol, Concentrated Cranberry Powder (= Cranberry Juice Concentrate, Maltodextrin, Carrier: Magnesium Hydroxide), Acerola Powder, Separating Agent: Monoglycerides and Diglycerides of Fatty Acids, Acidifier: Citric Acid; Separating Agent: Magnesium Salts of Fatty Acids (Plant-Based), Flavouring, Sweetener: Aspartame[\/vc_column_text][vc_empty_space empty_h=&#8221;2&#8243;][vc_column_text]<\/p>\n<p><strong>Two lozenges contain<\/strong><\/p>\n<p>800 mg concentrated cranberry powder<br \/>\n(cranberry juice concentrate + maltodextrin + magnesium hydroxide)<br \/>\n60 mg vitamin C (75% NRV*)<\/p>\n<p>[\/vc_column_text][vc_empty_space empty_h=&#8221;2&#8243;][vc_column_text]NRV* = % of the nutrient reference value in accordance with the EU Regulation on Food Information to Consumers[\/vc_column_text][\/vc_accordion_tab][vc_accordion_tab title=&#8221;IMPORTANT INFORMATION&#8221; tab_id=&#8221;1570437982549-4-7&#8243;][vc_column_text]<\/p>\n<p>When consumed to excess, the Cranberry Lozenges can have a laxative effect.<\/p>\n<p>Owing to the Health Claims Regulation EU No. 1924\/2006, we are not permitted to advertise the effects of our food products or dietary supplements. We therefore ask for your understanding that our customer service team are only able to answer any related questions to a limited degree. For detailed, health-related questions, in particular with regard to taking our products in conjunction with any medication, please consult your physician or pharmacist. In accordance with the applicable laws, these experts are permitted to provide you with healthcare-related and medical advice. We thank you for your understanding!<\/p>\n<p><strong>Dietary supplements are not a substitute for a balanced and varied diet and healthy lifestyle. The daily recommended intake must not be exceeded. Please store out of reach of children.<\/strong><\/p>\n<p>[\/vc_column_text][\/vc_accordion_tab][\/vc_accordion][\/vc_column][\/vc_row][vc_row][vc_column width=&#8221;1\/1&#8243;][vc_custom_heading heading_semantic=&#8221;p&#8221; text_size=&#8221;h4&#8243;]Further products for your well-being[\/vc_custom_heading][uncode_index el_id=&#8221;index-194855&#8243; index_type=&#8221;carousel&#8221; loop=&#8221;size:5|order_by:title|order:ASC|post_type:product|by_id:790,720,717,708,695&#8243; carousel_lg=&#8221;5&#8243; carousel_md=&#8221;3&#8243; carousel_sm=&#8221;2&#8243; gutter_size=&#8221;3&#8243; product_items=&#8221;media|featured|onpost|original|hide-sale,title&#8221; carousel_interval=&#8221;3000&#8243; carousel_navspeed=&#8221;400&#8243; stage_padding=&#8221;0&#8243; single_overlay_opacity=&#8221;50&#8243; single_h_align=&#8221;center&#8221; single_padding=&#8221;2&#8243; single_border=&#8221;yes&#8221;][\/vc_column][\/vc_row]<\/p>\n<\/div>","protected":false},"excerpt":{"rendered":"<p><strong>PZN 01110162<\/strong><br \/>\nTin with 120 tablets<\/p>\n<p><strong>Also available as<\/strong><br \/>\n<a href=\"https:\/\/www.avitale.de\/en\/product\/cranberry-lozenges-60\/\">Tin with 60 capsules<\/a><\/p>\n<hr \/>\n<p>Dietary supplement with cranberry extract, one type of sugar and sweetener. Contains a source of phenylalanine.<\/p>\n<p>Per tablet, Avitale Cranberry Lozenges contain 400 mg of concentrated cranberry powder and are free from lactose, colourants and preservatives.<\/p>\n<hr \/>\n<p><img decoding=\"async\" src=\"https:\/\/www.avitale.de\/wp-content\/uploads\/2020\/11\/icon-lactosefree.png\" alt=\"\" width=\"75\" height=\"75\" \/> <img decoding=\"async\" src=\"https:\/\/www.avitale.de\/wp-content\/uploads\/2020\/11\/logo-madeingermany-en.png\" alt=\"\" width=\"115\" height=\"75\" \/><\/p>\n","protected":false},"featured_media":2310,"template":"","meta":[],"product_brand":[],"product_cat":[303,252,273,279],"product_tag":[],"class_list":{"0":"post-2309","1":"product","2":"type-product","3":"status-publish","4":"has-post-thumbnail","6":"product_cat-cranberry-en","7":"product_cat-dietary-supplements","8":"product_cat-immune-system-and-cell-protection","9":"product_cat-products-for-women","10":"pa_eigenschaft-lactose-free","12":"first","13":"instock","14":"shipping-taxable","15":"product-type-simple"},"_links":{"self":[{"href":"https:\/\/www.avitale.de\/en\/wp-json\/wp\/v2\/product\/2309","targetHints":{"allow":["GET"]}}],"collection":[{"href":"https:\/\/www.avitale.de\/en\/wp-json\/wp\/v2\/product"}],"about":[{"href":"https:\/\/www.avitale.de\/en\/wp-json\/wp\/v2\/types\/product"}],"wp:featuredmedia":[{"embeddable":true,"href":"https:\/\/www.avitale.de\/en\/wp-json\/wp\/v2\/media\/2310"}],"wp:attachment":[{"href":"https:\/\/www.avitale.de\/en\/wp-json\/wp\/v2\/media?parent=2309"}],"wp:term":[{"taxonomy":"product_brand","embeddable":true,"href":"https:\/\/www.avitale.de\/en\/wp-json\/wp\/v2\/product_brand?post=2309"},{"taxonomy":"product_cat","embeddable":true,"href":"https:\/\/www.avitale.de\/en\/wp-json\/wp\/v2\/product_cat?post=2309"},{"taxonomy":"product_tag","embeddable":true,"href":"https:\/\/www.avitale.de\/en\/wp-json\/wp\/v2\/product_tag?post=2309"}],"curies":[{"name":"wp","href":"https:\/\/api.w.org\/{rel}","templated":true}]}}