{"id":2295,"date":"2019-10-11T07:47:30","date_gmt":"2019-10-11T07:47:30","guid":{"rendered":"https:\/\/www.avitale.de\/produkt\/cranberry-capsules-100\/"},"modified":"2026-03-23T10:14:02","modified_gmt":"2026-03-23T10:14:02","slug":"cranberry-capsules-100","status":"publish","type":"product","link":"https:\/\/www.avitale.de\/en\/product\/cranberry-capsules-100\/","title":{"rendered":"Cranberry Capsules"},"content":{"rendered":"<div class=\"wpb-content-wrapper\"><p>[vc_row row_height_percent=&#8221;0&#8243; overlay_alpha=&#8221;50&#8243; gutter_size=&#8221;3&#8243; column_width_percent=&#8221;100&#8243; shift_y=&#8221;0&#8243; z_index=&#8221;0&#8243; el_class=&#8221;hide-content-en&#8221;][vc_column width=&#8221;1\/1&#8243;][vc_row_inner][vc_column_inner column_width_percent=&#8221;100&#8243; position_vertical=&#8221;middle&#8221; gutter_size=&#8221;3&#8243; overlay_alpha=&#8221;50&#8243; shift_x=&#8221;0&#8243; shift_y=&#8221;0&#8243; shift_y_down=&#8221;0&#8243; z_index=&#8221;0&#8243; medium_width=&#8221;0&#8243; mobile_width=&#8221;0&#8243; width=&#8221;1\/2&#8243;][vc_column_text uncode_shortcode_id=&#8221;118250&#8243;]<\/p>\n<p><strong>Cranberry: Traditionell bekannt und gut f\u00fcr das Wohlbefinden<\/strong><\/p>\n<p>Der Genuss von Cranberries mit ihren Inhaltsstoffen kann f\u00fcr das allgemeine Wohlbefinden eine wertvolle Unterst\u00fctzung darstellen.<\/p>\n<p>Nur in den Avitale Cranberry Kapseln kommt auch das original Cranberryextrakt zum Einsatz. Diese eigens f\u00fcr die Avitale Cranberry-Produkte komponierte Mischung enth\u00e4lt nur beste Rohstoffe erster Qualit\u00e4t und wird von einem zertifzierten deutschen Arzneimittelhersteller sorgsam verarbeitet.<\/p>\n<p>[\/vc_column_text][\/vc_column_inner][vc_column_inner column_width_percent=&#8221;100&#8243; position_vertical=&#8221;middle&#8221; gutter_size=&#8221;3&#8243; overlay_alpha=&#8221;50&#8243; shift_x=&#8221;0&#8243; shift_y=&#8221;0&#8243; shift_y_down=&#8221;0&#8243; z_index=&#8221;0&#8243; medium_width=&#8221;0&#8243; mobile_width=&#8221;0&#8243; width=&#8221;1\/2&#8243;][vc_single_image media=&#8221;49794&#8243; media_width_percent=&#8221;70&#8243; alignment=&#8221;center&#8221;][\/vc_column_inner][\/vc_row_inner][vc_column_text uncode_shortcode_id=&#8221;201884&#8243;]<\/p>\n<p><strong>Cranberry &#8211; die amerikanische Preiselbeere<\/strong><\/p>\n<p>Zwischen der amerikanischen Cranberry und der in Europa heimischen, wildwachsenden Preiselbeere besteht eine enge botanische Verwandtschaft sowie gro\u00dfe \u00c4hnlichkeit mit der ebenfalls bei uns wild wachsenden Moosbeere. Alle Beerensorten geh\u00f6ren zur Familie der Heidekrautgew\u00e4chse und zur Gattung der Heidelbeere.<\/p>\n<p>Die Cranberry (Vaccinium macrocarpon) w\u00e4chst als Strauch, der sich am Boden kriechend ausbreitet und bis zu einem Meter lange Wurzeln und Ranken ausbildet. Die Pflanzen gedeihen nur auf sauren B\u00f6den &#8211; bevorzugt Moorb\u00f6den mit Sanduntergrund &#8211; sie lieben ein Klima mit k\u00fchlen und feuchten Sommern und einem milden Winter. Die Bl\u00e4tter sind 1 bis 2 cm lang; sie sind oval, h\u00e4ngend mit 4 Kronzipfeln. Cranberries bl\u00fchen im sp\u00e4ten Juni und fr\u00fchen Juli und haben rosa-rote Bl\u00fcten. Die Fr\u00fcchte sind in der Gr\u00f6\u00dfe vergleichbar mit kleineren Kirschen, reif sind sie leuchtend rot gef\u00e4rbt und ca. 15 mm dick. Einige Sorten werden sogar so tiefrot, dass die Beeren fast schwarz erscheinen. Sie zeichnen sich durch ein knackig festes Fruchtfleisch und einen fruchtig-herben Geschmack aus. Neben Bitterstoffen enthalten Cranberries viel S\u00e4ure und Pektin. Deshalb schmecken sie im Rohzustand herb und sauer. Ihre hervorragenden geschmacklichen Eigenschaften entfalten sich durch das Kochen.<\/p>\n<p>Avitale Cranberryextrakt enth\u00e4lt gem\u00e4\u00df aktueller Produktionsanalyse durch ein unabh\u00e4ngiges, neutrales Labor mindestens 36 mg Proanthocyane per Tagesdosis.<\/p>\n<p>[\/vc_column_text][vc_row_inner][vc_column_inner width=&#8221;1\/1&#8243;][vc_button outline=&#8221;yes&#8221; border_width=&#8221;0&#8243; display=&#8221;inline&#8221; icon=&#8221;fa fa-file-pdf-o&#8221; link=&#8221;url:https%3A%2F%2Fwww.avitale.de%2Fwp-content%2Fuploads%2F2026%2F01%2FAnalyse-Mikro-Shop-Cranberry-Kapseln-L-52475-PAC-301225.pdf|title:Labor-Analyse|target:_blank|&#8221; uncode_shortcode_id=&#8221;178085&#8243;]L 5247\/5[\/vc_button][vc_button outline=&#8221;yes&#8221; border_width=&#8221;0&#8243; display=&#8221;inline&#8221; icon=&#8221;fa fa-file-pdf-o&#8221; link=&#8221;url:https%3A%2F%2Fwww.avitale.de%2Fwp-content%2Fuploads%2F2024%2F02%2FAnalyse-Mikro-Shop-Cranberry-Kapseln-L-33485-PAC-290124.pdf|title:Labor-Analyse|target:_blank|&#8221; uncode_shortcode_id=&#8221;114228&#8243;]L 3348\/5[\/vc_button][\/vc_column_inner][\/vc_row_inner][\/vc_column][\/vc_row][vc_row][vc_column width=&#8221;1\/1&#8243;][vc_separator sep_color=&#8221;accent&#8221; icon=&#8221;fa fa-heart-o&#8221; icon_position=&#8221;left&#8221;][vc_column_text]<\/p>\n<p><strong>PRODUCT QUALITY AT THE BEST PRICE A FOCUS ON CUSTOMERS AND EXPERTISE<\/strong><\/p>\n<p>Product safety and high-quality raw materials are our top priority. We want to serve our customers as a reliable and responsible partner. Experts regularly conduct detailed studies to ensure that the excellent standard of our product range remains constant. To maintain this high, consistent standard, we \u2013 among other things \u2013 manufacture our dietary supplement with a certified pharmaceutical company in Germany.<\/p>\n<p>[\/vc_column_text][vc_empty_space empty_h=&#8221;2&#8243;][vc_accordion][vc_accordion_tab title=&#8221;RECOMMENDED INTAKE&#8221; tab_id=&#8221;1569249169-1-3715692492810021570435190394&#8243;][vc_column_text]Take one capsule twice daily with meals and a large glass of water.[\/vc_column_text][\/vc_accordion_tab][vc_accordion_tab title=&#8221;INGREDIENTS&#8221; tab_id=&#8221;1570437963490-3-8&#8243;][vc_column_text uncode_shortcode_id=&#8221;352850&#8243;]Cranberry Extract, Carrier: Maltodextrin; Gelatine (Capsule Shell), Separating Agent: Magnesium Hydroxide, Tricalcium Phosphate and Magnesium Salts of Fatty Acids (Plant-Based); Maltodextrin[\/vc_column_text][\/vc_accordion_tab][vc_accordion_tab title=&#8221;COMPOSITION&#8221; tab_id=&#8221;1570775364500-3-1&#8243;][vc_column_text]According to the current product analysis, two capsules are guaranteed to contain 36 mg of proanthocyanidins.[\/vc_column_text][\/vc_accordion_tab][vc_accordion_tab title=&#8221;IMPORTANT INFORMATION&#8221; tab_id=&#8221;1570437982549-4-7&#8243;][vc_column_text uncode_shortcode_id=&#8221;206093&#8243;]<\/p>\n<p>Owing to the Health Claims Regulation EU No. 1924\/2006, we are not permitted to advertise the effects of our food products or dietary supplements. We therefore ask for your understanding that our customer service team are only able to answer any related questions to a limited degree. For detailed, health-related questions, in particular with regard to taking our products in conjunction with any medication, please consult your physician or pharmacist. In accordance with the applicable laws, these experts are permitted to provide you with healthcare-related and medical advice. We thank you for your understanding!<\/p>\n<p><strong>Dietary supplements are not a substitute for a balanced and varied diet and healthy lifestyle. The daily recommended intake must not be exceeded. Please store out of reach of children.<\/strong><\/p>\n<p>[\/vc_column_text][\/vc_accordion_tab][\/vc_accordion][\/vc_column][\/vc_row][vc_row][vc_column width=&#8221;1\/1&#8243;][vc_custom_heading heading_semantic=&#8221;p&#8221; text_size=&#8221;h4&#8243;]Further products for your well-being[\/vc_custom_heading][uncode_index el_id=&#8221;index-194855&#8243; index_type=&#8221;carousel&#8221; loop=&#8221;size:5|order_by:title|order:ASC|post_type:product|by_id:717,720,790,708,707&#8243; carousel_lg=&#8221;5&#8243; carousel_md=&#8221;3&#8243; carousel_sm=&#8221;2&#8243; gutter_size=&#8221;3&#8243; product_items=&#8221;media|featured|onpost|original|hide-sale,title&#8221; carousel_interval=&#8221;3000&#8243; carousel_navspeed=&#8221;400&#8243; stage_padding=&#8221;0&#8243; single_overlay_opacity=&#8221;50&#8243; single_h_align=&#8221;center&#8221; single_padding=&#8221;2&#8243; single_border=&#8221;yes&#8221;][\/vc_column][\/vc_row]<\/p>\n<\/div>","protected":false},"excerpt":{"rendered":"<p><strong>PZN 00751798<\/strong><br \/>\nTin with 100 capsules<\/p>\n<p><strong>Also available as<\/strong><br \/>\n<a href=\"https:\/\/www.avitale.de\/en\/product\/cranberry-capsules-60\/\">Tin with 60 capsules<\/a><br \/>\n<a href=\"https:\/\/www.avitale.de\/en\/product\/cranberry-capsules-240\/\">Tin with 240 capsules<\/a><\/p>\n<hr \/>\n<p>Dietary supplement with cranberry extract.<\/p>\n<hr \/>\n<p><img decoding=\"async\" src=\"https:\/\/www.avitale.de\/wp-content\/uploads\/2020\/11\/icon-glutenfree.png\" alt=\"\" width=\"75\" height=\"75\" \/> <img decoding=\"async\" src=\"https:\/\/www.avitale.de\/wp-content\/uploads\/2020\/11\/icon-lactosefree.png\" alt=\"\" width=\"75\" height=\"75\" \/> <img decoding=\"async\" src=\"https:\/\/www.avitale.de\/wp-content\/uploads\/2020\/11\/logo-madeingermany-en.png\" alt=\"\" width=\"115\" height=\"75\" \/><\/p>\n","protected":false},"featured_media":2296,"template":"","meta":[],"product_brand":[],"product_cat":[254,303,252,279],"product_tag":[],"class_list":{"0":"post-2295","1":"product","2":"type-product","3":"status-publish","4":"has-post-thumbnail","6":"product_cat-bestseller-en","7":"product_cat-cranberry-en","8":"product_cat-dietary-supplements","9":"product_cat-products-for-women","10":"pa_eigenschaft-gluten-free","11":"pa_eigenschaft-lactose-free","13":"first","14":"instock","15":"shipping-taxable","16":"product-type-simple"},"_links":{"self":[{"href":"https:\/\/www.avitale.de\/en\/wp-json\/wp\/v2\/product\/2295","targetHints":{"allow":["GET"]}}],"collection":[{"href":"https:\/\/www.avitale.de\/en\/wp-json\/wp\/v2\/product"}],"about":[{"href":"https:\/\/www.avitale.de\/en\/wp-json\/wp\/v2\/types\/product"}],"wp:featuredmedia":[{"embeddable":true,"href":"https:\/\/www.avitale.de\/en\/wp-json\/wp\/v2\/media\/2296"}],"wp:attachment":[{"href":"https:\/\/www.avitale.de\/en\/wp-json\/wp\/v2\/media?parent=2295"}],"wp:term":[{"taxonomy":"product_brand","embeddable":true,"href":"https:\/\/www.avitale.de\/en\/wp-json\/wp\/v2\/product_brand?post=2295"},{"taxonomy":"product_cat","embeddable":true,"href":"https:\/\/www.avitale.de\/en\/wp-json\/wp\/v2\/product_cat?post=2295"},{"taxonomy":"product_tag","embeddable":true,"href":"https:\/\/www.avitale.de\/en\/wp-json\/wp\/v2\/product_tag?post=2295"}],"curies":[{"name":"wp","href":"https:\/\/api.w.org\/{rel}","templated":true}]}}