{"id":2293,"date":"2019-10-14T14:18:43","date_gmt":"2019-10-14T14:18:43","guid":{"rendered":"https:\/\/www.avitale.de\/produkt\/proenzyme-film-coated-tablets-210\/"},"modified":"2026-02-27T10:42:08","modified_gmt":"2026-02-27T10:42:08","slug":"proenzyme-film-coated-tablets-210","status":"publish","type":"product","link":"https:\/\/www.avitale.de\/en\/product\/proenzyme-film-coated-tablets-210\/","title":{"rendered":"ProEnzyme Film-Coated Tablets"},"content":{"rendered":"<div class=\"wpb-content-wrapper\"><p>[vc_row row_height_percent=&#8221;0&#8243; overlay_alpha=&#8221;50&#8243; gutter_size=&#8221;3&#8243; column_width_percent=&#8221;100&#8243; shift_y=&#8221;0&#8243; z_index=&#8221;0&#8243; el_class=&#8221;hide-content-en&#8221;][vc_column width=&#8221;1\/1&#8243;][vc_row_inner][vc_column_inner column_width_percent=&#8221;100&#8243; position_vertical=&#8221;middle&#8221; gutter_size=&#8221;3&#8243; overlay_alpha=&#8221;50&#8243; shift_x=&#8221;0&#8243; shift_y=&#8221;0&#8243; shift_y_down=&#8221;0&#8243; z_index=&#8221;0&#8243; medium_width=&#8221;0&#8243; mobile_width=&#8221;0&#8243; width=&#8221;1\/2&#8243;][vc_column_text uncode_shortcode_id=&#8221;457107&#8243;]Avitale ProEnzym wird nun ohne Farbstoffe produziert, die Rezeptur bleibt sonst unver\u00e4ndert. Durch den Verzicht auf den wei\u00dff\u00e4rbenden Stoff Titandioxid im \u00dcberzug unserer Avitale ProEnzym Tabletten haben diese jetzt eine hellgr\u00fcne F\u00e4rbung. Dieser Farbton entsteht durch die nat\u00fcrliche Farbgebung der enthaltenen Enzyme.<\/p>\n<p>Avitale ProEnzym ist ein gut vertr\u00e4gliches Nahrungserg\u00e4nzungsmittel mit den drei Enzymen Bromelain, Pankreatin und Papain. Papain wird aus den Fr\u00fcchten des \u201eCarica Papaya\u201c-Baumes gewonnen, welcher zur Familie der Melonenbaumgew\u00e4chse geh\u00f6rt. Bromelain findet sich in hoher Konzentration in der Frucht des Ananasbaumes (Ananas comosus).<\/p>\n<p>Die eingesetzten, hochwertigen Enzyme haben eine entsprechend hohe biologische Aktivit\u00e4t. Das Ma\u00df der Enzymaktivit\u00e4t, die sogenannte FIP-Einheit, betr\u00e4gt 1870 FIP pro Tablette.[\/vc_column_text][\/vc_column_inner][vc_column_inner column_width_percent=&#8221;100&#8243; position_vertical=&#8221;middle&#8221; gutter_size=&#8221;3&#8243; overlay_alpha=&#8221;50&#8243; shift_x=&#8221;0&#8243; shift_y=&#8221;0&#8243; shift_y_down=&#8221;0&#8243; z_index=&#8221;0&#8243; medium_width=&#8221;0&#8243; mobile_width=&#8221;0&#8243; width=&#8221;1\/2&#8243;][vc_single_image media=&#8221;51361&#8243; media_width_percent=&#8221;70&#8243; alignment=&#8221;center&#8221;][\/vc_column_inner][\/vc_row_inner][vc_column_text]Avitale ProEnzym wurde sinnvoll mit Vitamin D3 und dem Mineralstoff Zink kombiniert. Beide Inhaltsstoffe tragen zu einer normalen Funktion des Immunsystems bei, leisten einen Beitrag zur Erhaltung normaler Knochen und haben eine Funktion bei der Zellteilung.<\/p>\n<p>Vitamin D leistet weiterhin einen Beitrag zur Erhaltung einer normalen Muskelfunktion. Zink tr\u00e4gt dazu bei, die Zellen vor oxidativem Stress zu sch\u00fctzen, unterst\u00fctzt einen normalen S\u00e4ure-Basen-Stoffwechsel und hat eine Funktion bei der Zellteilung.<\/p>\n<p>Avitale ProEnzym Tabletten besitzen einen magensaftresistenten \u00dcberzugsfilm, der die enthaltenen Enzyme vor aggressiver Magens\u00e4ure sch\u00fctzt. Erst im D\u00fcnndarm werden die Tabletten aufgespalten und die Inhaltsstoffe freigesetzt.[\/vc_column_text][\/vc_column][\/vc_row][vc_row][vc_column width=&#8221;1\/1&#8243;][vc_separator sep_color=&#8221;accent&#8221; icon=&#8221;fa fa-heart-o&#8221; icon_position=&#8221;left&#8221;][vc_column_text]<\/p>\n<p><strong>PRODUCT QUALITY AT THE BEST PRICE A FOCUS ON CUSTOMERS AND EXPERTISE<\/strong><\/p>\n<p>Product safety and high-quality raw materials are our top priority. We want to serve our customers as a reliable and responsible partner. Experts regularly conduct detailed studies to ensure that the excellent standard of our product range remains constant. To maintain this high, consistent standard, we \u2013 among other things \u2013 manufacture our dietary supplement with a certified pharmaceutical company in Germany.<\/p>\n<p>[\/vc_column_text][vc_empty_space empty_h=&#8221;2&#8243;][vc_accordion][vc_accordion_tab title=&#8221;RECOMMENDED INTAKE&#8221; tab_id=&#8221;1569249169-1-3715692492810021570435190394&#8243;][vc_column_text]Take two tablets three times daily approx. 1\/2 to 1 hour before meals. Do not chew and take with plenty of water.[\/vc_column_text][\/vc_accordion_tab][vc_accordion_tab title=&#8221;INGREDIENTS&#8221; tab_id=&#8221;1570437963490-3-8&#8243;][vc_column_text uncode_shortcode_id=&#8221;891945&#8243;]Inulin, Papain from Papaya (Carrier: LACTOSE), Rutin, Bromelain from Pineapple (Carrier: Maltodextrin), Coating: Shellac, Ammonium Bicarbonate, Carboxymethyl Cellulose Sodium, Talcum, vegetable oil (Coconut), Glycerine; Pancreatin, Separating Agent: Tricalcium Phosphate and Calcium Salts of Fatty Acids (Plant-Based); Zinc Citrate, Cholecalciferol<\/p>\n<p>Avitale ProEnzyme Film-Coated Tablets are stomach acid-resistant and free from gluten, yeast and soy.<\/p>\n<p>Avitale ProEnzyme Film-Coated Tablets are produced in Germany by a certified pharmaceutical manufacturer.[\/vc_column_text][vc_empty_space empty_h=&#8221;2&#8243;][vc_column_text]<\/p>\n<p><strong>One tablet contains<\/strong><\/p>\n<p>100 mg papain<br \/>\n100 mg rutin<br \/>\n75 mg bromelain<br \/>\n16 mg pancreatin<br \/>\n0.834 mg zinc \u2013 8.334% NRV*<br \/>\n0.417mcg vitamin D \u2013 8.334% NRV*<\/p>\n<p>The enzyme activity is 1,870 FIP units per tablets.<\/p>\n<p>[\/vc_column_text][vc_empty_space empty_h=&#8221;2&#8243;][vc_column_text]NRV* = % of the nutrient reference value in accordance with the EU Regulation on Food Information to Consumers[\/vc_column_text][\/vc_accordion_tab][vc_accordion_tab title=&#8221;IMPORTANT INFORMATION&#8221; tab_id=&#8221;1570437982549-4-7&#8243;][vc_column_text]<\/p>\n<p>No studies have yet been conducted on consuming this supplement during pregnancy and when breastfeeding. Patients with blood coagulation disorders should not take enzyme preparations. Do not take while undergoing therapies involving antibiotics, anticoagulants or antiplatelet drugs. Patients with liver or kidney disorders should consult their physician before taking this product. People with a pineapple intolerance can occasionally suffer an allergic reaction such as a skin rash or asthma-like symptoms. Not suitable for children under the age of 12.<\/p>\n<p><strong>Allergens:<\/strong> This product contains lactose.<\/p>\n<p>Owing to the Health Claims Regulation EU No. 1924\/2006, we are not permitted to advertise the effects of our food products or dietary supplements. We therefore ask for your understanding that our customer service team are only able to answer any related questions to a limited degree. For detailed, health-related questions, in particular with regard to taking our products in conjunction with any medication, please consult your physician or pharmacist. In accordance with the applicable laws, these experts are permitted to provide you with healthcare-related and medical advice. We thank you for your understanding!<\/p>\n<p><strong>Dietary supplements are not a substitute for a balanced and varied diet and healthy lifestyle. The daily recommended intake must not be exceeded. Please store out of reach of children.<\/strong><\/p>\n<p>[\/vc_column_text][\/vc_accordion_tab][\/vc_accordion][\/vc_column][\/vc_row][vc_row][vc_column width=&#8221;1\/1&#8243;][vc_custom_heading heading_semantic=&#8221;p&#8221; text_size=&#8221;h4&#8243;]Further products for your well-being[\/vc_custom_heading][uncode_index el_id=&#8221;index-194855&#8243; index_type=&#8221;carousel&#8221; loop=&#8221;size:5|order_by:title|order:ASC|post_type:product|by_id:876,932,814,656,860&#8243; carousel_lg=&#8221;5&#8243; carousel_md=&#8221;3&#8243; carousel_sm=&#8221;2&#8243; gutter_size=&#8221;3&#8243; product_items=&#8221;media|featured|onpost|original|hide-sale,title&#8221; carousel_interval=&#8221;3000&#8243; carousel_navspeed=&#8221;400&#8243; stage_padding=&#8221;0&#8243; single_overlay_opacity=&#8221;50&#8243; single_h_align=&#8221;center&#8221; single_padding=&#8221;2&#8243; single_border=&#8221;yes&#8221;][\/vc_column][\/vc_row]<\/p>\n<\/div>","protected":false},"excerpt":{"rendered":"<p><strong>PZN 05880483<\/strong><br \/>\nFolding carton with 210 stomach acid-resistant film-coated tablets<\/p>\n<p><strong>Also available as<\/strong><br \/>\n<a href=\"https:\/\/www.avitale.de\/en\/product\/proenzyme-film-coated-tablets-810\/\">Folding carton with 810 stomach acid-resistant film-coated tablets<\/a><\/p>\n<hr \/>\n<p>Dietary supplement with the enzymes bromelain extracted from pineapple, pancreatin, papain from papaya, the bioflavonoid rutin, as well as vitamin D3 and zinc.<\/p>\n<hr \/>\n<p><img decoding=\"async\" src=\"https:\/\/www.avitale.de\/wp-content\/uploads\/2020\/11\/icon-glutenfree.png\" alt=\"\" width=\"75\" height=\"75\" \/> <img decoding=\"async\" src=\"https:\/\/www.avitale.de\/wp-content\/uploads\/2020\/11\/logo-madeingermany-en.png\" alt=\"\" width=\"115\" height=\"75\" \/><\/p>\n","protected":false},"featured_media":1082,"template":"","meta":[],"product_brand":[],"product_cat":[252,273,276],"product_tag":[],"class_list":{"0":"post-2293","1":"product","2":"type-product","3":"status-publish","4":"has-post-thumbnail","6":"product_cat-dietary-supplements","7":"product_cat-immune-system-and-cell-protection","8":"product_cat-muscles-bones-mobility","9":"pa_eigenschaft-gluten-free","11":"first","12":"instock","13":"shipping-taxable","14":"product-type-simple"},"_links":{"self":[{"href":"https:\/\/www.avitale.de\/en\/wp-json\/wp\/v2\/product\/2293","targetHints":{"allow":["GET"]}}],"collection":[{"href":"https:\/\/www.avitale.de\/en\/wp-json\/wp\/v2\/product"}],"about":[{"href":"https:\/\/www.avitale.de\/en\/wp-json\/wp\/v2\/types\/product"}],"wp:featuredmedia":[{"embeddable":true,"href":"https:\/\/www.avitale.de\/en\/wp-json\/wp\/v2\/media\/1082"}],"wp:attachment":[{"href":"https:\/\/www.avitale.de\/en\/wp-json\/wp\/v2\/media?parent=2293"}],"wp:term":[{"taxonomy":"product_brand","embeddable":true,"href":"https:\/\/www.avitale.de\/en\/wp-json\/wp\/v2\/product_brand?post=2293"},{"taxonomy":"product_cat","embeddable":true,"href":"https:\/\/www.avitale.de\/en\/wp-json\/wp\/v2\/product_cat?post=2293"},{"taxonomy":"product_tag","embeddable":true,"href":"https:\/\/www.avitale.de\/en\/wp-json\/wp\/v2\/product_tag?post=2293"}],"curies":[{"name":"wp","href":"https:\/\/api.w.org\/{rel}","templated":true}]}}