{"id":2268,"date":"2019-10-11T12:10:47","date_gmt":"2019-10-11T12:10:47","guid":{"rendered":"https:\/\/www.avitale.de\/produkt\/selenium-200-120\/"},"modified":"2026-02-27T10:26:09","modified_gmt":"2026-02-27T10:26:09","slug":"selenium-200-120","status":"publish","type":"product","link":"https:\/\/www.avitale.de\/en\/product\/selenium-200-120\/","title":{"rendered":"Selenium 200"},"content":{"rendered":"<div class=\"wpb-content-wrapper\"><p>[vc_row row_height_percent=&#8221;0&#8243; overlay_alpha=&#8221;50&#8243; gutter_size=&#8221;3&#8243; column_width_percent=&#8221;100&#8243; shift_y=&#8221;0&#8243; z_index=&#8221;0&#8243; el_class=&#8221;hide-content-en&#8221;][vc_column width=&#8221;1\/1&#8243;][vc_column_text uncode_shortcode_id=&#8221;670476&#8243;]<\/p>\n<p><strong>Avitale Selen 200 Tabletten zur Nahrungserg\u00e4nzung sind ein Monopr\u00e4parat zur gezielten Selenversorgung.<\/strong><\/p>\n<p>Der menschliche Organismus ist auf Selen angewiesen, es muss daher regelm\u00e4\u00dfig mit der Nahrung durch selenhaltige Lebensmittel aufgenommen werden.<\/p>\n<p>Das Spurenelement findet sich sowohl in tierischen als auch in pflanzlichen Nahrungsmitteln. Der Selengehalt in tierischen Lebensmitteln wird durch das Futter und selenangereicherte Futterzus\u00e4tze beeinflusst. Fisch, Fleisch, Eier und Innereien sind selenreich. Der Selengehalt in pflanzlichen Lebensmitteln ist abh\u00e4ngig von der Selenmenge in den jeweiligen B\u00f6den. Dieser ist je nach Region sehr unterschiedlich. Die B\u00f6den Deutschlands sind selenarm, demzufolge ist auch der Selengehalt pflanzlicher Nahrungsmittel, wie Getreide oder Gem\u00fcse eher gering. Aus diesem Grund sollten Veganer und Vegetarier auf eine ausreichende Selenzufuhr achten, um die empfohlenen Mengen zu erreichen.<\/p>\n<p><strong>Funktionen von Selen im K\u00f6rper<\/strong><\/p>\n<p>Selen ist ein lebenswichtiges, essentielles Spurenelement und an vielen Stoffwechselprozessen im menschlichen Organismus beteiligt.<\/p>\n<p>Es wirkt antioxidativ und sch\u00fctzt die Zellen vor oxidativem Stress und freien Radikalen. Weiterhin unterst\u00fctzt es eine gesunde Funktion der Schilddr\u00fcse sowie die normale Funktion des Immunsystems. Selen ist hilfreich zur Erhaltung normaler Haare und N\u00e4gel. Bei M\u00e4nnern tr\u00e4gt Selen zu einer normalen Spermabildung bei.<\/p>\n<p>Avitale Selen Tabletten liefern mit 200 \u03bcg Selen als Natriumselenat eine gute Versorgung wichtiger K\u00f6rperfunktionen mit diesem essentiellen Spurenelement.<\/p>\n<p>[\/vc_column_text][\/vc_column][\/vc_row][vc_row][vc_column width=&#8221;1\/1&#8243;][vc_separator sep_color=&#8221;accent&#8221; icon=&#8221;fa fa-heart-o&#8221; icon_position=&#8221;left&#8221;][vc_column_text]<\/p>\n<p><strong>PRODUCT QUALITY AT THE BEST PRICE A FOCUS ON CUSTOMERS AND EXPERTISE<\/strong><\/p>\n<p>Product safety and high-quality raw materials are our top priority. We want to serve our customers as a reliable and responsible partner. Experts regularly conduct detailed studies to ensure that the excellent standard of our product range remains constant. To maintain this high, consistent standard, we \u2013 among other things \u2013 manufacture our dietary supplement with a certified pharmaceutical company in Germany.<\/p>\n<p>[\/vc_column_text][vc_empty_space empty_h=&#8221;2&#8243;][vc_accordion][vc_accordion_tab title=&#8221;RECOMMENDED INTAKE&#8221; tab_id=&#8221;1569249169-1-3715692492810021570435190394&#8243;][vc_column_text]Take one tablet daily with a glass of water during a meal. Tip: Please do not take Avitale Selenium Tablets at the same time as vitamin C, as this can reduce the availability of selenium \u2013 instead, wait approx. 1 hour.[\/vc_column_text][\/vc_accordion_tab][vc_accordion_tab title=&#8221;INGREDIENTS&#8221; tab_id=&#8221;1570437963490-3-8&#8243;][vc_column_text uncode_shortcode_id=&#8221;196431&#8243;]Dextrose; Separating Agent: Tricalcium Phosphate and Magnesium Salts of Fatty Acids (Plant-Based); Sodium Selenate<\/p>\n<p>Avitale Selenium 200 Tablets are free from gluten, lactose, soy, yeast and colourants.[\/vc_column_text][vc_empty_space empty_h=&#8221;2&#8243;][vc_column_text]<\/p>\n<p><strong>One tablet contains<\/strong><\/p>\n<p>200 mcg selenium (364% NRV*)<\/p>\n<p>[\/vc_column_text][vc_empty_space empty_h=&#8221;2&#8243;][vc_column_text]*NRV = nutrient reference value \/ % of the nutrient reference value in accordance with the EU Regulation on Food Information to Consumers[\/vc_column_text][\/vc_accordion_tab][vc_accordion_tab title=&#8221;IMPORTANT INFORMATION&#8221; tab_id=&#8221;1570437982549-4-7&#8243;][vc_column_text]<\/p>\n<p>In this dosage, Avitale Selenium Tablets are not suitable for children and young people.<\/p>\n<p>Owing to the Health Claims Regulation EU No. 1924\/2006, we are not permitted to advertise the effects of our food products or dietary supplements. We therefore ask for your understanding that our customer service team are only able to answer any related questions to a limited degree. For detailed, health-related questions, in particular with regard to taking our products in conjunction with any medication, please consult your physician or pharmacist. In accordance with the applicable laws, these experts are permitted to provide you with healthcare-related and medical advice. We thank you for your understanding!<\/p>\n<p><strong>Dietary supplements are not a substitute for a balanced and varied diet and healthy lifestyle. The daily recommended intake must not be exceeded. Please store out of reach of children.<\/strong><\/p>\n<p>[\/vc_column_text][\/vc_accordion_tab][\/vc_accordion][\/vc_column][\/vc_row][vc_row][vc_column width=&#8221;1\/1&#8243;][vc_custom_heading text_size=&#8221;h4&#8243;]Further products for your well-being[\/vc_custom_heading][uncode_index el_id=&#8221;index-194855&#8243; index_type=&#8221;carousel&#8221; loop=&#8221;size:5|order_by:date|post_type:product|by_id:938,906,949,814,927&#8243; carousel_lg=&#8221;5&#8243; carousel_md=&#8221;3&#8243; carousel_sm=&#8221;2&#8243; gutter_size=&#8221;3&#8243; product_items=&#8221;media|featured|onpost|original|hide-sale,title&#8221; carousel_interval=&#8221;3000&#8243; carousel_navspeed=&#8221;400&#8243; stage_padding=&#8221;0&#8243; single_overlay_opacity=&#8221;50&#8243; single_h_align=&#8221;center&#8221; single_padding=&#8221;2&#8243; single_border=&#8221;yes&#8221;][\/vc_column][\/vc_row]<\/p>\n<\/div>","protected":false},"excerpt":{"rendered":"<p><strong>PZN 15745680<\/strong><br \/>\nPack with 120 tablets<\/p>\n<p><strong>Also available as<\/strong><br \/>\n<a href=\"https:\/\/www.avitale.de\/en\/product\/selenium-200-60\/\">Pack with 60 tablets<\/a><\/p>\n<hr \/>\n<p>Dietary supplement with 200 \u03bcg selenium<\/p>\n<hr \/>\n<p><img decoding=\"async\" src=\"https:\/\/www.avitale.de\/wp-content\/uploads\/2020\/11\/icon-glutenfree.png\" alt=\"\" width=\"75\" height=\"75\" \/> <img decoding=\"async\" src=\"https:\/\/www.avitale.de\/wp-content\/uploads\/2020\/11\/icon-lactosefree.png\" alt=\"\" width=\"75\" height=\"75\" \/> <img decoding=\"async\" src=\"https:\/\/www.avitale.de\/wp-content\/uploads\/2020\/11\/logo-madeingermany-en.png\" alt=\"\" width=\"115\" height=\"75\" \/><\/p>\n","protected":false},"featured_media":51027,"template":"","meta":[],"product_brand":[],"product_cat":[252,273,275],"product_tag":[],"class_list":{"0":"post-2268","1":"product","2":"type-product","3":"status-publish","4":"has-post-thumbnail","6":"product_cat-dietary-supplements","7":"product_cat-immune-system-and-cell-protection","8":"product_cat-minerals-and-vitamins","9":"pa_eigenschaft-gluten-free","10":"pa_eigenschaft-lactose-free","12":"first","13":"instock","14":"shipping-taxable","15":"product-type-simple"},"_links":{"self":[{"href":"https:\/\/www.avitale.de\/en\/wp-json\/wp\/v2\/product\/2268","targetHints":{"allow":["GET"]}}],"collection":[{"href":"https:\/\/www.avitale.de\/en\/wp-json\/wp\/v2\/product"}],"about":[{"href":"https:\/\/www.avitale.de\/en\/wp-json\/wp\/v2\/types\/product"}],"wp:featuredmedia":[{"embeddable":true,"href":"https:\/\/www.avitale.de\/en\/wp-json\/wp\/v2\/media\/51027"}],"wp:attachment":[{"href":"https:\/\/www.avitale.de\/en\/wp-json\/wp\/v2\/media?parent=2268"}],"wp:term":[{"taxonomy":"product_brand","embeddable":true,"href":"https:\/\/www.avitale.de\/en\/wp-json\/wp\/v2\/product_brand?post=2268"},{"taxonomy":"product_cat","embeddable":true,"href":"https:\/\/www.avitale.de\/en\/wp-json\/wp\/v2\/product_cat?post=2268"},{"taxonomy":"product_tag","embeddable":true,"href":"https:\/\/www.avitale.de\/en\/wp-json\/wp\/v2\/product_tag?post=2268"}],"curies":[{"name":"wp","href":"https:\/\/api.w.org\/{rel}","templated":true}]}}