{"id":2261,"date":"2019-10-14T17:00:18","date_gmt":"2019-10-14T17:00:18","guid":{"rendered":"https:\/\/www.avitale.de\/produkt\/grape-seed-extract-capsules\/"},"modified":"2024-12-20T05:17:07","modified_gmt":"2024-12-20T05:17:07","slug":"grape-seed-extract-capsules","status":"publish","type":"product","link":"https:\/\/www.avitale.de\/en\/product\/grape-seed-extract-capsules\/","title":{"rendered":"Grape Seed Extract Capsules"},"content":{"rendered":"<div class=\"wpb-content-wrapper\"><p>[vc_row row_height_percent=&#8221;0&#8243; overlay_alpha=&#8221;50&#8243; gutter_size=&#8221;3&#8243; column_width_percent=&#8221;100&#8243; shift_y=&#8221;0&#8243; z_index=&#8221;0&#8243; el_class=&#8221;hide-content-en&#8221;][vc_column width=&#8221;1\/1&#8243;][vc_row_inner][vc_column_inner column_width_percent=&#8221;100&#8243; position_vertical=&#8221;middle&#8221; gutter_size=&#8221;3&#8243; overlay_alpha=&#8221;50&#8243; shift_x=&#8221;0&#8243; shift_y=&#8221;0&#8243; shift_y_down=&#8221;0&#8243; z_index=&#8221;0&#8243; medium_width=&#8221;0&#8243; mobile_width=&#8221;0&#8243; width=&#8221;1\/2&#8243;][vc_column_text]Avitale Traubenkernextrakt Kapseln enthalten Traubenkernextrakt, das mit einem besonders schonenden Verfahren ausschlie\u00dflich aus Traubenkernen von Fr\u00fcchten aus Frankreich produziert wird und auf einen OPC-Gehalt von mindestens 60% (entspricht mindestens 120mg) eingestellt ist. Der Gesamtanteil an Proanthocyanen (PAC) betr\u00e4gt mindestens 95%, dies entspricht mindestens 190mg PAC pro Kapsel.<\/p>\n<p>Der OPC-Gehalt wird regelm\u00e4\u00dfig durch ein externes Labor gepr\u00fcft. Bitte klicken Sie hier um die letzte Analyse anzuschauen!<\/p>\n<p>OPC ist die Abk\u00fcrzung f\u00fcr Oligomere Proanthocyanidine. Sie geh\u00f6ren zu den sekund\u00e4ren Pflanzenstoffen und werden zur gro\u00dfen Gruppe der Polyphenole gez\u00e4hlt.<\/p>\n<p>Die Ausgangsstoffe f\u00fcr OPC finden sich in vielen Pflanzen und Fr\u00fcchten, hier besonders in Rinden, Kernh\u00e4uten und Schalen.<\/p>\n<p>Entdeckt wurde OPC im Jahre 1948 von dem franz\u00f6sischen Wissenschaftler Professor Dr. Jack Masquelier. Zun\u00e4chst gewann er die Substanz aus den Schalen von Erdn\u00fcssen, sp\u00e4ter entdeckte er sie auch in der Rinde der Pinus maritima, einer franz\u00f6sischen Pinienart. 1955 stellte Masquelier fest, dass sich die Substanz OPC in weitaus gr\u00f6\u00dferen Mengen auch aus roten Weintrauben, hier speziell aus den Kernen, extrahieren l\u00e4sst.[\/vc_column_text][\/vc_column_inner][vc_column_inner column_width_percent=&#8221;100&#8243; position_vertical=&#8221;middle&#8221; gutter_size=&#8221;3&#8243; overlay_alpha=&#8221;50&#8243; shift_x=&#8221;0&#8243; shift_y=&#8221;0&#8243; shift_y_down=&#8221;0&#8243; z_index=&#8221;0&#8243; medium_width=&#8221;0&#8243; mobile_width=&#8221;0&#8243; width=&#8221;1\/2&#8243;][vc_single_image media=&#8221;1795&#8243; media_width_percent=&#8221;100&#8243; alignment=&#8221;center&#8221;][\/vc_column_inner][\/vc_row_inner][vc_row_inner row_inner_height_percent=&#8221;0&#8243; overlay_alpha=&#8221;50&#8243; gutter_size=&#8221;3&#8243; shift_y=&#8221;0&#8243; z_index=&#8221;0&#8243; inverted_device_order=&#8221;yes&#8221;][vc_column_inner column_width_percent=&#8221;100&#8243; position_vertical=&#8221;middle&#8221; gutter_size=&#8221;3&#8243; overlay_alpha=&#8221;50&#8243; shift_x=&#8221;0&#8243; shift_y=&#8221;0&#8243; shift_y_down=&#8221;0&#8243; z_index=&#8221;0&#8243; medium_width=&#8221;0&#8243; mobile_width=&#8221;0&#8243; width=&#8221;1\/2&#8243;][vc_single_image media=&#8221;1796&#8243; media_width_percent=&#8221;60&#8243; alignment=&#8221;center&#8221;][\/vc_column_inner][vc_column_inner column_width_percent=&#8221;100&#8243; position_vertical=&#8221;middle&#8221; gutter_size=&#8221;3&#8243; overlay_alpha=&#8221;50&#8243; shift_x=&#8221;0&#8243; shift_y=&#8221;0&#8243; shift_y_down=&#8221;0&#8243; z_index=&#8221;0&#8243; medium_width=&#8221;0&#8243; mobile_width=&#8221;0&#8243; width=&#8221;1\/2&#8243;][vc_column_text]<strong>Oxidativer Stress und freie Radikale <\/strong><\/p>\n<p>Freie Radikale entstehen als Nebenprodukte von Stoffwechselprozessen, die unter Beteiligung von Sauerstoff ablaufen, wie zum Beispiel der Atmung.<\/p>\n<p>Weitere Ausl\u00f6ser f\u00fcr ihre Entstehung sind Umweltschadstoffe, Genussmittel, Vitamin- und Mineralstoffmangel, UV-Strahlen und Stress. Normalerweise sind die Schutzsysteme des Organismus ausreichend \u2013 kritisch wird es erst, wenn diese \u00fcberlastet sind. Denn ein Ungleichgewicht zwischen freien Radikalen und sch\u00fctzenden Antioxidantien beg\u00fcnstigt die Entstehung von \u201eoxidativem Stress\u201c, der sich auf das allgemeine Wohlbefinden auswirken kann. Ein Schutz der Zellen vor oxidativem Stress kann durch eine ausreichende Zufuhr von antioxidativen Substanzen wie Vitamin C und Vitamin E erreicht werden.<\/p>\n<p><strong>Die Vitamine C und E \u2013 sch\u00fctzende Antioxidantien<\/strong><\/p>\n<p>Vitamine sind lebensnotwendige Stoffe, die prim\u00e4r durch die Nahrung aufgenommen werden m\u00fcssen.<br \/>\nWichtige Antioxidantien f\u00fcr den Organismus sind die Vitamine C und E, da sie als Radikalf\u00e4nger dazu beitragen, die Zellen vor oxidativem Stress zu sch\u00fctzen. Vor allem Vitamin C ist ein Multitalent: Es unterst\u00fctzt eine normale Funktion des Immunsystems, einen normalen Energiestoffwechsel und tr\u00e4gt zur Verringerung von M\u00fcdigkeit und Erm\u00fcdung bei. Es leistet einen Beitrag zu einer normalen Kollagenbildung f\u00fcr eine ordnungsgem\u00e4\u00dfe Funktion der Blutgef\u00e4\u00dfe und erh\u00f6ht die Eisenaufnahme. Weiterhin tr\u00e4gt es zu einer normalen Funktion des Nervensystems sowie zur normalen psychischen Funktion bei. Auch die Haut profitiert von einer guten Versorgung mit Vitamin C, denn es tr\u00e4gt zu einer normalen Funktion der Haut bei.[\/vc_column_text][\/vc_column_inner][\/vc_row_inner][\/vc_column][\/vc_row][vc_row][vc_column width=&#8221;1\/1&#8243;][vc_separator sep_color=&#8221;accent&#8221; icon=&#8221;fa fa-heart-o&#8221; icon_position=&#8221;left&#8221;][vc_column_text]<\/p>\n<p><strong>PRODUCT QUALITY AT THE BEST PRICE A FOCUS ON CUSTOMERS AND EXPERTISE<\/strong><\/p>\n<p>Product safety and high-quality raw materials are our top priority. We want to serve our customers as a reliable and responsible partner. Experts regularly conduct detailed studies to ensure that the excellent standard of our product range remains constant. To maintain this high, consistent standard, we \u2013 among other things \u2013 manufacture our dietary supplement with a certified pharmaceutical company in Germany.<\/p>\n<p>[\/vc_column_text][vc_empty_space empty_h=&#8221;2&#8243;][vc_accordion][vc_accordion_tab title=&#8221;RECOMMENDED INTAKE&#8221; tab_id=&#8221;1569249169-1-3715692492810021570435190394&#8243;][vc_column_text]One to two capsules daily.[\/vc_column_text][\/vc_accordion_tab][vc_accordion_tab title=&#8221;INGREDIENTS&#8221; tab_id=&#8221;1570437963490-3-8&#8243;][vc_column_text uncode_shortcode_id=&#8221;195692&#8243;]<\/p>\n<p>OPC-Rich Grape Seed Extract, Inulin, Capsule Shell: Hydroxypropyl Methylcellulose, Vitamin C, Vitamin E, Separating Agent: Magnesium Salts of Fatty Acids (Plant-Based)<\/p>\n<p>Avitale Grape Seed Extract Capsules are free from gluten, lactose and soy, and are purely plant-based and therefore suitable for vegans.<\/p>\n<p>The capsules are produced in Germany by a certified pharmaceutical manufacturer.<\/p>\n<p>[\/vc_column_text][vc_empty_space empty_h=&#8221;2&#8243;][vc_column_text]<\/p>\n<p><strong>One capsule contains<\/strong><\/p>\n<p>2200 mg OPC-rich grape seed extract with a minimum 60% OPC (=a minimum 120 mg OPC)<br \/>\n30 mg vitamin C (38% NRV*)<br \/>\n5 mg vitamin E (42% NRV*)<\/p>\n<p>The overall proportion of proanthocyanidins (PAC) is at least 95%, this represents a minimum 190mg PAC per capsule.<\/p>\n<p>[\/vc_column_text][vc_empty_space empty_h=&#8221;2&#8243;][vc_column_text]NRV* = % of the nutrient reference value in accordance with the EU Regulation on Food Information to Consumers[\/vc_column_text][\/vc_accordion_tab][vc_accordion_tab title=&#8221;IMPORTANT INFORMATION&#8221; tab_id=&#8221;1570437982549-4-7&#8243;][vc_column_text]<\/p>\n<p>Owing to the Health Claims Regulation EU No. 1924\/2006, we are not permitted to advertise the effects of our food products or dietary supplements. We therefore ask for your understanding that our customer service team are only able to answer any related questions to a limited degree. For detailed, health-related questions, in particular with regard to taking our products in conjunction with any medication, please consult your physician or pharmacist. In accordance with the applicable laws, these experts are permitted to provide you with healthcare-related and medical advice. We thank you for your understanding!<\/p>\n<p><strong>Dietary supplements are not a substitute for a balanced and varied diet and healthy lifestyle. The daily recommended intake must not be exceeded. Please store out of reach of children.<\/strong><\/p>\n<p>[\/vc_column_text][\/vc_accordion_tab][\/vc_accordion][\/vc_column][\/vc_row][vc_row][vc_column width=&#8221;1\/1&#8243;][vc_custom_heading heading_semantic=&#8221;p&#8221; text_size=&#8221;h4&#8243;]Further products for your well-being[\/vc_custom_heading][uncode_index el_id=&#8221;index-194855&#8243; index_type=&#8221;carousel&#8221; loop=&#8221;size:5|order_by:title|order:ASC|post_type:product|by_id:938,636,932,865,860&#8243; carousel_lg=&#8221;5&#8243; carousel_md=&#8221;3&#8243; carousel_sm=&#8221;2&#8243; gutter_size=&#8221;3&#8243; product_items=&#8221;media|featured|onpost|original|hide-sale,title&#8221; carousel_interval=&#8221;3000&#8243; carousel_navspeed=&#8221;400&#8243; stage_padding=&#8221;0&#8243; single_overlay_opacity=&#8221;50&#8243; single_h_align=&#8221;center&#8221; single_padding=&#8221;2&#8243; single_border=&#8221;yes&#8221;][\/vc_column][\/vc_row]<\/p>\n<\/div>","protected":false},"excerpt":{"rendered":"<p><strong>PZN 01806366<\/strong><br \/>\nTin with 100 capsules<\/p>\n<hr \/>\n<p>Dietary supplement with 200 mg OPC-rich grape seed extract with a minimum 60% OPC (minimum 120mg) as well as vitamins C and E to protect cells against oxidative stress.<\/p>\n<hr \/>\n<p><img decoding=\"async\" src=\"https:\/\/www.avitale.de\/wp-content\/uploads\/2020\/11\/icon-glutenfree.png\" alt=\"\" width=\"75\" height=\"75\" \/> <img decoding=\"async\" src=\"https:\/\/www.avitale.de\/wp-content\/uploads\/2020\/11\/icon-lactosefree.png\" alt=\"\" width=\"75\" height=\"75\" \/> <img decoding=\"async\" src=\"https:\/\/www.avitale.de\/wp-content\/uploads\/2020\/11\/icon-vegan-en.png\" alt=\"\" width=\"75\" height=\"75\" \/> <img decoding=\"async\" src=\"https:\/\/www.avitale.de\/wp-content\/uploads\/2020\/11\/logo-madeingermany-en.png\" alt=\"\" width=\"115\" height=\"75\" \/><\/p>\n","protected":false},"featured_media":974,"template":"","meta":[],"product_brand":[],"product_cat":[252,273],"product_tag":[],"class_list":{"0":"post-2261","1":"product","2":"type-product","3":"status-publish","4":"has-post-thumbnail","6":"product_cat-dietary-supplements","7":"product_cat-immune-system-and-cell-protection","8":"pa_eigenschaft-gluten-free","9":"pa_eigenschaft-lactose-free","10":"pa_eigenschaft-vegan-en","12":"first","13":"instock","14":"shipping-taxable","15":"product-type-simple"},"_links":{"self":[{"href":"https:\/\/www.avitale.de\/en\/wp-json\/wp\/v2\/product\/2261","targetHints":{"allow":["GET"]}}],"collection":[{"href":"https:\/\/www.avitale.de\/en\/wp-json\/wp\/v2\/product"}],"about":[{"href":"https:\/\/www.avitale.de\/en\/wp-json\/wp\/v2\/types\/product"}],"wp:featuredmedia":[{"embeddable":true,"href":"https:\/\/www.avitale.de\/en\/wp-json\/wp\/v2\/media\/974"}],"wp:attachment":[{"href":"https:\/\/www.avitale.de\/en\/wp-json\/wp\/v2\/media?parent=2261"}],"wp:term":[{"taxonomy":"product_brand","embeddable":true,"href":"https:\/\/www.avitale.de\/en\/wp-json\/wp\/v2\/product_brand?post=2261"},{"taxonomy":"product_cat","embeddable":true,"href":"https:\/\/www.avitale.de\/en\/wp-json\/wp\/v2\/product_cat?post=2261"},{"taxonomy":"product_tag","embeddable":true,"href":"https:\/\/www.avitale.de\/en\/wp-json\/wp\/v2\/product_tag?post=2261"}],"curies":[{"name":"wp","href":"https:\/\/api.w.org\/{rel}","templated":true}]}}