{"id":2259,"date":"2019-10-14T17:03:10","date_gmt":"2019-10-14T17:03:10","guid":{"rendered":"https:\/\/www.avitale.de\/produkt\/veggie-depot-vitamin-b12-magnesium-folic-acid\/"},"modified":"2026-02-02T09:25:32","modified_gmt":"2026-02-02T09:25:32","slug":"veggie-depot-vitamin-b12-magnesium-folic-acid","status":"publish","type":"product","link":"https:\/\/www.avitale.de\/en\/product\/veggie-depot-vitamin-b12-magnesium-folic-acid\/","title":{"rendered":"Veggie Depot Vitamin B12 + Magnesium + Folic Acid"},"content":{"rendered":"<div class=\"wpb-content-wrapper\"><p>[vc_row row_height_percent=&#8221;0&#8243; overlay_alpha=&#8221;50&#8243; gutter_size=&#8221;3&#8243; column_width_percent=&#8221;100&#8243; shift_y=&#8221;0&#8243; z_index=&#8221;0&#8243; el_class=&#8221;hide-content-en&#8221;][vc_column width=&#8221;1\/1&#8243;][vc_row_inner][vc_column_inner column_width_percent=&#8221;100&#8243; position_vertical=&#8221;middle&#8221; gutter_size=&#8221;3&#8243; overlay_alpha=&#8221;50&#8243; shift_x=&#8221;0&#8243; shift_y=&#8221;0&#8243; shift_y_down=&#8221;0&#8243; z_index=&#8221;0&#8243; medium_width=&#8221;0&#8243; mobile_width=&#8221;0&#8243; width=&#8221;1\/2&#8243;][vc_column_text]Avitale Veggie-Depot B12 Tabletten sind eine Vitamin-Mineralstoff-Kombination, welche die Versorgung mit Vitamin B12, Magnesium und Fols\u00e4ure unterst\u00fctzt. Das hierf\u00fcr eingesetzte Vitamin B12 (Methylcobalamin) wird durch Fermentation von Zuckerr\u00fcben gewonnen, ist also rein pflanzlich. Vitamin B12 ist ein essentieller Mikron\u00e4hrstoff, der an vielen Sto\u00acffwechselvorg\u00e4ngen beteiligt ist. Es kommt jedoch in nennenswerten Mengen nur in tierischen Lebensmitteln vor. Daher ist f\u00fcr Veganer eine Erg\u00e4nzung der Nahrung mit Vitamin B12 wichtig, um eine gute Versorgung vieler K\u00f6rperfunktionen zu gew\u00e4hrleisten.[\/vc_column_text][\/vc_column_inner][vc_column_inner column_width_percent=&#8221;100&#8243; position_vertical=&#8221;middle&#8221; gutter_size=&#8221;3&#8243; overlay_alpha=&#8221;50&#8243; shift_x=&#8221;0&#8243; shift_y=&#8221;0&#8243; shift_y_down=&#8221;0&#8243; z_index=&#8221;0&#8243; medium_width=&#8221;0&#8243; mobile_width=&#8221;0&#8243; width=&#8221;1\/2&#8243;][vc_single_image media=&#8221;50503&#8243; media_width_percent=&#8221;70&#8243; alignment=&#8221;center&#8221;][\/vc_column_inner][\/vc_row_inner][vc_column_text uncode_shortcode_id=&#8221;148961&#8243;]Vitamin B12, Fols\u00e4ure und Magnesium tragen zur Verringerung von M\u00fcdigkeit und Erm\u00fcdung bei. Magnesium und Vitamin B12 leisten einen Beitrag zu einem normalen Energiestoffwechsel. Vitamin B12 und Magnesium tragen zu einer normalen Funktion des Nervensystems sowie zur normalen psychischen Funktion bei. Vitamin B12 und Fols\u00e4ure leisten einen Beitrag zu einem normalen Homocystein-Stoffwechsel und haben eine Funktion bei der Zellteilung. Vitamin B12 leistet einen Beitrag zur normalen Bildung roter Blutk\u00f6rperchen und Fols\u00e4ure tr\u00e4gt zu einer normalen Blutbildung bei. Magnesium tr\u00e4gt zur Erhaltung normaler Knochen und einer normalen Muskelfunktion bei. Fols\u00e4ure leistet einen Beitrag zu einer normalen Aminos\u00e4uresynthese und Magnesium hat eine Funktion beim Elektrolytegleichgewicht sowie einer normalen Eiwei\u00dfsynthese<\/p>\n<p>Das Produkt ist vegan und mit dem V-Label ausgezeichnet.[\/vc_column_text][\/vc_column][\/vc_row][vc_row][vc_column width=&#8221;1\/1&#8243;][vc_separator sep_color=&#8221;accent&#8221; icon=&#8221;fa fa-heart-o&#8221; icon_position=&#8221;left&#8221;][vc_column_text]<\/p>\n<p><strong>PRODUCT QUALITY AT THE BEST PRICE A FOCUS ON CUSTOMERS AND EXPERTISE<\/strong><\/p>\n<p>Product safety and high-quality raw materials are our top priority. We want to serve our customers as a reliable and responsible partner. Experts regularly conduct detailed studies to ensure that the excellent standard of our product range remains constant. To maintain this high, consistent standard, we \u2013 among other things \u2013 manufacture our dietary supplement with a certified pharmaceutical company in Germany.<\/p>\n<p>[\/vc_column_text][vc_empty_space empty_h=&#8221;2&#8243;][vc_accordion][vc_accordion_tab title=&#8221;RECOMMENDED INTAKE&#8221; tab_id=&#8221;1569249169-1-3715692492810021570435190394&#8243;][vc_column_text]<\/p>\n<p>Take one tablet daily with a meal and a large glass of water.<\/p>\n<p>A single Avitale Veggie Depot B12 Tablet supports your daily supply of vitamin B12, magnesium and folic acid. The substances in the depot tablets are released into the body at a delayed rate over an extended period of time.<\/p>\n<p>[\/vc_column_text][\/vc_accordion_tab][vc_accordion_tab title=&#8221;INGREDIENTS&#8221; tab_id=&#8221;1570437963490-3-8&#8243;][vc_column_text uncode_shortcode_id=&#8221;513080&#8243;]Trimagnesium Dicitrate, Magnesium Oxide, Filler: Microcrystalline Cellulose and Hydroxypropyl Methylcellulose; Separating Agent: Tricalcium Phosphate; Coating: Hydroxypropyl Methylcellulose, Hydroxypropyl Cellulose, Separating Agent: Talcum, Stabilizer: Modified Starch, Vegetable Oil (Coconut); Separating Agent: Calcium Salts of Fatty Acids (Plant-Based); Methylcobalamin (Vitamin B12), Pteroylmonoglutamic Acid (Folic Acid)[\/vc_column_text][vc_empty_space empty_h=&#8221;2&#8243;][vc_column_text]<\/p>\n<p><strong>One tablet contains<\/strong><\/p>\n<p>500 \u03bcg vitamin B12 (methylcobalamin from sugar beet)<br \/>\n20,000% NRV*<\/p>\n<p>1187.5 mg magnesium (magnesium oxide and trimagnesium dicitrate)<br \/>\n50% NRV*<\/p>\n<p>200 \u03bcg folic acid<br \/>\n100% NRV*<\/p>\n<p>[\/vc_column_text][vc_empty_space empty_h=&#8221;2&#8243;][vc_column_text]NRV* = % of the nutrient reference value in accordance with the EU Regulation on Food Information to Consumers[\/vc_column_text][\/vc_accordion_tab][vc_accordion_tab title=&#8221;IMPORTANT INFORMATION&#8221; tab_id=&#8221;1570437982549-4-7&#8243;][vc_column_text]<\/p>\n<p>Owing to the Health Claims Regulation EU No. 1924\/2006, we are not permitted to advertise the effects of our food products or dietary supplements. We therefore ask for your understanding that our customer service team are only able to answer any related questions to a limited degree. For detailed, health-related questions, in particular with regard to taking our products in conjunction with any medication, please consult your physician or pharmacist. In accordance with the applicable laws, these experts are permitted to provide you with healthcare-related and medical advice. We thank you for your understanding!<\/p>\n<p><strong>Dietary supplements are not a substitute for a balanced and varied diet and healthy lifestyle. The daily recommended intake must not be exceeded. Please store out of reach of children.<\/strong><\/p>\n<p>[\/vc_column_text][\/vc_accordion_tab][\/vc_accordion][\/vc_column][\/vc_row][vc_row][vc_column width=&#8221;1\/1&#8243;][vc_custom_heading heading_semantic=&#8221;p&#8221; text_size=&#8221;h4&#8243;]Further products for your well-being[\/vc_custom_heading][uncode_index el_id=&#8221;index-194855&#8243; index_type=&#8221;carousel&#8221; loop=&#8221;size:5|order_by:title|order:ASC|post_type:product|by_id:976,977,713,973,959&#8243; carousel_lg=&#8221;5&#8243; carousel_md=&#8221;3&#8243; carousel_sm=&#8221;2&#8243; gutter_size=&#8221;3&#8243; product_items=&#8221;media|featured|onpost|original|hide-sale,title&#8221; carousel_interval=&#8221;3000&#8243; carousel_navspeed=&#8221;400&#8243; stage_padding=&#8221;0&#8243; single_overlay_opacity=&#8221;50&#8243; single_h_align=&#8221;center&#8221; single_padding=&#8221;2&#8243; single_border=&#8221;yes&#8221;][\/vc_column][\/vc_row]<\/p>\n<\/div>","protected":false},"excerpt":{"rendered":"<p><strong>PZN 11674339<\/strong><br \/>\nFolding carton with 60 depot tablets with modified-release dosage<\/p>\n<hr \/>\n<p>Dietary supplement with vitamin B12 plus magnesium and folic acid for a vegan and vegetarian diet. Depot tablets with modified-release dosage.<\/p>\n<hr \/>\n<p><img decoding=\"async\" src=\"https:\/\/www.avitale.de\/wp-content\/uploads\/2020\/11\/icon-glutenfree.png\" alt=\"\" width=\"75\" height=\"75\" \/> <img decoding=\"async\" src=\"https:\/\/www.avitale.de\/wp-content\/uploads\/2020\/11\/icon-lactosefree.png\" alt=\"\" width=\"75\" height=\"75\" \/> <img decoding=\"async\" src=\"https:\/\/www.avitale.de\/wp-content\/uploads\/2020\/11\/icon-vegan-en.png\" alt=\"\" width=\"75\" height=\"75\" \/> <img decoding=\"async\" src=\"https:\/\/www.avitale.de\/wp-content\/uploads\/2020\/11\/icon-sugarfree.png\" alt=\"\" width=\"75\" height=\"75\" \/> <img decoding=\"async\" src=\"https:\/\/www.avitale.de\/wp-content\/uploads\/2020\/11\/logo-madeingermany-en.png\" alt=\"\" width=\"115\" height=\"75\" \/><\/p>\n","protected":false},"featured_media":2260,"template":"","meta":[],"product_brand":[],"product_cat":[252,275,278],"product_tag":[],"class_list":{"0":"post-2259","1":"product","2":"type-product","3":"status-publish","4":"has-post-thumbnail","6":"product_cat-dietary-supplements","7":"product_cat-minerals-and-vitamins","8":"product_cat-nerves-and-psyche","9":"pa_eigenschaft-gluten-free","10":"pa_eigenschaft-lactose-free","11":"pa_eigenschaft-sugar-free","12":"pa_eigenschaft-vegan-en","14":"first","15":"instock","16":"shipping-taxable","17":"product-type-simple"},"_links":{"self":[{"href":"https:\/\/www.avitale.de\/en\/wp-json\/wp\/v2\/product\/2259","targetHints":{"allow":["GET"]}}],"collection":[{"href":"https:\/\/www.avitale.de\/en\/wp-json\/wp\/v2\/product"}],"about":[{"href":"https:\/\/www.avitale.de\/en\/wp-json\/wp\/v2\/types\/product"}],"wp:featuredmedia":[{"embeddable":true,"href":"https:\/\/www.avitale.de\/en\/wp-json\/wp\/v2\/media\/2260"}],"wp:attachment":[{"href":"https:\/\/www.avitale.de\/en\/wp-json\/wp\/v2\/media?parent=2259"}],"wp:term":[{"taxonomy":"product_brand","embeddable":true,"href":"https:\/\/www.avitale.de\/en\/wp-json\/wp\/v2\/product_brand?post=2259"},{"taxonomy":"product_cat","embeddable":true,"href":"https:\/\/www.avitale.de\/en\/wp-json\/wp\/v2\/product_cat?post=2259"},{"taxonomy":"product_tag","embeddable":true,"href":"https:\/\/www.avitale.de\/en\/wp-json\/wp\/v2\/product_tag?post=2259"}],"curies":[{"name":"wp","href":"https:\/\/api.w.org\/{rel}","templated":true}]}}