{"id":2253,"date":"2019-10-11T12:18:34","date_gmt":"2019-10-11T12:18:34","guid":{"rendered":"https:\/\/www.avitale.de\/produkt\/vitamin-d3-k2-120-en\/"},"modified":"2026-03-23T11:17:59","modified_gmt":"2026-03-23T11:17:59","slug":"vitamin-d3-k2-120-en","status":"publish","type":"product","link":"https:\/\/www.avitale.de\/en\/product\/vitamin-d3-k2-120-en\/","title":{"rendered":"Vitamin D3 + K2"},"content":{"rendered":"<div class=\"wpb-content-wrapper\"><p>[vc_row row_height_percent=&#8221;0&#8243; overlay_alpha=&#8221;50&#8243; gutter_size=&#8221;3&#8243; column_width_percent=&#8221;100&#8243; shift_y=&#8221;0&#8243; z_index=&#8221;0&#8243; el_class=&#8221;hide-content-en&#8221;][vc_column width=&#8221;1\/1&#8243;][vc_single_image media=&#8221;2986&#8243; media_width_percent=&#8221;100&#8243; uncode_shortcode_id=&#8221;171799&#8243;][vc_row_inner][vc_column_inner column_width_percent=&#8221;100&#8243; position_vertical=&#8221;middle&#8221; gutter_size=&#8221;3&#8243; overlay_alpha=&#8221;50&#8243; shift_x=&#8221;0&#8243; shift_y=&#8221;0&#8243; shift_y_down=&#8221;0&#8243; z_index=&#8221;0&#8243; medium_width=&#8221;0&#8243; mobile_width=&#8221;0&#8243; width=&#8221;1\/2&#8243;][vc_column_text]<strong>Vitamin D<\/strong><\/p>\n<p>Vitamin D ist f\u00fcr den menschlichen Organismus unverzichtbar. Es wird kaum aus der Nahrung aufgenommen, sondern der K\u00f6rper bildet es selber mit Hilfe der im Sonnenlicht enthaltenen UV-B-Strahlen in der Haut. In den Wintermonaten kann das Sonnenvitamin D in nord- und mitteleurop\u00e4ischen Gegenden jedoch fast ausschlie\u00dflich \u00fcber die Nahrung aufgenommen werden, da f\u00fcr die k\u00f6rpereigene Bildung des Vitamins nicht gen\u00fcgend UV-B-Strahlen im Tageslicht enthalten sind.<\/p>\n<p>Vitamin D tr\u00e4gt zu einer normalen Funktion des Immunsystems bei und hat eine Funktion bei der Zellteilung.<br \/>\nEs unterst\u00fctzt die Erhaltung normaler Knochen und Muskelfunktionen und leistet einen Beitrag zur Erhaltung normaler Z\u00e4hne. Weiterhin tr\u00e4gt Vitamin D zu einer normalen Aufnahme bzw. Verwertung von Calcium und Phosphor bei und leistet einen Beitrag zu einem normalen Calciumspiegel im Blut.[\/vc_column_text][\/vc_column_inner][vc_column_inner column_width_percent=&#8221;100&#8243; position_vertical=&#8221;middle&#8221; gutter_size=&#8221;3&#8243; overlay_alpha=&#8221;50&#8243; shift_x=&#8221;0&#8243; shift_y=&#8221;0&#8243; shift_y_down=&#8221;0&#8243; z_index=&#8221;0&#8243; medium_width=&#8221;0&#8243; mobile_width=&#8221;0&#8243; width=&#8221;1\/2&#8243;][vc_single_image media=&#8221;51467&#8243; media_width_percent=&#8221;70&#8243; alignment=&#8221;center&#8221;][\/vc_column_inner][\/vc_row_inner][vc_empty_space empty_h=&#8221;2&#8243;][vc_row_inner row_inner_height_percent=&#8221;0&#8243; overlay_alpha=&#8221;50&#8243; gutter_size=&#8221;3&#8243; shift_y=&#8221;0&#8243; z_index=&#8221;0&#8243; inverted_device_order=&#8221;yes&#8221;][vc_column_inner column_width_percent=&#8221;100&#8243; position_vertical=&#8221;middle&#8221; gutter_size=&#8221;3&#8243; overlay_alpha=&#8221;50&#8243; shift_x=&#8221;0&#8243; shift_y=&#8221;0&#8243; shift_y_down=&#8221;0&#8243; z_index=&#8221;0&#8243; medium_width=&#8221;0&#8243; mobile_width=&#8221;0&#8243; width=&#8221;1\/2&#8243;][vc_single_image media=&#8221;51468&#8243; media_width_percent=&#8221;70&#8243; alignment=&#8221;center&#8221;][\/vc_column_inner][vc_column_inner column_width_percent=&#8221;100&#8243; position_vertical=&#8221;middle&#8221; gutter_size=&#8221;3&#8243; overlay_alpha=&#8221;50&#8243; shift_x=&#8221;0&#8243; shift_y=&#8221;0&#8243; shift_y_down=&#8221;0&#8243; z_index=&#8221;0&#8243; medium_width=&#8221;0&#8243; mobile_width=&#8221;0&#8243; width=&#8221;1\/2&#8243;][vc_column_text]<strong>Vitamin K<\/strong><\/p>\n<p>Das verh\u00e4ltnism\u00e4\u00dfig unbekannte, fettl\u00f6sliche Vitamin K geh\u00f6rt zu den essentiellen Vitaminen. Es tr\u00e4gt zur Erhaltung normaler Knochen und einer normalen Blutgerinnung bei.<\/p>\n<p>Vitamin K gibt es in zwei Formen: Vitamin K1, gewonnen aus gr\u00fcnen Pflanzen wie Gr\u00fcnkohl, Petersilie, Feldsalat oder Schnittlauch und Vitamin K2, gewonnen aus tierischen Quellen oder aus fermentierten Produkten wie Sauerkraut. Vitamin K2-MK7 von Kappa Bioscience gilt heute als eine f\u00fcr den Organismus gute Form von Vitamin K2, da es eine hohe Bioverf\u00fcgbarkeit aufweist.<\/p>\n<p>Avitale D3 + K2 Tabletten liefern mit 2000 I.E. Vitamin D3 und 100 \u03bcg Vitamin K2 eine gute Versorgung vieler K\u00f6rperfunktionen mit beiden Vitaminen.[\/vc_column_text][vc_button outline=&#8221;yes&#8221; border_width=&#8221;0&#8243; icon=&#8221;fa fa-file-pdf-o&#8221; link=&#8221;url:https%3A%2F%2Fwww.avitale.de%2Fwp-content%2Fuploads%2F2020%2F06%2FCoA_AN_SYN_20_093-3-Avitale.pdf|title:Labor-Analyse|target:%20_blank|&#8221;]Labor-Analyse[\/vc_button][\/vc_column_inner][\/vc_row_inner][\/vc_column][\/vc_row][vc_row row_height_percent=&#8221;0&#8243; overlay_alpha=&#8221;50&#8243; gutter_size=&#8221;3&#8243; column_width_percent=&#8221;100&#8243; shift_y=&#8221;0&#8243; z_index=&#8221;0&#8243;][vc_column width=&#8221;1\/1&#8243;][vc_separator sep_color=&#8221;accent&#8221; icon=&#8221;fa fa-heart-o&#8221; icon_position=&#8221;left&#8221;][vc_column_text]<\/p>\n<p><strong>PRODUCT QUALITY AT THE BEST PRICE A FOCUS ON CUSTOMERS AND EXPERTISE<\/strong><\/p>\n<p>Product safety and high-quality raw materials are our top priority. We want to serve our customers as a reliable and responsible partner. Experts regularly conduct detailed studies to ensure that the excellent standard of our product range remains constant. To maintain this high, consistent standard, we \u2013 among other things \u2013 manufacture our dietary supplement with a certified pharmaceutical company in Germany.<\/p>\n<p>[\/vc_column_text][vc_empty_space empty_h=&#8221;2&#8243;][vc_accordion][vc_accordion_tab title=&#8221;RECOMMENDED INTAKE&#8221; tab_id=&#8221;1569249169-1-3715692492810021570435190394&#8243;][vc_column_text]Take one tablet daily with a glass of water during a meal. Tip: Vitamins D3 and K2 are fat-soluble and are absorbed more effectively by the body when ingested together with meals that are rich in fat.[\/vc_column_text][\/vc_accordion_tab][vc_accordion_tab title=&#8221;INGREDIENTS&#8221; tab_id=&#8221;1570437963490-3-8&#8243;][vc_column_text]<\/p>\n<p>Vitamin K2-MK7 from Kappa Bioscience (Capsule Form), Filler: Calcium Carbonate, Vitamin D3 (Cholecalciferol), Separating Agent: Tricalcium Phosphate and Magnesium Salts of Fatty Acids (Plant-Based)<\/p>\n<p>Avitale Vitamin D3 + K2 Tablets are free from gluten, lactose, fructose, colourants, yeast and soy.<\/p>\n<p>[\/vc_column_text][vc_empty_space empty_h=&#8221;2&#8243;][vc_column_text]<\/p>\n<p><strong>One tablet contains<\/strong><\/p>\n<p>100 \u00b5g vitamin K2 (133.3 % NRV*)<br \/>\n50 \u00b5g (\u2259 2000 I.E.) vitamin D3 (1,000 % NRV*)<\/p>\n<p>[\/vc_column_text][vc_empty_space empty_h=&#8221;2&#8243;][vc_column_text]*NRV = nutrient reference value \/ % of the nutrient reference value in accordance with the EU Regulation on Food Information to Consumers[\/vc_column_text][\/vc_accordion_tab][vc_accordion_tab title=&#8221;IMPORTANT INFORMATION&#8221; tab_id=&#8221;1570437982549-4-7&#8243;][vc_column_text]<\/p>\n<p>Please do not use this product if you suffer from hypercalcemia (abnormally high calcium levels in the blood) and\/or hypercalciuria (abnormally high calcium levels in the urine). Please consult your physician before taking this product with coumarin-based anti-coagulants. When taking thiazide diuretics, this should be taken into account in terms of vitamin D dosage, as it can lead to increased calcium levels.<\/p>\n<p>Owing to the Health Claims Regulation EU No. 1924\/2006, we are not permitted to advertise the effects of our food products or dietary supplements. We therefore ask for your understanding that our customer service team are only able to answer any related questions to a limited degree. For detailed, health-related questions, in particular with regard to taking our products in conjunction with any medication, please consult your physician or pharmacist. In accordance with the applicable laws, these experts are permitted to provide you with healthcare-related and medical advice. We thank you for your understanding!<\/p>\n<p><strong>Dietary supplements are not a substitute for a balanced and varied diet and healthy lifestyle. The daily recommended intake must not be exceeded. Please store out of reach of children.<\/strong><\/p>\n<p>[\/vc_column_text][\/vc_accordion_tab][\/vc_accordion][\/vc_column][\/vc_row][vc_row][vc_column width=&#8221;1\/1&#8243;][vc_custom_heading text_size=&#8221;h4&#8243;]Further products for your well-being[\/vc_custom_heading][uncode_index el_id=&#8221;index-194855&#8243; index_type=&#8221;carousel&#8221; loop=&#8221;size:5|order_by:date|post_type:product|by_id:936,809,888,876,951&#8243; carousel_lg=&#8221;5&#8243; carousel_md=&#8221;3&#8243; carousel_sm=&#8221;2&#8243; gutter_size=&#8221;3&#8243; product_items=&#8221;media|featured|onpost|original|hide-sale,title&#8221; carousel_interval=&#8221;3000&#8243; carousel_navspeed=&#8221;400&#8243; stage_padding=&#8221;0&#8243; single_overlay_opacity=&#8221;50&#8243; single_h_align=&#8221;center&#8221; single_padding=&#8221;2&#8243; single_border=&#8221;yes&#8221;][\/vc_column][\/vc_row]<\/p>\n<\/div>","protected":false},"excerpt":{"rendered":"<p><strong>PZN 15205937<\/strong><br \/>\nPack with 120 tablets<\/p>\n<p><strong>Also available as<\/strong><br \/>\n<a href=\"https:\/\/www.avitale.de\/en\/product\/vitamin-d3-k2-60-en\/\">Pack with 60 tablets<\/a><\/p>\n<hr \/>\n<p>The Avitale D3 + K2 dietary supplement is a combination of vitamins that supports your body\u2019s supply of vitamin D (2,000 I.E) and vitamin K (100 \u03bcg).<\/p>\n<hr \/>\n<p><img decoding=\"async\" src=\"https:\/\/www.avitale.de\/wp-content\/uploads\/2020\/11\/icon-glutenfree.png\" alt=\"\" width=\"75\" height=\"75\" \/> <img decoding=\"async\" src=\"https:\/\/www.avitale.de\/wp-content\/uploads\/2020\/11\/icon-lactosefree.png\" alt=\"\" width=\"75\" height=\"75\" \/> <img decoding=\"async\" src=\"https:\/\/www.avitale.de\/wp-content\/uploads\/2020\/11\/logo-madeingermany-en.png\" alt=\"\" width=\"115\" height=\"75\" \/><\/p>\n","protected":false},"featured_media":51466,"template":"","meta":[],"product_brand":[],"product_cat":[252,275,276],"product_tag":[],"class_list":{"0":"post-2253","1":"product","2":"type-product","3":"status-publish","4":"has-post-thumbnail","6":"product_cat-dietary-supplements","7":"product_cat-minerals-and-vitamins","8":"product_cat-muscles-bones-mobility","9":"pa_eigenschaft-gluten-free","10":"pa_eigenschaft-lactose-free","12":"first","13":"instock","14":"shipping-taxable","15":"product-type-simple"},"_links":{"self":[{"href":"https:\/\/www.avitale.de\/en\/wp-json\/wp\/v2\/product\/2253","targetHints":{"allow":["GET"]}}],"collection":[{"href":"https:\/\/www.avitale.de\/en\/wp-json\/wp\/v2\/product"}],"about":[{"href":"https:\/\/www.avitale.de\/en\/wp-json\/wp\/v2\/types\/product"}],"wp:featuredmedia":[{"embeddable":true,"href":"https:\/\/www.avitale.de\/en\/wp-json\/wp\/v2\/media\/51466"}],"wp:attachment":[{"href":"https:\/\/www.avitale.de\/en\/wp-json\/wp\/v2\/media?parent=2253"}],"wp:term":[{"taxonomy":"product_brand","embeddable":true,"href":"https:\/\/www.avitale.de\/en\/wp-json\/wp\/v2\/product_brand?post=2253"},{"taxonomy":"product_cat","embeddable":true,"href":"https:\/\/www.avitale.de\/en\/wp-json\/wp\/v2\/product_cat?post=2253"},{"taxonomy":"product_tag","embeddable":true,"href":"https:\/\/www.avitale.de\/en\/wp-json\/wp\/v2\/product_tag?post=2253"}],"curies":[{"name":"wp","href":"https:\/\/api.w.org\/{rel}","templated":true}]}}