{"id":2245,"date":"2019-10-14T17:19:16","date_gmt":"2019-10-14T17:19:16","guid":{"rendered":"https:\/\/www.avitale.de\/produkt\/cinnamon-capsules-500-mg-120\/"},"modified":"2026-03-23T11:18:55","modified_gmt":"2026-03-23T11:18:55","slug":"cinnamon-capsules-500-mg-120","status":"publish","type":"product","link":"https:\/\/www.avitale.de\/en\/product\/cinnamon-capsules-500-mg-120\/","title":{"rendered":"Cinnamon Capsules 500 mg"},"content":{"rendered":"<div class=\"wpb-content-wrapper\"><p>[vc_row row_height_percent=&#8221;0&#8243; overlay_alpha=&#8221;50&#8243; gutter_size=&#8221;3&#8243; column_width_percent=&#8221;100&#8243; shift_y=&#8221;0&#8243; z_index=&#8221;0&#8243; shape_dividers=&#8221;&#8221; el_class=&#8221;hide-content-en&#8221;][vc_column width=&#8221;1\/1&#8243;][vc_row_inner][vc_column_inner column_width_percent=&#8221;100&#8243; position_vertical=&#8221;middle&#8221; gutter_size=&#8221;3&#8243; overlay_alpha=&#8221;50&#8243; shift_x=&#8221;0&#8243; shift_y=&#8221;0&#8243; shift_y_down=&#8221;0&#8243; z_index=&#8221;0&#8243; medium_width=&#8221;0&#8243; mobile_width=&#8221;0&#8243; width=&#8221;1\/2&#8243;][vc_column_text]Zimt ist eines der \u00e4ltesten Gew\u00fcrze: Bereits aus vorchristlicher Zeit stammen erste \u00dcberlieferungen und auch im alten Testament wurde Zimt mehrfach genannt. Anfang des 16. Jahrhunderts kam der Ceylonzimt durch die Portugiesen nach Europa. Echter Zimt zeichnet sich durch einen stark aromatischen Duft und einen s\u00fc\u00dflichen, charakteristischen Geschmack aus.[\/vc_column_text][\/vc_column_inner][vc_column_inner column_width_percent=&#8221;100&#8243; position_vertical=&#8221;middle&#8221; gutter_size=&#8221;3&#8243; overlay_alpha=&#8221;50&#8243; shift_x=&#8221;0&#8243; shift_y=&#8221;0&#8243; shift_y_down=&#8221;0&#8243; z_index=&#8221;0&#8243; medium_width=&#8221;0&#8243; mobile_width=&#8221;0&#8243; width=&#8221;1\/2&#8243;][vc_single_image media=&#8221;51778&#8243; media_width_percent=&#8221;70&#8243; alignment=&#8221;center&#8221;][\/vc_column_inner][\/vc_row_inner][vc_column_text]<strong>Die Vitamine C + E, die Mineralstoffe Zink + Chrom: Notwendig f\u00fcr viele K\u00f6rperfunktionen<\/strong><\/p>\n<p>Vitamin C und E k\u00f6nnen vom K\u00f6rper nicht selbst produziert werden und m\u00fcssen regelm\u00e4\u00dfig mit der Nahrung aufgenommen werden. Beide Vitamine erg\u00e4nzen einander, so tr\u00e4gt Vitamin C zur Regeneration der reduzierten Form von Vitamin E bei. Zusammen mit Zink sind sie wichtige Antioxidantien f\u00fcr den Organismus, da sie als Radikalf\u00e4nger dazu beitragen, die Zellen vor oxidativem Stress zu sch\u00fctzen.<\/p>\n<p>Auch die Mineralstoffe Zink und Chrom m\u00fcssen \u00fcber die Nahrung aufgenommen werden und sind als sogenannte Spurenelemente in Lebensmitteln enthalten. Chrom tr\u00e4gt zur Aufrechterhaltung eines normalen Blutzuckerspiegels bei und Zink unterst\u00fctzt einen normalen Kohlenhydrat-Stoffwechsel. Beide Mineralstoffe leisten einen Beitrag zu einem normalen Stoffwechsel von Makron\u00e4hrstoffen. Zink tr\u00e4gt au\u00dferdem zu einem normalen S\u00e4ure-Basen-Stoffwechsel bei. Vitamin C erh\u00f6ht die Eisenaufnahme.<\/p>\n<p>Vitamin C und Zink leisten einen Beitrag zu einer normalen Funktion des Immunsystems und Vitamin C unterst\u00fctzt au\u00dferdem einen normalen Energiestoffwechsel.<\/p>\n<p>Die Herstellung erfolgt in Deutschland bei einem zertifizierten Arzneimittelhersteller.[\/vc_column_text][\/vc_column][\/vc_row][vc_row][vc_column width=&#8221;1\/1&#8243;][vc_separator sep_color=&#8221;accent&#8221; icon=&#8221;fa fa-heart-o&#8221; icon_position=&#8221;left&#8221;][vc_column_text]<\/p>\n<p><strong>PRODUCT QUALITY AT THE BEST PRICE A FOCUS ON CUSTOMERS AND EXPERTISE<\/strong><\/p>\n<p>Product safety and high-quality raw materials are our top priority. We want to serve our customers as a reliable and responsible partner. Experts regularly conduct detailed studies to ensure that the excellent standard of our product range remains constant. To maintain this high, consistent standard, we \u2013 among other things \u2013 manufacture our dietary supplement with a certified pharmaceutical company in Germany.<\/p>\n<p>[\/vc_column_text][vc_empty_space empty_h=&#8221;2&#8243;][vc_accordion][vc_accordion_tab title=&#8221;RECOMMENDED INTAKE&#8221; tab_id=&#8221;1569249169-1-3715692492810021570435190394&#8243;][vc_column_text]One capsule three times daily before meals.[\/vc_column_text][\/vc_accordion_tab][vc_accordion_tab title=&#8221;INGREDIENTS&#8221; tab_id=&#8221;1570437963490-3-8&#8243;][vc_column_text]<\/p>\n<p>Cinnamon Powder, Capsule Shell: Gelatine, Vitamin C (Ascorbic Acid), Vitamin E Acetate, Zinc Gluconate, Separating Agent: Magnesium Salts of Fatty Acids (Plant-Based), Chromium III Chloride<br \/>\nMay contain sulphur dioxide in concentrations above 10mg\/kg.<\/p>\n<p>Avitale Cinnamon Capsules are free from gluten, lactose, colourants and preservatives.<\/p>\n<p>The capsules are produced in Germany by a certified pharmaceutical manufacturer.<\/p>\n<p>[\/vc_column_text][vc_empty_space empty_h=&#8221;2&#8243;][vc_column_text]<\/p>\n<p><strong>One capsule contains<\/strong><\/p>\n<p>500 mg Ceylon cinnamon<br \/>\n15 mg vitamin C (18.75% NRV*)<br \/>\n4 mg vitamin E (33.33% NRV*)<br \/>\n1.6 mg zinc (16% NRV*)<br \/>\n3 mcg chromium (7.5% NRV*)<\/p>\n<p>[\/vc_column_text][vc_empty_space empty_h=&#8221;2&#8243;][vc_column_text]NRV* = % of the nutrient reference value in accordance with the EU Regulation on Food Information to Consumers[\/vc_column_text][\/vc_accordion_tab][vc_accordion_tab title=&#8221;IMPORTANT INFORMATION&#8221; tab_id=&#8221;1570437982549-4-7&#8243;][vc_column_text]<\/p>\n<p>Owing to the Health Claims Regulation EU No. 1924\/2006, we are not permitted to advertise the effects of our food products or dietary supplements. We therefore ask for your understanding that our customer service team are only able to answer any related questions to a limited degree. For detailed, health-related questions, in particular with regard to taking our products in conjunction with any medication, please consult your physician or pharmacist. In accordance with the applicable laws, these experts are permitted to provide you with healthcare-related and medical advice. We thank you for your understanding!<\/p>\n<p><strong>Dietary supplements are not a substitute for a balanced and varied diet and healthy lifestyle. The daily recommended intake must not be exceeded. Please store out of reach of children.<\/strong><\/p>\n<p>[\/vc_column_text][\/vc_accordion_tab][\/vc_accordion][\/vc_column][\/vc_row][vc_row][vc_column width=&#8221;1\/1&#8243;][vc_custom_heading heading_semantic=&#8221;p&#8221; text_size=&#8221;h4&#8243;]Further products for your well-being[\/vc_custom_heading][uncode_index el_id=&#8221;index-194855&#8243; index_type=&#8221;carousel&#8221; loop=&#8221;size:5|order_by:title|order:ASC|post_type:product|by_id:669,665,640,918,882&#8243; carousel_lg=&#8221;5&#8243; carousel_md=&#8221;3&#8243; carousel_sm=&#8221;2&#8243; gutter_size=&#8221;3&#8243; product_items=&#8221;media|featured|onpost|original|hide-sale,title&#8221; carousel_interval=&#8221;3000&#8243; carousel_navspeed=&#8221;400&#8243; stage_padding=&#8221;0&#8243; single_overlay_opacity=&#8221;50&#8243; single_h_align=&#8221;center&#8221; single_padding=&#8221;2&#8243; single_border=&#8221;yes&#8221;][\/vc_column][\/vc_row]<\/p>\n<\/div>","protected":false},"excerpt":{"rendered":"<p><strong>PZN 03884672<\/strong><br \/>\nTin with 120 capsules<\/p>\n<p><strong>Also available as<\/strong><br \/>\n<a href=\"https:\/\/www.avitale.de\/en\/product\/cinnamon-capsules-500-mg-60\/\">Tin with 60 capsules<\/a><\/p>\n<hr \/>\n<p>Avitale Cinnamon Capsules are a dietary supplement with Ceylon cinnamon powder and vitamins C and E as well as zinc and chromium to support normal blood-sugar levels and carbohydrate metabolism.<\/p>\n<hr \/>\n<p><img decoding=\"async\" src=\"https:\/\/www.avitale.de\/wp-content\/uploads\/2020\/11\/icon-glutenfree.png\" alt=\"\" width=\"75\" height=\"75\" \/> <img decoding=\"async\" src=\"https:\/\/www.avitale.de\/wp-content\/uploads\/2020\/11\/icon-lactosefree.png\" alt=\"\" width=\"75\" height=\"75\" \/> <img decoding=\"async\" src=\"https:\/\/www.avitale.de\/wp-content\/uploads\/2020\/11\/icon-sugarfree.png\" alt=\"\" width=\"75\" height=\"75\" \/> <img decoding=\"async\" src=\"https:\/\/www.avitale.de\/wp-content\/uploads\/2020\/11\/logo-madeingermany-en.png\" alt=\"\" width=\"115\" height=\"75\" \/><\/p>\n","protected":false},"featured_media":2246,"template":"","meta":[],"product_brand":[],"product_cat":[252,281],"product_tag":[],"class_list":{"0":"post-2245","1":"product","2":"type-product","3":"status-publish","4":"has-post-thumbnail","6":"product_cat-dietary-supplements","7":"product_cat-metabolism","8":"pa_eigenschaft-gluten-free","9":"pa_eigenschaft-lactose-free","10":"pa_eigenschaft-sugar-free","12":"first","13":"instock","14":"shipping-taxable","15":"product-type-simple"},"_links":{"self":[{"href":"https:\/\/www.avitale.de\/en\/wp-json\/wp\/v2\/product\/2245","targetHints":{"allow":["GET"]}}],"collection":[{"href":"https:\/\/www.avitale.de\/en\/wp-json\/wp\/v2\/product"}],"about":[{"href":"https:\/\/www.avitale.de\/en\/wp-json\/wp\/v2\/types\/product"}],"wp:featuredmedia":[{"embeddable":true,"href":"https:\/\/www.avitale.de\/en\/wp-json\/wp\/v2\/media\/2246"}],"wp:attachment":[{"href":"https:\/\/www.avitale.de\/en\/wp-json\/wp\/v2\/media?parent=2245"}],"wp:term":[{"taxonomy":"product_brand","embeddable":true,"href":"https:\/\/www.avitale.de\/en\/wp-json\/wp\/v2\/product_brand?post=2245"},{"taxonomy":"product_cat","embeddable":true,"href":"https:\/\/www.avitale.de\/en\/wp-json\/wp\/v2\/product_cat?post=2245"},{"taxonomy":"product_tag","embeddable":true,"href":"https:\/\/www.avitale.de\/en\/wp-json\/wp\/v2\/product_tag?post=2245"}],"curies":[{"name":"wp","href":"https:\/\/api.w.org\/{rel}","templated":true}]}}