{"id":2207,"date":"2019-10-14T06:29:08","date_gmt":"2019-10-14T06:29:08","guid":{"rendered":"https:\/\/www.avitale.de\/produkt\/organic-whole-psyllium-husks-from-india-500g\/"},"modified":"2026-03-23T10:28:32","modified_gmt":"2026-03-23T10:28:32","slug":"organic-whole-psyllium-husks-from-india-500g","status":"publish","type":"product","link":"https:\/\/www.avitale.de\/en\/product\/organic-whole-psyllium-husks-from-india-500g\/","title":{"rendered":"Organic Whole Psyllium Husks from India 500g"},"content":{"rendered":"<div class=\"wpb-content-wrapper\"><p>[vc_row row_height_percent=&#8221;0&#8243; overlay_alpha=&#8221;50&#8243; gutter_size=&#8221;3&#8243; column_width_percent=&#8221;100&#8243; shift_y=&#8221;0&#8243; z_index=&#8221;0&#8243; shape_dividers=&#8221;&#8221; el_class=&#8221;hide-content-en&#8221;][vc_column width=&#8221;1\/1&#8243;][vc_row_inner][vc_column_inner column_width_percent=&#8221;100&#8243; position_vertical=&#8221;middle&#8221; gutter_size=&#8221;3&#8243; overlay_alpha=&#8221;50&#8243; shift_x=&#8221;0&#8243; shift_y=&#8221;0&#8243; shift_y_down=&#8221;0&#8243; z_index=&#8221;0&#8243; medium_width=&#8221;0&#8243; mobile_width=&#8221;0&#8243; width=&#8221;1\/2&#8243;][vc_column_text]Avitale Flohsamenschalen sind reich an schleimbildenden Ballaststoffen: Pro 100g Flohsamenschalen sind mindestens 75g Ballaststoffe enthalten. Flohsamenschalen sind ein reines Naturprodukt ohne Zusatzstoffe und f\u00fcr eine vegetarische und vegane Ern\u00e4hrung geeignet. Die perfekte, t\u00e4gliche Erg\u00e4nzung als wertvoller Beitrag zu Ihrem Wohlbefinden![\/vc_column_text][\/vc_column_inner][vc_column_inner column_width_percent=&#8221;100&#8243; position_vertical=&#8221;middle&#8221; gutter_size=&#8221;3&#8243; overlay_alpha=&#8221;50&#8243; shift_x=&#8221;0&#8243; shift_y=&#8221;0&#8243; shift_y_down=&#8221;0&#8243; z_index=&#8221;0&#8243; medium_width=&#8221;0&#8243; mobile_width=&#8221;0&#8243; width=&#8221;1\/2&#8243;][vc_single_image media=&#8221;51797&#8243; media_width_percent=&#8221;70&#8243; alignment=&#8221;center&#8221;][\/vc_column_inner][\/vc_row_inner][\/vc_column][\/vc_row][vc_row][vc_column width=&#8221;1\/1&#8243;][vc_separator sep_color=&#8221;accent&#8221; icon=&#8221;fa fa-heart-o&#8221; icon_position=&#8221;left&#8221;][vc_column_text]<\/p>\n<p><strong>PRODUCT QUALITY AT THE BEST PRICE A FOCUS ON CUSTOMERS AND EXPERTISE<\/strong><\/p>\n<p>Product safety and high-quality raw materials are our top priority. We want to serve our customers as a reliable and responsible partner. Experts regularly conduct detailed studies to ensure that the excellent standard of our product range remains constant. To maintain this high, consistent standard, we \u2013 among other things \u2013 manufacture our dietary supplement with a certified pharmaceutical company in Germany.<\/p>\n<p>[\/vc_column_text][vc_empty_space empty_h=&#8221;2&#8243;][vc_accordion][vc_accordion_tab title=&#8221;RECOMMENDED INTAKE&#8221; tab_id=&#8221;1569249169-1-3715692492810021570435190394&#8243;][vc_column_text]<\/p>\n<p>Once daily, stir two level tsp into approx. 300 ml water and drink. Please do not consume dry and ensure that you drink 1 to 2 litres of water daily.<\/p>\n<p>Also ideal for stirring into muesli or yoghurt!<\/p>\n<p>[\/vc_column_text][\/vc_accordion_tab][vc_accordion_tab title=&#8221;INGREDIENTS&#8221; tab_id=&#8221;1570437963490-3-8&#8243;][vc_column_text]Whole Indian psyllium husks from certified organic producers (COP), minimum 99% purity.[\/vc_column_text][vc_empty_space empty_h=&#8221;2&#8243;][vc_column_text]<\/p>\n<p><strong>Nutritional value* per 100 g<\/strong><\/p>\n<p>Energy 895 kJ\/220 kcal<br \/>\nFat 0.8 g<br \/>\nof which saturated fatty acids <0.8 g<br \/>\nCarbohydrate 12.7 g<br \/>\nof which sugars <0.5 g<br \/>\nProtein 2.1 g<br \/>\nSalt 0.15 g<\/p>\n<p>[\/vc_column_text][vc_empty_space empty_h=&#8221;2&#8243;][vc_column_text]<\/p>\n<p>* Average values with natural fluctuations according to the laboratory analysis by an accredited food laboratory<\/p>\n<p>[\/vc_column_text][\/vc_accordion_tab][vc_accordion_tab title=&#8221;IMPORTANT INFORMATION&#8221; tab_id=&#8221;1570437982549-4-7&#8243;][vc_column_text]<\/p>\n<p>Please consult your physician before consuming this product if you suffer from any illness of the gastrointestinal tract (including pathological narrowing of the gastrointestinal tract and any potential or existing gut obstruction), kidneys or oesophagus, or suffer from brittle Type 2 diabetes. Please do not take directly with other medication.<\/p>\n<p>Owing to the Health Claims Regulation EU No. 1924\/2006, we are not permitted to advertise the effects of our food products or dietary supplements. We therefore ask for your understanding that our customer service team are only able to answer any related questions to a limited degree. For detailed, health-related questions, in particular with regard to taking our products in conjunction with any medication, please consult your physician or pharmacist. In accordance with the applicable laws, these experts are permitted to provide you with healthcare-related and medical advice. We thank you for your understanding!<\/p>\n<p><strong>Dietary supplements are not a substitute for a balanced and varied diet and healthy lifestyle. The daily recommended intake must not be exceeded. Please store out of reach of children.<\/strong><\/p>\n<p>[\/vc_column_text][\/vc_accordion_tab][\/vc_accordion][\/vc_column][\/vc_row][vc_row][vc_column width=&#8221;1\/1&#8243;][vc_custom_heading heading_semantic=&#8221;p&#8221; text_size=&#8221;h4&#8243;]Further products for your well-being[\/vc_custom_heading][uncode_index el_id=&#8221;index-194855&#8243; index_type=&#8221;carousel&#8221; loop=&#8221;size:5|order_by:date|post_type:product|by_id:802,800,656,874,932&#8243; carousel_lg=&#8221;5&#8243; carousel_md=&#8221;3&#8243; carousel_sm=&#8221;2&#8243; gutter_size=&#8221;3&#8243; product_items=&#8221;media|featured|onpost|original|hide-sale,title&#8221; carousel_interval=&#8221;3000&#8243; carousel_navspeed=&#8221;400&#8243; stage_padding=&#8221;0&#8243; single_overlay_opacity=&#8221;50&#8243; single_h_align=&#8221;center&#8221; single_padding=&#8221;2&#8243; single_border=&#8221;yes&#8221;][\/vc_column][\/vc_row]<\/p>\n<\/div>","protected":false},"excerpt":{"rendered":"<p><strong>PZN 12562128<\/strong><br \/>\nPack with 500 g<\/p>\n<p><strong>Also available as<\/strong><br \/>\n<a href=\"https:\/\/www.avitale.de\/en\/product\/organic-whole-psyllium-husks-from-india-250g\/\">Pack with 250 g<\/a><\/p>\n<hr \/>\n<p>Organic whole psyllium from India. Sealed transparent bag. Minimum 99% purity!<\/p>\n<p>Organic certification authority DE-\u00d6KO-001 \u2013 Non-EU agriculture. Our certification as a supplier of organic products is confirmed annually by the certification authority DE-\u00d6KO-001.<\/p>\n<hr \/>\n<p><img decoding=\"async\" src=\"https:\/\/www.avitale.de\/wp-content\/uploads\/2020\/11\/icon-lactosefree.png\" alt=\"\" width=\"75\" height=\"75\" \/> <img decoding=\"async\" src=\"https:\/\/www.avitale.de\/wp-content\/uploads\/2020\/11\/icon-vegan-en.png\" alt=\"\" width=\"75\" height=\"75\" \/> <img decoding=\"async\" src=\"https:\/\/www.avitale.de\/wp-content\/uploads\/2020\/11\/icon-sugarfree.png\" alt=\"\" width=\"75\" height=\"75\" \/> <img decoding=\"async\" src=\"https:\/\/www.avitale.de\/wp-content\/uploads\/2020\/11\/logo-madeingermany-en.png\" alt=\"\" width=\"115\" height=\"75\" \/><\/p>\n","protected":false},"featured_media":2799,"template":"","meta":[],"product_brand":[],"product_cat":[252,259,266,264,274],"product_tag":[],"class_list":{"0":"post-2207","1":"product","2":"type-product","3":"status-publish","4":"has-post-thumbnail","6":"product_cat-dietary-supplements","7":"product_cat-food-products","8":"product_cat-metabolism-food","9":"product_cat-stomach-and-digestion-food","10":"product_cat-stomach-and-digestion","11":"pa_eigenschaft-lactose-free","12":"pa_eigenschaft-sugar-free","13":"pa_eigenschaft-vegan-en","15":"first","16":"instock","17":"shipping-taxable","18":"product-type-simple"},"_links":{"self":[{"href":"https:\/\/www.avitale.de\/en\/wp-json\/wp\/v2\/product\/2207","targetHints":{"allow":["GET"]}}],"collection":[{"href":"https:\/\/www.avitale.de\/en\/wp-json\/wp\/v2\/product"}],"about":[{"href":"https:\/\/www.avitale.de\/en\/wp-json\/wp\/v2\/types\/product"}],"wp:featuredmedia":[{"embeddable":true,"href":"https:\/\/www.avitale.de\/en\/wp-json\/wp\/v2\/media\/2799"}],"wp:attachment":[{"href":"https:\/\/www.avitale.de\/en\/wp-json\/wp\/v2\/media?parent=2207"}],"wp:term":[{"taxonomy":"product_brand","embeddable":true,"href":"https:\/\/www.avitale.de\/en\/wp-json\/wp\/v2\/product_brand?post=2207"},{"taxonomy":"product_cat","embeddable":true,"href":"https:\/\/www.avitale.de\/en\/wp-json\/wp\/v2\/product_cat?post=2207"},{"taxonomy":"product_tag","embeddable":true,"href":"https:\/\/www.avitale.de\/en\/wp-json\/wp\/v2\/product_tag?post=2207"}],"curies":[{"name":"wp","href":"https:\/\/api.w.org\/{rel}","templated":true}]}}