{"id":2161,"date":"2019-10-11T12:21:38","date_gmt":"2019-10-11T12:21:38","guid":{"rendered":"https:\/\/www.avitale.de\/produkt\/daisy-balm\/"},"modified":"2020-11-16T07:21:59","modified_gmt":"2020-11-16T07:21:59","slug":"daisy-balm","status":"publish","type":"product","link":"https:\/\/www.avitale.de\/en\/product\/daisy-balm\/","title":{"rendered":"Daisy Balm"},"content":{"rendered":"<div class=\"wpb-content-wrapper\"><p>[vc_row row_height_percent=&#8221;0&#8243; overlay_alpha=&#8221;50&#8243; gutter_size=&#8221;3&#8243; column_width_percent=&#8221;100&#8243; shift_y=&#8221;0&#8243; z_index=&#8221;0&#8243; shape_dividers=&#8221;&#8221; el_class=&#8221;hide-content-en&#8221;][vc_column width=&#8221;1\/1&#8243;][vc_column_text]G\u00e4nsebl\u00fcmchensalbe mit original G\u00e4nsebl\u00fcmchenextrakt (Belles Perennis Flower Extract), Hamamelis und Panthenol dient dem Schutz und der Pflege stark beanspruchter, rissiger Haut. Auf gesch\u00e4digten Hautbereichen bildet sie eine Schutzschicht und bewahrt die Haut vor \u00e4u\u00dferen Einf\u00fcssen.<\/p>\n<p>Dadurch kann die Neubildung von Hautgewebe unterst\u00fctzt werden. In der Alten- und Krankenpflege (z.B. beim Wundliegen) und bei empfindlicher Kinderhaut sorgt die reichhaltige Salbe f\u00fcr eine sanfte und wirkungsvolle Pflege.<\/p>\n<p>G\u00e4nsebl\u00fcmchensalbe enth\u00e4lt hochwertige Komponenten, die regenerierend wirken und vor Feuchtigkeitsverlust sch\u00fctzen.<\/p>\n<p>Dermatologisch \u201esehr gut getestet\u201c und gut vertr\u00e4glich.[\/vc_column_text][\/vc_column][\/vc_row][vc_row][vc_column width=&#8221;1\/1&#8243;][vc_separator sep_color=&#8221;accent&#8221; icon=&#8221;fa fa-heart-o&#8221; icon_position=&#8221;left&#8221;][vc_column_text]<\/p>\n<p><strong>PRODUCT QUALITY AT THE BEST PRICE A FOCUS ON CUSTOMERS AND EXPERTISE<\/strong><\/p>\n<p>Product safety and high-quality raw materials are our top priority. We want to serve our customers as a reliable and responsible partner. Experts regularly conduct detailed studies to ensure that the excellent standard of our product range remains constant. To maintain this high, consistent standard, we \u2013 among other things \u2013 manufacture our dietary supplement with a certified pharmaceutical company in Germany.<\/p>\n<p>[\/vc_column_text][vc_empty_space empty_h=&#8221;2&#8243;][vc_accordion][vc_accordion_tab title=&#8221;COMPOSITION ACCORDING TO INCI&#8221; tab_id=&#8221;1570437963490-3-8&#8243;][vc_column_text]AQUA, CERESIN, GLYCERIN, CETEARYL OCTANOATE, SORBITAN SESQUIOLEATE, ISOPROPYL MYRISTATE, PARAFFINUM LIQUIDUM, SORBITAN DIOLEATE, HAMAMELIS VIRGINIANA (WITCH HAZEL) LEAF EXTRACT, STEARYL HEPTANOATE, CAPRYLIC\/CAPRIC TRIGLYCERIDE, PANTHENOL, PEG-45\/DODECYL GLYCOL COPOLYMER, TOCOPHERYL ACETATE, SODIUM CAPROYL\/LAUROYL LACTYLATE, TRIHYDROXYSTEARIN, BENZYL ALCOHOL, CERA ALBA, MAGNESIUM SULFATE, STEARYL CAPRYLATE, ALCOHOL DENAT., PARAFFIN, ALLANTOIN, PARFUM, HYDROGENATED CASTOR OIL, HYDROGENATED MICROCRYSTALLINE WAX, POLYCYCLOPENTADIENE, SODIUM LACTATE, BELLIS PERENNIS FLOWER EXTRACT, DEHYDROACETIC ACID, L-(+)-LACTIC ACID, POTASSIUM SORBATE, SODIUM BENZOATE[\/vc_column_text][\/vc_accordion_tab][\/vc_accordion][\/vc_column][\/vc_row][vc_row][vc_column width=&#8221;1\/1&#8243;][vc_custom_heading text_size=&#8221;h4&#8243;]Further products for your well-being[\/vc_custom_heading][uncode_index el_id=&#8221;index-194855&#8243; index_type=&#8221;carousel&#8221; loop=&#8221;size:5|order_by:date|post_type:product|by_id:842,638,861,851,846&#8243; carousel_lg=&#8221;5&#8243; carousel_md=&#8221;3&#8243; carousel_sm=&#8221;2&#8243; gutter_size=&#8221;3&#8243; product_items=&#8221;media|featured|onpost|original|hide-sale,title&#8221; carousel_interval=&#8221;3000&#8243; carousel_navspeed=&#8221;400&#8243; stage_padding=&#8221;0&#8243; single_overlay_opacity=&#8221;50&#8243; single_h_align=&#8221;center&#8221; single_padding=&#8221;2&#8243; single_border=&#8221;yes&#8221;][\/vc_column][\/vc_row]<\/p>\n<\/div>","protected":false},"excerpt":{"rendered":"<p><strong>PZN 15780067<\/strong><br \/>\n50 ml tube<\/p>\n<hr \/>\n<p>Daisy Balm with original daisy extract, witch hazel and panthenol.<\/p>\n<hr \/>\n<p><img decoding=\"async\" src=\"https:\/\/www.avitale.de\/wp-content\/uploads\/2020\/11\/logo-madeingermany-en.png\" alt=\"\" width=\"115\" height=\"75\" \/><\/p>\n","protected":false},"featured_media":818,"template":"","meta":[],"product_brand":[],"product_cat":[283,286,285],"product_tag":[],"class_list":{"0":"post-2161","1":"product","2":"type-product","3":"status-publish","4":"has-post-thumbnail","6":"product_cat-care-products","7":"product_cat-muscles-bones-mobility-care","8":"product_cat-skincare","10":"first","11":"instock","12":"shipping-taxable","13":"product-type-simple"},"_links":{"self":[{"href":"https:\/\/www.avitale.de\/en\/wp-json\/wp\/v2\/product\/2161","targetHints":{"allow":["GET"]}}],"collection":[{"href":"https:\/\/www.avitale.de\/en\/wp-json\/wp\/v2\/product"}],"about":[{"href":"https:\/\/www.avitale.de\/en\/wp-json\/wp\/v2\/types\/product"}],"wp:featuredmedia":[{"embeddable":true,"href":"https:\/\/www.avitale.de\/en\/wp-json\/wp\/v2\/media\/818"}],"wp:attachment":[{"href":"https:\/\/www.avitale.de\/en\/wp-json\/wp\/v2\/media?parent=2161"}],"wp:term":[{"taxonomy":"product_brand","embeddable":true,"href":"https:\/\/www.avitale.de\/en\/wp-json\/wp\/v2\/product_brand?post=2161"},{"taxonomy":"product_cat","embeddable":true,"href":"https:\/\/www.avitale.de\/en\/wp-json\/wp\/v2\/product_cat?post=2161"},{"taxonomy":"product_tag","embeddable":true,"href":"https:\/\/www.avitale.de\/en\/wp-json\/wp\/v2\/product_tag?post=2161"}],"curies":[{"name":"wp","href":"https:\/\/api.w.org\/{rel}","templated":true}]}}