{"id":2079,"date":"2019-10-11T11:16:21","date_gmt":"2019-10-11T11:16:21","guid":{"rendered":"https:\/\/www.avitale.de\/produkt\/collagen-beauty-en\/"},"modified":"2020-11-13T12:56:16","modified_gmt":"2020-11-13T12:56:16","slug":"collagen-beauty-en","status":"publish","type":"product","link":"https:\/\/www.avitale.de\/en\/product\/collagen-beauty-en\/","title":{"rendered":"Collagen Beauty"},"content":{"rendered":"<div class=\"wpb-content-wrapper\"><p>[vc_row row_height_percent=&#8221;0&#8243; overlay_alpha=&#8221;50&#8243; gutter_size=&#8221;3&#8243; column_width_percent=&#8221;100&#8243; shift_y=&#8221;0&#8243; z_index=&#8221;0&#8243; shape_dividers=&#8221;&#8221; el_class=&#8221;hide-content-en&#8221;][vc_column width=&#8221;1\/1&#8243;][vc_column_text]Avitale Collagen Beauty unterst\u00fctzt die regenerationsbed\u00fcrftige Haut in ihrer Eigenaktivit\u00e4t und l\u00e4sst sie durch wohlkombinierte Aktivstoffe, wie Vitamine und Mineralstoffe, frische Energie aufnehmen.<\/p>\n<p><strong>Zellschutz vor oxidativem Stress \u2022 Immunsystem<\/strong><\/p>\n<p>Stress, UV-Strahlung und andere freie Radikale sind negativ f\u00fcr sch\u00f6ne Haut. Vitamin C, Kupfer, Mangan und Zink sch\u00fctzen die Zellen vor oxidativem Stress. Vitamin C tr\u00e4gt weiterhin zu einer normalen Funktion des Immunsystems bei.<\/p>\n<p><strong>Bindegewebe<\/strong><\/p>\n<p>Kupfer unterst\u00fctzt die Erhaltung von normalem Bindegewebe und Mangan tr\u00e4gt zu einer normalen Bindegewebsbildung bei.<\/p>\n<p><strong>Haut, Haare und N\u00e4gel <\/strong><\/p>\n<p>Vitamin C tr\u00e4gt zu einer normalen Kollagenbildung f\u00fcr eine normale Funktion der Haut bei und Kupfer unterst\u00fctzt eine normale Hautpigmentierung. Zink und Biotin sind wichtige N\u00e4hrstoffe zur Erhaltung normaler Haut und Haare. Zink ist hilfreich zum Erhalt normaler N\u00e4gel.[\/vc_column_text][vc_row_inner][vc_column_inner column_width_percent=&#8221;100&#8243; position_vertical=&#8221;middle&#8221; gutter_size=&#8221;3&#8243; overlay_alpha=&#8221;50&#8243; shift_x=&#8221;0&#8243; shift_y=&#8221;0&#8243; shift_y_down=&#8221;0&#8243; z_index=&#8221;0&#8243; medium_width=&#8221;0&#8243; mobile_width=&#8221;0&#8243; width=&#8221;1\/2&#8243;][vc_column_text]<strong>Innere Sch\u00f6nheitspflege: Sichtbar von Au\u00dfen.<\/strong><\/p>\n<p>Bereits ab Mitte Zwanzig beginnt die Hautalterung, wird dann ab dem 40. Lebensjahr sichtbarer. Wie stark die Auswirkungen dieses Prozesses sind, ist aber bei jedem Menschen unterschiedlich. Faktoren wie die genetische Veranlagung, der Lebensstil, die Ern\u00e4hrung und die t\u00e4gliche Hautpflege beeinflussen den Reifeprozess der Haut. Eine positive Stimulation der Selbstregulation der Haut kann helfen, Vitalit\u00e4t und Spannkraft zu erhalten, der vorzeitigen Hautalterung entgegenzuwirken und damit die Entstehung kleiner F\u00e4ltchen und Linien hinauszuz\u00f6gern.<br \/>\nDrei Komponenten haben sich dabei bew\u00e4hrt: Kollagenhydrolysat ist ein k\u00f6rpereigenes Strukturprotein, Elastin ist ein Eiwei\u00df, das f\u00fcr Elastizit\u00e4t sorgt und Hyalurons\u00e4ure ist ein nat\u00fcrlicher Bestandteil der Haut.[\/vc_column_text][\/vc_column_inner][vc_column_inner column_width_percent=&#8221;100&#8243; position_vertical=&#8221;bottom&#8221; gutter_size=&#8221;3&#8243; overlay_alpha=&#8221;50&#8243; shift_x=&#8221;0&#8243; shift_y=&#8221;0&#8243; shift_y_down=&#8221;0&#8243; z_index=&#8221;0&#8243; medium_width=&#8221;0&#8243; mobile_width=&#8221;0&#8243; width=&#8221;1\/2&#8243;][vc_single_image media=&#8221;1764&#8243; media_width_percent=&#8221;70&#8243; alignment=&#8221;center&#8221;][\/vc_column_inner][\/vc_row_inner][\/vc_column][\/vc_row][vc_row][vc_column width=&#8221;1\/1&#8243;][vc_separator sep_color=&#8221;accent&#8221; icon=&#8221;fa fa-heart-o&#8221; icon_position=&#8221;left&#8221;][vc_column_text]<\/p>\n<p><strong>PRODUCT QUALITY AT THE BEST PRICE A FOCUS ON CUSTOMERS AND EXPERTISE<\/strong><\/p>\n<p>Product safety and high-quality raw materials are our top priority. We want to serve our customers as a reliable and responsible partner. Experts regularly conduct detailed studies to ensure that the excellent standard of our product range remains constant. To maintain this high, consistent standard, we \u2013 among other things \u2013 manufacture our dietary supplement with a certified pharmaceutical company in Germany.<\/p>\n<p>[\/vc_column_text][vc_empty_space empty_h=&#8221;2&#8243;][vc_accordion][vc_accordion_tab title=&#8221;RECOMMENDED INTAKE&#8221; tab_id=&#8221;1569249169-1-3715692492810021570435190394&#8243;][vc_column_text]Once daily, empty the content of one stick into an empty glass, add approx. 200 ml water, stir well and drink after a meal. Suitable for long-term use. We recommend a treatment lasting around 60 days.[\/vc_column_text][\/vc_accordion_tab][vc_accordion_tab title=&#8221;INGREDIENTS&#8221; tab_id=&#8221;1570437963490-3-8&#8243;][vc_column_text]<\/p>\n<p>Collagen Hydrolysate, Acidifier: Citric Acid; Elastin Powder, L-Ascorbic Acid (Vitamin C), Powdered Beetroot Juice, Pomegranate and Vanilla Flavouring, Hyaluronic Acid, Zinc Gluconate, Ubiquinone (Coenzyme Q10), Sweetener: Sucralose; Separating Agent: Magnesium Salts of Fatty Acids; Copper Gluconate, Manganese II Sulphate, D-Biotin<\/p>\n<p>Avitale Collagen Beauty is produced in Germany by a certified pharmaceutical manufacturer.<\/p>\n<p>The product is free from gluten, lactose and sugar.<\/p>\n<p>[\/vc_column_text][vc_empty_space empty_h=&#8221;2&#8243;][vc_column_text]<\/p>\n<p><strong>1 single-portion stick contains<\/strong><\/p>\n<p>2,500 mg collagen hydrolysate<br \/>\n250 mg elastin<br \/>\n120 mg vitamin C (150% NRV*)<br \/>\n50 mg hyaluronic acid<br \/>\n30 mg coenzyme Q10<br \/>\n5 mg zinc (50% NRV*)<br \/>\n1 mg manganese (50% NRV*)<br \/>\n500 \u03bcg copper (50% NRV*)<br \/>\n50 \u03bcg biotin (100% NRV*)<\/p>\n<p>[\/vc_column_text][vc_empty_space empty_h=&#8221;2&#8243;][vc_column_text]NRV* = % of the nutrient reference value in accordance with the EU Regulation on Food Information to Consumers[\/vc_column_text][\/vc_accordion_tab][vc_accordion_tab title=&#8221;IMPORTANT INFORMATION&#8221; tab_id=&#8221;1570437982549-4-7&#8243;][vc_column_text]Women who are pregnant or breastfeeding should not consume this product.[\/vc_column_text][vc_empty_space empty_h=&#8221;1&#8243;][vc_separator sep_color=&#8221;accent&#8221;][vc_empty_space empty_h=&#8221;1&#8243;][vc_column_text]<\/p>\n<p>Owing to the Health Claims Regulation EU No. 1924\/2006, we are not permitted to advertise the effects of our food products or dietary supplements. We therefore ask for your understanding that our customer service team are only able to answer any related questions to a limited degree. For detailed, health-related questions, in particular with regard to taking our products in conjunction with any medication, please consult your physician or pharmacist. In accordance with the applicable laws, these experts are permitted to provide you with healthcare-related and medical advice. We thank you for your understanding!<\/p>\n<p><strong>Dietary supplements are not a substitute for a balanced and varied diet and healthy lifestyle. The daily recommended intake must not be exceeded. Please store out of reach of children.<\/strong><\/p>\n<p>[\/vc_column_text][\/vc_accordion_tab][\/vc_accordion][\/vc_column][\/vc_row][vc_row][vc_column width=&#8221;1\/1&#8243;][vc_custom_heading text_size=&#8221;h4&#8243;]Further products for your well-being[\/vc_custom_heading][uncode_index el_id=&#8221;index-194855&#8243; index_type=&#8221;carousel&#8221; loop=&#8221;size:5|order_by:date|post_type:product|by_id:676,717,790,963,938&#8243; carousel_lg=&#8221;5&#8243; carousel_md=&#8221;3&#8243; carousel_sm=&#8221;2&#8243; gutter_size=&#8221;3&#8243; product_items=&#8221;media|featured|onpost|original|hide-sale,title&#8221; carousel_interval=&#8221;3000&#8243; carousel_navspeed=&#8221;400&#8243; stage_padding=&#8221;0&#8243; single_overlay_opacity=&#8221;50&#8243; single_h_align=&#8221;center&#8221; single_padding=&#8221;2&#8243; single_border=&#8221;yes&#8221;][\/vc_column][\/vc_row]<\/p>\n<\/div>","protected":false},"excerpt":{"rendered":"<p><strong>PZN 15813594<\/strong><br \/>\nFolding carton with 30 single-portion sticks<\/p>\n<hr \/>\n<p>Dietary supplement for an inner beauty treatment with collagen hydrolysate, hyaluronic acid, elastin, Q10 plus vitamins and minerals.  With pomegranate and vanilla flavouring and sweetener.<\/p>\n<hr \/>\n<p><img decoding=\"async\" src=\"https:\/\/www.avitale.de\/wp-content\/uploads\/2020\/11\/icon-glutenfree.png\" alt=\"\" width=\"75\" height=\"75\" \/> <img decoding=\"async\" src=\"https:\/\/www.avitale.de\/wp-content\/uploads\/2020\/11\/icon-lactosefree.png\" alt=\"\" width=\"75\" height=\"75\" \/> <img decoding=\"async\" src=\"https:\/\/www.avitale.de\/wp-content\/uploads\/2020\/11\/icon-sugarfree.png\" alt=\"\" width=\"75\" height=\"75\" \/> <img decoding=\"async\" src=\"https:\/\/www.avitale.de\/wp-content\/uploads\/2020\/11\/logo-madeingermany-en.png\" alt=\"\" width=\"115\" height=\"75\" \/><\/p>\n","protected":false},"featured_media":789,"template":"","meta":[],"product_brand":[],"product_cat":[268,252,279],"product_tag":[],"class_list":{"0":"post-2079","1":"product","2":"type-product","3":"status-publish","4":"has-post-thumbnail","6":"product_cat-anti-ageing","7":"product_cat-dietary-supplements","8":"product_cat-products-for-women","9":"pa_eigenschaft-gluten-free","10":"pa_eigenschaft-lactose-free","11":"pa_eigenschaft-sugar-free","13":"first","14":"instock","15":"shipping-taxable","16":"product-type-simple"},"_links":{"self":[{"href":"https:\/\/www.avitale.de\/en\/wp-json\/wp\/v2\/product\/2079","targetHints":{"allow":["GET"]}}],"collection":[{"href":"https:\/\/www.avitale.de\/en\/wp-json\/wp\/v2\/product"}],"about":[{"href":"https:\/\/www.avitale.de\/en\/wp-json\/wp\/v2\/types\/product"}],"wp:featuredmedia":[{"embeddable":true,"href":"https:\/\/www.avitale.de\/en\/wp-json\/wp\/v2\/media\/789"}],"wp:attachment":[{"href":"https:\/\/www.avitale.de\/en\/wp-json\/wp\/v2\/media?parent=2079"}],"wp:term":[{"taxonomy":"product_brand","embeddable":true,"href":"https:\/\/www.avitale.de\/en\/wp-json\/wp\/v2\/product_brand?post=2079"},{"taxonomy":"product_cat","embeddable":true,"href":"https:\/\/www.avitale.de\/en\/wp-json\/wp\/v2\/product_cat?post=2079"},{"taxonomy":"product_tag","embeddable":true,"href":"https:\/\/www.avitale.de\/en\/wp-json\/wp\/v2\/product_tag?post=2079"}],"curies":[{"name":"wp","href":"https:\/\/api.w.org\/{rel}","templated":true}]}}