{"id":2075,"date":"2020-02-07T11:21:02","date_gmt":"2020-02-07T11:21:02","guid":{"rendered":"https:\/\/www.avitale.de\/produkt\/vitamin-b-complex-120-en\/"},"modified":"2026-03-23T11:15:54","modified_gmt":"2026-03-23T11:15:54","slug":"vitamin-b-complex-120","status":"publish","type":"product","link":"https:\/\/www.avitale.de\/en\/product\/vitamin-b-complex-120\/","title":{"rendered":"Vitamin B Complex"},"content":{"rendered":"<div class=\"wpb-content-wrapper\"><p>[vc_row row_height_percent=&#8221;0&#8243; overlay_alpha=&#8221;50&#8243; gutter_size=&#8221;3&#8243; column_width_percent=&#8221;100&#8243; shift_y=&#8221;0&#8243; z_index=&#8221;0&#8243; el_class=&#8221;hide-content-en&#8221;][vc_column width=&#8221;1\/1&#8243;][vc_column_text]<strong>Unterst\u00fctzt das Nervensystem und einen gesunden Energiestoffwechsel!*<\/strong><\/p>\n<p>Der Vitamin-B-Komplex umfasst acht eigenst\u00e4ndige, wasserl\u00f6sliche Vitamine. Sie haben zentrale Funktionen bei vielen Stoffwechselvorg\u00e4ngen und m\u00fcssen regelm\u00e4\u00dfig ausreichend durch die Nahrung aufgenommen werden.<\/p>\n<p>Bis auf Vitamin B12 und Vitamin B3 kann der menschliche K\u00f6rper die Vitamine nicht speichern, sondern ist auf eine regelm\u00e4\u00dfige Zufuhr durch die Nahrung angewiesen. B-Vitamine sind in Lebensmitteln wie Fleisch (besonders Rinder-, Schweine- und Gefl\u00fcgelleber), Getreide, Milchprodukten, Gem\u00fcse und Kartoffeln enthalten.<\/p>\n<p><strong>Energiestoffwechsel*<\/strong><\/p>\n<p>Die Vitamine B2, B3, B6 und B12 tragen zu einem normalen Energiestoffwechsel bei und leisten einen Beitrag zur Verringerung von M\u00fcdigkeit und Erm\u00fcdung.<\/p>\n<p><strong>Nerven* \u2022 Psyche<\/strong><\/p>\n<p>Vitamin B5 unterst\u00fctzt die normale geistige Leistung. Die Vitamine B1, B6 und B12 sind hilfreich zum Erhalt normaler psychischer Funktionen und der normalen Funktion des Nervensystems.<\/p>\n<p><strong>Herz \u2022 Blutbildung<\/strong><\/p>\n<p>Vitamin B1 leistet einen Beitrag zur gesunden Herzfunktion. Die Vitamine B6 und B12 tragen zum Erhalt eines normalen Homocystein-Stoffwechsels bei und f\u00f6rdern die normale Bildung roter Blutk\u00f6rperchen. Fols\u00e4ure tr\u00e4gt zur gesunden Blutbildung bei.<\/p>\n<p><strong>Immunsystem<\/strong><\/p>\n<p>Vitamin B2 unterst\u00fctzt die Zellen gegen oxidativen Stress und die Vitamine B6, B12 sowie Fols\u00e4ure f\u00f6rdern die normale Funktion des Immunsystems.[\/vc_column_text][\/vc_column][\/vc_row][vc_row][vc_column width=&#8221;1\/1&#8243;][vc_separator sep_color=&#8221;accent&#8221; icon=&#8221;fa fa-heart-o&#8221; icon_position=&#8221;left&#8221;][vc_column_text]<\/p>\n<p><strong>PRODUCT QUALITY AT THE BEST PRICE A FOCUS ON CUSTOMERS AND EXPERTISE<\/strong><\/p>\n<p>Product safety and high-quality raw materials are our top priority. We want to serve our customers as a reliable and responsible partner. Experts regularly conduct detailed studies to ensure that the excellent standard of our product range remains constant. To maintain this high, consistent standard, we \u2013 among other things \u2013 manufacture our dietary supplement with a certified pharmaceutical company in Germany.<\/p>\n<p>[\/vc_column_text][vc_empty_space empty_h=&#8221;2&#8243;][vc_accordion][vc_accordion_tab title=&#8221;RECOMMENDED INTAKE&#8221; tab_id=&#8221;1569249169-1-3715692492810021570435190394&#8243;][vc_column_text]<\/p>\n<p>Take one capsule daily with a glass of water after your first meal.<\/p>\n<p><strong>TIP:<\/strong> Please do not take in the afternoon\/evening or after an extended rest.<\/p>\n<p>[\/vc_column_text][\/vc_accordion_tab][vc_accordion_tab title=&#8221;INGREDIENTS&#8221; tab_id=&#8221;1570437963490-3-8&#8243;][vc_column_text]Filler: Microcrystalline Cellulose; Capsule Shell: Hypromellose (Plant-Based); Calcium-D-Pantothenate (Pantothenic Acid\/Vitamin B5), Riboflavin-5-Phosphate (Vitamin B2), Thiamine Hydrochloride (Vitamin B1), Methylcobalamin (Vitamin B12), Nicotinamide (Niacin\/Vitamin B3), Separating Agent: Tricalcium Phosphate; Pyridoxine Hydrochloride (Vitamin B6), Separating Agent: Magnesium Salts of Fatty Acids (Plant-Based); Pteroylmonoglutamic Acid (Folic Acid\/Vitamin B9), Biotin (D-Biotin\/Vitamin B7)[\/vc_column_text][vc_empty_space empty_h=&#8221;2&#8243;][vc_column_text]<\/p>\n<p><strong>One capsule (daily allowance) contains:<\/strong><\/p>\n<p>22mg vitamin B1 (thiamine) \u2013 2,000% NRV*<br \/>\n21mg vitamin B2 (riboflavin) \u2013 1,500% NRV*<br \/>\n24mg vitamin B3 (niacin) \u2013 150% NRV*<br \/>\n30mg vitamin B5 (pantothenic acid) \u2013 500% NRV*<br \/>\n14mg vitamin B6 (pyridoxine) \u2013 1,000% NRV*<br \/>\n200mcg vitamin B7 (D-biotin) \u2013 400% NRV*<br \/>\n450mcg vitamin B9 (folic acid) \u2013 225% NRV*<br \/>\n25mcg Vitamin B12 (cobalamin) \u2013 1,000% NRV*<\/p>\n<p>[\/vc_column_text][vc_empty_space empty_h=&#8221;2&#8243;][vc_column_text]NRV* = % of the nutrient reference value in accordance with the EU Regulation on Food Information to Consumers[\/vc_column_text][\/vc_accordion_tab][vc_accordion_tab title=&#8221;IMPORTANT INFORMATION&#8221; tab_id=&#8221;1570437982549-4-7&#8243;][vc_column_text]<\/p>\n<p><strong>PRODUCT QUALITY AT THE BEST PRICE A FOCUS ON CUSTOMERS AND EXPERTISE<\/strong><\/p>\n<p>Product safety and high-quality raw materials are our top priority. We want to serve our customers as a reliable and responsible partner. Experts regularly conduct detailed studies to ensure that the excellent standard of our product range remains constant. To maintain this high, consistent standard, we \u2013 among other things \u2013 manufacture our dietary supplement with a certified pharmaceutical company in Germany.<\/p>\n<p>[\/vc_column_text][\/vc_accordion_tab][\/vc_accordion][\/vc_column][\/vc_row][vc_row][vc_column width=&#8221;1\/1&#8243;][vc_custom_heading heading_semantic=&#8221;p&#8221; text_size=&#8221;h4&#8243;]Further products for your well-being[\/vc_custom_heading][uncode_index el_id=&#8221;index-194855&#8243; index_type=&#8221;carousel&#8221; loop=&#8221;size:5|order_by:title|order:ASC|post_type:product|by_id:975,938,930,879,788&#8243; carousel_lg=&#8221;5&#8243; carousel_md=&#8221;3&#8243; carousel_sm=&#8221;2&#8243; gutter_size=&#8221;3&#8243; product_items=&#8221;media|featured|onpost|original|hide-sale,title&#8221; carousel_interval=&#8221;3000&#8243; carousel_navspeed=&#8221;400&#8243; stage_padding=&#8221;0&#8243; single_overlay_opacity=&#8221;50&#8243; single_h_align=&#8221;center&#8221; single_padding=&#8221;2&#8243; single_border=&#8221;yes&#8221;][\/vc_column][\/vc_row]<\/p>\n<\/div>","protected":false},"excerpt":{"rendered":"<p><strong>PZN 16144451<\/strong><br \/>\nFolding carton with 120 capsules<\/p>\n<p><strong>Also available as<\/strong><br \/>\n<a href=\"https:\/\/www.avitale.de\/en\/product\/vitamin-b-complex-60\/\">Folding carton with 60 capsules<\/a><\/p>\n<hr \/>\n<p>Dietary supplement with all eight B vitamins.<\/p>\n<hr \/>\n<p><img decoding=\"async\" src=\"https:\/\/www.avitale.de\/wp-content\/uploads\/2020\/11\/icon-glutenfree.png\" alt=\"\" width=\"75\" height=\"75\" \/> <img decoding=\"async\" src=\"https:\/\/www.avitale.de\/wp-content\/uploads\/2020\/11\/icon-lactosefree.png\" alt=\"\" width=\"75\" height=\"75\" \/> <img decoding=\"async\" src=\"https:\/\/www.avitale.de\/wp-content\/uploads\/2020\/11\/logo-madeingermany-en.png\" alt=\"\" width=\"115\" height=\"75\" \/><\/p>\n","protected":false},"featured_media":51052,"template":"","meta":[],"product_brand":[],"product_cat":[252,275,278],"product_tag":[],"class_list":{"0":"post-2075","1":"product","2":"type-product","3":"status-publish","4":"has-post-thumbnail","6":"product_cat-dietary-supplements","7":"product_cat-minerals-and-vitamins","8":"product_cat-nerves-and-psyche","9":"pa_eigenschaft-gluten-free","10":"pa_eigenschaft-lactose-free","11":"pa_eigenschaft-sugar-free","12":"pa_eigenschaft-vegan-en","14":"first","15":"instock","16":"shipping-taxable","17":"product-type-simple"},"_links":{"self":[{"href":"https:\/\/www.avitale.de\/en\/wp-json\/wp\/v2\/product\/2075","targetHints":{"allow":["GET"]}}],"collection":[{"href":"https:\/\/www.avitale.de\/en\/wp-json\/wp\/v2\/product"}],"about":[{"href":"https:\/\/www.avitale.de\/en\/wp-json\/wp\/v2\/types\/product"}],"wp:featuredmedia":[{"embeddable":true,"href":"https:\/\/www.avitale.de\/en\/wp-json\/wp\/v2\/media\/51052"}],"wp:attachment":[{"href":"https:\/\/www.avitale.de\/en\/wp-json\/wp\/v2\/media?parent=2075"}],"wp:term":[{"taxonomy":"product_brand","embeddable":true,"href":"https:\/\/www.avitale.de\/en\/wp-json\/wp\/v2\/product_brand?post=2075"},{"taxonomy":"product_cat","embeddable":true,"href":"https:\/\/www.avitale.de\/en\/wp-json\/wp\/v2\/product_cat?post=2075"},{"taxonomy":"product_tag","embeddable":true,"href":"https:\/\/www.avitale.de\/en\/wp-json\/wp\/v2\/product_tag?post=2075"}],"curies":[{"name":"wp","href":"https:\/\/api.w.org\/{rel}","templated":true}]}}