{"id":2070,"date":"2020-03-16T06:28:18","date_gmt":"2020-03-16T06:28:18","guid":{"rendered":"https:\/\/www.avitale.de\/produkt\/immune-direct-20\/"},"modified":"2026-02-27T11:26:30","modified_gmt":"2026-02-27T11:26:30","slug":"immune-direct-20","status":"publish","type":"product","link":"https:\/\/www.avitale.de\/en\/product\/immune-direct-20\/","title":{"rendered":"Immune direct Sticks"},"content":{"rendered":"<div class=\"wpb-content-wrapper\"><p>[vc_row row_height_percent=&#8221;0&#8243; overlay_alpha=&#8221;50&#8243; gutter_size=&#8221;3&#8243; column_width_percent=&#8221;100&#8243; shift_y=&#8221;0&#8243; z_index=&#8221;0&#8243; shape_dividers=&#8221;&#8221; el_class=&#8221;hide-content-en&#8221;][vc_column width=&#8221;1\/1&#8243;][vc_column_text]<strong>Immun Direkt \u2013 Portionssticks zur Direkteinnahme ohne Wasser mit leckerem Honig-Salbei-Geschmack<\/strong><\/p>\n<p>Avitale Immun Direkt beinhaltet ausgesuchte, gut dosierte Vitamine und Mineralstoffe, die gezielt ein gesundes Immunsystem unterst\u00fctzen. Diese wurden durch sekund\u00e4re Pflanzenstoffe, die Bioflavonoide sowie die semi-essentielle-Aminos\u00e4ure Histidin erg\u00e4nzt. T\u00e4glich wird unser Immunsystem gefordert, vor allem bei anhaltendem Stress, Umweltbelastungen sowie wechselnden Wetterlagen.<\/p>\n<p><strong>Immunsystem*<\/strong><br \/>\nDie Vitamine B6, B12 und D3 sowie die Mineralstoffe Magnesium, Zink und Selen leisten einen Beitrag zu einer normalen Funktion des Immunsystems. Vitamin C unterst\u00fctzt das Immunsystem zus\u00e4tzlich w\u00e4hrend und nach intensiver k\u00f6rperlicher Bet\u00e4tigung.<\/p>\n<p><strong>Oxidativer Stress<\/strong><br \/>\nZink, Selen und Vitamin C sind hilfreich, um die Zellen vor oxidativem Stress zu sch\u00fctzen.<\/p>\n<p><strong>Zellteilung\/Rote Blutk\u00f6rperchen<\/strong><br \/>\nVitamin D3, Zink und Magnesium unterst\u00fctzen die Zellteilung und Vitamin B6 tr\u00e4gt zur normalen Bildung roter Blutk\u00f6rperchen bei.<\/p>\n<p><strong>Energiestoffwechsel<\/strong><br \/>\nUnterst\u00fctzung f\u00fcr einen gesunden, normalen Energiestoffwechsel und zur Verringerung von M\u00fcdigkeit und Erm\u00fcdung liefern die Vitamine C, B6 und B12 sowie der Mineralstoff Magnesium.[\/vc_column_text][\/vc_column][\/vc_row][vc_row row_height_percent=&#8221;0&#8243; overlay_alpha=&#8221;50&#8243; gutter_size=&#8221;3&#8243; column_width_percent=&#8221;100&#8243; shift_y=&#8221;0&#8243; z_index=&#8221;0&#8243; shape_dividers=&#8221;&#8221;][vc_column width=&#8221;1\/1&#8243;][vc_separator sep_color=&#8221;accent&#8221; icon=&#8221;fa fa-heart-o&#8221; icon_position=&#8221;left&#8221;][vc_column_text]<\/p>\n<p><strong>PRODUCT QUALITY AT THE BEST PRICE A FOCUS ON CUSTOMERS AND EXPERTISE<\/strong><\/p>\n<p>Product safety and high-quality raw materials are our top priority. We want to serve our customers as a reliable and responsible partner. Experts regularly conduct detailed studies to ensure that the excellent standard of our product range remains constant. To maintain this high, consistent standard, we \u2013 among other things \u2013 manufacture our dietary supplement with a certified pharmaceutical company in Germany.<\/p>\n<p>[\/vc_column_text][vc_empty_space empty_h=&#8221;2&#8243;][vc_accordion][vc_accordion_tab title=&#8221;RECOMMENDED INTAKE&#8221; tab_id=&#8221;1569249169-1-3715692492810021570435190394&#8243;][vc_column_text]<\/p>\n<p>Once daily, empty the content of one stick directly onto your tongue following a meal, allow it to dissolve slowly and then swallow it.<\/p>\n<p><strong>Tip:<\/strong> Vitamin D3 is fat-soluble and is absorbed more effectively by the body when ingested with meals that are rich in fat.<\/p>\n<p>[\/vc_column_text][\/vc_accordion_tab][vc_accordion_tab title=&#8221;INGREDIENTS&#8221; tab_id=&#8221;1570437963490-3-8&#8243;][vc_column_text]Filler: Sorbitol; Trimagnesium Dicitrate, Sodium Ascorbate (Vitamin C), Magnesium Oxide, Honey Powder, Zinc Gluconate, L-Histidin Base, Acidifier: Citric Acid; Separating Agent: Tricalcium Phosphate; Sage Leaf Extract, Separating Agent: Magnesium Salts of Fatty Acids (Plant-Based); Flavouring: Honey and Sage Flavouring, Cholecalciferol (Vitamin D3), Citrus Bioflavonoids, Cyanocobalamin (Vitamin B12), Pyridoxine Hydrochloride (Vitamin B6), Sweetener: Sucralose, Selenium Methionine[\/vc_column_text][vc_empty_space empty_h=&#8221;2&#8243;][vc_column_text]<\/p>\n<p><strong>One single-portion stick (daily allowance) contains:<\/strong><\/p>\n<p>240mg vitamin c (300% NRV*)<br \/>\n150mg magnesium (40% NRV*)<br \/>\n50mg L-histidine base<br \/>\n10mg zinc (100% NRV*)<br \/>\n5mg citrus bioflavonoids<br \/>\n4.2mg vitamin B6 (300% NRV*)<br \/>\n50mcg selenium (91% NRV*)<br \/>\n20mcg vitamin D3\/800 I.E. (400% NRV*)<br \/>\n7.5 mcg vitamin B12 (300% NRV*)<\/p>\n<p>[\/vc_column_text][vc_empty_space empty_h=&#8221;2&#8243;][vc_column_text]NRV* = % of the nutrient reference value in accordance with the EU Regulation on Food Information to Consumers[\/vc_column_text][\/vc_accordion_tab][vc_accordion_tab title=&#8221;IMPORTANT INFORMATION&#8221; tab_id=&#8221;1570437982549-4-7&#8243;][vc_column_text]<\/p>\n<p>Owing to the Health Claims Regulation EU No. 1924\/2006, we are not permitted to advertise the effects of our food products or dietary supplements. We therefore ask for your understanding that our customer service team are only able to answer any related questions to a limited degree. For detailed, health-related questions, in particular with regard to taking our products in conjunction with any medication, please consult your physician or pharmacist. In accordance with the applicable laws, these experts are permitted to provide you with healthcare-related and medical advice. We thank you for your understanding!<\/p>\n<p><strong>Dietary supplements are not a substitute for a balanced and varied diet and healthy lifestyle. The daily recommended intake must not be exceeded. Please store out of reach of children.<\/strong><\/p>\n<p>[\/vc_column_text][\/vc_accordion_tab][\/vc_accordion][\/vc_column][\/vc_row][vc_row][vc_column width=&#8221;1\/1&#8243;][vc_custom_heading heading_semantic=&#8221;p&#8221; text_size=&#8221;h4&#8243;]Further products for your well-being[\/vc_custom_heading][uncode_index el_id=&#8221;index-194855&#8243; index_type=&#8221;carousel&#8221; loop=&#8221;size:5|order_by:title|order:ASC|post_type:product|by_id:938,932,906,694,676&#8243; carousel_lg=&#8221;5&#8243; carousel_md=&#8221;3&#8243; carousel_sm=&#8221;2&#8243; gutter_size=&#8221;3&#8243; product_items=&#8221;media|featured|onpost|original|hide-sale,title&#8221; carousel_interval=&#8221;3000&#8243; carousel_navspeed=&#8221;400&#8243; stage_padding=&#8221;0&#8243; single_overlay_opacity=&#8221;50&#8243; single_h_align=&#8221;center&#8221; single_padding=&#8221;2&#8243; single_border=&#8221;yes&#8221;][\/vc_column][\/vc_row]<\/p>\n<\/div>","protected":false},"excerpt":{"rendered":"<p><strong>PZN 16124425<\/strong><br \/>\nFolding carton with 20 sticks<\/p>\n<p><strong>Also available as<\/strong><br \/>\n<a href=\"https:\/\/www.avitale.de\/en\/product\/immune-direct-50\/\">Folding carton with 50 sticks<\/a><\/p>\n<hr \/>\n<p>Dietary supplement with vitamins C, B12, D3, magnesium, zinc and selenium plus histidine and bioflavonoids for a healthy immune system*.<\/p>\n<hr \/>\n<p><img decoding=\"async\" src=\"https:\/\/www.avitale.de\/wp-content\/uploads\/2020\/11\/icon-glutenfree.png\" alt=\"\" width=\"75\" height=\"75\" \/> <img decoding=\"async\" src=\"https:\/\/www.avitale.de\/wp-content\/uploads\/2020\/11\/icon-lactosefree.png\" alt=\"\" width=\"75\" height=\"75\" \/> <img decoding=\"async\" src=\"https:\/\/www.avitale.de\/wp-content\/uploads\/2020\/11\/icon-sugarfree.png\" alt=\"\" width=\"75\" height=\"75\" \/> <img decoding=\"async\" src=\"https:\/\/www.avitale.de\/wp-content\/uploads\/2020\/11\/logo-madeingermany-en.png\" alt=\"\" width=\"115\" height=\"75\" \/><\/p>\n","protected":false},"featured_media":2071,"template":"","meta":[],"product_brand":[],"product_cat":[252,273,275],"product_tag":[],"class_list":{"0":"post-2070","1":"product","2":"type-product","3":"status-publish","4":"has-post-thumbnail","6":"product_cat-dietary-supplements","7":"product_cat-immune-system-and-cell-protection","8":"product_cat-minerals-and-vitamins","9":"pa_eigenschaft-gluten-free","10":"pa_eigenschaft-lactose-free","11":"pa_eigenschaft-sugar-free","13":"first","14":"instock","15":"shipping-taxable","16":"product-type-simple"},"_links":{"self":[{"href":"https:\/\/www.avitale.de\/en\/wp-json\/wp\/v2\/product\/2070","targetHints":{"allow":["GET"]}}],"collection":[{"href":"https:\/\/www.avitale.de\/en\/wp-json\/wp\/v2\/product"}],"about":[{"href":"https:\/\/www.avitale.de\/en\/wp-json\/wp\/v2\/types\/product"}],"wp:featuredmedia":[{"embeddable":true,"href":"https:\/\/www.avitale.de\/en\/wp-json\/wp\/v2\/media\/2071"}],"wp:attachment":[{"href":"https:\/\/www.avitale.de\/en\/wp-json\/wp\/v2\/media?parent=2070"}],"wp:term":[{"taxonomy":"product_brand","embeddable":true,"href":"https:\/\/www.avitale.de\/en\/wp-json\/wp\/v2\/product_brand?post=2070"},{"taxonomy":"product_cat","embeddable":true,"href":"https:\/\/www.avitale.de\/en\/wp-json\/wp\/v2\/product_cat?post=2070"},{"taxonomy":"product_tag","embeddable":true,"href":"https:\/\/www.avitale.de\/en\/wp-json\/wp\/v2\/product_tag?post=2070"}],"curies":[{"name":"wp","href":"https:\/\/api.w.org\/{rel}","templated":true}]}}