{"id":2039,"date":"2020-05-20T09:18:34","date_gmt":"2020-05-20T09:18:34","guid":{"rendered":"https:\/\/www.avitale.de\/produkte\/arginine-plus-with-vitamin-b1-b6-b12-and-folic-acid-30\/"},"modified":"2026-02-27T10:03:34","modified_gmt":"2026-02-27T10:03:34","slug":"arginine-plus-with-vitamin-b1-b6-b12-and-folic-acid-30","status":"publish","type":"product","link":"https:\/\/www.avitale.de\/en\/product\/arginine-plus-with-vitamin-b1-b6-b12-and-folic-acid-30\/","title":{"rendered":"Arginine Plus with Vitamin B1, B6, B12 and Folic Acid"},"content":{"rendered":"<div class=\"wpb-content-wrapper\"><p>[vc_row row_height_percent=&#8221;0&#8243; overlay_alpha=&#8221;50&#8243; gutter_size=&#8221;3&#8243; column_width_percent=&#8221;100&#8243; shift_y=&#8221;0&#8243; z_index=&#8221;0&#8243; shape_dividers=&#8221;&#8221; el_class=&#8221;hide-content-en&#8221;][vc_column width=&#8221;1\/1&#8243;][vc_row_inner][vc_column_inner width=&#8221;1\/2&#8243;][vc_column_text]<strong>Rein pflanzliches Arginin<\/strong><\/p>\n<p>L-Arginin (auch Arginin genannt) geh\u00f6rt zu den Eiwei\u00dfe erzeugenden, positiv geladenen und damit basischen Aminos\u00e4uren. Sie ist semi-essenziell, hat einen hohen Stickstoffanteil (NO) und ist an vielen biologischen Prozessen beteiligt. Viele Lebensmittel enthalten L-Arginin: Reich daran sind N\u00fcsse, H\u00fclsenfr\u00fcchte, Fisch, Fleisch und Milchprodukte. F\u00fcr eine gute Versorgung bietet sich auch eine argininhaltige Nahrungserg\u00e4nzung an.<\/p>\n<p>Avitale Arginin plus Filmtabletten enthalten qualitativ hochwertige L-Arginin-Base, gewonnen aus rein pflanzlichen Rohstoffen, welche sinnvoll mit Fols\u00e4ure und den Vitaminen B1, B6 und B12 kombiniert wurde.<\/p>\n<p>Vitamin B1, auch Thiamin genannt, hat eine wichtige Funktion f\u00fcr die Herzgesundheit und tr\u00e4gt zu einer normalen Herzfunktion bei. Weiterhin unterst\u00fctzt es den Energiestoffwechsel.<\/p>\n<p>Die Vitamine B6 und B12 leisten einen Beitrag zur Bildung roter Blutk\u00f6rperchen und tragen zu einem normalen Homocystein-Stoffwechsel bei. Vitamin B6 ist hilfreich f\u00fcr den Eiwei\u00df- und Glycogenstoffwechsel sowie f\u00fcr die Cystein-Synthese.<\/p>\n<p>Fols\u00e4ure ist ein essenzielles Vitamin, das der K\u00f6rper nicht selbst produzieren kann. Sie tr\u00e4gt zur Blutbildung bei, hat eine wesentliche Funktion bei der Zellteilung und leistet ebenfalls einen Beitrag zu einem normalen Homocystein-Stoffwechsel.[\/vc_column_text][\/vc_column_inner][vc_column_inner column_width_percent=&#8221;100&#8243; position_vertical=&#8221;bottom&#8221; gutter_size=&#8221;3&#8243; overlay_alpha=&#8221;50&#8243; shift_x=&#8221;0&#8243; shift_y=&#8221;0&#8243; shift_y_down=&#8221;0&#8243; z_index=&#8221;0&#8243; medium_width=&#8221;0&#8243; mobile_width=&#8221;0&#8243; width=&#8221;1\/2&#8243;][vc_single_image media=&#8221;51780&#8243; media_width_percent=&#8221;100&#8243; alignment=&#8221;center&#8221;][\/vc_column_inner][\/vc_row_inner][vc_empty_space empty_h=&#8221;2&#8243;][vc_row_inner row_inner_height_percent=&#8221;0&#8243; overlay_alpha=&#8221;50&#8243; equal_height=&#8221;yes&#8221; gutter_size=&#8221;3&#8243; shift_y=&#8221;0&#8243; z_index=&#8221;0&#8243; inverted_device_order=&#8221;yes&#8221;][vc_column_inner column_width_percent=&#8221;100&#8243; gutter_size=&#8221;3&#8243; back_image=&#8221;51781&#8243; overlay_alpha=&#8221;50&#8243; shift_x=&#8221;0&#8243; shift_y=&#8221;0&#8243; shift_y_down=&#8221;0&#8243; z_index=&#8221;0&#8243; medium_width=&#8221;0&#8243; mobile_width=&#8221;0&#8243; width=&#8221;1\/2&#8243;][vc_empty_space empty_h=&#8221;5&#8243;][\/vc_column_inner][vc_column_inner width=&#8221;1\/2&#8243;][vc_column_text]<strong>Arginin ist nicht gleich Arginin<\/strong><\/p>\n<p>Um das richtige Arginin-Nahrungserg\u00e4nzungsmittel zu finden, ist ein Blick auf die verschiedenen Arginin-Qualit\u00e4ten sowie deren Herstellung unumg\u00e4nglich. Unterschieden wird bei der Aminos\u00e4ure Arginin im Regelfall die Arginin-Base und das Arginin-Hydrochlorid.<\/p>\n<p>Arginin-Base ist sehr rein und besteht zu mindestens 98% aus Arginin. Der pH-Wert betr\u00e4gt nach internationalen Vorgaben 10,5 bis 12, somit gilt die Arginin-Base als sehr gut bek\u00f6mmlich. Nur die Base kann mittels Fermentation, also durch Umwandlung von st\u00e4rkehaltigen Produkten durch Enzyme und Bakterien, hergestellt werden. Als Grundstoff werden meistens verschiedene Getreidesorten verwendet, der Rohstoff f\u00fcr die Arginin-Base in Avitale Arginin plus Filmtabletten ist Mais oder Tapioka.<\/p>\n<p>Im Gegensatz hierzu wird Arginin-Hydrochlorid oder auch Arginin-HCl, mittels Extraktion mit Salzs\u00e4ure aus eiwei\u00dfhaltigen Stoffen gewonnen. Hierbei kommen sehr h\u00e4ufig menschliche oder tierische Haare jeder Art oder alternativ Gefl\u00fcgelfedern zum Einsatz. Die Reinheit dieser Qualit\u00e4t liegt im Normalfall zwischen 75% und 80% Arginin und einem pH-Wert von 6 bis 6,5, gilt somit als sauer und ist h\u00e4ufig weniger bek\u00f6mmlich.[\/vc_column_text][\/vc_column_inner][\/vc_row_inner][\/vc_column][\/vc_row][vc_row][vc_column width=&#8221;1\/1&#8243;][vc_separator sep_color=&#8221;accent&#8221; icon=&#8221;fa fa-heart-o&#8221; icon_position=&#8221;left&#8221;][vc_column_text]<\/p>\n<p><strong>PRODUCT QUALITY AT THE BEST PRICE A FOCUS ON CUSTOMERS AND EXPERTISE<\/strong><\/p>\n<p>Product safety and high-quality raw materials are our top priority. We want to serve our customers as a reliable and responsible partner. Experts regularly conduct detailed studies to ensure that the excellent standard of our product range remains constant. To maintain this high, consistent standard, we \u2013 among other things \u2013 manufacture our dietary supplement with a certified pharmaceutical company in Germany.<\/p>\n<p>[\/vc_column_text][vc_empty_space empty_h=&#8221;2&#8243;][vc_accordion][vc_accordion_tab title=&#8221;RECOMMENDED INTAKE&#8221; tab_id=&#8221;1569249169-1-3715692492810021570435190394&#8243;][vc_column_text]<\/p>\n<p>1 x daily, empty the content of one stick into an empty glass, add approx. 200 ml water, stir well and drink with or after a meal.<\/p>\n<p>[\/vc_column_text][\/vc_accordion_tab][vc_accordion_tab title=&#8221;STORAGE&#8221; tab_id=&#8221;1570437148225-2-4&#8243;][vc_column_text]Avitale Arginine Plus consists of arginine base, a precious plant-based raw ingredient that is sensitive to moisture. Therefore, please store the sticks in their original packaging before use.[\/vc_column_text][\/vc_accordion_tab][vc_accordion_tab title=&#8221;INGREDIENTS&#8221; tab_id=&#8221;1570437963490-3-8&#8243;][vc_column_text]L-Arginine Base Made from Purely Plant-Based Raw Ingredients, Sweetener: Isomalt; Acidifier: Citric Acid, Beetroot Powder, Lime Flavouring; Separating Agent Tricalcium Phosphate; Sweetener: Sucralose; Separating Agent: Calcium Salts of the Fatty Acids (Plant-Based); Cyanocobalamin (Vitamin B12), Pyridoxine Hydrochloride (Vitamin B6), Thiamine Hydrochloride (Vitamin B1), Forest Fruit Flavouring, Pteroylmonoglutamic Acid (Folic Acid)[\/vc_column_text][vc_empty_space empty_h=&#8221;2&#8243;][vc_column_text]<\/p>\n<p><strong>One single-portion stick (daily allowance) contains:<\/strong><\/p>\n<p>3,000 mg L-arginine base made from purely plant-based raw ingredients<br \/>\n5 \u03bcg vitamin B12 (200% NRV*)<br \/>\n3.5 mg vitamin B6 (250% NRV*)<br \/>\n2.2 mg vitamin B1 (200% NRV*)<br \/>\n480 \u03bcg folic acid (240% NRV*)<\/p>\n<p>[\/vc_column_text][vc_empty_space empty_h=&#8221;2&#8243;][vc_column_text]NRV* = % of the nutrient reference value in accordance with the EU Regulation on Food Information to Consumers[\/vc_column_text][\/vc_accordion_tab][vc_accordion_tab title=&#8221;IMPORTANT INFORMATION&#8221; tab_id=&#8221;1570437982549-4-7&#8243;][vc_column_text]Anyone taking blood-pressure, blood-thinning or erectile-dysfunction medication should consult their physician before also taking arginine sticks. We also recommend against taking arginine in cases of acute herpes infection. When consumed to excess, isomalt can have a laxative effect. Please observe the additional information in the package insert.[\/vc_column_text][vc_empty_space empty_h=&#8221;1&#8243;][vc_separator sep_color=&#8221;accent&#8221;][vc_empty_space empty_h=&#8221;1&#8243;][vc_column_text]<\/p>\n<p>Owing to the Health Claims Regulation EU No. 1924\/2006, we are not permitted to advertise the effects of our food products or dietary supplements. We therefore ask for your understanding that our customer service team are only able to answer any related questions to a limited degree. For detailed, health-related questions, in particular with regard to taking our products in conjunction with any medication, please consult your physician or pharmacist. In accordance with the applicable laws, these experts are permitted to provide you with healthcare-related and medical advice. We thank you for your understanding!<\/p>\n<p><strong>Dietary supplements are not a substitute for a balanced and varied diet and healthy lifestyle. The daily recommended intake must not be exceeded. Please store out of reach of children.<\/strong><\/p>\n<p>[\/vc_column_text][\/vc_accordion_tab][\/vc_accordion][\/vc_column][\/vc_row][vc_row][vc_column width=&#8221;1\/1&#8243;][vc_custom_heading heading_semantic=&#8221;p&#8221; text_size=&#8221;h4&#8243;]Further products for your well-being[\/vc_custom_heading][uncode_index el_id=&#8221;index-194855&#8243; index_type=&#8221;carousel&#8221; loop=&#8221;size:5|order_by:title|order:ASC|post_type:product|by_id:938,932,918,906,676&#8243; carousel_lg=&#8221;5&#8243; carousel_md=&#8221;3&#8243; carousel_sm=&#8221;2&#8243; gutter_size=&#8221;3&#8243; product_items=&#8221;media|featured|onpost|original|hide-sale,title&#8221; carousel_interval=&#8221;3000&#8243; carousel_navspeed=&#8221;400&#8243; stage_padding=&#8221;0&#8243; single_overlay_opacity=&#8221;50&#8243; single_h_align=&#8221;center&#8221; single_padding=&#8221;2&#8243; single_border=&#8221;yes&#8221;][\/vc_column][\/vc_row]<\/p>\n<\/div>","protected":false},"excerpt":{"rendered":"<p><strong>PZN 16505707<\/strong><br \/>\nFolding carton with 30 sticks<\/p>\n<p><strong>Also available as<\/strong><br \/>\n<a href=\"https:\/\/www.avitale.de\/en\/product\/arginine-plus-with-vitamin-b1-b6-b12-and-folic-acid-60\/\">Folding carton with 60 sticks<\/a><br \/>\n<a href=\"https:\/\/www.avitale.de\/en\/product\/arginine-plus-with-vitamin-b1-b6-b12-and-folic-acid-90\/\">Folding carton with 90 sticks<\/a><br \/>\n<a href=\"https:\/\/www.avitale.de\/en\/product\/arginine-plus-with-vitamin-b1-b6-b12-and-folic-acid-120\/\">Folding carton with 120 film-coated tablets<\/a><br \/>\n<a href=\"https:\/\/www.avitale.de\/en\/product\/arginine-plus-with-vitamin-b1-b6-b12-and-folic-acid-240\/\">Folding carton with 240 film-coated tablets<\/a><\/p>\n<hr \/>\n<p>Dietary supplement with L-arginine, folic acid and vitamins B1, B6 and B12. Contains sweeteners.<\/p>\n<p><strong>Just one stick a day<\/strong> with the delicious taste of lime and forest fruits.<\/p>\n<hr \/>\n<p><img decoding=\"async\" src=\"https:\/\/www.avitale.de\/wp-content\/uploads\/2020\/11\/icon-glutenfree.png\" alt=\"\" width=\"75\" height=\"75\" \/> <img decoding=\"async\" src=\"https:\/\/www.avitale.de\/wp-content\/uploads\/2020\/11\/icon-lactosefree.png\" alt=\"\" width=\"75\" height=\"75\" \/> <img decoding=\"async\" src=\"https:\/\/www.avitale.de\/wp-content\/uploads\/2020\/11\/logo-madeingermany-en.png\" alt=\"\" width=\"115\" height=\"75\" \/><\/p>\n","protected":false},"featured_media":2040,"template":"","meta":[],"product_brand":[],"product_cat":[254,272,252,280],"product_tag":[],"class_list":{"0":"post-2039","1":"product","2":"type-product","3":"status-publish","4":"has-post-thumbnail","6":"product_cat-bestseller-en","7":"product_cat-cardiovascular-system","8":"product_cat-dietary-supplements","9":"product_cat-products-for-men","10":"pa_eigenschaft-gluten-free","11":"pa_eigenschaft-lactose-free","13":"first","14":"instock","15":"shipping-taxable","16":"product-type-simple"},"_links":{"self":[{"href":"https:\/\/www.avitale.de\/en\/wp-json\/wp\/v2\/product\/2039","targetHints":{"allow":["GET"]}}],"collection":[{"href":"https:\/\/www.avitale.de\/en\/wp-json\/wp\/v2\/product"}],"about":[{"href":"https:\/\/www.avitale.de\/en\/wp-json\/wp\/v2\/types\/product"}],"wp:featuredmedia":[{"embeddable":true,"href":"https:\/\/www.avitale.de\/en\/wp-json\/wp\/v2\/media\/2040"}],"wp:attachment":[{"href":"https:\/\/www.avitale.de\/en\/wp-json\/wp\/v2\/media?parent=2039"}],"wp:term":[{"taxonomy":"product_brand","embeddable":true,"href":"https:\/\/www.avitale.de\/en\/wp-json\/wp\/v2\/product_brand?post=2039"},{"taxonomy":"product_cat","embeddable":true,"href":"https:\/\/www.avitale.de\/en\/wp-json\/wp\/v2\/product_cat?post=2039"},{"taxonomy":"product_tag","embeddable":true,"href":"https:\/\/www.avitale.de\/en\/wp-json\/wp\/v2\/product_tag?post=2039"}],"curies":[{"name":"wp","href":"https:\/\/api.w.org\/{rel}","templated":true}]}}