{"id":17225,"date":"2024-03-01T01:28:39","date_gmt":"2024-03-01T01:28:39","guid":{"rendered":"https:\/\/www.avitale.de\/produkt\/magnesium-400-d3-k2-direct-peach-passion-fruit\/"},"modified":"2026-04-22T09:51:46","modified_gmt":"2026-04-22T09:51:46","slug":"magnesium-400-d3-k2-direct-peach-passion-fruit","status":"publish","type":"product","link":"https:\/\/www.avitale.de\/en\/product\/magnesium-400-d3-k2-direct-peach-passion-fruit\/","title":{"rendered":"Magnesium 400 + D3 + K2 Direct Peach-Passion Fruit"},"content":{"rendered":"<div class=\"wpb-content-wrapper\"><p>[vc_row row_height_percent=&#8221;0&#8243; overlay_alpha=&#8221;50&#8243; gutter_size=&#8221;3&#8243; column_width_percent=&#8221;100&#8243; shift_y=&#8221;0&#8243; z_index=&#8221;0&#8243; el_class=&#8221;hide-content-en&#8221;][vc_column width=&#8221;1\/1&#8243;][vc_row_inner][vc_column_inner column_width_percent=&#8221;100&#8243; gutter_size=&#8221;3&#8243; overlay_alpha=&#8221;50&#8243; shift_x=&#8221;0&#8243; shift_y=&#8221;0&#8243; shift_y_down=&#8221;0&#8243; z_index=&#8221;0&#8243; medium_width=&#8221;0&#8243; mobile_width=&#8221;0&#8243; width=&#8221;2\/3&#8243; uncode_shortcode_id=&#8221;171068&#8243;][vc_column_text uncode_shortcode_id=&#8221;157788&#8243;]<\/p>\n<p>Avitale Magnesium 400 + D3 + K2 direkt Pfirsich-Maracuja ist ein Nahrungserg\u00e4nzungsmittel mit 400 mg Magnesium plus Vitamin D3 und Vitamin K2 f\u00fcr Knochen &#038; Muskeln* sowie das Immunsystem* in praktischen Portionssticks mit angenehmen Pfirsich-Maracuja-Geschmack zur Direkteinnahme ohne Wasser.<\/p>\n<p><strong>Magnesium<\/strong> wird vom K\u00f6rper f\u00fcr ca. 300 Stoffwechselprozesse ben\u00f6tigt, einschlie\u00dflich der Muskel- und Nervenfunktion. <strong>Vitamin D<\/strong> hat viele Funktionen im K\u00f6rper, darunter die Unterst\u00fctzung des Immunsystems, der Knochen und der Muskelfunktion. Au\u00dferdem tr\u00e4gt es zu einem normalen Calciumspiegel im Blut bei. <strong>Vitamin K<\/strong> ist ein weiterer Schl\u00fcsseln\u00e4hrstoff f\u00fcr die Knochengesundheit.<\/p>\n<p><strong>Knochen &#038; Muskeln*<\/strong><\/p>\n<p>Magnesium und Vitamin D3 unterst\u00fctzen den Erhalt normaler Knochen und eine normale Muskelfunktion. Auch Vitamin K tr\u00e4gt zur Erhaltung normaler Knochen bei.<\/p>\n<p><strong>Immunsystem* &#038; Energie<\/strong><\/p>\n<p>Vitamin D f\u00f6rdert die normale Funktion des Immunsystems. Magnesium leistet einen Beitrag zu einem normalen Energiestoffwechsel und zur Verringerung von M\u00fcdigkeit und Erm\u00fcdung.<\/p>\n<p><strong>Blutbildung &#038; Zellteilung<\/strong><\/p>\n<p>Vitamin K tr\u00e4gt zu einer normalen Blutgerinnung bei. Magnesium und Vitamin D haben eine Funktion bei der Zellteilung.<\/p>\n<p><strong>Nerven &#038; Psyche<\/strong><\/p>\n<p>Magnesium ist hilfreich f\u00fcr den Erhalt normaler psychischer Funktionen und der normalen Funktion des Nervensystems.<\/p>\n<p>[\/vc_column_text][\/vc_column_inner][vc_column_inner column_width_percent=&#8221;100&#8243; gutter_size=&#8221;3&#8243; overlay_alpha=&#8221;50&#8243; shift_x=&#8221;0&#8243; shift_y=&#8221;0&#8243; shift_y_down=&#8221;0&#8243; z_index=&#8221;0&#8243; medium_width=&#8221;0&#8243; mobile_width=&#8221;0&#8243; width=&#8221;1\/3&#8243; uncode_shortcode_id=&#8221;116149&#8243;][vc_single_image media=&#8221;10834&#8243; media_width_percent=&#8221;100&#8243; uncode_shortcode_id=&#8221;141387&#8243;][vc_single_image media=&#8221;17220&#8243; media_width_percent=&#8221;100&#8243; uncode_shortcode_id=&#8221;168714&#8243;][\/vc_column_inner][\/vc_row_inner][\/vc_column][\/vc_row][vc_row][vc_column width=&#8221;1\/1&#8243;][vc_separator sep_color=&#8221;accent&#8221; icon=&#8221;fa fa-heart-o&#8221; icon_position=&#8221;left&#8221;][vc_column_text]<\/p>\n<p><strong><br \/>\nPRODUCT QUALITY AT THE BEST PRICE A FOCUS ON CUSTOMERS AND EXPERTISE<\/strong><\/p>\n<p>Product safety and high-quality raw materials are our top priority. We want to serve our customers as a reliable and responsible partner. Experts regularly conduct detailed studies to ensure that the excellent standard of our product range remains constant. To maintain this high, consistent standard, we \u2013 among other things \u2013 manufacture our dietary supplement with a certified pharmaceutical company in Germany.<\/p>\n<p>[\/vc_column_text][vc_empty_space empty_h=&#8221;2&#8243;][vc_accordion][vc_accordion_tab title=&#8221;RECOMMENDED INTAKE&#8221; tab_id=&#8221;1569249169-1-37156924928100215704351903941647251562640164725404746316572631778251657263705359165726556798116572663396641672657713983169406965069216940701820701709255855067&#8243;][vc_column_text uncode_shortcode_id=&#8221;496618&#8243;]1x daily, empty the content of one stick directly onto your tongue. Allow the granulate to slowly dissolve and then swallow.[\/vc_column_text][\/vc_accordion_tab][vc_accordion_tab title=&#8221;INGREDIENTS&#8221; tab_id=&#8221;1570437963490-3-81647251562640164725404746316572631778251657263705359165726556798116572663396641672657713983169406965069216940701820701709255855067&#8243;][vc_column_text uncode_shortcode_id=&#8221;175316&#8243;]Dextrose, Trimagnesium 9 Hydrate, Magnesium Oxide, Acidifier: Citric Acid; Menaquinone (Vitamin K2 MK7 All-Trans Microencapsulated), Cholecalciferol, Peach-Passion Fruit Aroma, Separating Agent: Tricalcium Phosphate and Calcium Salts of Fatty Acids (Plant-Based); Sweetener: Sucralose[\/vc_column_text][vc_empty_space empty_h=&#8221;2&#8243;][vc_column_text uncode_shortcode_id=&#8221;815092&#8243;]<\/p>\n<p><strong>The daily allowance (1 stick) contains:<\/strong><\/p>\n<p>400 mg magnesium (106.7% NRV*)<br \/>\n100 mcg vitamin K2 (133.3% NRV*)<br \/>\n50 mcg vitamin D3 = 2000 I.E. (1000% NRV*)<\/p>\n<p>[\/vc_column_text][vc_empty_space empty_h=&#8221;2&#8243;][vc_column_text]NRV* = % of the nutrient reference value in accordance with the EU Regulation on Food Information to Consumers[\/vc_column_text][\/vc_accordion_tab][vc_accordion_tab title=&#8221;IMPORTANT INFORMATION&#8221; tab_id=&#8221;1570437982549-4-71647251562640164725404746316572631778251657263705359165726556798116572663396641672657713983169406965069216940701820701709255855067&#8243;][vc_column_text uncode_shortcode_id=&#8221;191956&#8243;]Magnesium can have a laxative effect in susceptible individuals. If you suffer from reduced kidney function, please consult your physician before taking this dietary supplement. This product is not suitable for children.[\/vc_column_text][vc_empty_space empty_h=&#8221;1&#8243;][vc_separator sep_color=&#8221;accent&#8221; uncode_shortcode_id=&#8221;676928&#8243; sep_color_type=&#8221;uncode-palette&#8221;][vc_empty_space empty_h=&#8221;1&#8243;][vc_column_text uncode_shortcode_id=&#8221;205478&#8243;]Owing to the Health Claims Regulation EU No. 1924\/2006, we are not permitted to advertise the effects of our food products or dietary supplements. We therefore ask for your understanding that our customer service team are only able to answer any related questions to a limited degree. For detailed, health-related questions, in particular with regard to taking our products in conjunction with any medication, please consult your physician or pharmacist. In accordance with the applicable laws, these experts are permitted to provide you with healthcare-related and medical advice. We thank you for your understanding!<\/p>\n<p><strong>Dietary supplements are not a substitute for a balanced and varied diet and healthy lifestyle. The daily recommended intake must not be exceeded. Please store out of reach of children.<\/strong>[\/vc_column_text][\/vc_accordion_tab][\/vc_accordion][\/vc_column][\/vc_row][vc_row][vc_column width=&#8221;1\/1&#8243;][vc_custom_heading heading_semantic=&#8221;p&#8221; text_size=&#8221;h4&#8243;]Further products for your well-being[\/vc_custom_heading][uncode_index el_id=&#8221;index-194855&#8243; index_type=&#8221;carousel&#8221; loop=&#8221;size:5|order_by:title|order:ASC|post_type:product|by_id:938,930,790,788,676&#8243; carousel_lg=&#8221;5&#8243; carousel_md=&#8221;3&#8243; carousel_sm=&#8221;2&#8243; gutter_size=&#8221;3&#8243; product_items=&#8221;media|featured|onpost|original|hide-sale,title&#8221; carousel_interval=&#8221;3000&#8243; carousel_navspeed=&#8221;400&#8243; stage_padding=&#8221;0&#8243; single_overlay_opacity=&#8221;50&#8243; single_h_align=&#8221;center&#8221; single_padding=&#8221;2&#8243; single_border=&#8221;yes&#8221;][\/vc_column][\/vc_row]<\/p>\n<\/div>","protected":false},"excerpt":{"rendered":"<p><strong>PZN 19213052<\/strong><br \/>\nFolding carton with 50 sticks<\/p>\n<hr \/>\n<p>Dietary supplement with 400 mg magnesium plus vitamin D3 and vitamin K2 for bones &#038; muscles* and the immune system*. Contains sweetener<\/p>\n<hr \/>\n<p><img decoding=\"async\" src=\"https:\/\/www.avitale.de\/wp-content\/uploads\/2020\/11\/icon-glutenfree.png\" alt=\"\" width=\"75\" height=\"75\"> <img decoding=\"async\" src=\"https:\/\/www.avitale.de\/wp-content\/uploads\/2020\/11\/icon-lactosefree.png\" alt=\"\" width=\"75\" height=\"75\"> <img decoding=\"async\" src=\"https:\/\/www.avitale.de\/wp-content\/uploads\/2020\/11\/icon-vegan-en.png\" alt=\"\" width=\"75\" height=\"75\"> <img decoding=\"async\" src=\"https:\/\/www.avitale.de\/wp-content\/uploads\/2020\/11\/logo-madeingermany-en.png\" alt=\"\" width=\"115\" height=\"75\"><\/p>\n","protected":false},"featured_media":53595,"template":"","meta":[],"product_brand":[],"product_cat":[252,273,275,276,289],"product_tag":[],"class_list":{"0":"post-17225","1":"product","2":"type-product","3":"status-publish","4":"has-post-thumbnail","6":"product_cat-dietary-supplements","7":"product_cat-immune-system-and-cell-protection","8":"product_cat-minerals-and-vitamins","9":"product_cat-muscles-bones-mobility","10":"product_cat-new-products","12":"first","13":"instock","14":"shipping-taxable","15":"product-type-simple"},"_links":{"self":[{"href":"https:\/\/www.avitale.de\/en\/wp-json\/wp\/v2\/product\/17225","targetHints":{"allow":["GET"]}}],"collection":[{"href":"https:\/\/www.avitale.de\/en\/wp-json\/wp\/v2\/product"}],"about":[{"href":"https:\/\/www.avitale.de\/en\/wp-json\/wp\/v2\/types\/product"}],"wp:featuredmedia":[{"embeddable":true,"href":"https:\/\/www.avitale.de\/en\/wp-json\/wp\/v2\/media\/53595"}],"wp:attachment":[{"href":"https:\/\/www.avitale.de\/en\/wp-json\/wp\/v2\/media?parent=17225"}],"wp:term":[{"taxonomy":"product_brand","embeddable":true,"href":"https:\/\/www.avitale.de\/en\/wp-json\/wp\/v2\/product_brand?post=17225"},{"taxonomy":"product_cat","embeddable":true,"href":"https:\/\/www.avitale.de\/en\/wp-json\/wp\/v2\/product_cat?post=17225"},{"taxonomy":"product_tag","embeddable":true,"href":"https:\/\/www.avitale.de\/en\/wp-json\/wp\/v2\/product_tag?post=17225"}],"curies":[{"name":"wp","href":"https:\/\/api.w.org\/{rel}","templated":true}]}}