{"id":10843,"date":"2023-09-07T07:05:21","date_gmt":"2023-09-07T07:05:21","guid":{"rendered":"https:\/\/www.avitale.de\/produkt\/magnesium-400-b-complex-direct-100-sticks\/"},"modified":"2026-03-23T10:42:54","modified_gmt":"2026-03-23T10:42:54","slug":"magnesium-400-b-complex-direct-100-sticks","status":"publish","type":"product","link":"https:\/\/www.avitale.de\/en\/product\/magnesium-400-b-complex-direct-100-sticks\/","title":{"rendered":"Magnesium 400 + B Complex Direct Peach-Passion Fruit"},"content":{"rendered":"<div class=\"wpb-content-wrapper\"><p>[vc_row row_height_percent=&#8221;0&#8243; overlay_alpha=&#8221;50&#8243; gutter_size=&#8221;3&#8243; column_width_percent=&#8221;100&#8243; shift_y=&#8221;0&#8243; z_index=&#8221;0&#8243; el_class=&#8221;hide-content-en&#8221;][vc_column width=&#8221;1\/1&#8243;][vc_row_inner][vc_column_inner column_width_percent=&#8221;100&#8243; gutter_size=&#8221;3&#8243; overlay_alpha=&#8221;50&#8243; shift_x=&#8221;0&#8243; shift_y=&#8221;0&#8243; shift_y_down=&#8221;0&#8243; z_index=&#8221;0&#8243; medium_width=&#8221;0&#8243; mobile_width=&#8221;0&#8243; width=&#8221;2\/3&#8243; uncode_shortcode_id=&#8221;171068&#8243;][vc_column_text uncode_shortcode_id=&#8221;112304&#8243;]<\/p>\n<p>Avitale Magnesium 400 + B-Komplex direkt Pfirsich-Maracuja ist ein Nahrungserg\u00e4nzungsmittel mit 400 mg Magnesium und allen 8 B-Vitaminen f\u00fcr Muskeln &amp; Nerven* sowie den Energiestoffwechsel* in praktischen Portionssticks mit angenehmen Pfirsich-Maracuja-Geschmack zur Direkteinnahme ohne Wasser. Magnesium und die Vitamine des B-Komplexes haben zentrale Funktionen bei vielen Stoffwechselvorg\u00e4ngen und k\u00f6nnen zur Unterst\u00fctzung des Wohlbe\u00adfindens beitragen.<\/p>\n<p><strong>Knochen &amp; Muskeln*<\/strong><\/p>\n<p>Magnesium unterst\u00fctzt die Erhaltung normaler Knochen und eine normale Muskelfunktion.<\/p>\n<p><strong>Nerven &amp; Psyche*<\/strong><\/p>\n<p>Magnesium und die Vitamine B1, B6 und B12 sind hilfreich zum Erhalt normaler psychischer Funktionen und der normalen Funktion des Nervensystems. Vitamin B5 unterst\u00fctzt die geistige Leistung.<\/p>\n<p><strong>Energie &amp; Leistungsf\u00e4higkeit*<\/strong><\/p>\n<p>Magnesium und die Vitamine B2, B3, B6 und B12 leisten einen Beitrag zu einem normalen Energiestoffwechsel und tragen zur Verringerung von M\u00fcdigkeit und Erm\u00fcdung bei.<\/p>\n<p><strong>Herz, Blutbildung &amp; Zellteilung<\/strong><\/p>\n<p>Vitamin B1 leistet einen Beitrag zur gesunden Herzfunktion. Die Vitamine B6 und B12 tragen zum Erhalt eines normalen Homocystein-Stoffwechsels sowie zur normalen Bildung roter Blutk\u00f6rperchen bei. Fols\u00e4ure tr\u00e4gt zur gesunden Blutbildung bei. Magnesium hat eine Funktion bei der Zellteilung.<\/p>\n<p><strong>Immunsystem<\/strong><\/p>\n<p>Vitamin B2 unterst\u00fctzt die Zellen gegen oxidativen Stress und die Vitamine B6, B12 sowie Fols\u00e4ure f\u00f6rdern die normale Funktion des Immunsystems.<\/p>\n<p>[\/vc_column_text][\/vc_column_inner][vc_column_inner column_width_percent=&#8221;100&#8243; gutter_size=&#8221;3&#8243; overlay_alpha=&#8221;50&#8243; shift_x=&#8221;0&#8243; shift_y=&#8221;0&#8243; shift_y_down=&#8221;0&#8243; z_index=&#8221;0&#8243; medium_width=&#8221;0&#8243; mobile_width=&#8221;0&#8243; width=&#8221;1\/3&#8243; uncode_shortcode_id=&#8221;116149&#8243;][vc_single_image media=&#8221;10834&#8243; media_width_percent=&#8221;100&#8243; uncode_shortcode_id=&#8221;141387&#8243;][vc_single_image media=&#8221;10836&#8243; media_width_percent=&#8221;100&#8243; uncode_shortcode_id=&#8221;565546&#8243;][\/vc_column_inner][\/vc_row_inner][\/vc_column][\/vc_row][vc_row][vc_column width=&#8221;1\/1&#8243;][vc_separator sep_color=&#8221;accent&#8221; icon=&#8221;fa fa-heart-o&#8221; icon_position=&#8221;left&#8221;][vc_column_text]<strong>PRODUCT QUALITY AT THE BEST PRICE A FOCUS ON CUSTOMERS AND EXPERTISE<\/strong><\/p>\n<p>Product safety and high-quality raw materials are our top priority. We want to serve our customers as a reliable and responsible partner. Experts regularly conduct detailed studies to ensure that the excellent standard of our product range remains constant. To maintain this high, consistent standard, we \u2013 among other things \u2013 manufacture our dietary supplement with a certified pharmaceutical company in Germany.[\/vc_column_text][vc_empty_space empty_h=&#8221;2&#8243;][vc_accordion][vc_accordion_tab title=&#8221;RECOMMENDED INTAKE&#8221; tab_id=&#8221;1569249169-1-3715692492810021570435190394164725156264016472540474631657263177825165726370535916572655679811657266339664167265771398316940696506921694070182070&#8243;][vc_column_text uncode_shortcode_id=&#8221;166922&#8243;]Once daily, empty the content of one stick directly onto your tongue. Allow the granulate to slowly dissolve and then swallow.[\/vc_column_text][\/vc_accordion_tab][vc_accordion_tab title=&#8221;INGREDIENTS&#8221; tab_id=&#8221;1570437963490-3-8164725156264016472540474631657263177825165726370535916572655679811657266339664167265771398316940696506921694070182070&#8243;][vc_column_text uncode_shortcode_id=&#8221;155336&#8243;]Dextrose, Trimagnesium Citrate 9 Hydrate, Magnesium Oxide, Acidifier: Citric Acid; Peach-Passion Fruit Aroma, Nicotinamide, Separating Agent: Tricalcium Phosphate and Calcium Salts of Fatty Acids (Plant-Based); Calcium-D-Pantothenate, Riboflavin-5-Phosphate, Pyridoxine Hydrochloride, Sweetener: Sucralose; Thiamine Hydrochloride, Pteroylmonoglutamic Acid, D-Biotin, Methylcobalamin[\/vc_column_text][vc_empty_space empty_h=&#8221;2&#8243;][vc_column_text uncode_shortcode_id=&#8221;182562&#8243;]<strong>The daily allowance (1 stick) contains:<\/strong><\/p>\n<p>400mg magnesium (106.7% NRV*)<br \/>\n16 mg vitamin B3 (niacin \u2013 100% NRV*)<br \/>\n6 mg vitamin B5 (pantothenic acid \u2013 100% NRV*)<br \/>\n1.4 mg vitamin B2 (riboflavin \u2013 100% NRV*)<br \/>\n1.4 mg vitamin B6 (pyridoxine \u2013 100% NRV*)<br \/>\n1.1 mg vitamin B1 (thiamine \u2013 100% NRV*)<br \/>\n200 mcg vitamin B9 (folic acid \u2013 100% NRV*)<br \/>\n50 mcg vitamin B7 (D-biotin \u2013 100% NRV*)<br \/>\n2.5 mcg vitamin B12 (methylcobalamin \u2013 100% NRV*)[\/vc_column_text][vc_empty_space empty_h=&#8221;2&#8243;][vc_column_text]NRV* = % of the nutrient reference value in accordance with the EU Regulation on Food Information to Consumers[\/vc_column_text][\/vc_accordion_tab][vc_accordion_tab title=&#8221;IMPORTANT INFORMATION&#8221; tab_id=&#8221;1570437982549-4-7164725156264016472540474631657263177825165726370535916572655679811657266339664167265771398316940696506921694070182070&#8243;][vc_column_text uncode_shortcode_id=&#8221;136264&#8243;]Magnesium can have a laxative effect in susceptible individuals. If you suffer from reduced kidney function, please consult your physician before taking this dietary supplement. This product is not suitable for children.[\/vc_column_text][vc_empty_space empty_h=&#8221;1&#8243;][vc_separator sep_color=&#8221;accent&#8221; uncode_shortcode_id=&#8221;676928&#8243; sep_color_type=&#8221;uncode-palette&#8221;][vc_empty_space empty_h=&#8221;1&#8243;][vc_column_text uncode_shortcode_id=&#8221;205478&#8243;]Owing to the Health Claims Regulation EU No. 1924\/2006, we are not permitted to advertise the effects of our food products or dietary supplements. We therefore ask for your understanding that our customer service team are only able to answer any related questions to a limited degree. For detailed, health-related questions, in particular with regard to taking our products in conjunction with any medication, please consult your physician or pharmacist. In accordance with the applicable laws, these experts are permitted to provide you with healthcare-related and medical advice. We thank you for your understanding!<\/p>\n<p><strong>Dietary supplements are not a substitute for a balanced and varied diet and healthy lifestyle. The daily recommended intake must not be exceeded. Please store out of reach of children.<\/strong>[\/vc_column_text][\/vc_accordion_tab][\/vc_accordion][\/vc_column][\/vc_row][vc_row][vc_column width=&#8221;1\/1&#8243;][vc_custom_heading heading_semantic=&#8221;p&#8221; text_size=&#8221;h4&#8243;]Further products for your well-being[\/vc_custom_heading][uncode_index el_id=&#8221;index-194855&#8243; index_type=&#8221;carousel&#8221; loop=&#8221;size:5|order_by:title|order:ASC|post_type:product|by_id:938,930,790,788,676&#8243; carousel_lg=&#8221;5&#8243; carousel_md=&#8221;3&#8243; carousel_sm=&#8221;2&#8243; gutter_size=&#8221;3&#8243; product_items=&#8221;media|featured|onpost|original|hide-sale,title&#8221; carousel_interval=&#8221;3000&#8243; carousel_navspeed=&#8221;400&#8243; stage_padding=&#8221;0&#8243; single_overlay_opacity=&#8221;50&#8243; single_h_align=&#8221;center&#8221; single_padding=&#8221;2&#8243; single_border=&#8221;yes&#8221;][\/vc_column][\/vc_row]<\/p>\n<\/div>","protected":false},"excerpt":{"rendered":"<p><strong>PZN 18769327<\/strong><br \/>\nFolding carton with 100 sticks<\/p>\n<p><strong>Auch erh\u00e4ltlich als<\/strong><br \/>\n<a href=\"https:\/\/www.avitale.de\/en\/product\/magnesium-400-b-complex-direct-50-sticks\/\">Folding carton with 50 sticks<\/a><\/p>\n<hr \/>\n<p>Dietary supplement with 400 mg magnesium and all 8 B vitamins for muscles &#038; the nervous system* as well as the metabolism*. Contains sweetener.<\/p>\n<hr \/>\n<p><img decoding=\"async\" src=\"https:\/\/www.avitale.de\/wp-content\/uploads\/2020\/11\/icon-glutenfree.png\" alt=\"\" width=\"75\" height=\"75\" \/> <img decoding=\"async\" src=\"https:\/\/www.avitale.de\/wp-content\/uploads\/2020\/11\/icon-lactosefree.png\" alt=\"\" width=\"75\" height=\"75\" \/> <img decoding=\"async\" src=\"https:\/\/www.avitale.de\/wp-content\/uploads\/2020\/11\/icon-vegan-en.png\" alt=\"\" width=\"75\" height=\"75\" \/> <img decoding=\"async\" src=\"https:\/\/www.avitale.de\/wp-content\/uploads\/2020\/11\/logo-madeingermany-en.png\" alt=\"\" width=\"115\" height=\"75\" \/><\/p>\n","protected":false},"featured_media":10841,"template":"","meta":[],"product_brand":[],"product_cat":[252,275,276,278,289],"product_tag":[],"class_list":{"0":"post-10843","1":"product","2":"type-product","3":"status-publish","4":"has-post-thumbnail","6":"product_cat-dietary-supplements","7":"product_cat-minerals-and-vitamins","8":"product_cat-muscles-bones-mobility","9":"product_cat-nerves-and-psyche","10":"product_cat-new-products","12":"first","13":"instock","14":"shipping-taxable","15":"product-type-simple"},"_links":{"self":[{"href":"https:\/\/www.avitale.de\/en\/wp-json\/wp\/v2\/product\/10843","targetHints":{"allow":["GET"]}}],"collection":[{"href":"https:\/\/www.avitale.de\/en\/wp-json\/wp\/v2\/product"}],"about":[{"href":"https:\/\/www.avitale.de\/en\/wp-json\/wp\/v2\/types\/product"}],"wp:featuredmedia":[{"embeddable":true,"href":"https:\/\/www.avitale.de\/en\/wp-json\/wp\/v2\/media\/10841"}],"wp:attachment":[{"href":"https:\/\/www.avitale.de\/en\/wp-json\/wp\/v2\/media?parent=10843"}],"wp:term":[{"taxonomy":"product_brand","embeddable":true,"href":"https:\/\/www.avitale.de\/en\/wp-json\/wp\/v2\/product_brand?post=10843"},{"taxonomy":"product_cat","embeddable":true,"href":"https:\/\/www.avitale.de\/en\/wp-json\/wp\/v2\/product_cat?post=10843"},{"taxonomy":"product_tag","embeddable":true,"href":"https:\/\/www.avitale.de\/en\/wp-json\/wp\/v2\/product_tag?post=10843"}],"curies":[{"name":"wp","href":"https:\/\/api.w.org\/{rel}","templated":true}]}}